 


						{"id":12464,"date":"2020-05-22T12:42:48","date_gmt":"2020-05-22T09:42:48","guid":{"rendered":"http:\/\/espritgames.com\/ro\/?page_id=12464"},"modified":"2020-09-11T12:39:20","modified_gmt":"2020-09-11T09:39:20","slug":"dragonlord","status":"publish","type":"page","link":"https:\/\/espritgames.com\/ro\/dragonlord\/","title":{"rendered":"Dragon Lord"},"content":{"rendered":"<div id=\"pl-12464\"  class=\"panel-layout\" ><div id=\"pg-12464-0\"  class=\"panel-grid panel-no-style\" ><div id=\"pgc-12464-0-0\"  class=\"panel-grid-cell\" ><style>\n.rpwe-block ul{list-style:none!important;margin-left:0!important;padding-left:0!important;}.rpwe-block li{border-bottom:1px solid #eee;margin-bottom:10px;padding-bottom:10px;list-style-type: none;}.rpwe-block a{display:inline!important;text-decoration:none;}.rpwe-block h3{background:none!important;clear:none;margin-bottom:0!important;margin-top:0!important;font-weight:400;font-size:12px!important;line-height:1.5em;}.rpwe-thumb{border:1px solid #EEE!important;box-shadow:none!important;margin:2px 10px 2px 0;padding:3px!important;}.rpwe-summary{font-size:12px;}.rpwe-time{color:#bbb;font-size:11px;}.rpwe-comment{color:#bbb;font-size:11px;padding-left:5px;}.rpwe-alignleft{display:inline;float:left;}.rpwe-alignright{display:inline;float:right;}.rpwe-aligncenter{display:block;margin-left: auto;margin-right: auto;}.rpwe-clearfix:before,.rpwe-clearfix:after{content:\"\";display:table !important;}.rpwe-clearfix:after{clear:both;}.rpwe-clearfix{zoom:1;}\n<\/style>\n\t<div id=\"panel-12464-0-0-0\" class=\"widget_text so-panel widget widget_custom_html panel-first-child panel-last-child\" data-index=\"0\" ><div class=\"textwidget custom-html-widget\"> <div id=\"esprit-auth-widget-holder\"><div id=\"loader\"><\/div><\/div>\n<script>\n    !function(a,b,c,d){a._osdkAuthFn=d,a[d]=a[d]||function(){(a[d].cs=a[d].cs||[]).push(arguments)};var e=b.createElement(\"script\"),f=b.getElementsByTagName(\"script\")[0];e.async=1,e.src=c,f.parentNode.insertBefore(e,f)}(window,document,\"\/\/ostatic.espritgames.ru\/auth\/js\/widget.js?v=1\",\"osdkAuthWidget\");\n\n    osdkAuthWidget({\n        service: \"auth.espritgames.ru\",\n        consumer: \"portal-ro\",\n        returnTo: \"https:\/\/espritgames.com\/ro\/dragonlord\/go\/\",\n        locale: \"ro_RO\",\n        eula: \"dragonlord\",\n        holder: \"esprit-auth-widget-holder\",\n        width: \"628\",\n        height: \"750\",\n        stylesUrl: \"https:\/\/cdn.espritgames.ru\/espritgames-auth-custom\/all-form.ro.css?v=11\"\n    });\n<\/script>\n<div class=\"pp\"><span>*Ap\u0103s\u00e2nd pe butonul \u201eJoac\u0103\u201d, accep\u021bi termenii prev\u0103zu\u021bi \u00een <a href=\"https:\/\/espritgames.com\/ro\/licenses\/dragonlord\">Acordul de Utilizare<\/a> \u0219i \u00een <a href=\"https:\/\/espritgames.com\/ro\/agreements\/dragonlord\">Oferta Public\u0103<\/a>.<\/span><\/div>\n     <div class=\"e-content e-content-ext\">\n         <div class=\"psevdo_form\">\n            <img src=\"\/wp-content\/themes\/espritgames\/promo\/dl-ro\/DL_Ro_logo.png\">\n            <a href=\".\/go\/\" class=\"play_btn\"><\/a> \n         <\/div>\n     <\/div>\n<div class=\"big_pic dl_ro\">\n\t<img src=\"\/wp-content\/themes\/espritgames\/promo\/dl-cz\/main_image.jpg\">\n<\/div>\n<div class=\"landing_pad_block\"><\/div>\n<div class=\"e-landing\" id=\"dl_ro\">\n  <div class=\"e-content\">\n\n<div class=\"e-logo\"><\/div>\n\n    <div class=\"e-text-header\"><\/div>\n    <div class=\"e-text\">\n        <h1>Cuceri\u021bi dragoni puternici \u00een vastul univers al Lordului Dragonilor!<\/h1>\n        <p class=\"e-news-ttl\">Ultimele \u0218TIRI<\/p>\n        <div class=\"e-news_block\">\n             <div  class=\"rpwe-block \"><ul class=\"rpwe-ul\"><li class=\"rpwe-li rpwe-clearfix\"><a class=\"rpwe-img\" href=\"https:\/\/espritgames.com\/ro\/dragonlord\/dragonlord-news\/dragon-lord-este-inchis\/\"  rel=\"bookmark\"><img class=\"rpwe-alignleft rpwe-thumb\" src=\"https:\/\/espritgames.com\/ro\/wp-content\/uploads\/sites\/11\/2022\/07\/1000x600-622x312.jpg\" alt=\"Dragon Lord este \u00eenchis\"><\/a><h3 class=\"rpwe-title\"><a href=\"https:\/\/espritgames.com\/ro\/dragonlord\/dragonlord-news\/dragon-lord-este-inchis\/\" title=\"Permalink to Dragon Lord este \u00eenchis\" rel=\"bookmark\">Dragon Lord este \u00eenchis<\/a><\/h3><time class=\"rpwe-time published\" datetime=\"2022-07-01T16:30:09+03:00\">07\/01\/2022<\/time><div class=\"rpwe-summary\">Prieteni, iat\u0103 c\u0103 vine &hellip;<a href=\"https:\/\/espritgames.com\/ro\/dragonlord\/dragonlord-news\/dragon-lord-este-inchis\/\" class=\"more-link\">Next \u00bb<\/a><\/div><div class='outer_tags'>tags: <a href=\"https:\/\/espritgames.com\/ro\/tag\/news\/\" rel=\"tag\">news<\/a><\/div><\/li><li class=\"rpwe-li rpwe-clearfix\"><a class=\"rpwe-img\" href=\"https:\/\/espritgames.com\/ro\/dragonlord\/dragonlord-news\/prieteni-dragon-lord-romania-se-inchide\/\"  rel=\"bookmark\"><img class=\"rpwe-alignleft rpwe-thumb\" src=\"https:\/\/espritgames.com\/ro\/wp-content\/uploads\/sites\/11\/2022\/06\/\u0440\u0443\u043c-\u0437\u0430\u043a\u0440-622x312.jpg\" alt=\"PRIETENI, DRAGON LORD ROMANIA SE \u00ceNCHIDE\"><\/a><h3 class=\"rpwe-title\"><a href=\"https:\/\/espritgames.com\/ro\/dragonlord\/dragonlord-news\/prieteni-dragon-lord-romania-se-inchide\/\" title=\"Permalink to PRIETENI, DRAGON LORD ROMANIA SE \u00ceNCHIDE\" rel=\"bookmark\">PRIETENI, DRAGON LORD ROMANIA SE \u00ceNCHIDE<\/a><\/h3><time class=\"rpwe-time published\" datetime=\"2022-06-18T14:00:33+03:00\">06\/18\/2022<\/time><div class=\"rpwe-summary\">Timp de c\u00e2\u021biva ani &hellip;<a href=\"https:\/\/espritgames.com\/ro\/dragonlord\/dragonlord-news\/prieteni-dragon-lord-romania-se-inchide\/\" class=\"more-link\">Next \u00bb<\/a><\/div><div class='outer_tags'>tags: <a href=\"https:\/\/espritgames.com\/ro\/tag\/news\/\" rel=\"tag\">news<\/a><\/div><\/li><li class=\"rpwe-li rpwe-clearfix\"><a class=\"rpwe-img\" href=\"https:\/\/espritgames.com\/ro\/dragonlord\/dragonlord-news\/intretinere-10-martie\/\"  rel=\"bookmark\"><img class=\"rpwe-alignleft rpwe-thumb\" src=\"https:\/\/espritgames.com\/ro\/wp-content\/uploads\/sites\/11\/2021\/04\/ROU-\u0422\u0435\u0445-\u0420\u0430\u0431\u043e\u0442\u044b-\u0414\u0440\u0430\u043a\u043e\u043d\u0438\u0445\u0430-\u041e\u0433\u043d\u044f-622x312.jpg\" alt=\"\u00ceNTRE\u021aINERE, 10 MARTIE\"><\/a><h3 class=\"rpwe-title\"><a href=\"https:\/\/espritgames.com\/ro\/dragonlord\/dragonlord-news\/intretinere-10-martie\/\" title=\"Permalink to \u00ceNTRE\u021aINERE, 10 MARTIE\" rel=\"bookmark\">\u00ceNTRE\u021aINERE, 10 MARTIE<\/a><\/h3><time class=\"rpwe-time published\" datetime=\"2022-03-09T15:00:01+02:00\">03\/09\/2022<\/time><div class=\"rpwe-summary\">Salutare, eroilor! \ud83d\udcc6 M\u00e2ine, &hellip;<a href=\"https:\/\/espritgames.com\/ro\/dragonlord\/dragonlord-news\/intretinere-10-martie\/\" class=\"more-link\">Next \u00bb<\/a><\/div><div class='outer_tags'>tags: <a href=\"https:\/\/espritgames.com\/ro\/tag\/maintenance\/\" rel=\"tag\">maintenance<\/a>, <a href=\"https:\/\/espritgames.com\/ro\/tag\/news\/\" rel=\"tag\">news<\/a><\/div><\/li><li class=\"rpwe-li rpwe-clearfix\"><a class=\"rpwe-img\" href=\"https:\/\/espritgames.com\/ro\/dragonlord\/dragonlord-news\/intretinere-24-februarie\/\"  rel=\"bookmark\"><img class=\"rpwe-alignleft rpwe-thumb\" src=\"https:\/\/espritgames.com\/ro\/wp-content\/uploads\/sites\/11\/2020\/10\/ROU-\u0422\u0435\u0445-\u0420\u0430\u0431\u043e\u0442\u044b-i\u0302ntret\u0326inere-622x312.jpg\" alt=\"\u00ceNTRE\u021aINERE, 24 FEBRUARIE\"><\/a><h3 class=\"rpwe-title\"><a href=\"https:\/\/espritgames.com\/ro\/dragonlord\/dragonlord-news\/intretinere-24-februarie\/\" title=\"Permalink to \u00ceNTRE\u021aINERE, 24 FEBRUARIE\" rel=\"bookmark\">\u00ceNTRE\u021aINERE, 24 FEBRUARIE<\/a><\/h3><time class=\"rpwe-time published\" datetime=\"2022-02-23T15:00:18+02:00\">02\/23\/2022<\/time><div class=\"rpwe-summary\">Salutare, eroilor! \ud83d\udcc6 M\u00e2ine, &hellip;<a href=\"https:\/\/espritgames.com\/ro\/dragonlord\/dragonlord-news\/intretinere-24-februarie\/\" class=\"more-link\">Next \u00bb<\/a><\/div><div class='outer_tags'>tags: <a href=\"https:\/\/espritgames.com\/ro\/tag\/maintenance\/\" rel=\"tag\">maintenance<\/a>, <a href=\"https:\/\/espritgames.com\/ro\/tag\/news\/\" rel=\"tag\">news<\/a><\/div><\/li><\/ul><\/div><!-- Generated by http:\/\/wordpress.org\/plugins\/recent-posts-widget-extended\/ -->\n        <\/div>\n        <p class=\"e-text-menu\"><a href=\"\/ro\/forum\/go\/dragonlord\/\">Forum<\/a><a href=\".\/news\/\">Toate \u0218TIRI<\/a><a href=\"\/ro\/forum\/go\/dragonlord\/guide\/\">Ghiduri<\/a><\/p>\n\n<p>Sunt vremuri tulburi, pline de haos \u0219i de dezastre. Regele dragonilor \u00eentunericului domne\u0219te peste acest continent, provoc\u00e2nd panic\u0103 \u0219i fric\u0103 printre locuitorii s\u0103i. Construi\u021bi-v\u0103 un castel, str\u00e2nge\u021bi trupe loiale \u0219i face\u021bi-v\u0103 alia\u021bi pentru a \u00eenvinge imperiul, folosindu-v\u0103 de magia \u0219i de puterea adversarilor \u00eenfr\u00e2n\u021bi!<\/p>\n\n<!--<a class=\"video_trl\" href=\"https:\/\/youtu.be\/qA_8APX2u3g\" target=\"_blank\" rel=\"noopener\">Urm\u0103ri\u021bi remorca<\/a>-->\n    <\/div>\n  <\/div>\n\n<div class=\"outer_icon_block\">\n    <div class=\"e-content\">\n        <div class=\"icon_block\">\n            <div class=\"s_icon\">\n                <img src=\"\/wp-content\/themes\/espritgames\/promo\/dl-cz\/feats_ico1.png\">\n                <p>\u00cembl\u00e2nzi\u021bi cai robu\u0219ti \u0219i dragoni puternici care \u00eentruchipeaz\u0103 puterea ghe\u021bii, a p\u0103m\u00e2ntului \u0219i a focului!<\/p>\n            <\/div>\n        <\/div>\n        <div class=\"icon_block\">\n            <div class=\"s_icon\">\n                <img src=\"\/wp-content\/themes\/espritgames\/promo\/dl-cz\/feats_ico2.png\">\n                <p>Recruta\u021bi tot felul de eroi \u00een armata dvs., de la vr\u0103jitoare iscusite p\u00e2n\u0103 la demoni care scuip\u0103 foc!<\/p>\n            <\/div>\n        <\/div>\n        <div class=\"icon_block\">\n            <div class=\"s_icon\">\n                <img src=\"\/wp-content\/themes\/espritgames\/promo\/dl-cz\/feats_ico3.png\">\n                <p>Construi\u021bi un ora\u0219 magnific care s\u0103 reziste oric\u0103rei amenin\u021b\u0103ri!<\/p>\n            <\/div>\n        <\/div>\n        <div class=\"icon_block\">\n            <div class=\"s_icon\">\n                <img src=\"\/wp-content\/themes\/espritgames\/promo\/dl-cz\/feats_ico4.png\">\n                <p>Testa\u021bi-v\u0103 abilit\u0103\u021bile lupt\u00e2nd \u00eempotriva altor conduc\u0103tori vrednici de cinste \u00een arena PVP!<\/p>\n            <\/div>\n        <\/div>\n        <div class=\"icon_block\">\n            <div class=\"s_icon\">\n                <img src=\"\/wp-content\/themes\/espritgames\/promo\/dl-cz\/feats_ico5.png\">\n                <p>Crea\u021bi sau al\u0103tura\u021bi-v\u0103 unui clan \u0219i conduce\u021bi-v\u0103 prietenii \u0219i alia\u021bii spre victorie \u00een cadrul evenimentelor globale!<\/p>\n            <\/div>\n        <\/div>\n        <div class=\"icon_block\">\n            <div class=\"s_icon\">\n                <img src=\"\/wp-content\/themes\/espritgames\/promo\/dl-cz\/feats_ico6.png\">\n                <p>Crea\u021bi arme unice \u0219i devastatoare la atelierul de fier\u0103rie!<\/p>\n            <\/div>\n        <\/div>\n    <\/div>\n<\/div>\n\n   <div class=\"slider_outer\">\n       <div style=\"width: 100%;\" class=\"ml-slider-3-7-2 ml-slider-pro-2-6-5 metaslider metaslider-flex metaslider-12484 ml-slider in-game-slider nav-hidden\">\n    <style type=\"text\/css\" id=\"metaslider-css-12484\">\n        #metaslider_12484.flexslider .slides li {margin-right: 15px !important;}\n    <\/style>\n    <div id=\"metaslider_container_12484\">\n        <div id=\"metaslider_12484\">\n            <ul class=\"slides\">\n                <li style=\"display: none; width: 100%;\" class=\"slide-12491 ms-image\"><img src=\"https:\/\/espritgames.com\/ro\/wp-content\/uploads\/sites\/11\/2020\/05\/DL_ro_screenshot_1-800x545.jpg\" height=\"545\" width=\"800\" alt=\"\" class=\"slider-12484 slide-12491\" title=\"DL_ro_screenshot_1\" \/><\/li>\n                <li style=\"display: none; width: 100%;\" class=\"slide-12492 ms-image\"><img src=\"https:\/\/espritgames.com\/ro\/wp-content\/uploads\/sites\/11\/2020\/05\/DL_ro_screenshot_2-800x545.jpg\" height=\"545\" width=\"800\" alt=\"\" class=\"slider-12484 slide-12492\" title=\"DL_ro_screenshot_2\" \/><\/li>\n                <li style=\"display: none; width: 100%;\" class=\"slide-12493 ms-image\"><img src=\"https:\/\/espritgames.com\/ro\/wp-content\/uploads\/sites\/11\/2020\/05\/DL_ro_screenshot_3-800x545.jpg\" height=\"545\" width=\"800\" alt=\"\" class=\"slider-12484 slide-12493\" title=\"DL_ro_screenshot_3\" \/><\/li>\n                <li style=\"display: none; width: 100%;\" class=\"slide-12494 ms-image\"><img src=\"https:\/\/espritgames.com\/ro\/wp-content\/uploads\/sites\/11\/2020\/05\/DL_ro_screenshot_4-800x545.jpg\" height=\"545\" width=\"800\" alt=\"\" class=\"slider-12484 slide-12494\" title=\"DL_ro_screenshot_4\" \/><\/li>\n                <li style=\"display: none; width: 100%;\" class=\"slide-12495 ms-image\"><img src=\"https:\/\/espritgames.com\/ro\/wp-content\/uploads\/sites\/11\/2020\/05\/DL_ro_screenshot_5-800x545.jpg\" height=\"545\" width=\"800\" alt=\"\" class=\"slider-12484 slide-12495\" title=\"DL_ro_screenshot_5\" \/><\/li>\n                <li style=\"display: none; width: 100%;\" class=\"slide-12496 ms-image\"><img src=\"https:\/\/espritgames.com\/ro\/wp-content\/uploads\/sites\/11\/2020\/05\/DL_ro_screenshot_6-800x545.jpg\" height=\"545\" width=\"800\" alt=\"\" class=\"slider-12484 slide-12496\" title=\"DL_ro_screenshot_6\" \/><\/li>\n            <\/ul>\n        <\/div>\n        \n    <\/div>\n<\/div>\n   <\/div>\n   <div class=\"e-outer\">\n      <div class=\"e-content\" style=\"padding-bottom: 60px;\">\n        <div class=\"e-text-ext\">\n            <p>Este timpul s\u0103 ar\u0103ta\u021bi dragoni cine este responsabil!<\/p>\n            <a href=\".\/go\/\" class=\"play_btn\"><\/a>\n   \n        <\/div>\n      <\/div>\n   <\/div>\n    <!--<div class=\"logos_block\">\n         <img class=\"par_loro\" src=\"\/wp-content\/themes\/espritgames\/promo\/dk-main\/it\/EG_Logo.png\">\n    <\/div>-->\n<\/div>\n<\/div><\/div><\/div><\/div><\/div>","protected":false},"excerpt":{"rendered":"<p>*Ap\u0103s\u00e2nd pe butonul \u201eJoac\u0103\u201d, accep\u021bi termenii prev\u0103zu\u021bi \u00een Acordul de Utilizare \u0219i \u00een Oferta Public\u0103. Cuceri\u021bi dragoni puternici \u00een vastul univers al Lordului Dragonilor! Ultimele \u0218TIRI Dragon Lord este \u00eenchis07\/01\/2022Prieteni, iat\u0103 c\u0103 vine &hellip;Next \u00bbtags: newsPRIETENI, DRAGON LORD ROMANIA SE \u00ceNCHIDE06\/18\/2022Timp de c\u00e2\u021biva ani &hellip;Next \u00bbtags: news\u00ceNTRE\u021aINERE, 10 MARTIE03\/09\/2022Salutare, eroilor! \ud83d\udcc6 M\u00e2ine, &hellip;Next \u00bbtags: maintenance, &hellip; <a href=\"https:\/\/espritgames.com\/ro\/dragonlord\/\" class=\"more-link\">Continue reading <span class=\"screen-reader-text\">Dragon Lord<\/span> <span class=\"meta-nav\">&rarr;<\/span><\/a><\/p>\n","protected":false},"author":1969676,"featured_media":0,"parent":0,"menu_order":0,"comment_status":"closed","ping_status":"closed","template":"page-templates\/landing.php","meta":[],"_links":{"self":[{"href":"https:\/\/espritgames.com\/ro\/wp-json\/wp\/v2\/pages\/12464"}],"collection":[{"href":"https:\/\/espritgames.com\/ro\/wp-json\/wp\/v2\/pages"}],"about":[{"href":"https:\/\/espritgames.com\/ro\/wp-json\/wp\/v2\/types\/page"}],"author":[{"embeddable":true,"href":"https:\/\/espritgames.com\/ro\/wp-json\/wp\/v2\/users\/1969676"}],"replies":[{"embeddable":true,"href":"https:\/\/espritgames.com\/ro\/wp-json\/wp\/v2\/comments?post=12464"}],"version-history":[{"count":44,"href":"https:\/\/espritgames.com\/ro\/wp-json\/wp\/v2\/pages\/12464\/revisions"}],"predecessor-version":[{"id":14200,"href":"https:\/\/espritgames.com\/ro\/wp-json\/wp\/v2\/pages\/12464\/revisions\/14200"}],"wp:attachment":[{"href":"https:\/\/espritgames.com\/ro\/wp-json\/wp\/v2\/media?parent=12464"}],"curies":[{"name":"wp","href":"https:\/\/api.w.org\/{rel}","templated":true}]}}