 


						{"id":9,"date":"2018-05-18T13:53:34","date_gmt":"2018-05-18T11:53:34","guid":{"rendered":"https:\/\/espritgames.com\/pl\/?page_id=9"},"modified":"2020-07-01T10:24:07","modified_gmt":"2020-07-01T08:24:07","slug":"wladcasmokow-1","status":"publish","type":"page","link":"https:\/\/espritgames.com\/pl\/wladcasmokow-1\/","title":{"rendered":"Wladca Smokow"},"content":{"rendered":"<div id=\"pl-9\"  class=\"panel-layout\" ><div id=\"pg-9-0\"  class=\"panel-grid panel-no-style\" ><div id=\"pgc-9-0-0\"  class=\"panel-grid-cell\" ><div id=\"panel-9-0-0-0\" class=\"widget_text so-panel widget widget_custom_html panel-first-child panel-last-child\" data-index=\"0\" ><div class=\"textwidget custom-html-widget\"><div class=\"e-landing\" id=\"dragonlord-pl\">\n  <div class=\"e-content\">\n\n<div class=\"e-logo\"><img src=\"https:\/\/p-cdn.espritgames.com\/wp-content\/uploads\/sites\/7\/2018\/05\/SDD_pl_logo.png\" \/><\/div>\n\n<div id=\"osdk-auth-widget-holder\" style=\"width: 329px; height: 620px; margin: 0 10px 25px 586px;\"><div id=\"loader\"><\/div><\/div>\n    <script>\n    var show_on_demand = false;\n    !function(a,b,c,d){a._osdkAuthFn=d,a[d]=a[d]||function(){(a[d].cs=a[d].cs||[]).push(arguments)};var e=b.createElement(\"script\"),f=b.getElementsByTagName(\"script\")[0];e.async=1,e.src=c,f.parentNode.insertBefore(e,f)}(window,document,\"\/\/ostatic.espritgames.com\/auth\/js\/widget.js?v=6\",\"osdkAuthWidget\");\n\n    function osdkShowWidget() {\n        if( document.getElementById('osdk-auth-widget-holder') ) document.getElementById('osdk-auth-widget-holder').innerHTML = '<div id=\"loader\"><b style=\"display:none;\"><\/b><\/div>';\n        \n        osdkAuthWidget({\n            service: 'auth.espritgames.com',\n            holder: 'osdk-auth-widget-holder',\n            width: 329,\n            height: 620,\n            returnTo: 'https:\/\/espritgames.com\/pl\/wladcasmokow\/go\/',\n            downloadUrl: '',\n            authNotRequired: false,\n            consumer: 'portal-pl',\n            locale: 'pl_PL',\n            stylesUrl: 'https:\/\/cdn.espritgames.ru\/espritgames-auth-custom\/dl-form.nologo.pl.css?v=1',\n            eula: 'wladcasmokow'\n        });\n    }\n    if( !show_on_demand ) osdkShowWidget();\n    <\/script>\n\n    <div class=\"e-text-header\"><\/div>\n    <div class=\"e-text\">\n      <h1>Wladca Smokow<\/h1>\n        <p class=\"e-text-menu\"><a href=\".\/go\/\">Play<\/a>, <a href=\".\/news\/\">News<\/a>, <a href=\"\/pl\/forum\/go\/wladcasmokow\/\">Forum<\/a>, <a href=\"\/pl\/support\/\">Support<\/a><\/p>\n\n<p>Nadesz\u0142y mroczne czasy smutku i zniszczenia. W\u0142adca ciemnych Smok\u00f3w panuje na kontynencie, siej\u0105c przera\u017cenie w\u015br\u00f3d spokojnych obywateli! Zbuduj stolic\u0119 swojego kr\u00f3lestwa, zbierz siln\u0105 armi\u0119, zjednocz si\u0119 z sojusznikami i pokonaj imperium, wykorzystuj\u0105c magi\u0119 oraz moc uleg\u0142ych tobie stworze\u0144!<\/p>\n\t\n<p>Okie\u0142znaj pot\u0119\u017cne smoki w nowej dynamicznej grze online \u201eW\u0142adca Smok\u00f3w\u201d, w kt\u00f3rej orkowie, elfy, ludzie i smoki walcz\u0105 o w\u0142adz\u0119 na pot\u0119\u017cnym kontynencie!<\/p>\n\n<ul>\n<li>Walcz z orkami, elfami i smokami!<\/li>\n<li>Zwerbuj do swojej dru\u017cyny do\u015bwiadczonych bohater\u00f3w \u2014 od z\u0142o\u015bliwej wied\u017amy po ognistego demona!<\/li>\n<li>Zbuduj pi\u0119kne miasto, wzbudzaj\u0105c zazdro\u015b\u0107 wrog\u00f3w!<\/li>\n<li>Wykorzystaj w walce \u015bmiertelne konfiguracje umiej\u0119tno\u015bci!<\/li>\n<li>Oswajaj dzikie konie i smoki \u2014 si\u0142y lodu, ognia i ziemi po\u0142\u0105czy\u0142y si\u0119 w tych pot\u0119\u017cnych stworzeniach<\/li>\n<li>Stw\u00f3rz unikaln\u0105 bro\u0144 w ku\u017ani!<\/li>\n<li>Po\u0142\u0105cz si\u0142y z przyjaci\u00f3\u0142mi w klanie i bierz udzia\u0142 w du\u017cych wydarzeniach!<\/li>\n<li>Walcz z innymi graczami na arenie PvP!<\/li>\n<\/ul>\n\n<div style=\"width: 100%; margin: 0 auto;\" class=\"ml-slider-3-7-2 ml-slider-pro-2-6-5 metaslider metaslider-flex metaslider-31 ml-slider in-game-slider nav-hidden\">\n    <style type=\"text\/css\" id=\"metaslider-css-31\">\n        #metaslider_31.flexslider .slides li {margin-right: 10px !important;}\n \n\t.metaslider-31 .flexslider .flex-control-paging li a,\n\t.metaslider-31 .flexslider .flex-control-paging li a:hover {\n\t\tpadding: 0;\n\t\tbox-shadow: none;\n\t\ttext-indent: -9999px;\n\t\tborder-style: solid;\n\t\tdisplay: inline-block;\n\t\tborder-color: rgba(0,0,0,1);\n\t\tborder-radius: 10px;\n\t\t-webkit-border-radius: 10px;\n\t\t-moz-border-radius: 10px;\n\t\tborder-width: 0px;\n\t\tborder: 0px solid rgba(0,0,0,1);\n\t\tline-height: 12px;\n\t\twidth: 12px;\n\t\theight: 12px;\n\t\tmargin: 0 4px;\n\t\tbackground: rgb(0,0,0);\n\t\tbackground: rgba(0,0,0,0.5);\n\t\tbackground: -webkit-gradient(linear, 0% 0%, 0% 100%, from(rgba(0,0,0,0.5)), to(rgba(0,0,0,0.5)));\n\t\tbackground: -webkit-linear-gradient(top, rgba(0,0,0,0.5), rgba(0,0,0,0.5));\n\t\tbackground: -moz-linear-gradient(top, rgba(0,0,0,0.5), rgba(0,0,0,0.5));\n\t\tbackground: -ms-linear-gradient(top, rgba(0,0,0,0.5), rgba(0,0,0,0.5));\n\t\tbackground: -o-linear-gradient(top, rgba(0,0,0,0.5), rgba(0,0,0,0.5));\n\t\tbackground: linear-gradient(top, rgba(0,0,0,0.5), rgba(0,0,0,0.5));\n\t}\n\n\t.metaslider-31 .flexslider .flex-control-paging li {\n\t\tmargin: 0;\n\t\ttext-indent: 0;\n\t\twidth: auto;\n\t}\n\n\t.metaslider-31 .flexslider .flex-control-paging li a.flex-active {\n\t\tborder: 0px solid rgba(0,0,0,1);\n\t\tbackground: rgb(0,0,0);\n\t\tbackground: rgba(0,0,0,1);\n\t\tbackground: -webkit-gradient(linear, 0% 0%, 0% 100%, from(rgba(0,0,0,1)), to(rgba(0,0,0,1)));\n\t\tbackground: -webkit-linear-gradient(top, rgba(0,0,0,1), rgba(0,0,0,1));\n\t\tbackground: -moz-linear-gradient(top, rgba(0,0,0,1), rgba(0,0,0,1));\n\t\tbackground: -ms-linear-gradient(top, rgba(0,0,0,1), rgba(0,0,0,1));\n\t\tbackground: -o-linear-gradient(top, rgba(0,0,0,1), rgba(0,0,0,1));\n\t\tbackground: linear-gradient(top, rgba(0,0,0,1), rgba(0,0,0,1));\n\t}\n\n\t.metaslider-31 .flexslider .flex-control-paging {\n\t\tline-height: 12px;\n\t\tz-index: 99;\n\t\tpadding: 0;\n\t\ttext-align: left;\n\t\tmargin: 10px 0px;\n\t\twidth: 100%;\n\t\ttop: auto;\n\t\tright: auto;\n\t\tbottom: auto;\n\t\tleft: auto;\n\t\tposition: absolute;\n\t\ttext-align: center;\n\t}\n \n\t.metaslider-31 .flexslider .caption-wrap {\n\t\topacity: 1;\n\t\tmargin: 0px 0px;\n\t\tcolor: rgba(255,255,255,1);\n\t\tbackground: rgb(0,0,0);\n\t\tbackground: rgba(0,0,0,0.7);\n\t\twidth: 100%;\n\t\ttop: auto;\n\t\tright: auto;\n\t\tbottom: 0;\n\t\tleft: 0;\n\t\tclear: none;\n\t\tposition: absolute;\n\t\tborder-radius: 0px;\n\t\t-webkit-border-radius: 0px;\n\t\t-moz-border-radius: 0px;\n\t}\n \n\t.metaslider-31 .flexslider .flex-direction-nav .flex-prev {\n\t\tbackground: transparent url(https:\/\/espritgames.com\/pl\/wp-content\/plugins\/ml-slider-pro\/modules\/theme_editor\/assets\/arrows\/green.png) 0 -498px no-repeat;\n\t\tmargin-top: -17px;\n\t\twidth: 34px;\n\t\theight: 34px;\n\t\topacity: 0;\n\t\tleft: 0px;\n\t\tpadding: 0;\n\t}\n\n\t.metaslider-31 .flexslider .flex-direction-nav .flex-next {\n\t\tbackground: transparent url(https:\/\/espritgames.com\/pl\/wp-content\/plugins\/ml-slider-pro\/modules\/theme_editor\/assets\/arrows\/green.png) 100% -498px no-repeat;\n\t\tmargin-top: -17px;\n\t\twidth: 34px;\n\t\theight: 34px;\n\t\topacity: 0;\n\t\tright: 0px;\n\t\tpadding: 0;\n\t}\n\n\t.metaslider-31 .flexslider:hover .flex-direction-nav .flex-prev {\n\t\tleft: 5px;\n\t\topacity: 0.9;\n\t}\n\n\t.metaslider-31 .flexslider:hover .flex-direction-nav .flex-next {\n\t\tright: 5px;\n\t\topacity: 0.9;\n\t}\n\n\t.metaslider-31 {\n\t\tmargin-bottom: 32px;\n\t}\n\n    <\/style>\n    <div id=\"metaslider_container_31\">\n        <div id=\"metaslider_31\">\n            <ul class=\"slides\">\n                <li style=\"display: none; width: 100%;\" class=\"slide-38 ms-image\"><a href=\"?esc=site_pl_news\" target=\"_self\" rel=\"noopener\"><img src=\"https:\/\/p-cdn.espritgames.com\/wp-content\/uploads\/sites\/7\/2018\/05\/WS_pl_scrn_702x435_6.jpg\" height=\"435\" width=\"702\" alt=\"\" class=\"slider-31 slide-38\" title=\"WS_pl_scrn_702x435_6\" \/><\/a><\/li>\n                <li style=\"display: none; width: 100%;\" class=\"slide-39 ms-image\"><a href=\"?esc=site_pl_news\" target=\"_self\" rel=\"noopener\"><img src=\"https:\/\/p-cdn.espritgames.com\/wp-content\/uploads\/sites\/7\/2018\/05\/WS_pl_scrn_702x435_5.jpg\" height=\"435\" width=\"702\" alt=\"\" class=\"slider-31 slide-39\" title=\"WS_pl_scrn_702x435_5\" \/><\/a><\/li>\n                <li style=\"display: none; width: 100%;\" class=\"slide-40 ms-image\"><a href=\"?esc=site_pl_news\" target=\"_self\" rel=\"noopener\"><img src=\"https:\/\/p-cdn.espritgames.com\/wp-content\/uploads\/sites\/7\/2018\/05\/WS_pl_scrn_702x435_4.jpg\" height=\"435\" width=\"702\" alt=\"\" class=\"slider-31 slide-40\" title=\"WS_pl_scrn_702x435_4\" \/><\/a><\/li>\n                <li style=\"display: none; width: 100%;\" class=\"slide-41 ms-image\"><a href=\"?esc=site_pl_news\" target=\"_self\" rel=\"noopener\"><img src=\"https:\/\/p-cdn.espritgames.com\/wp-content\/uploads\/sites\/7\/2018\/05\/WS_pl_scrn_702x435_3.jpg\" height=\"435\" width=\"702\" alt=\"\" class=\"slider-31 slide-41\" title=\"WS_pl_scrn_702x435_3\" \/><\/a><\/li>\n                <li style=\"display: none; width: 100%;\" class=\"slide-42 ms-image\"><a href=\"?esc=site_pl_news\" target=\"_self\" rel=\"noopener\"><img src=\"https:\/\/p-cdn.espritgames.com\/wp-content\/uploads\/sites\/7\/2018\/05\/WS_pl_scrn_702x435_2.jpg\" height=\"435\" width=\"702\" alt=\"\" class=\"slider-31 slide-42\" title=\"WS_pl_scrn_702x435_2\" \/><\/a><\/li>\n                <li style=\"display: none; width: 100%;\" class=\"slide-43 ms-image\"><a href=\"?esc=site_pl_news\" target=\"_self\" rel=\"noopener\"><img src=\"https:\/\/p-cdn.espritgames.com\/wp-content\/uploads\/sites\/7\/2018\/05\/WS_pl_scrn_702x435_1.jpg\" height=\"435\" width=\"702\" alt=\"\" class=\"slider-31 slide-43\" title=\"WS_pl_scrn_702x435_1\" \/><\/a><\/li>\n            <\/ul>\n        <\/div>\n        \n    <\/div>\n<\/div>\n\n    <\/div>\n  <\/div>\n<\/div><\/div><\/div><\/div><\/div><\/div>","protected":false},"excerpt":{"rendered":"<p>Wladca Smokow Play, News, Forum, Support Nadesz\u0142y mroczne czasy smutku i zniszczenia. W\u0142adca ciemnych Smok\u00f3w panuje na kontynencie, siej\u0105c przera\u017cenie w\u015br\u00f3d spokojnych obywateli! Zbuduj stolic\u0119 swojego kr\u00f3lestwa, zbierz siln\u0105 armi\u0119, zjednocz si\u0119 z sojusznikami i pokonaj imperium, wykorzystuj\u0105c magi\u0119 oraz moc uleg\u0142ych tobie stworze\u0144! Okie\u0142znaj pot\u0119\u017cne smoki w nowej dynamicznej grze online \u201eW\u0142adca Smok\u00f3w\u201d, w &hellip; <a href=\"https:\/\/espritgames.com\/pl\/wladcasmokow-1\/\" class=\"more-link\">Continue reading <span class=\"screen-reader-text\">Wladca Smokow<\/span> <span class=\"meta-nav\">&rarr;<\/span><\/a><\/p>\n","protected":false},"author":132166,"featured_media":0,"parent":0,"menu_order":0,"comment_status":"closed","ping_status":"closed","template":"page-templates\/landing.php","meta":[],"_links":{"self":[{"href":"https:\/\/espritgames.com\/pl\/wp-json\/wp\/v2\/pages\/9"}],"collection":[{"href":"https:\/\/espritgames.com\/pl\/wp-json\/wp\/v2\/pages"}],"about":[{"href":"https:\/\/espritgames.com\/pl\/wp-json\/wp\/v2\/types\/page"}],"author":[{"embeddable":true,"href":"https:\/\/espritgames.com\/pl\/wp-json\/wp\/v2\/users\/132166"}],"replies":[{"embeddable":true,"href":"https:\/\/espritgames.com\/pl\/wp-json\/wp\/v2\/comments?post=9"}],"version-history":[{"count":23,"href":"https:\/\/espritgames.com\/pl\/wp-json\/wp\/v2\/pages\/9\/revisions"}],"predecessor-version":[{"id":26385,"href":"https:\/\/espritgames.com\/pl\/wp-json\/wp\/v2\/pages\/9\/revisions\/26385"}],"wp:attachment":[{"href":"https:\/\/espritgames.com\/pl\/wp-json\/wp\/v2\/media?parent=9"}],"curies":[{"name":"wp","href":"https:\/\/api.w.org\/{rel}","templated":true}]}}