 


						{"id":70522,"date":"2023-11-03T20:37:25","date_gmt":"2023-11-03T19:37:25","guid":{"rendered":"https:\/\/espritgames.com\/pl\/?page_id=70522"},"modified":"2023-12-14T11:14:13","modified_gmt":"2023-12-14T10:14:13","slug":"fatalforce","status":"publish","type":"page","link":"https:\/\/espritgames.com\/pl\/fatalforce\/","title":{"rendered":"Fatal Force"},"content":{"rendered":"<div id=\"pl-70522\"  class=\"panel-layout\" ><div id=\"pg-70522-0\"  class=\"panel-grid panel-no-style\" ><div id=\"pgc-70522-0-0\"  class=\"panel-grid-cell\" ><div id=\"panel-70522-0-0-0\" class=\"widget_text so-panel widget widget_custom_html panel-first-child\" data-index=\"0\" ><div class=\"textwidget custom-html-widget\">\t<div class=\"dc_formouter formouter\">\n\t\t<div class=\"psevdo_form\">\n\t\t\t<img src=\"https:\/\/p-cdn.espritgames.ru\/wp-content\/themes\/espritgames\/promo\/ff-main\/img\/top\/logo.png\">\n\t\t\t<p class=\"sub_txt sub_txt_pl\"><\/p>\n\t\t\t<a class=\"play_btn open_form play_btn_pl\"><\/a>\n\t\t\t<!--<a href=\"https:\/\/fatalforce.onelink.me\/CO5y\/xwdxnt9q\" class=\"bnt_1\"><\/a>-->\n\t\t<\/div>\n\t\t\t\t<!--<div class=\"pp\">\t\t\t\t\n\t\t\t\t\t<span>* \u043d\u0430\u0436\u0438\u043c\u0430\u044f \"\u0418\u0433\u0440\u0430\u0442\u044c\", \u0432\u044b \u043f\u0440\u0438\u043d\u0438\u043c\u0430\u0435\u0442\u0435 <a href=\"https:\/\/espritgames.com\/licenses\/eternalfuryres\/\">User Agreement<\/a> and <a href=\"https:\/\/espritgames.com\/agreements\/eternalfuryres\/\">Public Offer<\/a><\/span>\n\t\t\t\t<\/div>-->\n\t<\/div>\n\t<div class=\"big_pic dc\">\n\t\t<img src=\"https:\/\/p-cdn.espritgames.ru\/wp-content\/themes\/espritgames\/promo\/ff-main\/img\/top\/bg.jpg\" \/>\n\t<\/div>\n<div class=\"outer_lands\">\n\n\t<div id=\"dc\" class=\"e-landing\">\n\t<div class=\"e-content apkhide\"> <!--  -->\n\t\t\t<div class=\"e-text\">\n\t\t\t\t<p class=\"txt_1\">\u0421\u043a\u0430\u0447\u0430\u0439 APK<\/p>\n\t\t\t\t<p class=\"txt_2\">\n\t\t\t\t\t\u0412 \u0441\u0432\u044f\u0437\u0438 \u0441 \u043f\u043e\u0441\u043b\u0435\u0434\u043d\u0438\u043c\u0438 \u0441\u043e\u0431\u044b\u0442\u0438\u044f\u043c\u0438 \u043f\u043e\u043b\u0438\u0442\u0438\u043a\u0430 Google \u043f\u043e\u0441\u0442\u043e\u044f\u043d\u043d\u043e \u043c\u0435\u043d\u044f\u0435\u0442\u0441\u044f. <br>\n\t\t\t\t\t\u0423\u0441\u0442\u0430\u043d\u043e\u0432\u0438\u0432 \u043d\u0430\u0448\u0443 \u0438\u0433\u0440\u0443 \u043d\u0430\u043f\u0440\u044f\u043c\u0443\u044e, \u0432\u044b \u0431\u0443\u0434\u0435\u0442\u0435 \u0438\u043c\u0435\u0442\u044c \u0434\u043e\u0441\u0442\u0443\u043f<br> \u043a \u043d\u0430\u0448\u0438\u043c \u0438\u0433\u0440\u0430\u043c \u043d\u0435\u0437\u0430\u0432\u0438\u0441\u0438\u043c\u043e \u043e\u0442 \u043d\u0430\u0441\u0442\u0440\u043e\u0435\u043d\u0438\u0439 Google Play, <br>\u0443 \u0432\u0430\u0441 \u0431\u0443\u0434\u0435\u0442 \u0440\u0430\u0431\u043e\u0442\u0430\u0442\u044c \u043e\u043f\u043b\u0430\u0442\u0430 \u043a\u0430\u0440\u0442\u0430\u043c\u0438, \u0430 \u0433\u043b\u0430\u0432\u043d\u043e\u0435 \u2014 \u0446\u0435\u043d\u044b \u0432 \u0438\u0433\u0440\u0430\u0445 \u0441\u043a\u0430\u0447\u0430\u043d\u043d\u044b\u0445 \u0443 \u043d\u0430\u0441 \u041d\u0418\u0416\u0415, \u0447\u0435\u043c \u0432 Play Market! \n\t\t\t\t<\/p>\n\t\t\t\t<p class=\"e-text-menu\"> <a class=\"xxx_u\" href=\"https:\/\/cdn.espritgames.ru\/download_apk\/fatalforce_last.apk\">\u041f\u0440\u0430\u0432\u0438\u043b\u0430<\/a> <!--<a class=\"news_u\" href=\".\/news\/?t=1\">\u041d\u043e\u0432\u043e\u0441\u0442\u0438<\/a> <a class=\"forum_u\" href=\"\/forum\/go\/dragoncontract\/\">\u0424\u043e\u0440\u0443\u043c<\/a> <a  class=\"xxx_u\" href=\".\/guides\/\">\u0413\u0430\u0439\u0434\u044b<\/a>--><\/p>\n\t\t\t\t<div class=\"mockup\"><\/div>\n\t\t\t<\/div>\n\t\t\t\n\t<\/div>\n\t<div class=\"e-content content_to\">\n\t\t\t<div class=\"e-text\">\n\t\t\t\t<p class=\"txt_1\">Fatal Force<\/p>\n\t\t\t\t<p class=\"txt_2\">\n\t\t\t\t\tFatal Force to niesamowity, fantastyczny \u015bwiat magii i miecza, kt\u00f3ry \u0142\u0105czy w sobie anga\u017cuj\u0105c\u0105 rozgrywk\u0119, proste sterowanie i p\u0142ynn\u0105 zabaw\u0119. Przejmij kontrol\u0119 nad bogami i demonami, zdob\u0105d\u017a wsparcie pot\u0119\u017cnych elf\u00f3w i mocarnych najemnik\u00f3w, by dzielnie stan\u0105\u0107 do walki z setkami boss\u00f3w i eksplorowa\u0107 zdradzieckie lochy!\n\t\t\t\t<\/p>\n\t\t\t\t<p class=\"e-text-menu\"> <a class=\"news_u news_u_pl\" href=\".\/news\/\">News<\/a> <a class=\"forum_u\" href=\"\/forum\/go\/fatalforce\/\">Forum<\/a> <!--<a class=\"xxx_u\" href=\"https:\/\/espritgames.ru\/rules\/game\/\">\u041f\u0440\u0430\u0432\u0438\u043b\u0430<\/a><a  class=\"xxx_u\" href=\".\/guides\/\">\u0413\u0430\u0439\u0434\u044b<\/a>--><\/p>\n\t\t\t<\/div>\n\t<\/div>\n\t\t<div class=\"slider_outer\">\n\t\t\t\t<div style=\"max-width: 700px; margin: 0 auto;\" class=\"ml-slider-3-7-2 ml-slider-pro-2-6-5 metaslider metaslider-flex metaslider-70533 ml-slider\">\n    \n    <div id=\"metaslider_container_70533\">\n        <div id=\"metaslider_70533\">\n            <ul class=\"slides\">\n                <li style=\"display: block; width: 100%;\" class=\"slide-70542 ms-image\"><a href=\"?esc=site_pl_news\" target=\"_self\" rel=\"noopener\"><img src=\"https:\/\/p-cdn.espritgames.com\/wp-content\/uploads\/sites\/7\/2023\/11\/scr-1.png\" height=\"444\" width=\"700\" alt=\"\" class=\"slider-70533 slide-70542\" title=\"scr-1\" \/><\/a><\/li>\n                <li style=\"display: none; width: 100%;\" class=\"slide-70543 ms-image\"><a href=\"?esc=site_pl_news\" target=\"_self\" rel=\"noopener\"><img src=\"https:\/\/p-cdn.espritgames.com\/wp-content\/uploads\/sites\/7\/2023\/11\/scr-2.png\" height=\"444\" width=\"700\" alt=\"\" class=\"slider-70533 slide-70543\" title=\"scr-2\" \/><\/a><\/li>\n                <li style=\"display: none; width: 100%;\" class=\"slide-70544 ms-image\"><a href=\"?esc=site_pl_news\" target=\"_self\" rel=\"noopener\"><img src=\"https:\/\/p-cdn.espritgames.com\/wp-content\/uploads\/sites\/7\/2023\/11\/scr-3.png\" height=\"444\" width=\"700\" alt=\"\" class=\"slider-70533 slide-70544\" title=\"scr-3\" \/><\/a><\/li>\n                <li style=\"display: none; width: 100%;\" class=\"slide-70545 ms-image\"><a href=\"?esc=site_pl_news\" target=\"_self\" rel=\"noopener\"><img src=\"https:\/\/p-cdn.espritgames.com\/wp-content\/uploads\/sites\/7\/2023\/11\/scr-4.png\" height=\"444\" width=\"700\" alt=\"\" class=\"slider-70533 slide-70545\" title=\"scr-4\" \/><\/a><\/li>\n                <li style=\"display: none; width: 100%;\" class=\"slide-70546 ms-image\"><a href=\"?esc=site_pl_news\" target=\"_self\" rel=\"noopener\"><img src=\"https:\/\/p-cdn.espritgames.com\/wp-content\/uploads\/sites\/7\/2023\/11\/scr-5.png\" height=\"444\" width=\"700\" alt=\"\" class=\"slider-70533 slide-70546\" title=\"scr-5\" \/><\/a><\/li>\n                <li style=\"display: none; width: 100%;\" class=\"slide-70547 ms-image\"><a href=\"?esc=site_pl_news\" target=\"_self\" rel=\"noopener\"><img src=\"https:\/\/p-cdn.espritgames.com\/wp-content\/uploads\/sites\/7\/2023\/11\/scr-6.png\" height=\"444\" width=\"700\" alt=\"\" class=\"slider-70533 slide-70547\" title=\"scr-6\" \/><\/a><\/li>\n                <li style=\"display: none; width: 100%;\" class=\"slide-70548 ms-image\"><a href=\"?esc=site_pl_news\" target=\"_self\" rel=\"noopener\"><img src=\"https:\/\/p-cdn.espritgames.com\/wp-content\/uploads\/sites\/7\/2023\/11\/scr-7.png\" height=\"444\" width=\"700\" alt=\"\" class=\"slider-70533 slide-70548\" title=\"scr-7\" \/><\/a><\/li>\n                <li style=\"display: none; width: 100%;\" class=\"slide-70549 ms-image\"><a href=\"?esc=site_pl_news\" target=\"_self\" rel=\"noopener\"><img src=\"https:\/\/p-cdn.espritgames.com\/wp-content\/uploads\/sites\/7\/2023\/11\/scr-8.png\" height=\"444\" width=\"700\" alt=\"\" class=\"slider-70533 slide-70549\" title=\"scr-8\" \/><\/a><\/li>\n            <\/ul>\n        <\/div>\n        \n    <\/div>\n<\/div>\n\t\t<\/div>\n\t\t<div class=\"outer_icon_block\">\n\t\t\t\t\t<div class=\"ttl\">Co czeka na Ciebie w grze:<\/div>\n\t\t\t\t\t\t<div class=\"mob_icon\" style=\"display:none;\">\n\t\t\t\t\t\t\t<div class=\"slider__item\">\n\t\t\t\t\t\t\t\t<img src=\"https:\/\/p-cdn.espritgames.ru\/wp-content\/themes\/espritgames\/promo\/ff-main\/img_mob\/feats_block\/1.png\">\n\t\t\t\t\t\t\t\t<p>Bitwy dru\u017cynowe przeciwko bossom<\/p>\n\t\t\t\t\t\t\t<\/div>\n\t\t\t\t\t\t\t<div class=\"slider__item\">\n\t\t\t\t\t\t\t\t<img src=\"https:\/\/p-cdn.espritgames.ru\/wp-content\/themes\/espritgames\/promo\/ff-main\/img_mob\/feats_block\/2.png\">\n\t\t\t\t\t\t\t\t<p>Lochy czekaj\u0105ce na zbadanie<\/p>\n\t\t\t\t\t\t\t<\/div>\n\t\t\t\t\t\t\t<div class=\"slider__item\">\n\t\t\t\t\t\t\t\t<img src=\"https:\/\/p-cdn.espritgames.ru\/wp-content\/themes\/espritgames\/promo\/ff-main\/img_mob\/feats_block\/3.png\">\n\t\t\t\t\t\t\t\t<p>Wiele ekscytuj\u0105cych wydarze\u0144 PvP<\/p>\n\t\t\t\t\t\t\t<\/div>\n\t\t\t\t\t\t\t<div class=\"slider__item\">\n\t\t\t\t\t\t\t\t<img src=\"https:\/\/p-cdn.espritgames.ru\/wp-content\/themes\/espritgames\/promo\/ff-main\/img_mob\/feats_block\/4.png\">\n\t\t\t\t\t\t\t\t<p>Setki niepowtarzalnych boss\u00f3w<\/p>\n\t\t\t\t\t\t\t<\/div>\n\t\t\t\t\t\t\t<div class=\"slider__item\">\n\t\t\t\t\t\t\t\t<img src=\"https:\/\/p-cdn.espritgames.ru\/wp-content\/themes\/espritgames\/promo\/ff-main\/img_mob\/feats_block\/5.png\">\n\t\t\t\t\t\t\t\t<p>Grafika z mn\u00f3stwem animacji i efekt\u00f3w<\/p>\n\t\t\t\t\t\t\t<\/div>\n\t\t\t\t\t\t\t<div class=\"slider__item\">\n\t\t\t\t\t\t\t\t<img src=\"https:\/\/p-cdn.espritgames.ru\/wp-content\/themes\/espritgames\/promo\/ff-main\/img_mob\/feats_block\/6.png\">\n\t\t\t\t\t\t\t\t<p>Codzienne nagrody i prezenty<\/p>\n\t\t\t\t\t\t\t<\/div>\n\t\t\t\t\t\t<\/div>\n\t\t\t\n\t\t\t\n\t\t\t\t\t<div class=\"e-content ext_de\">\t\t\t\t\n\t\t\t\t\t\t\t<div class=\"icon_block\">\n\t\t\t\t\t\t\t\t\t<div class=\"s_icon\">\n\t\t\t\t\t\t\t\t\t\t\t<img src=\"https:\/\/p-cdn.espritgames.ru\/wp-content\/themes\/espritgames\/promo\/ff-main\/img\/feats\/1.png\">\n\t\t\t\t\t\t\t\t\t\t\t<p>Bitwy dru\u017cynowe przeciwko bossom<\/p>\n\t\t\t\t\t\t\t\t\t<\/div>\n\t\t\t\t\t\t\t<\/div>\n\t\t\t\t\t\t\t<div class=\"icon_block\">\n\t\t\t\t\t\t\t\t\t<div class=\"s_icon\">\n\t\t\t\t\t\t\t\t\t\t\t<img src=\"https:\/\/p-cdn.espritgames.ru\/wp-content\/themes\/espritgames\/promo\/ff-main\/img\/feats\/4.png\">\n\t\t\t\t\t\t\t\t\t\t\t<p>Setki niepowtarzalnych boss\u00f3w<\/p>\n\t\t\t\t\t\t\t\t\t<\/div>\n\t\t\t\t\t\t\t<\/div>\n\t\t\t\t\t\t\t<div class=\"icon_block\">\n\t\t\t\t\t\t\t\t\t<div class=\"s_icon\">\n\t\t\t\t\t\t\t\t\t\t\t<img src=\"https:\/\/p-cdn.espritgames.ru\/wp-content\/themes\/espritgames\/promo\/ff-main\/img\/feats\/2.png\">\n\t\t\t\t\t\t\t\t\t\t\t<p>Lochy czekaj\u0105ce na zbadanie<\/p>\n\t\t\t\t\t\t\t\t\t<\/div>\n\t\t\t\t\t\t\t<\/div>\n\t\t\t\t\t\t\t<div class=\"icon_block\">\n\t\t\t\t\t\t\t\t\t<div class=\"s_icon\">\n\t\t\t\t\t\t\t\t\t\t\t<img src=\"https:\/\/p-cdn.espritgames.ru\/wp-content\/themes\/espritgames\/promo\/ff-main\/img\/feats\/5.png\">\n\t\t\t\t\t\t\t\t\t\t\t<p>Grafika z mn\u00f3stwem animacji i efekt\u00f3w<\/p>\n\t\t\t\t\t\t\t\t\t<\/div>\n\t\t\t\t\t\t\t<\/div>\n\t\t\t\t\t\t\t<div class=\"icon_block\">\n\t\t\t\t\t\t\t\t\t<div class=\"s_icon\">\n\t\t\t\t\t\t\t\t\t\t\t<img src=\"https:\/\/p-cdn.espritgames.ru\/wp-content\/themes\/espritgames\/promo\/ff-main\/img\/feats\/3.png\">\n\t\t\t\t\t\t\t\t\t\t\t<p>Wiele ekscytuj\u0105cych wydarze\u0144 PvP<\/p>\n\t\t\t\t\t\t\t\t\t<\/div>\n\t\t\t\t\t\t\t<\/div>\n\t\t\t\t\t\t\t<div class=\"icon_block\">\n\t\t\t\t\t\t\t\t\t<div class=\"s_icon\">\n\t\t\t\t\t\t\t\t\t\t\t<img src=\"https:\/\/p-cdn.espritgames.ru\/wp-content\/themes\/espritgames\/promo\/ff-main\/img\/feats\/6.png\">\n\t\t\t\t\t\t\t\t\t\t\t<p>Codzienne nagrody i prezenty<\/p>\n\t\t\t\t\t\t\t\t\t<\/div>\n\t\t\t\t\t\t\t<\/div>\n\t\t\t\t\t<\/div>\n\t\t<\/div>\n\t\t<div class=\"btn_block\">\n\t\t\t<img class=\"logo\" src=\"https:\/\/p-cdn.espritgames.ru\/wp-content\/themes\/espritgames\/promo\/ff-main\/img\/basement\/logo.png\"> \n\t\t\t<a class=\"play_btn open_form play_btn_pl\" href=\".\/go\/\"><\/a>\n\t\t\t<!--<a href=\"https:\/\/fatalforce.onelink.me\/CO5y\/xwdxnt9q\" class=\"bnt_1\"><\/a>-->\n\t\t\t<div class=\"footer_outer\">\n\t\t\t\t<div class=\"footer_inner\">\n\t\t\t\t\t<div class=\"logo_eg\"><\/div>\n\t\t\t\t\t<p>Gaming portal ESPRIT GAMES LLC \u00a9 2014 \u2013 2026<\/p>\n\t\t\t\t\t<p>Warunki <a href=\"\/pl\/licenses\/general\/\">umowy u\u017cytkownika<\/a> i <a href=\"\/pl\/agreements\/general\/\">polityki prywatno\u015bci<\/a><\/p>\n\t\t\t\t<\/div> \n\t\t\t\t<img class=\"footer_16\" src=\"https:\/\/p-cdn.espritgames.ru\/wp-content\/themes\/espritgames\/promo\/loal-main\/img\/Basement\/16+.png\"><\/div>\n\t\t<\/div>\n\t<\/div>\n\t\n<\/div><\/div><\/div><div id=\"panel-70522-0-0-1\" class=\"widget_text so-panel widget widget_custom_html panel-last-child\" data-index=\"1\" ><div class=\"textwidget custom-html-widget\"><div id=\"esprit-auth-widget-holder\" style=\"width: 628px; height: 780px; \"><div id=\"loader\"><\/div><\/div>\n    <script>\n    var show_on_demand = false;\n    !function(a,b,c,d){a._osdkAuthFn=d,a[d]=a[d]||function(){(a[d].cs=a[d].cs||[]).push(arguments)};var e=b.createElement(\"script\"),f=b.getElementsByTagName(\"script\")[0];e.async=1,e.src=c,f.parentNode.insertBefore(e,f)}(window,document,\"\/\/ostatic.espritgames.com\/auth\/js\/widget.js?v=6\",\"osdkAuthWidget\");\n\n    function osdkShowWidget() {\n        if( document.getElementById('esprit-auth-widget-holder') ) document.getElementById('esprit-auth-widget-holder').innerHTML = '<div id=\"loader\"><b style=\"display:none;\"><\/b><\/div>';\n        \n        osdkAuthWidget({\n            service: 'auth.espritgames.com',\n            holder: 'esprit-auth-widget-holder',\n            width: 628,\n            height: 780,\n            returnTo: 'https:\/\/espritgames.com\/pl\/fatalforce\/go\/',\n            downloadUrl: '',\n            authNotRequired: false,\n            consumer: 'portal-pl',\n            locale: 'pl_PL',\n            stylesUrl: 'https:\/\/cdn.espritgames.ru\/espritgames-auth-custom\/ff-form_pl.css?v=222',\n            eula: 'fatalforce'\n        });\n    }\n    if( !show_on_demand ) osdkShowWidget();\n    <\/script><\/div><\/div><\/div><\/div><\/div>","protected":false},"excerpt":{"rendered":"<p>\u0421\u043a\u0430\u0447\u0430\u0439 APK \u0412 \u0441\u0432\u044f\u0437\u0438 \u0441 \u043f\u043e\u0441\u043b\u0435\u0434\u043d\u0438\u043c\u0438 \u0441\u043e\u0431\u044b\u0442\u0438\u044f\u043c\u0438 \u043f\u043e\u043b\u0438\u0442\u0438\u043a\u0430 Google \u043f\u043e\u0441\u0442\u043e\u044f\u043d\u043d\u043e \u043c\u0435\u043d\u044f\u0435\u0442\u0441\u044f. \u0423\u0441\u0442\u0430\u043d\u043e\u0432\u0438\u0432 \u043d\u0430\u0448\u0443 \u0438\u0433\u0440\u0443 \u043d\u0430\u043f\u0440\u044f\u043c\u0443\u044e, \u0432\u044b \u0431\u0443\u0434\u0435\u0442\u0435 \u0438\u043c\u0435\u0442\u044c \u0434\u043e\u0441\u0442\u0443\u043f \u043a \u043d\u0430\u0448\u0438\u043c \u0438\u0433\u0440\u0430\u043c \u043d\u0435\u0437\u0430\u0432\u0438\u0441\u0438\u043c\u043e \u043e\u0442 \u043d\u0430\u0441\u0442\u0440\u043e\u0435\u043d\u0438\u0439 Google Play, \u0443 \u0432\u0430\u0441 \u0431\u0443\u0434\u0435\u0442 \u0440\u0430\u0431\u043e\u0442\u0430\u0442\u044c \u043e\u043f\u043b\u0430\u0442\u0430 \u043a\u0430\u0440\u0442\u0430\u043c\u0438, \u0430 \u0433\u043b\u0430\u0432\u043d\u043e\u0435 \u2014 \u0446\u0435\u043d\u044b \u0432 \u0438\u0433\u0440\u0430\u0445 \u0441\u043a\u0430\u0447\u0430\u043d\u043d\u044b\u0445 \u0443 \u043d\u0430\u0441 \u041d\u0418\u0416\u0415, \u0447\u0435\u043c \u0432 Play Market! \u041f\u0440\u0430\u0432\u0438\u043b\u0430 Fatal Force Fatal Force to niesamowity, fantastyczny &hellip; <a href=\"https:\/\/espritgames.com\/pl\/fatalforce\/\" class=\"more-link\">Continue reading <span class=\"screen-reader-text\">Fatal Force<\/span> <span class=\"meta-nav\">&rarr;<\/span><\/a><\/p>\n","protected":false},"author":1969676,"featured_media":0,"parent":0,"menu_order":0,"comment_status":"closed","ping_status":"closed","template":"page-templates\/landing.php","meta":[],"_links":{"self":[{"href":"https:\/\/espritgames.com\/pl\/wp-json\/wp\/v2\/pages\/70522"}],"collection":[{"href":"https:\/\/espritgames.com\/pl\/wp-json\/wp\/v2\/pages"}],"about":[{"href":"https:\/\/espritgames.com\/pl\/wp-json\/wp\/v2\/types\/page"}],"author":[{"embeddable":true,"href":"https:\/\/espritgames.com\/pl\/wp-json\/wp\/v2\/users\/1969676"}],"replies":[{"embeddable":true,"href":"https:\/\/espritgames.com\/pl\/wp-json\/wp\/v2\/comments?post=70522"}],"version-history":[{"count":44,"href":"https:\/\/espritgames.com\/pl\/wp-json\/wp\/v2\/pages\/70522\/revisions"}],"predecessor-version":[{"id":70647,"href":"https:\/\/espritgames.com\/pl\/wp-json\/wp\/v2\/pages\/70522\/revisions\/70647"}],"wp:attachment":[{"href":"https:\/\/espritgames.com\/pl\/wp-json\/wp\/v2\/media?parent=70522"}],"curies":[{"name":"wp","href":"https:\/\/api.w.org\/{rel}","templated":true}]}}