 


						{"id":64513,"date":"2022-12-13T15:22:20","date_gmt":"2022-12-13T14:22:20","guid":{"rendered":"https:\/\/espritgames.com\/pl\/?page_id=64513"},"modified":"2022-12-20T11:50:32","modified_gmt":"2022-12-20T10:50:32","slug":"heroesbook","status":"publish","type":"page","link":"https:\/\/espritgames.com\/pl\/heroesbook\/","title":{"rendered":"Book of Heroes"},"content":{"rendered":"<div id=\"pl-64513\"  class=\"panel-layout\" ><div id=\"pg-64513-0\"  class=\"panel-grid panel-no-style\" ><div id=\"pgc-64513-0-0\"  class=\"panel-grid-cell\" ><div id=\"panel-64513-0-0-0\" class=\"widget_text so-panel widget widget_custom_html panel-first-child panel-last-child\" data-index=\"0\" ><div class=\"textwidget custom-html-widget\">\t<div class=\"dc_formouter formouter\">\n\t\t<div class=\"psevdo_form\">\n\t\t\t<img src=\"https:\/\/p-cdn.espritgames.com\/wp-content\/themes\/espritgames\/promo\/boh-main\/img\/logo_topblock.png\">\n\t\t\t<a href=\".\/go\/\" class=\"play_btn open_form\"><\/a>\n\t\t\t<p class=\"sub_txt\">Zas\u0142u\u017c na miejsce w Book of Heroes!<\/p>\n\t\t<\/div>\n\t\t\t<div id=\"esprit-auth-widget-holder\" style=\"width: 628px; height: 780px; \"><div id=\"loader\"><\/div><\/div>\n    <script>\n    var show_on_demand = false;\n    !function(a,b,c,d){a._osdkAuthFn=d,a[d]=a[d]||function(){(a[d].cs=a[d].cs||[]).push(arguments)};var e=b.createElement(\"script\"),f=b.getElementsByTagName(\"script\")[0];e.async=1,e.src=c,f.parentNode.insertBefore(e,f)}(window,document,\"\/\/ostatic.espritgames.com\/auth\/js\/widget.js?v=6\",\"osdkAuthWidget\");\n\n    function osdkShowWidget() {\n        if( document.getElementById('esprit-auth-widget-holder') ) document.getElementById('esprit-auth-widget-holder').innerHTML = '<div id=\"loader\"><b style=\"display:none;\"><\/b><\/div>';\n        \n        osdkAuthWidget({\n            service: 'auth.espritgames.com',\n            holder: 'esprit-auth-widget-holder',\n            width: 628,\n            height: 780,\n            returnTo: 'https:\/\/espritgames.com\/pl\/heroesbook\/go\/',\n            downloadUrl: '',\n            authNotRequired: false,\n            consumer: 'portal-pl',\n            locale: 'pl_PL',\n            stylesUrl: 'https:\/\/cdn.espritgames.ru\/espritgames-auth-custom\/boh-form_pl.css?v=2',\n            eula: 'bookofheroes'\n        });\n    }\n    if( !show_on_demand ) osdkShowWidget();\n    <\/script>\n\t<\/div>\n\t<div class=\"big_pic dc\">\n\t\t<img src=\"https:\/\/p-cdn.espritgames.ru\/wp-content\/themes\/espritgames\/promo\/boh-main\/img_apk\/bg.jpg\" \/>\n\t<\/div>\n\t\t<div class=\"outer_btns\">\n\t\t\t\t<a href=\"https:\/\/cdn.espritgames.ru\/download_apk\/heroes_book_last.apk\" class=\"apk_link\" target=\"_blank\" rel=\"noopener\"><\/a>\n\t\t\t\t<a href=\"https:\/\/play.google.com\/store\/apps\/details?id=com.espritgames.rpg.bookof.heroes\" class=\"gp_link\"><\/a>\n\t\t\t\t<div class=\"gtg\">Mo\u017cesz gra\u0107 <a href=\".\/go\/\">bezpo\u015brednio w przegl\u0105darce<\/a><\/div>\n\t\t<\/div>\n    <div class=\"outer_apk_block\">\n        <div class=\"d1\"><\/div>\n        <div class=\"d2\"><\/div>\n        <div class=\"txt1\">Book of Heroes to gra mi\u0119dzyplatformowa, kt\u00f3rej silnik pozwala na zabaw\u0119 w przegl\u0105darce oraz na smartfonie. Obecnie masz kilka mo\u017cliwo\u015bci. Wybierz t\u0119, kt\u00f3ra najbardziej ci odpowiada.<\/div>\n\t\t\t\n\t\t\t\t\t<div class=\"outer_gp\">\n\t\t\t\t\t\t\t<img src=\"https:\/\/p-cdn.espritgames.com\/wp-content\/themes\/espritgames\/promo\/boh-main\/img_apk\/Android_QR.png\">\n\t\t\t\t\t\t\t<div class=\"txt3\">\n\t\t\t\t\t\t\t\t\t<span>Mo\u017cesz zainstalowa\u0107 pe\u0142n\u0105 mobiln\u0105 wersj\u0119 Book of Heroes na urz\u0105dzeniach z systemem Android!<\/span>\n\t\t\t\t\t\t\t\t\t<span>Mn\u00f3stwo \u015bwietnych postaci, emocjonuj\u0105ca rozgrywka i rozmaite opcje taktyczne na twoim smartfonie!<\/span>\n\t\t\t\t\t\t\t\t\t<span>Nie zapomnij u\u017cy\u0107 swojego konta Esprit Games, by zsynchronizowa\u0107 post\u0119py pomi\u0119dzy przegl\u0105darkow\u0105 wersj\u0105 gry a jej wariantem mobilnym.<\/span>\n\t\t\t\t\t\t\t\t\t<span>Naci\u015bnij przycisk \u201ePobierz aplikacj\u0119!<\/span>\n\t\t\t\t\t\t\t<\/div>\n\t\t\t\t\t\t\t<div class=\"outer_links\">\n\t\t\t\t\t\t\t\t\t<a href=\"https:\/\/cdn.espritgames.ru\/download_apk\/heroes_book_last.apk\" class=\"apk_link\" target=\"_blank\" rel=\"noopener\"><\/a>\n\t\t\t\t\t\t\t\t\t<a href=\"https:\/\/play.google.com\/store\/apps\/details?id=com.espritgames.rpg.bookof.heroes\" class=\"gp_link\"><\/a>\n\t\t\t\t\t\t\t\t\t<a class=\"toback\">Wybierz inn\u0105 opcj\u0119<\/a>\n\t\t\t\t\t\t\t<\/div>\n\t\t\t\t\t<\/div>\n\t\t\t\t\t<div class=\"outer_as\">\n\t\t\t\t\t\t\t<img src=\"https:\/\/p-cdn.espritgames.com\/wp-content\/themes\/espritgames\/promo\/boh-main\/img\/ext\/Apple_QR_en.png\">\n\t\t\t\t\t\t\t<div class=\"txt3\">\n\t\t\t\t\t\t\t\t\t<span>W Book of Heroes zagrasz bezpo\u015brednio w przegl\u0105darce na urz\u0105dzeniach Apple. Gra dostosowuje si\u0119 do danego urz\u0105dzenia!<\/span>\n\t\t\t\t\t\t\t\t\t<span>Mn\u00f3stwo \u015bwietnych postaci, emocjonuj\u0105ca rozgrywka i rozmaite opcje taktyczne na twoim smartfonie!<\/span>\n\t\t\t\t\t\t\t\t\t<span>Nie zapomnij u\u017cy\u0107 swojego konta Esprit Games, by zsynchronizowa\u0107 post\u0119py pomi\u0119dzy przegl\u0105darkow\u0105 wersj\u0105 gry a jej wariantem mobilnym.<\/span>\n\t\t\t\t\t\t\t\t\t<span>U\u017cyj kodu QR lub naci\u015bnij przycisk Graj!<\/span>\n\t\t\t\t\t\t\t<\/div>\n\t\t\t\t\t\t\t<div class=\"outer_links\">\n\t\t\t\t\t\t\t\t\t<a href=\".\/go\/\" class=\"ios_link\"><\/a>\n\t\t\t\t\t\t\t\t\t<a class=\"toback\">Wybierz inn\u0105 opcj\u0119<\/a>\n\t\t\t\t\t\t\t<\/div>\n\t\t\t\t\t<\/div>\n\t\t\t\n        <div class=\"outer_bnts\">\n            <a class=\"btn_gp\"><\/a>\n            <a class=\"btn_ios\"><\/a>\n        <\/div>\n\t\t\t<div class=\"txt2\">Nie zapomnij u\u017cy\u0107 swojego konta <b>Esprit Games<\/b>, by zsynchronizowa\u0107 post\u0119py pomi\u0119dzy przegl\u0105darkow\u0105 wersj\u0105 gry a jej wariantem mobilnym.<\/div>\n    <\/div>\n<div class=\"outer_lands\">\n\n\t<div id=\"dc\" class=\"e-landing\">\n\t<div class=\"e-content\">\n\t\t\t<div class=\"gum\"><\/div>\n\t\t\t<div class=\"e-text\">\n\t\t\t\t<p class=\"txt_1\">Book of Heroes!<\/p>\n\t\t\t\t<p class=\"txt_2\">\n\t\t\t\t\t<span class=\"sun_txt_1\">Kolekcjonerska karciana gra RPG online oferuj\u0105ca emocjonuj\u0105cy, intensywny system walki.<\/span> <br><br>\n\t\t\t\t\t<span class=\"sun_txt_2\">With its striking gaming experience, variety of upgrade options for the heroes in your deck, and huge selection of tactics and strategies, there is no way you\u2019ll get bored. Hundreds of mythological creatures and vibrant battlefields await your commander!<\/span>\n\t\t\t\t<\/p>\n\t\t\t\t<p class=\"e-text-menu\"> <a class=\"news_u\" href=\".\/news\/\">News<\/a> <a class=\"forum_u\" href=\"\/pl\/forum\/go\/heroesbook\/\">Forum<\/a> <!--<a  class=\"xxx_u\" href=\".\/guides\/\">\u0413\u0430\u0439\u0434\u044b<\/a>--><\/p>\n\t\t\t<\/div>\n\t<\/div>\n\t\t\t<div class=\"slider_outer\">\n\t\t\t\t<div style=\"max-width: 740px; margin: 0 auto;\" class=\"ml-slider-3-7-2 ml-slider-pro-2-6-5 metaslider metaslider-flex metaslider-64517 ml-slider\">\n    \n    <div id=\"metaslider_container_64517\">\n        <div id=\"metaslider_64517\">\n            <ul class=\"slides\">\n                <li style=\"display: block; width: 100%;\" class=\"slide-64524 ms-image\"><a href=\"?esc=site_pl_news\" target=\"_self\" rel=\"noopener\"><img src=\"https:\/\/p-cdn.espritgames.com\/wp-content\/uploads\/sites\/7\/2022\/12\/Scrn-1.jpg\" height=\"458\" width=\"740\" alt=\"\" class=\"slider-64517 slide-64524\" title=\"Scrn-1\" \/><\/a><\/li>\n                <li style=\"display: none; width: 100%;\" class=\"slide-64525 ms-image\"><a href=\"?esc=site_pl_news\" target=\"_self\" rel=\"noopener\"><img src=\"https:\/\/p-cdn.espritgames.com\/wp-content\/uploads\/sites\/7\/2022\/12\/Scrn-2.jpg\" height=\"458\" width=\"740\" alt=\"\" class=\"slider-64517 slide-64525\" title=\"Scrn-2\" \/><\/a><\/li>\n                <li style=\"display: none; width: 100%;\" class=\"slide-64526 ms-image\"><a href=\"?esc=site_pl_news\" target=\"_self\" rel=\"noopener\"><img src=\"https:\/\/p-cdn.espritgames.com\/wp-content\/uploads\/sites\/7\/2022\/12\/Scrn-3.jpg\" height=\"458\" width=\"740\" alt=\"\" class=\"slider-64517 slide-64526\" title=\"Scrn-3\" \/><\/a><\/li>\n                <li style=\"display: none; width: 100%;\" class=\"slide-64527 ms-image\"><a href=\"?esc=site_pl_news\" target=\"_self\" rel=\"noopener\"><img src=\"https:\/\/p-cdn.espritgames.com\/wp-content\/uploads\/sites\/7\/2022\/12\/Scrn-4.jpg\" height=\"458\" width=\"740\" alt=\"\" class=\"slider-64517 slide-64527\" title=\"Scrn-4\" \/><\/a><\/li>\n                <li style=\"display: none; width: 100%;\" class=\"slide-64528 ms-image\"><a href=\"?esc=site_pl_news\" target=\"_self\" rel=\"noopener\"><img src=\"https:\/\/p-cdn.espritgames.com\/wp-content\/uploads\/sites\/7\/2022\/12\/Scrn-5.jpg\" height=\"458\" width=\"740\" alt=\"\" class=\"slider-64517 slide-64528\" title=\"Scrn-5\" \/><\/a><\/li>\n                <li style=\"display: none; width: 100%;\" class=\"slide-64529 ms-image\"><a href=\"?esc=site_pl_news\" target=\"_self\" rel=\"noopener\"><img src=\"https:\/\/p-cdn.espritgames.com\/wp-content\/uploads\/sites\/7\/2022\/12\/Scrn-6.jpg\" height=\"458\" width=\"740\" alt=\"\" class=\"slider-64517 slide-64529\" title=\"Scrn-6\" \/><\/a><\/li>\n            <\/ul>\n        <\/div>\n        \n    <\/div>\n<\/div>\n\t\t\t<\/div>\n\t\t\t<div class=\"outer_icon_block\">\n\t\t\t\t\t<div class=\"ttl\">Przygotuj si\u0119 na:<\/div>\n\t\t\t\t\n                    <div class=\"mob_icon\" style=\"display:none;\">\n                        <div class=\"slider__item\">\n                            <img src=\"\/wp-content\/themes\/espritgames\/promo\/boh-main\/img_mob\/feats_block\/icon_1.png\">\n                            <p>Ogromny wyb\u00f3r kart i taktyk<\/p>\n                        <\/div>\n                        <div class=\"slider__item\">\n                            <img src=\"\/wp-content\/themes\/espritgames\/promo\/boh-main\/img_mob\/feats_block\/icon_2.png\">\n                            <p>Emocjonuj\u0105ce, dynamiczne bitwy<\/p>\n                        <\/div>\n                        <div class=\"slider__item\">\n                            <img src=\"\/wp-content\/themes\/espritgames\/promo\/boh-main\/img_mob\/feats_block\/icon_3.png\">\n                            <p>Mn\u00f3stwo opcji pozwalaj\u0105cych ulepsza\u0107 bohatera i tali\u0119<\/p>\n                        <\/div>\n                        <div class=\"slider__item\">\n                            <img src=\"\/wp-content\/themes\/espritgames\/promo\/boh-main\/img_mob\/feats_block\/icon_4.png\">\n                            <p>Fantastyczne wydarzenia PvP i PvE<\/p>\n                        <\/div>\n                        <div class=\"slider__item\">\n                            <img src=\"\/wp-content\/themes\/espritgames\/promo\/boh-main\/img_mob\/feats_block\/icon_5.png\">\n                            <p>Rozmaite miejsca i zaprojektowane po mistrzowsku postacie<\/p>\n                        <\/div>\n                        <div class=\"slider__item\">\n                            <img src=\"\/wp-content\/themes\/espritgames\/promo\/boh-main\/img_mob\/feats_block\/icon_6.png\">\n                            <p>Pomys\u0142owy system talent\u00f3w<\/p>\n                        <\/div>\n                    <\/div>\n\t\t\t\t\n\t\t\t\t\n\t\t\t\t\n\t\t\t\t\t<div class=\"e-content\">\n\t\t\t\t\t\t\t<div class=\"icon_block\">\n\t\t\t\t\t\t\t\t\t<div class=\"s_icon\">\n\t\t\t\t\t\t\t\t\t\t\t<img src=\"\/wp-content\/themes\/espritgames\/promo\/boh-main\/img\/feats\/icon_1.png\">\n\t\t\t\t\t\t\t\t\t\t\t<p>Ogromny wyb\u00f3r kart i taktyk<\/p>\n\t\t\t\t\t\t\t\t\t<\/div>\n\t\t\t\t\t\t\t<\/div>\n\t\t\t\t\t\t\t<div class=\"icon_block\">\n\t\t\t\t\t\t\t\t\t<div class=\"s_icon\">\n\t\t\t\t\t\t\t\t\t\t\t<img src=\"\/wp-content\/themes\/espritgames\/promo\/boh-main\/img\/feats\/icon_2.png\">\n\t\t\t\t\t\t\t\t\t\t\t<p>Emocjonuj\u0105ce, dynamiczne bitwy<\/p>\n\t\t\t\t\t\t\t\t\t<\/div>\n\t\t\t\t\t\t\t<\/div>\n\t\t\t\t\t\t\t<div class=\"icon_block\">\n\t\t\t\t\t\t\t\t\t<div class=\"s_icon\">\n\t\t\t\t\t\t\t\t\t\t\t<img src=\"\/wp-content\/themes\/espritgames\/promo\/boh-main\/img\/feats\/icon_3.png\">\n\t\t\t\t\t\t\t\t\t\t<p>Mn\u00f3stwo opcji pozwalaj\u0105cych ulepsza\u0107 bohatera i tali\u0119<\/p>\n\t\t\t\t\t\t\t\t\t<\/div>\n\t\t\t\t\t\t\t<\/div>\n\t\t\t\t\t\t\t<div class=\"icon_block\">\n\t\t\t\t\t\t\t\t\t<div class=\"s_icon\">\n\t\t\t\t\t\t\t\t\t\t\t<img src=\"\/wp-content\/themes\/espritgames\/promo\/boh-main\/img\/feats\/icon_4.png\">\n\t\t\t\t\t\t\t\t\t\t\t<p>Fantastyczne wydarzenia PvP i PvE<\/p>\n\t\t\t\t\t\t\t\t\t<\/div>\n\t\t\t\t\t\t\t<\/div>\n\t\t\t\t\t\t\t<div class=\"icon_block\">\n\t\t\t\t\t\t\t\t\t<div class=\"s_icon\">\n\t\t\t\t\t\t\t\t\t\t\t<img src=\"\/wp-content\/themes\/espritgames\/promo\/boh-main\/img\/feats\/icon_5.png\">\n\t\t\t\t\t\t\t\t\t\t\t<p>Rozmaite miejsca i zaprojektowane po mistrzowsku postacie<\/p>\n\t\t\t\t\t\t\t\t\t<\/div>\n\t\t\t\t\t\t\t<\/div>\n\t\t\t\t\t\t\t<div class=\"icon_block\">\n\t\t\t\t\t\t\t\t\t<div class=\"s_icon\">\n\t\t\t\t\t\t\t\t\t\t\t<img src=\"\/wp-content\/themes\/espritgames\/promo\/boh-main\/img\/feats\/icon_6.png\">\n\t\t\t\t\t\t\t\t\t\t\t<p>Pomys\u0142owy system talent\u00f3w<\/p>\n\t\t\t\t\t\t\t\t\t<\/div>\n\t\t\t\t\t\t\t<\/div>\n\t\t\t\t\t<\/div>\n\t\t\t<\/div>\n\t\t<div class=\"btn_block\">\n\t\t\t<img class=\"logo\" src=\"https:\/\/p-cdn.espritgames.com\/wp-content\/themes\/espritgames\/promo\/boh-main\/img\/logo_basement.png\">\n\t\t\t<div class=\"outer_btns\">\n\t\t\t\t\t<a href=\"https:\/\/cdn.espritgames.ru\/download_apk\/heroes_book_last.apk\" class=\"apk_link\" target=\"_blank\" rel=\"noopener\"><\/a>\n\t\t\t\t\t<a href=\"https:\/\/play.google.com\/store\/apps\/details?id=com.espritgames.rpg.bookof.heroes\" class=\"gp_link\"><\/a>\n\t\t\t\t\t<div class=\"gtg\">Mo\u017cesz gra\u0107 <a href=\".\/go\/\">bezpo\u015brednio w przegl\u0105darce<\/a><\/div>\n\t\t\t<\/div>\n\t\t\t<a class=\"play_btn open_form\"><\/a>\n\t\t\t<div class=\"logo_eg\"><\/div>\n\t\t\t<p>Gaming portal ESPRIT GAMES LLC \u00a9 2014 \u2013 2026<\/p>\n\t\t\t<p>Warunki <a href=\"\/pl\/licenses\/general\/\">umowy u\u017cytkownika<\/a> i <a href=\"\/pl\/agreements\/general\/\">polityki prywatno\u015bci<\/a><\/p>\n\t\t\t<p><img class=\"footer_16\" src=\"https:\/\/p-cdn.espritgames.ru\/wp-content\/themes\/espritgames\/promo\/boh-main\/img\/basement\/16+.png\"><\/p>\n\t\t<\/div>\n\t<\/div>\n\t\n<\/div><\/div><\/div><\/div><\/div><\/div>","protected":false},"excerpt":{"rendered":"<p>Zas\u0142u\u017c na miejsce w Book of Heroes! Mo\u017cesz gra\u0107 bezpo\u015brednio w przegl\u0105darce Book of Heroes to gra mi\u0119dzyplatformowa, kt\u00f3rej silnik pozwala na zabaw\u0119 w przegl\u0105darce oraz na smartfonie. Obecnie masz kilka mo\u017cliwo\u015bci. Wybierz t\u0119, kt\u00f3ra najbardziej ci odpowiada. Mo\u017cesz zainstalowa\u0107 pe\u0142n\u0105 mobiln\u0105 wersj\u0119 Book of Heroes na urz\u0105dzeniach z systemem Android! Mn\u00f3stwo \u015bwietnych postaci, emocjonuj\u0105ca &hellip; <a href=\"https:\/\/espritgames.com\/pl\/heroesbook\/\" class=\"more-link\">Continue reading <span class=\"screen-reader-text\">Book of Heroes<\/span> <span class=\"meta-nav\">&rarr;<\/span><\/a><\/p>\n","protected":false},"author":1969676,"featured_media":0,"parent":0,"menu_order":0,"comment_status":"closed","ping_status":"closed","template":"page-templates\/landing.php","meta":[],"_links":{"self":[{"href":"https:\/\/espritgames.com\/pl\/wp-json\/wp\/v2\/pages\/64513"}],"collection":[{"href":"https:\/\/espritgames.com\/pl\/wp-json\/wp\/v2\/pages"}],"about":[{"href":"https:\/\/espritgames.com\/pl\/wp-json\/wp\/v2\/types\/page"}],"author":[{"embeddable":true,"href":"https:\/\/espritgames.com\/pl\/wp-json\/wp\/v2\/users\/1969676"}],"replies":[{"embeddable":true,"href":"https:\/\/espritgames.com\/pl\/wp-json\/wp\/v2\/comments?post=64513"}],"version-history":[{"count":18,"href":"https:\/\/espritgames.com\/pl\/wp-json\/wp\/v2\/pages\/64513\/revisions"}],"predecessor-version":[{"id":64639,"href":"https:\/\/espritgames.com\/pl\/wp-json\/wp\/v2\/pages\/64513\/revisions\/64639"}],"wp:attachment":[{"href":"https:\/\/espritgames.com\/pl\/wp-json\/wp\/v2\/media?parent=64513"}],"curies":[{"name":"wp","href":"https:\/\/api.w.org\/{rel}","templated":true}]}}