 


						{"id":61292,"date":"2022-07-25T13:47:12","date_gmt":"2022-07-25T11:47:12","guid":{"rendered":"https:\/\/espritgames.com\/pl\/?page_id=61292"},"modified":"2022-07-25T15:45:07","modified_gmt":"2022-07-25T13:45:07","slug":"eternalfuryres","status":"publish","type":"page","link":"https:\/\/espritgames.com\/pl\/eternalfuryres\/","title":{"rendered":"Eternal Fury: Odrodzenie"},"content":{"rendered":"<div id=\"pl-61292\"  class=\"panel-layout\" ><div id=\"pg-61292-0\"  class=\"panel-grid panel-no-style\" ><div id=\"pgc-61292-0-0\"  class=\"panel-grid-cell\" ><div id=\"panel-61292-0-0-0\" class=\"widget_text so-panel widget widget_custom_html panel-first-child panel-last-child\" data-index=\"0\" ><div class=\"textwidget custom-html-widget\">\t<div class=\"efr_formouter formouter\">\n\t\t<div class=\"psevdo_form\">\n\t\t\t<img src=\"\/wp-content\/themes\/espritgames\/promo\/efr-main\/pl\/EF3_pl_logo.png\">\n\t\t\t<a href=\".\/go\/\" class=\"play_btn open_form\"><\/a> \n\t\t<\/div>\n\t\t\t<div id=\"esprit-auth-widget-holder\" style=\"width: 628px; height: 780px; \"><div id=\"loader\"><\/div><\/div>\n    <script>\n    var show_on_demand = false;\n    !function(a,b,c,d){a._osdkAuthFn=d,a[d]=a[d]||function(){(a[d].cs=a[d].cs||[]).push(arguments)};var e=b.createElement(\"script\"),f=b.getElementsByTagName(\"script\")[0];e.async=1,e.src=c,f.parentNode.insertBefore(e,f)}(window,document,\"\/\/ostatic.espritgames.com\/auth\/js\/widget.js?v=6\",\"osdkAuthWidget\");\n\n    function osdkShowWidget() {\n        if( document.getElementById('esprit-auth-widget-holder') ) document.getElementById('esprit-auth-widget-holder').innerHTML = '<div id=\"loader\"><b style=\"display:none;\"><\/b><\/div>';\n        \n        osdkAuthWidget({\n            service: 'auth.espritgames.com',\n            holder: 'esprit-auth-widget-holder',\n            width: 628,\n            height: 780,\n            returnTo: 'https:\/\/espritgames.com\/pl\/eternalfuryres\/go\/',\n            downloadUrl: '',\n            authNotRequired: false,\n            consumer: 'portal-pl',\n            locale: 'pl_PL',\n            stylesUrl: 'https:\/\/cdn.espritgames.ru\/espritgames-auth-custom\/efr-form_pl.css?v=2',\n            eula: 'eternalfuryres'\n        });\n    }\n    if( !show_on_demand ) osdkShowWidget();\n    <\/script>\n\t\t\t\t<div class=\"pp\">\t\t\t\t\n\t\t\t\t\t<span>* By pressing \"Play\", you hereby accept the terms of our <a href=\"https:\/\/espritgames.com\/licenses\/eternalfuryres\/\">User Agreement<\/a> and <a href=\"https:\/\/espritgames.com\/agreements\/eternalfuryres\/\">Public Offer<\/a><\/span>\n\t\t\t\t<\/div>\n\t<\/div>\n\t<div class=\"big_pic efr\">\n\t\t<img src=\"\/wp-content\/themes\/espritgames\/promo\/efr-main\/img\/bg1.jpg\" \/>\n\t<\/div>\n<div class=\"outer_lands\">\n\n\t<div id=\"efr\" class=\"e-landing\">\n\t<div class=\"e-content\">\n\t\t\t<div class=\"e-text\">\n\t\t\t\t<p class=\"e-text-menu\"> <a href=\"\/pl\/forum\/go\/eternalfuryres\/\">FORUM<\/a> <a href=\".\/news\/?n=1\">WIADOMO\u015aCI<\/a>  <a href=\".\/guides\/\">PORADNIKI<\/a><\/p>\n\t\t\t\t<p class=\"txt_1\">Przez piekielne bramy do kr\u00f3lestwa ludzi<br> zacz\u0119\u0142y si\u0119 przedziera\u0107 straszliwe stwory siej\u0105ce chaos i zniszczenie.<\/p>\n\t\t\t\t<p class=\"txt_2\">\n\t\t\t\t\tU zarania dziej\u00f3w powsta\u0142y trzy \u015bwiaty: podziemny, \u015bwiat ludzi i boskie kr\u00f3lestwo. Pani\u0105 \u015bwiata podziemnego zosta\u0142a podst\u0119pna Hel. Pod jej rz\u0105dami przez pewien czas wszystkie istoty mroku mia\u0142y si\u0119 \u015bwietnie. Jednak demony nieustannie pragn\u0105 wojny \u2013 taka jest ju\u017c ich natura. Hel postanowi\u0142a powi\u0119kszy\u0107 swoje w\u0142o\u015bci, przejmuj\u0105c boskie kr\u00f3lestwo. By to zrobi\u0107, musia\u0142a przej\u015b\u0107 przez bramy \u015bwiata ludzi. \n\t\t\t\t<\/p>\n\t\t\t<\/div>\n\t<\/div>\n\t\t\t<div class=\"top_pre_txt\"><\/div>\n\n\t\t\t<div class=\"outer_icon_block\">\n\t\t\t\t\t<div class=\"e-content\">\n\t\t\t\t\t\t\t<div class=\"icon_block\">\n\t\t\t\t\t\t\t\t\t<div class=\"s_icon\">\n\t\t\t\t\t\t\t\t\t\t\t<img src=\"\/wp-content\/themes\/espritgames\/promo\/efr-main\/img\/feature_icon1_1.png\">\n\t\t\t\t\t\t\t\t\t\t\t<p>Wyj\u0105tkowe po\u0142\u0105czenie<br>klasycznej gry MMORPG<br>oraz strategii turowej<\/p>\n\t\t\t\t\t\t\t\t\t<\/div>\n\t\t\t\t\t\t\t<\/div>\n\t\t\t\t\t\t\t<div class=\"icon_block\">\n\t\t\t\t\t\t\t\t\t<div class=\"s_icon\">\n\t\t\t\t\t\t\t\t\t\t\t<img src=\"\/wp-content\/themes\/espritgames\/promo\/efr-main\/img\/feature_icon1_2.png\">\n\t\t\t\t\t\t\t\t\t\t\t<p>Wci\u0105gaj\u0105ca fabu\u0142a<br>i zr\u00f3\u017cnicowany system zada\u0144<\/p>\n\t\t\t\t\t\t\t\t\t<\/div>\n\t\t\t\t\t\t\t<\/div>\n\t\t\t\t\t\t\t<div class=\"icon_block\">\n\t\t\t\t\t\t\t\t\t<div class=\"s_icon\">\n\t\t\t\t\t\t\t\t\t\t\t<img src=\"\/wp-content\/themes\/espritgames\/promo\/efr-main\/img\/feature_icon1_3.png\">\n\t\t\t\t\t\t\t\t\t\t<p>Ogromny wyb\u00f3r wojownik\u00f3w<br><span>(system werbowania i tworzenia<br>oddzia\u0142u dw\u00f3ch rodzaj\u00f3w \u017co\u0142nierzy<br>\u201e\u017co\u0142nierzy\u201d i \u201enajemnik\u00f3w\u201d)<\/span><\/p>\n\t\t\t\t\t\t\t\t\t<\/div>\n\t\t\t\t\t\t\t<\/div>\n\t\t\t\t\t\t\t<div class=\"icon_block\">\n\t\t\t\t\t\t\t\t\t<div class=\"s_icon\">\n\t\t\t\t\t\t\t\t\t\t\t<img src=\"\/wp-content\/themes\/espritgames\/promo\/efr-main\/img\/feature_icon2_1.png\">\n\t\t\t\t\t\t\t\t\t\t\t<p>Wsp\u00f3lne walki w lochach,<br>bitwy z bossami i starcia<br>z wrogimi klanami<\/p>\n\t\t\t\t\t\t\t\t\t<\/div>\n\t\t\t\t\t\t\t<\/div>\n\t\t\t\t\t\t\t<div class=\"icon_block\">\n\t\t\t\t\t\t\t\t\t<div class=\"s_icon\">\n\t\t\t\t\t\t\t\t\t\t\t<img src=\"\/wp-content\/themes\/espritgames\/promo\/efr-main\/img\/feature_icon2_2.png\">\n\t\t\t\t\t\t\t\t\t\t\t<p>Mn\u00f3stwo loch\u00f3w<br>i ca\u0142a masa potwor\u00f3w<br>r\u00f3\u017cni\u0105cych si\u0119 wygl\u0105dem<br> i zdolno\u015bciami<\/p>\n\t\t\t\t\t\t\t\t\t<\/div>\n\t\t\t\t\t\t\t<\/div>\n\t\t\t\t\t\t\t<div class=\"icon_block\">\n\t\t\t\t\t\t\t\t\t<div class=\"s_icon\">\n\t\t\t\t\t\t\t\t\t\t\t<img src=\"\/wp-content\/themes\/espritgames\/promo\/efr-main\/img\/feature_icon2_3.png\">\n\t\t\t\t\t\t\t\t\t\t\t<p>Imponuj\u0105ca<br>liczba broni<\/p>\n\t\t\t\t\t\t\t\t\t<\/div>\n\t\t\t\t\t\t\t<\/div>\n\t\t\t\t\t<\/div>\n\t\t\t<\/div>\n\t\t\t<div class=\"top_pre_txt_2\"><\/div>\n\n\t\t<div class=\"slider_outer\">\n\t\t\t<div style=\"max-width: 880px; margin: 0 auto;\" class=\"ml-slider-3-7-2 ml-slider-pro-2-6-5 metaslider metaslider-flex metaslider-61302 ml-slider nav-hidden\">\n    \n    <div id=\"metaslider_container_61302\">\n        <div id=\"metaslider_61302\">\n            <ul class=\"slides\">\n                <li style=\"display: block; width: 100%;\" class=\"slide-61308 ms-image\"><a href=\"?esc=site_pl_news\" target=\"_self\" rel=\"noopener\"><img src=\"https:\/\/p-cdn.espritgames.com\/wp-content\/uploads\/sites\/7\/2022\/07\/EF_pl_screen_01.jpg\" height=\"545\" width=\"880\" alt=\"\" class=\"slider-61302 slide-61308\" title=\"EF_pl_screen_01\" \/><\/a><\/li>\n                <li style=\"display: none; width: 100%;\" class=\"slide-61309 ms-image\"><a href=\"?esc=site_pl_news\" target=\"_self\" rel=\"noopener\"><img src=\"https:\/\/p-cdn.espritgames.com\/wp-content\/uploads\/sites\/7\/2022\/07\/EF_pl_screen_02.jpg\" height=\"545\" width=\"880\" alt=\"\" class=\"slider-61302 slide-61309\" title=\"EF_pl_screen_02\" \/><\/a><\/li>\n                <li style=\"display: none; width: 100%;\" class=\"slide-61310 ms-image\"><a href=\"?esc=site_pl_news\" target=\"_self\" rel=\"noopener\"><img src=\"https:\/\/p-cdn.espritgames.com\/wp-content\/uploads\/sites\/7\/2022\/07\/EF_pl_screen_03.jpg\" height=\"545\" width=\"880\" alt=\"\" class=\"slider-61302 slide-61310\" title=\"EF_pl_screen_03\" \/><\/a><\/li>\n                <li style=\"display: none; width: 100%;\" class=\"slide-61311 ms-image\"><a href=\"?esc=site_pl_news\" target=\"_self\" rel=\"noopener\"><img src=\"https:\/\/p-cdn.espritgames.com\/wp-content\/uploads\/sites\/7\/2022\/07\/EF_pl_screen_04.jpg\" height=\"545\" width=\"880\" alt=\"\" class=\"slider-61302 slide-61311\" title=\"EF_pl_screen_04\" \/><\/a><\/li>\n                <li style=\"display: none; width: 100%;\" class=\"slide-61312 ms-image\"><a href=\"?esc=site_pl_news\" target=\"_self\" rel=\"noopener\"><img src=\"https:\/\/p-cdn.espritgames.com\/wp-content\/uploads\/sites\/7\/2022\/07\/EF_pl_screen_05.jpg\" height=\"545\" width=\"880\" alt=\"\" class=\"slider-61302 slide-61312\" title=\"EF_pl_screen_05\" \/><\/a><\/li>\n            <\/ul>\n        <\/div>\n        \n    <\/div>\n<\/div>\n\t\t<\/div>\n\t\t<div class=\"top_pre_txt_3\"><\/div>\n\t\t<div class=\"btn_block\">\n\t\t\t<p>\n\t\t\t\tBro\u0144 swojego \u015bwiata i nie pozw\u00f3l, by demony zdoby\u0142y przewag\u0119!\n\t\t\t<\/p>\n\t\t\t<a class=\"play_btn open_form\"><\/a>\n\t\t<\/div>\n\t\t<div class=\"botm_block\">\n\t\t\t<div class=\"logo\"><\/div>\n\t\t\t<div class=\"logo_eg\"><\/div>\n\t\t\t<p>GAMING PORTAL ESPRIT GAMES LLC \u00a9 2014 \u2013 2026<\/p>\n\t\t\t<p>The terms of <a href=\"\/licenses\/general\/\">the user agreement<\/a> and <a href=\"\/agreements\/general\/\">privacy policy<\/a><\/p>\n\t\t\t<p><a href=\"mailto:biz@espritgames.ru\">biz@espritgames.com<\/a><\/p>\n\t\t\t<p><img class=\"footer_16\" src=\"\/wp-content\/themes\/espritgames\/promo\/efr-main\/en\/16+.png\"><\/p>\n\t\t<\/div>\n\t<\/div>\n\t\n<\/div><\/div><\/div><\/div><\/div><\/div>","protected":false},"excerpt":{"rendered":"<p>* By pressing &#8222;Play&#8221;, you hereby accept the terms of our User Agreement and Public Offer FORUM WIADOMO\u015aCI PORADNIKI Przez piekielne bramy do kr\u00f3lestwa ludzi zacz\u0119\u0142y si\u0119 przedziera\u0107 straszliwe stwory siej\u0105ce chaos i zniszczenie. U zarania dziej\u00f3w powsta\u0142y trzy \u015bwiaty: podziemny, \u015bwiat ludzi i boskie kr\u00f3lestwo. Pani\u0105 \u015bwiata podziemnego zosta\u0142a podst\u0119pna Hel. Pod jej rz\u0105dami &hellip; <a href=\"https:\/\/espritgames.com\/pl\/eternalfuryres\/\" class=\"more-link\">Continue reading <span class=\"screen-reader-text\">Eternal Fury: Odrodzenie<\/span> <span class=\"meta-nav\">&rarr;<\/span><\/a><\/p>\n","protected":false},"author":1969676,"featured_media":0,"parent":0,"menu_order":0,"comment_status":"closed","ping_status":"closed","template":"page-templates\/landing.php","meta":[],"_links":{"self":[{"href":"https:\/\/espritgames.com\/pl\/wp-json\/wp\/v2\/pages\/61292"}],"collection":[{"href":"https:\/\/espritgames.com\/pl\/wp-json\/wp\/v2\/pages"}],"about":[{"href":"https:\/\/espritgames.com\/pl\/wp-json\/wp\/v2\/types\/page"}],"author":[{"embeddable":true,"href":"https:\/\/espritgames.com\/pl\/wp-json\/wp\/v2\/users\/1969676"}],"replies":[{"embeddable":true,"href":"https:\/\/espritgames.com\/pl\/wp-json\/wp\/v2\/comments?post=61292"}],"version-history":[{"count":18,"href":"https:\/\/espritgames.com\/pl\/wp-json\/wp\/v2\/pages\/61292\/revisions"}],"predecessor-version":[{"id":61322,"href":"https:\/\/espritgames.com\/pl\/wp-json\/wp\/v2\/pages\/61292\/revisions\/61322"}],"wp:attachment":[{"href":"https:\/\/espritgames.com\/pl\/wp-json\/wp\/v2\/media?parent=61292"}],"curies":[{"name":"wp","href":"https:\/\/api.w.org\/{rel}","templated":true}]}}