 


						{"id":50218,"date":"2021-12-14T09:55:52","date_gmt":"2021-12-14T08:55:52","guid":{"rendered":"https:\/\/espritgames.com\/pl\/?page_id=50218"},"modified":"2021-12-14T09:57:56","modified_gmt":"2021-12-14T08:57:56","slug":"worldofchaos_launcher","status":"publish","type":"page","link":"https:\/\/espritgames.com\/pl\/worldofchaos_launcher\/","title":{"rendered":"World of Chaos Launcher"},"content":{"rendered":"<div id=\"pl-50218\"  class=\"panel-layout\" ><div id=\"pg-50218-0\"  class=\"panel-grid panel-no-style\" ><div id=\"pgc-50218-0-0\"  class=\"panel-grid-cell\" ><div id=\"panel-50218-0-0-0\" class=\"widget_text so-panel widget widget_custom_html panel-first-child panel-last-child\" data-index=\"0\" ><div id=\"land_block\" class=\"widget_text panel-widget-style panel-widget-style-for-50218-0-0-0\" ><div class=\"textwidget custom-html-widget\"><div class=\"main_block\">\n\t<img class=\"land_logo\" src=\"https:\/\/p-cdn.espritgames.ru\/wp-content\/uploads\/sites\/2\/2020\/11\/logo.png\">\n\t<span class=\"land_desc bok\">Zabijaj demony, zbieraj \u0142upy i rozwijaj swoj\u0105 posta\u0107!<\/span>\n\t<!--<a class=\"game_more_url extinfo_bg\" href=\"\">\u041f\u043e\u0434\u0440\u043e\u0431\u043d\u0435\u0435<\/a>-->\n\t<a class=\"game_url bgbtn\" href=\"https:\/\/espritgames.com\/pl\/worldofchaos\/go\/\">Graj<\/a>\n<\/div><\/div><\/div><\/div><\/div><\/div><\/div>","protected":false},"excerpt":{"rendered":"<p>Zabijaj demony, zbieraj \u0142upy i rozwijaj swoj\u0105 posta\u0107! Graj<\/p>\n","protected":false},"author":1969676,"featured_media":0,"parent":0,"menu_order":0,"comment_status":"closed","ping_status":"closed","template":"page-templates\/launcher.php","meta":[],"_links":{"self":[{"href":"https:\/\/espritgames.com\/pl\/wp-json\/wp\/v2\/pages\/50218"}],"collection":[{"href":"https:\/\/espritgames.com\/pl\/wp-json\/wp\/v2\/pages"}],"about":[{"href":"https:\/\/espritgames.com\/pl\/wp-json\/wp\/v2\/types\/page"}],"author":[{"embeddable":true,"href":"https:\/\/espritgames.com\/pl\/wp-json\/wp\/v2\/users\/1969676"}],"replies":[{"embeddable":true,"href":"https:\/\/espritgames.com\/pl\/wp-json\/wp\/v2\/comments?post=50218"}],"version-history":[{"count":4,"href":"https:\/\/espritgames.com\/pl\/wp-json\/wp\/v2\/pages\/50218\/revisions"}],"predecessor-version":[{"id":50224,"href":"https:\/\/espritgames.com\/pl\/wp-json\/wp\/v2\/pages\/50218\/revisions\/50224"}],"wp:attachment":[{"href":"https:\/\/espritgames.com\/pl\/wp-json\/wp\/v2\/media?parent=50218"}],"curies":[{"name":"wp","href":"https:\/\/api.w.org\/{rel}","templated":true}]}}