 


						{"id":48123,"date":"2021-09-20T18:22:32","date_gmt":"2021-09-20T16:22:32","guid":{"rendered":"https:\/\/espritgames.com\/pl\/?page_id=48123"},"modified":"2022-05-30T17:11:48","modified_gmt":"2022-05-30T15:11:48","slug":"worldofchaos","status":"publish","type":"page","link":"https:\/\/espritgames.com\/pl\/worldofchaos\/","title":{"rendered":"World of Chaos"},"content":{"rendered":"<div id=\"pl-48123\"  class=\"panel-layout\" ><div id=\"pg-48123-0\"  class=\"panel-grid panel-no-style\" ><div id=\"pgc-48123-0-0\"  class=\"panel-grid-cell\" ><div id=\"panel-48123-0-0-0\" class=\"widget_text so-panel widget widget_custom_html panel-first-child panel-last-child\" data-index=\"0\" ><div class=\"textwidget custom-html-widget\"><div class=\"b1\">\n    <div id=\"esprit-auth-widget-holder\" style=\"width: 628px; height: 784px; margin: 0px 10px 25px 490px;\"><div id=\"loader\"><\/div><\/div>\n    <script>\n    var show_on_demand = false;\n    !function(a,b,c,d){a._osdkAuthFn=d,a[d]=a[d]||function(){(a[d].cs=a[d].cs||[]).push(arguments)};var e=b.createElement(\"script\"),f=b.getElementsByTagName(\"script\")[0];e.async=1,e.src=c,f.parentNode.insertBefore(e,f)}(window,document,\"\/\/ostatic.espritgames.com\/auth\/js\/widget.js?v=6\",\"osdkAuthWidget\");\n\n    function osdkShowWidget() {\n        if( document.getElementById('esprit-auth-widget-holder') ) document.getElementById('esprit-auth-widget-holder').innerHTML = '<div id=\"loader\"><b style=\"display:none;\"><\/b><\/div>';\n        \n        osdkAuthWidget({\n            service: 'auth.espritgames.com',\n            holder: 'esprit-auth-widget-holder',\n            width: 628,\n            height: 784,\n            returnTo: 'https:\/\/espritgames.com\/pl\/worldofchaos\/go\/',\n            downloadUrl: '',\n            authNotRequired: false,\n            consumer: 'portal-pl',\n            locale: 'pl_PL',\n            stylesUrl: 'https:\/\/cdn.espritgames.ru\/espritgames-auth-custom\/woc-form.pl.css?v=11',\n            eula: 'worldofchaos'\n        });\n    }\n    if( !show_on_demand ) osdkShowWidget();\n    <\/script>\n<\/div>\n<div class=\"b2\">\n\t<p>\n\t\tWorld of Chaos to dok\u0142adnie ta gra typu idle, kt\u00f3rej szukasz od tak d\u0142ugiego czasu. Produkcja ta cechuje si\u0119 wspania\u0142\u0105 grafik\u0105 i niezwykle dynamiczn\u0105 mechanik\u0105 walki. W \u015bwiecie rz\u0105dzonym przez chaos mo\u017ce by\u0107 tylko jeden prawdziwy cel \u2013 zniszczy\u0107 ka\u017cdego, kto stanie na twojej drodze. Tutaj obowi\u0105zuje jedynie prawo d\u017cungli \u2013 silni po\u017ceraj\u0105 s\u0142abych! Nawet sami bogowie b\u0119d\u0105 na twoje skinienie, je\u015bli zdob\u0119dziesz odpowiednio wielk\u0105 moc. To silni decyduj\u0105, kto jest godzien, by prze\u017cy\u0107 w tym \u015bwiecie!\n\t<\/p>\n\t<a href=\"\/forum\/go\/worldofchaos\/\">Forum<\/a>\n\t<a href=\".\/news\/\">WIADOMO\u015aCI<\/a>\n<\/div>\n<div class=\"b3 b3_ru\"><div style=\"max-width: 1920px; margin: 0 auto;\" class=\"ml-slider-3-7-2 ml-slider-pro-2-6-5 metaslider metaslider-flex metaslider-48165 ml-slider\">\n    \n    <div id=\"metaslider_container_48165\">\n        <div id=\"metaslider_48165\">\n            <ul class=\"slides\">\n                <li style=\"display: block; width: 100%;\" class=\"slide-48169 ms-image\"><a href=\"?esc=site_pl_news\" target=\"_self\" rel=\"noopener\"><img src=\"https:\/\/p-cdn.espritgames.com\/wp-content\/uploads\/sites\/7\/2021\/09\/bg_1.jpg\" height=\"600\" width=\"1920\" alt=\"\" class=\"slider-48165 slide-48169\" title=\"bg_1\" \/><\/a><div class=\"caption-wrap\"><div class=\"caption\"><p>\r\n    Starannie zaprojektowany system ulepszania postaci dla twojego bohatera i jego pomocnik\u00f3w.\r\n<\/p>\r\n<p>\r\n    Polowania na boss\u00f3w oraz bitwy o to, kto zdob\u0119dzie najlepsze nagrody.\r\n<\/p><\/div><\/div><\/li>\n                <li style=\"display: none; width: 100%;\" class=\"slide-48170 ms-image\"><a href=\"?esc=site_pl_news\" target=\"_self\" rel=\"noopener\"><img src=\"https:\/\/p-cdn.espritgames.com\/wp-content\/uploads\/sites\/7\/2021\/09\/bg_2.jpg\" height=\"600\" width=\"1920\" alt=\"\" class=\"slider-48165 slide-48170\" title=\"bg_2\" \/><\/a><div class=\"caption-wrap\"><div class=\"caption\"><p>\r\n    Tryb battle royale \u2013 prze\u017cyj zaciek\u0142\u0105 walk\u0119 i zosta\u0144 ostatnim graczem na placu boju.\r\n<\/p>\r\n<p>\r\n    Ogromny wyb\u00f3r zwierzak\u00f3w i pomocnik\u00f3w.\r\n<\/p><\/div><\/div><\/li>\n                <li style=\"display: none; width: 100%;\" class=\"slide-48171 ms-image\"><a href=\"?esc=site_pl_news\" target=\"_self\" rel=\"noopener\"><img src=\"https:\/\/p-cdn.espritgames.com\/wp-content\/uploads\/sites\/7\/2021\/09\/bg_3.jpg\" height=\"600\" width=\"1920\" alt=\"\" class=\"slider-48165 slide-48171\" title=\"bg_3\" \/><\/a><div class=\"caption-wrap\"><div class=\"caption\"><p>\r\n    Lochy pe\u0142ne przera\u017caj\u0105cych stworze\u0144.\r\n<\/p>\r\n<br>\r\n<p>\r\n    Wojny gildii oraz rajdy.\r\n<\/p>\r\n<br>\r\n<p>\r\n\tPrzejmowanie terytori\u00f3w.\r\n<\/p>\r\n<br>\r\n<p>\r\n\tAreny.\r\n<\/p>\r\n<\/div><\/div><\/li>\n            <\/ul>\n        <\/div>\n        \n    <\/div>\n<\/div> <div class=\"mob_big\"><div style=\"max-width: 960px; margin: 0 auto;\" class=\"ml-slider-3-7-2 ml-slider-pro-2-6-5 metaslider metaslider-flex metaslider-59355 ml-slider\">\n    \n    <div id=\"metaslider_container_59355\">\n        <div id=\"metaslider_59355\">\n            <ul class=\"slides\">\n                <li style=\"display: block; width: 100%;\" class=\"slide-59359 ms-image\"><a href=\"?esc=site_pl_news\" target=\"_self\" rel=\"noopener\"><img src=\"https:\/\/p-cdn.espritgames.com\/wp-content\/uploads\/sites\/7\/2022\/05\/back1.jpg\" height=\"560\" width=\"960\" alt=\"\" class=\"slider-59355 slide-59359\" title=\"back1\" \/><\/a><div class=\"caption-wrap\"><div class=\"caption\"><p>\r\n    Starannie zaprojektowany system ulepszania postaci dla twojego bohatera i jego pomocnik\u00f3w.\r\n<\/p>\r\n<p>\r\n    Polowania na boss\u00f3w oraz bitwy o to, kto zdob\u0119dzie najlepsze nagrody.\r\n<\/p><\/div><\/div><\/li>\n                <li style=\"display: none; width: 100%;\" class=\"slide-59360 ms-image\"><a href=\"?esc=site_pl_news\" target=\"_self\" rel=\"noopener\"><img src=\"https:\/\/p-cdn.espritgames.com\/wp-content\/uploads\/sites\/7\/2022\/05\/back2.jpg\" height=\"560\" width=\"960\" alt=\"\" class=\"slider-59355 slide-59360\" title=\"back2\" \/><\/a><div class=\"caption-wrap\"><div class=\"caption\"><p>\r\n    Tryb battle royale \u2013 prze\u017cyj zaciek\u0142\u0105 walk\u0119 i zosta\u0144 ostatnim graczem na placu boju.\r\n<\/p>\r\n<p>\r\n    Ogromny wyb\u00f3r zwierzak\u00f3w i pomocnik\u00f3w.\r\n<\/p><\/div><\/div><\/li>\n                <li style=\"display: none; width: 100%;\" class=\"slide-59361 ms-image\"><a href=\"?esc=site_pl_news\" target=\"_self\" rel=\"noopener\"><img src=\"https:\/\/p-cdn.espritgames.com\/wp-content\/uploads\/sites\/7\/2022\/05\/back3.jpg\" height=\"560\" width=\"960\" alt=\"\" class=\"slider-59355 slide-59361\" title=\"back3\" \/><\/a><div class=\"caption-wrap\"><div class=\"caption\"><p>\r\n    Lochy pe\u0142ne przera\u017caj\u0105cych stworze\u0144.\r\n<\/p>\r\n<br>\r\n<p>\r\n    Wojny gildii oraz rajdy.\r\n<\/p>\r\n<br>\r\n<p>\r\n\tPrzejmowanie terytori\u00f3w.\r\n<\/p>\r\n<br>\r\n<p>\r\n\tAreny.\r\n<\/p>\r\n<\/div><\/div><\/li>\n            <\/ul>\n        <\/div>\n        \n    <\/div>\n<\/div><\/div><\/div>\n<div class=\"b4\"><div style=\"max-width: 654px; margin: 0 auto;\" class=\"ml-slider-3-7-2 ml-slider-pro-2-6-5 metaslider metaslider-flex metaslider-48136 ml-slider nav-hidden\">\n    \n    <div id=\"metaslider_container_48136\">\n        <div id=\"metaslider_48136\">\n            <ul class=\"slides\">\n                <li style=\"display: block; width: 100%;\" class=\"slide-48142 ms-image\"><a href=\"?esc=site_pl_news\" target=\"_self\" rel=\"noopener\"><img src=\"https:\/\/p-cdn.espritgames.com\/wp-content\/uploads\/sites\/7\/2021\/09\/1-6.jpg\" height=\"406\" width=\"654\" alt=\"\" class=\"slider-48136 slide-48142\" title=\"1\" \/><\/a><\/li>\n                <li style=\"display: none; width: 100%;\" class=\"slide-48143 ms-image\"><a href=\"?esc=site_pl_news\" target=\"_self\" rel=\"noopener\"><img src=\"https:\/\/p-cdn.espritgames.com\/wp-content\/uploads\/sites\/7\/2021\/09\/2-6.jpg\" height=\"406\" width=\"654\" alt=\"\" class=\"slider-48136 slide-48143\" title=\"2\" \/><\/a><\/li>\n                <li style=\"display: none; width: 100%;\" class=\"slide-48144 ms-image\"><a href=\"?esc=site_pl_news\" target=\"_self\" rel=\"noopener\"><img src=\"https:\/\/p-cdn.espritgames.com\/wp-content\/uploads\/sites\/7\/2021\/09\/3-5.jpg\" height=\"406\" width=\"654\" alt=\"\" class=\"slider-48136 slide-48144\" title=\"3\" \/><\/a><\/li>\n                <li style=\"display: none; width: 100%;\" class=\"slide-48145 ms-image\"><a href=\"?esc=site_pl_news\" target=\"_self\" rel=\"noopener\"><img src=\"https:\/\/p-cdn.espritgames.com\/wp-content\/uploads\/sites\/7\/2021\/09\/4-6.jpg\" height=\"406\" width=\"654\" alt=\"\" class=\"slider-48136 slide-48145\" title=\"4\" \/><\/a><\/li>\n                <li style=\"display: none; width: 100%;\" class=\"slide-48146 ms-image\"><a href=\"?esc=site_pl_news\" target=\"_self\" rel=\"noopener\"><img src=\"https:\/\/p-cdn.espritgames.com\/wp-content\/uploads\/sites\/7\/2021\/09\/5-6.jpg\" height=\"406\" width=\"654\" alt=\"\" class=\"slider-48136 slide-48146\" title=\"5\" \/><\/a><\/li>\n            <\/ul>\n        <\/div>\n        \n    <\/div>\n<\/div><\/div>\n<div class=\"b5 b5_pl\">\n    <img src=\"https:\/\/p-cdn.espritgames.ru\/wp-content\/themes\/espritgames\/promo\/woc-main\/img\/logo_b5.png\">\n    <a class=\"btn_link to_up_ext btn_link_pl\"><\/a>\n<\/div><\/div><\/div><\/div><\/div><\/div>","protected":false},"excerpt":{"rendered":"<p>World of Chaos to dok\u0142adnie ta gra typu idle, kt\u00f3rej szukasz od tak d\u0142ugiego czasu. Produkcja ta cechuje si\u0119 wspania\u0142\u0105 grafik\u0105 i niezwykle dynamiczn\u0105 mechanik\u0105 walki. W \u015bwiecie rz\u0105dzonym przez chaos mo\u017ce by\u0107 tylko jeden prawdziwy cel \u2013 zniszczy\u0107 ka\u017cdego, kto stanie na twojej drodze. Tutaj obowi\u0105zuje jedynie prawo d\u017cungli \u2013 silni po\u017ceraj\u0105 s\u0142abych! Nawet &hellip; <a href=\"https:\/\/espritgames.com\/pl\/worldofchaos\/\" class=\"more-link\">Continue reading <span class=\"screen-reader-text\">World of Chaos<\/span> <span class=\"meta-nav\">&rarr;<\/span><\/a><\/p>\n","protected":false},"author":1969676,"featured_media":0,"parent":0,"menu_order":0,"comment_status":"closed","ping_status":"closed","template":"page-templates\/landing.php","meta":[],"_links":{"self":[{"href":"https:\/\/espritgames.com\/pl\/wp-json\/wp\/v2\/pages\/48123"}],"collection":[{"href":"https:\/\/espritgames.com\/pl\/wp-json\/wp\/v2\/pages"}],"about":[{"href":"https:\/\/espritgames.com\/pl\/wp-json\/wp\/v2\/types\/page"}],"author":[{"embeddable":true,"href":"https:\/\/espritgames.com\/pl\/wp-json\/wp\/v2\/users\/1969676"}],"replies":[{"embeddable":true,"href":"https:\/\/espritgames.com\/pl\/wp-json\/wp\/v2\/comments?post=48123"}],"version-history":[{"count":22,"href":"https:\/\/espritgames.com\/pl\/wp-json\/wp\/v2\/pages\/48123\/revisions"}],"predecessor-version":[{"id":59365,"href":"https:\/\/espritgames.com\/pl\/wp-json\/wp\/v2\/pages\/48123\/revisions\/59365"}],"wp:attachment":[{"href":"https:\/\/espritgames.com\/pl\/wp-json\/wp\/v2\/media?parent=48123"}],"curies":[{"name":"wp","href":"https:\/\/api.w.org\/{rel}","templated":true}]}}