 


						{"id":46648,"date":"2021-09-09T17:29:08","date_gmt":"2021-09-09T15:29:08","guid":{"rendered":"https:\/\/espritgames.com\/pl\/?page_id=46648"},"modified":"2021-09-09T17:30:32","modified_gmt":"2021-09-09T15:30:32","slug":"darkgenesis_launcher","status":"publish","type":"page","link":"https:\/\/espritgames.com\/pl\/darkgenesis_launcher\/","title":{"rendered":"Dark Genesis. Launcher"},"content":{"rendered":"<div id=\"pl-46648\"  class=\"panel-layout\" ><div id=\"pg-46648-0\"  class=\"panel-grid panel-no-style\" ><div id=\"pgc-46648-0-0\"  class=\"panel-grid-cell\" ><div id=\"panel-46648-0-0-0\" class=\"widget_text so-panel widget widget_custom_html panel-first-child panel-last-child\" data-index=\"0\" ><div id=\"land_block\" class=\"widget_text panel-widget-style panel-widget-style-for-46648-0-0-0\" ><div class=\"textwidget custom-html-widget\"><div class=\"main_block\">\n\t<img class=\"land_logo\" src=\"https:\/\/p-cdn.espritgames.ru\/wp-content\/themes\/espritgames\/promo\/dg-main\/img\/top_block\/logo_main.png\">\n\t<span class=\"land_desc bp2\">Poka\u017c swoj\u0105 mroczn\u0105 stron\u0119!<\/span>\n\t<!--<a class=\"game_more_url extinfo_bg\" href=\"\">\u041f\u043e\u0434\u0440\u043e\u0431\u043d\u0435\u0435<\/a>-->\n\t<a class=\"game_url bgbtn\" href=\"https:\/\/espritgames.com\/pl\/darkgenesis\/go\/\">Graj<\/a>\n<\/div><\/div><\/div><\/div><\/div><\/div><\/div>","protected":false},"excerpt":{"rendered":"<p>Poka\u017c swoj\u0105 mroczn\u0105 stron\u0119! Graj<\/p>\n","protected":false},"author":1969676,"featured_media":0,"parent":0,"menu_order":0,"comment_status":"closed","ping_status":"closed","template":"page-templates\/launcher.php","meta":[],"_links":{"self":[{"href":"https:\/\/espritgames.com\/pl\/wp-json\/wp\/v2\/pages\/46648"}],"collection":[{"href":"https:\/\/espritgames.com\/pl\/wp-json\/wp\/v2\/pages"}],"about":[{"href":"https:\/\/espritgames.com\/pl\/wp-json\/wp\/v2\/types\/page"}],"author":[{"embeddable":true,"href":"https:\/\/espritgames.com\/pl\/wp-json\/wp\/v2\/users\/1969676"}],"replies":[{"embeddable":true,"href":"https:\/\/espritgames.com\/pl\/wp-json\/wp\/v2\/comments?post=46648"}],"version-history":[{"count":4,"href":"https:\/\/espritgames.com\/pl\/wp-json\/wp\/v2\/pages\/46648\/revisions"}],"predecessor-version":[{"id":46654,"href":"https:\/\/espritgames.com\/pl\/wp-json\/wp\/v2\/pages\/46648\/revisions\/46654"}],"wp:attachment":[{"href":"https:\/\/espritgames.com\/pl\/wp-json\/wp\/v2\/media?parent=46648"}],"curies":[{"name":"wp","href":"https:\/\/api.w.org\/{rel}","templated":true}]}}