 


						{"id":45915,"date":"2021-08-09T17:27:35","date_gmt":"2021-08-09T15:27:35","guid":{"rendered":"https:\/\/espritgames.com\/pl\/?page_id=45915"},"modified":"2021-08-09T18:47:51","modified_gmt":"2021-08-09T16:47:51","slug":"idleglory","status":"publish","type":"page","link":"https:\/\/espritgames.com\/pl\/idleglory\/","title":{"rendered":"IDLE Glory"},"content":{"rendered":"<div id=\"pl-45915\"  class=\"panel-layout\" ><div id=\"pg-45915-0\"  class=\"panel-grid panel-no-style\" ><div id=\"pgc-45915-0-0\"  class=\"panel-grid-cell\" ><div id=\"panel-45915-0-0-0\" class=\"widget_text so-panel widget widget_custom_html panel-first-child panel-last-child\" data-index=\"0\" ><div class=\"textwidget custom-html-widget\"><div class=\"e-landing\" id=\"idleglory\">\n  <div class=\"e-content\">\n\n    <div id=\"esprit-auth-widget-holder\" style=\"width: 450px; height: 665px; \"><div id=\"loader\"><\/div><\/div>\n    <script>\n    var show_on_demand = false;\n    !function(a,b,c,d){a._osdkAuthFn=d,a[d]=a[d]||function(){(a[d].cs=a[d].cs||[]).push(arguments)};var e=b.createElement(\"script\"),f=b.getElementsByTagName(\"script\")[0];e.async=1,e.src=c,f.parentNode.insertBefore(e,f)}(window,document,\"\/\/ostatic.espritgames.com\/auth\/js\/widget.js?v=6\",\"osdkAuthWidget\");\n\n    function osdkShowWidget() {\n        if( document.getElementById('esprit-auth-widget-holder') ) document.getElementById('esprit-auth-widget-holder').innerHTML = '<div id=\"loader\"><b style=\"display:none;\"><\/b><\/div>';\n        \n        osdkAuthWidget({\n            service: 'auth.espritgames.com',\n            holder: 'esprit-auth-widget-holder',\n            width: 450,\n            height: 665,\n            returnTo: 'https:\/\/espritgames.com\/pl\/idleglory\/go\/',\n            downloadUrl: '',\n            authNotRequired: false,\n            consumer: 'portal-pl',\n            locale: 'pl_PL',\n            stylesUrl: 'https:\/\/cdn.espritgames.ru\/espritgames-auth-custom\/igs-form.pl.css?v=1',\n            eula: 'idleglory'\n        });\n    }\n    if( !show_on_demand ) osdkShowWidget();\n    <\/script>\n\n    <div class=\"e-text-header\"><\/div>\n    <div class=\"e-text\">\n      <p class=\"h1ttltxt\">IDLE Glory<\/p>\n      <p class=\"e-text-menu\">\n        <a href=\".\/go\/\">Graj<\/a>, \n        <a href=\"\/forum\/go\/idleglory\/\">Forum<\/a>\n        <!--, <a href=\".\/guides\/\">\u0413\u0430\u0439\u0434\u044b<\/a>-->, \n        <a href=\".\/news\/\">News<\/a>\n      <\/p>\n      <p>IDLE Glory zmienia \u015bwiat RPG! Wci\u0105\u017c b\u0119dziesz si\u0119 \u015bwietnie bawi\u0107, ale gra sama zajmie si\u0119 tymi nudniejszymi rzeczami. Zapomnij o monotonii i poznaj krain\u0119 ekscytuj\u0105cych przyg\u00f3d oraz niesamowitych nagr\u00f3d.<\/p>\n\n      <p>Elementy gry:<\/p>\n      <p>\n        <img src=\"https:\/\/espritgames.ru\/wp-content\/uploads\/sites\/2\/2019\/11\/g_min.png\" alt=\"\" width=\"16\" height=\"16\" class=\"alignnone size-full wp-image-18842\" \/>Przyw\u00f3dca musi przewodzi\u0107! Od teraz bohaterowie sami b\u0119d\u0105 zdobywa\u0107 wyposa\u017cenie i zarabia\u0107 na swoje utrzymanie, podczas gdy Ty b\u0119dziesz obmy\u015bla\u0107 najlepsz\u0105 strategi\u0119. Podejmuj kluczowe decyzje i kieruj swoimi herosami! Maj\u0105 walczy\u0107 z bossem czy innym graczem? Ty decydujesz. Po\u015blij ich, by za\u017cegnali ka\u017cde niebezpiecze\u0144stwo!\n      <\/p>\n      <p>\n        <img src=\"https:\/\/espritgames.ru\/wp-content\/uploads\/sites\/2\/2019\/11\/g_min.png\" alt=\"\" width=\"16\" height=\"16\" class=\"alignnone size-full wp-image-18842\" \/>Zabawa w IDLE Glory nie odci\u0105gnie Ci\u0119 od pracy, nauki czy \u017cycia rodzinnego. Mo\u017cesz by\u0107 pot\u0119\u017cnym dow\u00f3dc\u0105, jednocze\u015bnie skupiaj\u0105c si\u0119 na tym, co naprawd\u0119 wa\u017cne. To proste! Nie ma \u017cadnych skomplikowanych zasad. Swoj\u0105 taktyk\u0119 zmienisz kilkoma naci\u015bni\u0119ciami. Niech Twoja armia bohater\u00f3w przyniesie Ci chwa\u0142\u0119 i bogactwa. Wystarczy tylko 10 minut dziennie!\n\n      <p>\n        <img src=\"https:\/\/espritgames.ru\/wp-content\/uploads\/sites\/2\/2019\/11\/g_min.png\" alt=\"\" width=\"16\" height=\"16\" class=\"alignnone size-full wp-image-18842\" \/>Wsp\u00f3\u0142pracuj z innymi... lub z nimi walcz! Za\u0142\u00f3\u017c gildi\u0119, by zwi\u0119kszy\u0107 moc swojej armii. Masz ju\u017c do\u015b\u0107 bitew z pojedynczymi przeciwnikami? A wi\u0119c nadszed\u0142 czas, by wypowiedzie\u0107 wojn\u0119 ca\u0142emu serwerowi! Dobry taktyk zawsze dostrzega korzy\u015bci p\u0142yn\u0105ce z zawierania sojusz\u00f3w!\n      <\/p>\n      <p>\n        <img src=\"https:\/\/espritgames.ru\/wp-content\/uploads\/sites\/2\/2019\/11\/g_min.png\" alt=\"\" width=\"16\" height=\"16\" class=\"alignnone size-full wp-image-18842\" \/> Planuj i podbijaj. Prawdziwy przyw\u00f3dca zdob\u0119dzie nowych bohater\u00f3w, lepszy sprz\u0119t, zwierzaki, w\u0142asny transport i nie tylko. Odnie\u015b wiele zwyci\u0119stw i zapisz si\u0119 na kartach historii IDLE Glory!\n          <div style=\"width: 100%; margin: 0 auto;\" class=\"ml-slider-3-7-2 ml-slider-pro-2-6-5 metaslider metaslider-flex metaslider-45924 ml-slider frontpage-news nav-hidden\">\n    <style type=\"text\/css\" id=\"metaslider-css-45924\">\n        #metaslider_45924.flexslider .slides li {margin-right: 20px !important;}\n    <\/style>\n    <div id=\"metaslider_container_45924\">\n        <div id=\"metaslider_45924\">\n            <ul class=\"slides\">\n                <li style=\"display: none; width: 100%;\" class=\"slide-45934 ms-image\"><a href=\"?esc=site_pl_news\" target=\"_self\" rel=\"noopener\"><img src=\"https:\/\/p-cdn.espritgames.com\/wp-content\/uploads\/sites\/7\/2021\/08\/1.jpg\" height=\"435\" width=\"702\" alt=\"\" class=\"slider-45924 slide-45934\" title=\"1\" \/><\/a><\/li>\n                <li style=\"display: none; width: 100%;\" class=\"slide-45935 ms-image\"><a href=\"?esc=site_pl_news\" target=\"_self\" rel=\"noopener\"><img src=\"https:\/\/p-cdn.espritgames.com\/wp-content\/uploads\/sites\/7\/2021\/08\/2.jpg\" height=\"435\" width=\"702\" alt=\"\" class=\"slider-45924 slide-45935\" title=\"2\" \/><\/a><\/li>\n                <li style=\"display: none; width: 100%;\" class=\"slide-45936 ms-image\"><a href=\"?esc=site_pl_news\" target=\"_self\" rel=\"noopener\"><img src=\"https:\/\/p-cdn.espritgames.com\/wp-content\/uploads\/sites\/7\/2021\/08\/3.jpg\" height=\"435\" width=\"702\" alt=\"\" class=\"slider-45924 slide-45936\" title=\"3\" \/><\/a><\/li>\n                <li style=\"display: none; width: 100%;\" class=\"slide-45937 ms-image\"><a href=\"?esc=site_pl_news\" target=\"_self\" rel=\"noopener\"><img src=\"https:\/\/p-cdn.espritgames.com\/wp-content\/uploads\/sites\/7\/2021\/08\/4.jpg\" height=\"435\" width=\"702\" alt=\"\" class=\"slider-45924 slide-45937\" title=\"4\" \/><\/a><\/li>\n                <li style=\"display: none; width: 100%;\" class=\"slide-45938 ms-image\"><a href=\"?esc=site_pl_news\" target=\"_self\" rel=\"noopener\"><img src=\"https:\/\/p-cdn.espritgames.com\/wp-content\/uploads\/sites\/7\/2021\/08\/5.jpg\" height=\"435\" width=\"702\" alt=\"\" class=\"slider-45924 slide-45938\" title=\"5\" \/><\/a><\/li>\n                <li style=\"display: none; width: 100%;\" class=\"slide-45939 ms-image\"><a href=\"?esc=site_pl_news\" target=\"_self\" rel=\"noopener\"><img src=\"https:\/\/p-cdn.espritgames.com\/wp-content\/uploads\/sites\/7\/2021\/08\/6.jpg\" height=\"435\" width=\"702\" alt=\"\" class=\"slider-45924 slide-45939\" title=\"6\" \/><\/a><\/li>\n                <li style=\"display: none; width: 100%;\" class=\"slide-45940 ms-image\"><a href=\"?esc=site_pl_news\" target=\"_self\" rel=\"noopener\"><img src=\"https:\/\/p-cdn.espritgames.com\/wp-content\/uploads\/sites\/7\/2021\/08\/7.jpg\" height=\"435\" width=\"702\" alt=\"\" class=\"slider-45924 slide-45940\" title=\"7\" \/><\/a><\/li>\n                <li style=\"display: none; width: 100%;\" class=\"slide-45941 ms-image\"><a href=\"?esc=site_pl_news\" target=\"_self\" rel=\"noopener\"><img src=\"https:\/\/p-cdn.espritgames.com\/wp-content\/uploads\/sites\/7\/2021\/08\/8.jpg\" height=\"435\" width=\"702\" alt=\"\" class=\"slider-45924 slide-45941\" title=\"8\" \/><\/a><\/li>\n                <li style=\"display: none; width: 100%;\" class=\"slide-45942 ms-image\"><a href=\"?esc=site_pl_news\" target=\"_self\" rel=\"noopener\"><img src=\"https:\/\/p-cdn.espritgames.com\/wp-content\/uploads\/sites\/7\/2021\/08\/9.jpg\" height=\"435\" width=\"702\" alt=\"\" class=\"slider-45924 slide-45942\" title=\"9\" \/><\/a><\/li>\n            <\/ul>\n        <\/div>\n        \n    <\/div>\n<\/div>\n      <\/p>\n    <\/div>\n\n  <\/div>\n<\/div><\/div><\/div><\/div><\/div><\/div>","protected":false},"excerpt":{"rendered":"<p>IDLE Glory Graj, Forum , News IDLE Glory zmienia \u015bwiat RPG! Wci\u0105\u017c b\u0119dziesz si\u0119 \u015bwietnie bawi\u0107, ale gra sama zajmie si\u0119 tymi nudniejszymi rzeczami. Zapomnij o monotonii i poznaj krain\u0119 ekscytuj\u0105cych przyg\u00f3d oraz niesamowitych nagr\u00f3d. Elementy gry: Przyw\u00f3dca musi przewodzi\u0107! Od teraz bohaterowie sami b\u0119d\u0105 zdobywa\u0107 wyposa\u017cenie i zarabia\u0107 na swoje utrzymanie, podczas gdy Ty &hellip; <a href=\"https:\/\/espritgames.com\/pl\/idleglory\/\" class=\"more-link\">Continue reading <span class=\"screen-reader-text\">IDLE Glory<\/span> <span class=\"meta-nav\">&rarr;<\/span><\/a><\/p>\n","protected":false},"author":1969676,"featured_media":0,"parent":0,"menu_order":0,"comment_status":"closed","ping_status":"closed","template":"page-templates\/landing.php","meta":[],"_links":{"self":[{"href":"https:\/\/espritgames.com\/pl\/wp-json\/wp\/v2\/pages\/45915"}],"collection":[{"href":"https:\/\/espritgames.com\/pl\/wp-json\/wp\/v2\/pages"}],"about":[{"href":"https:\/\/espritgames.com\/pl\/wp-json\/wp\/v2\/types\/page"}],"author":[{"embeddable":true,"href":"https:\/\/espritgames.com\/pl\/wp-json\/wp\/v2\/users\/1969676"}],"replies":[{"embeddable":true,"href":"https:\/\/espritgames.com\/pl\/wp-json\/wp\/v2\/comments?post=45915"}],"version-history":[{"count":11,"href":"https:\/\/espritgames.com\/pl\/wp-json\/wp\/v2\/pages\/45915\/revisions"}],"predecessor-version":[{"id":45946,"href":"https:\/\/espritgames.com\/pl\/wp-json\/wp\/v2\/pages\/45915\/revisions\/45946"}],"wp:attachment":[{"href":"https:\/\/espritgames.com\/pl\/wp-json\/wp\/v2\/media?parent=45915"}],"curies":[{"name":"wp","href":"https:\/\/api.w.org\/{rel}","templated":true}]}}