 


						{"id":43076,"date":"2021-06-23T19:44:06","date_gmt":"2021-06-23T17:44:06","guid":{"rendered":"https:\/\/espritgames.com\/pl\/?page_id=43076"},"modified":"2021-06-29T17:15:52","modified_gmt":"2021-06-29T15:15:52","slug":"bladeofkings","status":"publish","type":"page","link":"https:\/\/espritgames.com\/pl\/bladeofkings\/","title":{"rendered":"Blade of Kings"},"content":{"rendered":"<div id=\"pl-43076\"  class=\"panel-layout\" ><div id=\"pg-43076-0\"  class=\"panel-grid panel-no-style\" ><div id=\"pgc-43076-0-0\"  class=\"panel-grid-cell\" ><div id=\"panel-43076-0-0-0\" class=\"widget_text so-panel widget widget_custom_html panel-first-child panel-last-child\" data-index=\"0\" ><div class=\"textwidget custom-html-widget\">\t<div class=\"bladeofkings_formouter\">\n\t\t<div class=\"psevdo_form\">\n\t\t\t<img src=\"https:\/\/p-cdn.espritgames.ru\/wp-content\/themes\/espritgames\/promo\/bok-main\/pl\/BoK_pl_logo.png\">\n\t\t\t<a href=\".\/go\/\" class=\"play_btn open_form\"><\/a> \n\t\t<\/div>\n\t\t\t<div id=\"esprit-auth-widget-holder\" style=\"width: 628px; height: 780px; \"><div id=\"loader\"><\/div><\/div>\n    <script>\n    var show_on_demand = false;\n    !function(a,b,c,d){a._osdkAuthFn=d,a[d]=a[d]||function(){(a[d].cs=a[d].cs||[]).push(arguments)};var e=b.createElement(\"script\"),f=b.getElementsByTagName(\"script\")[0];e.async=1,e.src=c,f.parentNode.insertBefore(e,f)}(window,document,\"\/\/ostatic.espritgames.com\/auth\/js\/widget.js?v=6\",\"osdkAuthWidget\");\n\n    function osdkShowWidget() {\n        if( document.getElementById('esprit-auth-widget-holder') ) document.getElementById('esprit-auth-widget-holder').innerHTML = '<div id=\"loader\"><b style=\"display:none;\"><\/b><\/div>';\n        \n        osdkAuthWidget({\n            service: 'auth.espritgames.com',\n            holder: 'esprit-auth-widget-holder',\n            width: 628,\n            height: 780,\n            returnTo: 'https:\/\/espritgames.com\/pl\/bladeofkings\/go\/',\n            downloadUrl: '',\n            authNotRequired: false,\n            consumer: 'portal-pl',\n            locale: 'pl_PL',\n            stylesUrl: 'https:\/\/cdn.espritgames.ru\/espritgames-auth-custom\/bok-form_pl.css?v=1',\n            eula: 'bladeofkings'\n        });\n    }\n    if( !show_on_demand ) osdkShowWidget();\n    <\/script>\n\t\t\t\t<div class=\"pp\">\t\t\t\t\n\t\t\t\t\t<span>* Naciskaj\u0105c \"Graj\", akceptujesz nasz\u0105 <a href=\"https:\/\/espritgames.com\/licenses\/bladeofkings\/\">umow\u0119 u\u017cytkownika oraz<\/a> <a href=\"https:\/\/espritgames.com\/pl\/agreements\/bladeofkings\/\">ofert\u0119 publiczn\u0105<\/a><\/span>\n\t\t\t\t<\/div>\n\t<\/div>\n\t<div class=\"big_pic bladeofkings\">\n\t\t<div class=\"p1\"><\/div><div class=\"p2\"><\/div>\n\t\t<img src=\"https:\/\/p-cdn.espritgames.ru\/wp-content\/themes\/espritgames\/promo\/bok-main\/main_img_fon.jpg\" \/>\n\t<\/div>\n<div class=\"outer_lands\">\n\n\t<div id=\"bladeofkings\" class=\"e-landing\">\n\t<div class=\"e-content\">\n\t\t\t<div class=\"e-text\">\n\t\t\t<p class=\"e-text-menu\"> <a href=\"\/pl\/forum\/go\/bladeofkings\/\">FORUM<\/a> <a href=\".\/news\/\">WIADOMO\u015aCI<\/a>  <!--<a href=\".\/guides\/\">PORADNIKI<\/a>--><\/p>\n\t\t\t<p>Ostrze Kr\u00f3l\u00f3w opowiada fascynuj\u0105c\u0105 histori\u0119 pewnego magicznego \u015bwiata. Gracze mog\u0105 na w\u0142asnej sk\u00f3rze do\u015bwiadcza\u0107 zwrot\u00f3w akcji, uczestnicz\u0105c we wspania\u0142ej opowie\u015bci o walkach na kontynencie, kt\u00f3re prowadz\u0105 do stworzenia ca\u0142ej generacji kr\u00f3l\u00f3w!<\/p>\n\t\t\t<\/div>\n\t<\/div>\n\t\t\t<div class=\"top_pre_txt\">\u0422\u0435\u0431\u044f \u0436\u0434\u0443\u0442<\/div>\n\n\t\t\t<div class=\"outer_icon_block\">\n\t\t\t\t\t<div class=\"e-content\">\n\t\t\t\t\t\t\t<div class=\"icon_block\">\n\t\t\t\t\t\t\t\t\t<div class=\"s_icon\">\n\t\t\t\t\t\t\t\t\t\t\t<img src=\"\/wp-content\/themes\/espritgames\/promo\/bok-main\/en\/feature_icn_1.png\">\n\t\t\t\t\t\t\t\t\t\t\t<p>Kolorow\u0105 grafik\u0119 i zachwycaj\u0105ce animacje<\/p>\n\t\t\t\t\t\t\t\t\t<\/div>\n\t\t\t\t\t\t\t<\/div>\n\t\t\t\t\t\t\t<div class=\"icon_block\">\n\t\t\t\t\t\t\t\t\t<div class=\"s_icon\">\n\t\t\t\t\t\t\t\t\t\t\t<img src=\"\/wp-content\/themes\/espritgames\/promo\/bok-main\/en\/feature_icn_2.png\">\n\t\t\t\t\t\t\t\t\t\t\t<p>Emocjonuj\u0105c\u0105 rozgrywk\u0119<\/p>\n\t\t\t\t\t\t\t\t\t<\/div>\n\t\t\t\t\t\t\t<\/div>\n\t\t\t\t\t\t\t<div class=\"icon_block\">\n\t\t\t\t\t\t\t\t\t<div class=\"s_icon\">\n\t\t\t\t\t\t\t\t\t\t\t<img src=\"\/wp-content\/themes\/espritgames\/promo\/bok-main\/en\/feature_icn_3.png\">\n\t\t\t\t\t\t\t\t\t\t\t<p>Mi\u0119dzyserwerowe bitwy legion\u00f3w<\/p>\n\t\t\t\t\t\t\t\t\t<\/div>\n\t\t\t\t\t\t\t<\/div>\n\t\t\t\t\t\t\t<div class=\"icon_block\">\n\t\t\t\t\t\t\t\t\t<div class=\"s_icon\">\n\t\t\t\t\t\t\t\t\t\t\t<img src=\"\/wp-content\/themes\/espritgames\/promo\/bok-main\/en\/feature_icn_4.png\">\n\t\t\t\t\t\t\t\t\t\t\t<p>By oszcz\u0119dzi\u0107 czas, Tw\u00f3j bohater rozwija si\u0119 nawet wtedy, gdy jeste\u015b offline<\/p>\n\t\t\t\t\t\t\t\t\t<\/div>\n\t\t\t\t\t\t\t<\/div>\n\t\t\t\t\t\t\t<div class=\"icon_block\">\n\t\t\t\t\t\t\t\t\t<div class=\"s_icon\">\n\t\t\t\t\t\t\t\t\t\t\t<img src=\"\/wp-content\/themes\/espritgames\/promo\/bok-main\/en\/feature_icn_5.png\">\n\t\t\t\t\t\t\t\t\t\t\t<p>Gromadzisz zasoby nawet wtedy, gdy nie grasz. Mo\u017cesz je wykorzysta\u0107, gdy ju\u017c wr\u00f3cisz do gry<\/p>\n\t\t\t\t\t\t\t\t\t<\/div>\n\t\t\t\t\t\t\t<\/div>\n\t\t\t\t\t\t\t<div class=\"icon_block\">\n\t\t\t\t\t\t\t\t\t<div class=\"s_icon\">\n\t\t\t\t\t\t\t\t\t\t\t<img src=\"\/wp-content\/themes\/espritgames\/promo\/bok-main\/en\/feature_icn_6.png\">\n\t\t\t\t\t\t\t\t\t\t\t<p>Nie musisz niczego pobiera\u0107 czy instalowa\u0107 \u2013 mo\u017cesz od razu zacz\u0105\u0107 gra\u0107!<\/p>\n\t\t\t\t\t\t\t\t\t<\/div>\n\t\t\t\t\t\t\t<\/div>\n\t\t\t\t\t<\/div>\n\t\t\t<\/div>\n\n\n\t<div class=\"slider_outer\">\n\t\t<div style=\"max-width: 1214px; margin: 0 auto;\" class=\"ml-slider-3-7-2 ml-slider-pro-2-6-5 metaslider metaslider-flex metaslider-43087 ml-slider nav-hidden\">\n    \n    <div id=\"metaslider_container_43087\">\n        <div id=\"metaslider_43087\">\n            <ul class=\"slides\">\n                <li style=\"display: block; width: 100%;\" class=\"slide-43093 ms-image\"><a href=\"?esc=site_pl_news\" target=\"_self\" rel=\"noopener\"><img src=\"https:\/\/p-cdn.espritgames.com\/wp-content\/uploads\/sites\/7\/2021\/06\/screen_1.jpg\" height=\"752\" width=\"1214\" alt=\"\" class=\"slider-43087 slide-43093\" title=\"screen_1\" \/><\/a><\/li>\n                <li style=\"display: none; width: 100%;\" class=\"slide-43094 ms-image\"><a href=\"?esc=site_pl_news\" target=\"_self\" rel=\"noopener\"><img src=\"https:\/\/p-cdn.espritgames.com\/wp-content\/uploads\/sites\/7\/2021\/06\/screen_2.jpg\" height=\"752\" width=\"1214\" alt=\"\" class=\"slider-43087 slide-43094\" title=\"screen_2\" \/><\/a><\/li>\n                <li style=\"display: none; width: 100%;\" class=\"slide-43095 ms-image\"><a href=\"?esc=site_pl_news\" target=\"_self\" rel=\"noopener\"><img src=\"https:\/\/p-cdn.espritgames.com\/wp-content\/uploads\/sites\/7\/2021\/06\/screen_3.jpg\" height=\"752\" width=\"1214\" alt=\"\" class=\"slider-43087 slide-43095\" title=\"screen_3\" \/><\/a><\/li>\n                <li style=\"display: none; width: 100%;\" class=\"slide-43096 ms-image\"><a href=\"?esc=site_pl_news\" target=\"_self\" rel=\"noopener\"><img src=\"https:\/\/p-cdn.espritgames.com\/wp-content\/uploads\/sites\/7\/2021\/06\/screen_4.jpg\" height=\"752\" width=\"1214\" alt=\"\" class=\"slider-43087 slide-43096\" title=\"screen_4\" \/><\/a><\/li>\n                <li style=\"display: none; width: 100%;\" class=\"slide-43097 ms-image\"><a href=\"?esc=site_pl_news\" target=\"_self\" rel=\"noopener\"><img src=\"https:\/\/p-cdn.espritgames.com\/wp-content\/uploads\/sites\/7\/2021\/06\/screen_5.jpg\" height=\"752\" width=\"1214\" alt=\"\" class=\"slider-43087 slide-43097\" title=\"screen_5\" \/><\/a><\/li>\n            <\/ul>\n        <\/div>\n        \n    <\/div>\n<\/div>\n\t\t<a class=\"play_btn open_form\"><\/a>\n\t<\/div>\n\n\t<\/div>\n\t\n<\/div><\/div><\/div><\/div><\/div><\/div>","protected":false},"excerpt":{"rendered":"<p>* Naciskaj\u0105c &#8222;Graj&#8221;, akceptujesz nasz\u0105 umow\u0119 u\u017cytkownika oraz ofert\u0119 publiczn\u0105 FORUM WIADOMO\u015aCI Ostrze Kr\u00f3l\u00f3w opowiada fascynuj\u0105c\u0105 histori\u0119 pewnego magicznego \u015bwiata. Gracze mog\u0105 na w\u0142asnej sk\u00f3rze do\u015bwiadcza\u0107 zwrot\u00f3w akcji, uczestnicz\u0105c we wspania\u0142ej opowie\u015bci o walkach na kontynencie, kt\u00f3re prowadz\u0105 do stworzenia ca\u0142ej generacji kr\u00f3l\u00f3w! \u0422\u0435\u0431\u044f \u0436\u0434\u0443\u0442 Kolorow\u0105 grafik\u0119 i zachwycaj\u0105ce animacje Emocjonuj\u0105c\u0105 rozgrywk\u0119 Mi\u0119dzyserwerowe bitwy legion\u00f3w &hellip; <a href=\"https:\/\/espritgames.com\/pl\/bladeofkings\/\" class=\"more-link\">Continue reading <span class=\"screen-reader-text\">Blade of Kings<\/span> <span class=\"meta-nav\">&rarr;<\/span><\/a><\/p>\n","protected":false},"author":1969676,"featured_media":0,"parent":0,"menu_order":0,"comment_status":"closed","ping_status":"closed","template":"page-templates\/landing.php","meta":[],"_links":{"self":[{"href":"https:\/\/espritgames.com\/pl\/wp-json\/wp\/v2\/pages\/43076"}],"collection":[{"href":"https:\/\/espritgames.com\/pl\/wp-json\/wp\/v2\/pages"}],"about":[{"href":"https:\/\/espritgames.com\/pl\/wp-json\/wp\/v2\/types\/page"}],"author":[{"embeddable":true,"href":"https:\/\/espritgames.com\/pl\/wp-json\/wp\/v2\/users\/1969676"}],"replies":[{"embeddable":true,"href":"https:\/\/espritgames.com\/pl\/wp-json\/wp\/v2\/comments?post=43076"}],"version-history":[{"count":17,"href":"https:\/\/espritgames.com\/pl\/wp-json\/wp\/v2\/pages\/43076\/revisions"}],"predecessor-version":[{"id":43156,"href":"https:\/\/espritgames.com\/pl\/wp-json\/wp\/v2\/pages\/43076\/revisions\/43156"}],"wp:attachment":[{"href":"https:\/\/espritgames.com\/pl\/wp-json\/wp\/v2\/media?parent=43076"}],"curies":[{"name":"wp","href":"https:\/\/api.w.org\/{rel}","templated":true}]}}