 


						{"id":42573,"date":"2021-05-26T17:15:58","date_gmt":"2021-05-26T15:15:58","guid":{"rendered":"https:\/\/espritgames.com\/pl\/?page_id=42573"},"modified":"2021-06-02T15:22:42","modified_gmt":"2021-06-02T13:22:42","slug":"eternalsword","status":"publish","type":"page","link":"https:\/\/espritgames.com\/pl\/eternalsword\/","title":{"rendered":"Eternal Sword."},"content":{"rendered":"<div id=\"pl-42573\"  class=\"panel-layout\" ><div id=\"pg-42573-0\"  class=\"panel-grid panel-no-style\" ><div id=\"pgc-42573-0-0\"  class=\"panel-grid-cell\" ><div id=\"panel-42573-0-0-0\" class=\"widget_text so-panel widget widget_custom_html panel-first-child panel-last-child\" data-index=\"0\" ><div class=\"textwidget custom-html-widget\"><div class=\"b1\">\n   <!--<div class=\"lp\"><\/div><div class=\"rp\"><\/div>-->\n<\/div>\n<div class=\"b2 loahf_pc\">\n\t<img class=\"top_logo\" src=\"https:\/\/welcome.espritgames.com\/wp-content\/themes\/espritgames-promo\/promo\/es-main\/img\/top_block\/logo_top.png\">\n\t<p class=\"top_txt_1\">OKIE\u0141ZNAJ CZAS I PRZESTRZE\u0143 W ZUPE\u0141NIE NOWYM MMORPG FANTASY!<\/p>\n\t<p class=\"top_txt_2\">Musisz wr\u00f3ci\u0107 do przesz\u0142o\u015bci, by zapobiec katastrofie. Prze\u017cywaj na nowo cykle czasu, a zdo\u0142asz pokona\u0107 mrocznego boga Illusanda!<\/p>\n\t<a href=\"https:\/\/espritgames.onelink.me\/asSb\/d8d9ac06\" class=\"dwld_btn dwld_btn_pl bnt_p_open\" target=\"_blank\" rel=\"noopener\"><\/a> \n\t<p class=\"top_txt_3\"><span>Zeskanuj kod QR, by wczyta\u0107 aplikacj\u0119.<\/span> <br><br>Instaluj\u0105c t\u0119 aplikacj\u0119, akceptujesz nasz <a href=\"https:\/\/espritgames.com\/pl\/licenses\/eternalsword\/\" target=\"_blank\" rel=\"noopener\">regulamin<\/a> oraz<br> <a href=\"https:\/\/espritgames.com\/pl\/agreements\/eternalsword\/\" target=\"_blank\" rel=\"noopener\"> polityk\u0119 prywatno\u015bci<\/a>.<\/p>\n\t<a class=\"android_btn android_btn_pl\" href=\"https:\/\/eternalsword.onelink.me\/7PEe\/9203e1c0\" target=\"_blank\" rel=\"noopener\"><\/a>\n\t<a class=\"ios_btn ios_btn_pl\" href=\"https:\/\/eternalswordlegend.onelink.me\/sHJc\/12bd4e3f\" target=\"_blank\" rel=\"noopener\"><\/a>\n<\/div>\n<div class=\"b3\">\n\t<div class=\"svch\"><\/div>\n\t<div class=\"sword\"><\/div>\n\t<div class=\"sub_ttl\">Cechy gry<\/div>\n\t<!--<div class=\"sub_ttl_m\">\u041d\u0430\u0433\u0440\u0430\u0434\u0430 \u0437\u0430 \u043f\u043e\u043c\u043e\u0449\u044c \u043f\u0440\u0438\u043b\u0430\u0433\u0430\u0435\u0442\u0441\u044f! * <\/div>-->\n\t<div class=\"icon icon_1\">Zr\u00f3\u017cnicowany system klasowy<\/div>\n\t<div class=\"icon icon_2\">R\u00f3\u017cnorodne tryby PvP<\/div>\n\t<div class=\"icon icon_3\">Skrzyd\u0142a, relikty, towarzysze...<\/div>\n\t<div class=\"icon icon_4\">...i przera\u017caj\u0105cy bossowie!<\/div>\n<\/div>\n<div class=\"b5\">\n\t\t<p>Czym jest pami\u0119\u0107? Zachowuj\u0105 si\u0119 w niej jedynie najbarwniejsze i najbardziej imponuj\u0105ce obrazy. Jednak \u015bwiat nie jest taki prosty... Musisz dokona\u0107 niemo\u017cliwego: cofn\u0105\u0107 czas i zmieni\u0107 przysz\u0142o\u015b\u0107.<\/p>\n\t\t<p>Wr\u00f3\u0107 do przesz\u0142o\u015bci, by odnale\u017a\u0107 brakuj\u0105ce elementy: cykl po cyklu. Zmie\u0144 bieg czasu i ocal \u015bwiat przed zniszczeniem!<\/p>\n\t\t<div class=\"outer_video\">\n\t\t\t<iframe width=\"812\" height=\"456\" src=\"https:\/\/www.youtube.com\/embed\/q0oNqTpCIVE?controls=0&?VQ=HD1080\" title=\"Eternal Sword - Official Trailer\" frameborder=\"0\" allow=\"accelerometer; autoplay; clipboard-write; encrypted-media; gyroscope; picture-in-picture\" allowfullscreen><\/iframe>\n\t\t<\/div>\n\t\t<!--<p class=\"android_ttl\">Anrdoid-\u0432\u0435\u0440\u0441\u0438\u044f \u0443\u0436\u0435 \u0434\u043e\u0441\u0442\u0443\u043f\u043d\u0430 \u0432\u0441\u0435\u043c \u0438\u0433\u0440\u043e\u043a\u0430\u043c<\/p>-->\n\t<a class=\"android_btn android_btn_pl\" href=\"https:\/\/eternalsword.onelink.me\/7PEe\/9203e1c0\" target=\"_blank\" rel=\"noopener\"><\/a>\n\t<a class=\"ios_btn ios_btn_pl\" href=\"https:\/\/eternalswordlegend.onelink.me\/sHJc\/12bd4e3f\" target=\"_blank\" rel=\"noopener\"><\/a>\n\t  <!--<img class=\"eg_logo_bottom\" src=\"https:\/\/p-cdn.espritgames.ru\/wp-content\/themes\/espritgames\/promo\/loahf-main\/img\/esprit_logo.png\">\n\t  <p class=\"eg_txt_bottom\">\u0418\u0413\u0420\u041e\u0412\u041e\u0419 \u041f\u041e\u0420\u0422\u0410\u041b ESPRIT GAMES LLC \u00a9 2014 \u2013 [year_now]<\/p>\n\t  <img class=\"footer_16\" src=\"https:\/\/p-cdn.espritgames.ru\/wp-content\/themes\/espritgames\/img\/main\/com\/16+.png\">-->\n<\/div><\/div><\/div><\/div><\/div><\/div>","protected":false},"excerpt":{"rendered":"<p>OKIE\u0141ZNAJ CZAS I PRZESTRZE\u0143 W ZUPE\u0141NIE NOWYM MMORPG FANTASY! Musisz wr\u00f3ci\u0107 do przesz\u0142o\u015bci, by zapobiec katastrofie. Prze\u017cywaj na nowo cykle czasu, a zdo\u0142asz pokona\u0107 mrocznego boga Illusanda! Zeskanuj kod QR, by wczyta\u0107 aplikacj\u0119. Instaluj\u0105c t\u0119 aplikacj\u0119, akceptujesz nasz regulamin oraz polityk\u0119 prywatno\u015bci. Cechy gry Zr\u00f3\u017cnicowany system klasowy R\u00f3\u017cnorodne tryby PvP Skrzyd\u0142a, relikty, towarzysze&#8230; &#8230;i przera\u017caj\u0105cy &hellip; <a href=\"https:\/\/espritgames.com\/pl\/eternalsword\/\" class=\"more-link\">Continue reading <span class=\"screen-reader-text\">Eternal Sword.<\/span> <span class=\"meta-nav\">&rarr;<\/span><\/a><\/p>\n","protected":false},"author":1969676,"featured_media":0,"parent":0,"menu_order":0,"comment_status":"closed","ping_status":"closed","template":"page-templates\/landing.php","meta":[],"_links":{"self":[{"href":"https:\/\/espritgames.com\/pl\/wp-json\/wp\/v2\/pages\/42573"}],"collection":[{"href":"https:\/\/espritgames.com\/pl\/wp-json\/wp\/v2\/pages"}],"about":[{"href":"https:\/\/espritgames.com\/pl\/wp-json\/wp\/v2\/types\/page"}],"author":[{"embeddable":true,"href":"https:\/\/espritgames.com\/pl\/wp-json\/wp\/v2\/users\/1969676"}],"replies":[{"embeddable":true,"href":"https:\/\/espritgames.com\/pl\/wp-json\/wp\/v2\/comments?post=42573"}],"version-history":[{"count":25,"href":"https:\/\/espritgames.com\/pl\/wp-json\/wp\/v2\/pages\/42573\/revisions"}],"predecessor-version":[{"id":42710,"href":"https:\/\/espritgames.com\/pl\/wp-json\/wp\/v2\/pages\/42573\/revisions\/42710"}],"wp:attachment":[{"href":"https:\/\/espritgames.com\/pl\/wp-json\/wp\/v2\/media?parent=42573"}],"curies":[{"name":"wp","href":"https:\/\/api.w.org\/{rel}","templated":true}]}}