 


						{"id":41282,"date":"2021-04-15T11:29:48","date_gmt":"2021-04-15T09:29:48","guid":{"rendered":"https:\/\/espritgames.com\/pl\/?page_id=41282"},"modified":"2021-09-09T11:00:49","modified_gmt":"2021-09-09T09:00:49","slug":"darkgenesis","status":"publish","type":"page","link":"https:\/\/espritgames.com\/pl\/darkgenesis\/","title":{"rendered":"Dark Genesis"},"content":{"rendered":"<div id=\"pl-41282\"  class=\"panel-layout\" ><div id=\"pg-41282-0\"  class=\"panel-grid panel-no-style\" ><div id=\"pgc-41282-0-0\"  class=\"panel-grid-cell\" ><div id=\"panel-41282-0-0-0\" class=\"widget_text so-panel widget widget_custom_html panel-first-child panel-last-child\" data-index=\"0\" ><div class=\"textwidget custom-html-widget\"><div class=\"outer_ext_form\" style=\"display:none;\">\n\t\t<a class=\"outer_ext_form_close\">&times;<\/a>\n\t\t<div id=\"osdk-auth-widget-holder\" style=\"width: 600px; height: 700px; \"><div id=\"loader\"><\/div><\/div>\n    <script>\n    var show_on_demand = false;\n    !function(a,b,c,d){a._osdkAuthFn=d,a[d]=a[d]||function(){(a[d].cs=a[d].cs||[]).push(arguments)};var e=b.createElement(\"script\"),f=b.getElementsByTagName(\"script\")[0];e.async=1,e.src=c,f.parentNode.insertBefore(e,f)}(window,document,\"\/\/ostatic.espritgames.com\/auth\/js\/widget.js?v=6\",\"osdkAuthWidget\");\n\n    function osdkShowWidget() {\n        if( document.getElementById('osdk-auth-widget-holder') ) document.getElementById('osdk-auth-widget-holder').innerHTML = '<div id=\"loader\"><b style=\"display:none;\"><\/b><\/div>';\n        \n        osdkAuthWidget({\n            service: 'auth.espritgames.com',\n            holder: 'osdk-auth-widget-holder',\n            width: 600,\n            height: 700,\n            returnTo: 'https:\/\/espritgames.com\/pl\/darkgenesis\/go\/',\n            downloadUrl: '',\n            authNotRequired: false,\n            consumer: 'portal-pl',\n            locale: 'pl_PL',\n            stylesUrl: 'https:\/\/cdn.espritgames.ru\/espritgames-auth-custom\/dg-form_pl.css',\n            eula: 'darkgenesis'\n        });\n    }\n    if( !show_on_demand ) osdkShowWidget();\n    <\/script>\n<\/div>\n<div class=\"b1\">\n   <div class=\"lp\"><\/div><div class=\"rp\"><\/div>\n<\/div>\n<div class=\"b2 loahf_pc\">\n\t<img class=\"top_logo\" src=\"https:\/\/p-cdn.espritgames.ru\/wp-content\/themes\/espritgames\/promo\/dg-main\/img\/top_block\/logo_main.png\">\n\t<a class=\"dwld_btn bnt_p_open dwld_btn_pl\"><\/a> \n\t<!--<p class=\"desc\">*\u0432\u0430\u043c \u043d\u0435\u043e\u0431\u0445\u043e\u0434\u0438\u043c\u043e \u0437\u0430\u0433\u0440\u0443\u0437\u0438\u0442\u044c <a class=\"bnt_p_open\" href=\"https:\/\/cdn.espritgames.ru\/download\/loader_ru.exe\">Esprit Games Center<\/a> \u0434\u043b\u044f \u0438\u0433\u0440\u044b<\/p>-->\n<\/div>\n<div class=\"b3 b3_en\"><div style=\"max-width: 1920px; margin: 0 auto;\" class=\"ml-slider-3-7-2 ml-slider-pro-2-6-5 metaslider metaslider-flex metaslider-41292 ml-slider\">\n    \n    <div id=\"metaslider_container_41292\">\n        <div id=\"metaslider_41292\">\n            <ul class=\"slides\">\n                <li style=\"display: block; width: 100%;\" class=\"slide-41504 ms-image\"><a href=\"?esc=site_pl_news\" target=\"_self\" rel=\"noopener\"><img src=\"https:\/\/p-cdn.espritgames.com\/wp-content\/uploads\/sites\/7\/2021\/04\/screen_1-1.jpg\" height=\"460\" width=\"1920\" alt=\"\" class=\"slider-41292 slide-41504\" title=\"screen_1\" \/><\/a><\/li>\n                <li style=\"display: none; width: 100%;\" class=\"slide-41505 ms-image\"><a href=\"?esc=site_pl_news\" target=\"_self\" rel=\"noopener\"><img src=\"https:\/\/p-cdn.espritgames.com\/wp-content\/uploads\/sites\/7\/2021\/04\/screen_2-1.jpg\" height=\"460\" width=\"1920\" alt=\"\" class=\"slider-41292 slide-41505\" title=\"screen_2\" \/><\/a><\/li>\n                <li style=\"display: none; width: 100%;\" class=\"slide-41506 ms-image\"><a href=\"?esc=site_pl_news\" target=\"_self\" rel=\"noopener\"><img src=\"https:\/\/p-cdn.espritgames.com\/wp-content\/uploads\/sites\/7\/2021\/04\/screen_3-1.jpg\" height=\"460\" width=\"1920\" alt=\"\" class=\"slider-41292 slide-41506\" title=\"screen_3\" \/><\/a><\/li>\n                <li style=\"display: none; width: 100%;\" class=\"slide-41507 ms-image\"><a href=\"?esc=site_pl_news\" target=\"_self\" rel=\"noopener\"><img src=\"https:\/\/p-cdn.espritgames.com\/wp-content\/uploads\/sites\/7\/2021\/04\/screen_4-1.jpg\" height=\"460\" width=\"1920\" alt=\"\" class=\"slider-41292 slide-41507\" title=\"screen_4\" \/><\/a><\/li>\n                <li style=\"display: none; width: 100%;\" class=\"slide-41508 ms-image\"><a href=\"?esc=site_pl_news\" target=\"_self\" rel=\"noopener\"><img src=\"https:\/\/p-cdn.espritgames.com\/wp-content\/uploads\/sites\/7\/2021\/04\/screen_5-1.jpg\" height=\"460\" width=\"1920\" alt=\"\" class=\"slider-41292 slide-41508\" title=\"screen_5\" \/><\/a><\/li>\n                <li style=\"display: none; width: 100%;\" class=\"slide-41509 ms-image\"><a href=\"?esc=site_pl_news\" target=\"_self\" rel=\"noopener\"><img src=\"https:\/\/p-cdn.espritgames.com\/wp-content\/uploads\/sites\/7\/2021\/04\/screen_6-1.jpg\" height=\"460\" width=\"1920\" alt=\"\" class=\"slider-41292 slide-41509\" title=\"screen_6\" \/><\/a><\/li>\n            <\/ul>\n        <\/div>\n        \n    <\/div>\n<\/div><\/div>\n<div class=\"b4\">\n\t<div class=\"pers\"><\/div>\n\t<div class=\"psch\"><\/div>\n\t<div class=\"txt_outer\">\n\t\t<span class=\"txt_en\">Zbuduj pot\u0119\u017cn\u0105 cytadel\u0119 na lataj\u0105cej wyspie, przywo\u0142aj sojuszniczych p\u00f3\u0142bog\u00f3w i ocal \u015bwiat przed zniszczeniem!<br> <b>Dark Genesis<\/b> - to dynamiczne MMORPG zainspirowane rozmaitymi mitami z ca\u0142ego \u015bwiata. Tylko ty mo\u017cesz zako\u0144czy\u0107 krwaw\u0105 wojn\u0119, przywr\u00f3ci\u0107 chwa\u0142\u0119 dawnym bogom i odkry\u0107 tajemnice Dark Genesis!\n<\/span> \n\t<\/div>\n<\/div>\n<div class=\"b5\">\n    <img src=\"https:\/\/p-cdn.espritgames.ru\/wp-content\/themes\/espritgames\/promo\/dg-main\/img\/bottom_block\/logo.png\">\n    <a class=\"btn_link btn_link_pl bnt_p_open\"><\/a>\n\t  <!--<img class=\"eg_logo_bottom\" src=\"https:\/\/p-cdn.espritgames.ru\/wp-content\/themes\/espritgames\/promo\/loahf-main\/img\/esprit_logo.png\">\n\t  <p class=\"eg_txt_bottom\">\u0418\u0413\u0420\u041e\u0412\u041e\u0419 \u041f\u041e\u0420\u0422\u0410\u041b ESPRIT GAMES LLC \u00a9 2014 \u2013 [year_now]<\/p>\n\t  <img class=\"footer_16\" src=\"https:\/\/p-cdn.espritgames.ru\/wp-content\/themes\/espritgames\/img\/main\/com\/16+.png\">-->\n<\/div><\/div><\/div><\/div><\/div><\/div>","protected":false},"excerpt":{"rendered":"<p>&times; Zbuduj pot\u0119\u017cn\u0105 cytadel\u0119 na lataj\u0105cej wyspie, przywo\u0142aj sojuszniczych p\u00f3\u0142bog\u00f3w i ocal \u015bwiat przed zniszczeniem! Dark Genesis &#8211; to dynamiczne MMORPG zainspirowane rozmaitymi mitami z ca\u0142ego \u015bwiata. Tylko ty mo\u017cesz zako\u0144czy\u0107 krwaw\u0105 wojn\u0119, przywr\u00f3ci\u0107 chwa\u0142\u0119 dawnym bogom i odkry\u0107 tajemnice Dark Genesis!<\/p>\n","protected":false},"author":1969676,"featured_media":0,"parent":0,"menu_order":0,"comment_status":"closed","ping_status":"closed","template":"page-templates\/landing.php","meta":[],"_links":{"self":[{"href":"https:\/\/espritgames.com\/pl\/wp-json\/wp\/v2\/pages\/41282"}],"collection":[{"href":"https:\/\/espritgames.com\/pl\/wp-json\/wp\/v2\/pages"}],"about":[{"href":"https:\/\/espritgames.com\/pl\/wp-json\/wp\/v2\/types\/page"}],"author":[{"embeddable":true,"href":"https:\/\/espritgames.com\/pl\/wp-json\/wp\/v2\/users\/1969676"}],"replies":[{"embeddable":true,"href":"https:\/\/espritgames.com\/pl\/wp-json\/wp\/v2\/comments?post=41282"}],"version-history":[{"count":20,"href":"https:\/\/espritgames.com\/pl\/wp-json\/wp\/v2\/pages\/41282\/revisions"}],"predecessor-version":[{"id":46637,"href":"https:\/\/espritgames.com\/pl\/wp-json\/wp\/v2\/pages\/41282\/revisions\/46637"}],"wp:attachment":[{"href":"https:\/\/espritgames.com\/pl\/wp-json\/wp\/v2\/media?parent=41282"}],"curies":[{"name":"wp","href":"https:\/\/api.w.org\/{rel}","templated":true}]}}