 


						{"id":41221,"date":"2021-04-13T14:55:06","date_gmt":"2021-04-13T12:55:06","guid":{"rendered":"https:\/\/espritgames.com\/pl\/?page_id=41221"},"modified":"2023-12-28T15:49:38","modified_gmt":"2023-12-28T14:49:38","slug":"zensupport","status":"publish","type":"page","link":"https:\/\/espritgames.com\/pl\/zensupport\/","title":{"rendered":"Zen Support"},"content":{"rendered":"<div id=\"pl-41221\"  class=\"panel-layout\" ><div id=\"pg-41221-0\"  class=\"panel-grid panel-no-style\" ><div id=\"pgc-41221-0-0\"  class=\"panel-grid-cell\" ><div id=\"panel-41221-0-0-0\" class=\"widget_text so-panel widget widget_custom_html panel-first-child\" data-index=\"0\" ><div class=\"widget_text support_list_ttl panel-widget-style panel-widget-style-for-41221-0-0-0\" ><div class=\"textwidget custom-html-widget\">wybierz gr\u0119<\/div><\/div><\/div><div id=\"panel-41221-0-0-1\" class=\"widget_text so-panel widget widget_custom_html panel-last-child\" data-index=\"1\" ><div class=\"widget_text support_list panel-widget-style panel-widget-style-for-41221-0-0-1\" ><div class=\"textwidget custom-html-widget\"><a class=\"game_icon game_icon_heroesbook_en\" target=\"_blank\" href=\"https:\/\/espritgames.com\/pl\/support\/\" rel=\"noopener\">Book of Heroes<\/a>\n<a class=\"game_icon game_icon_battlearena\" target=\"_blank\" href=\"https:\/\/espritgames.com\/pl\/support\/\" rel=\"noopener\">Battle Arena<\/a>\n<a class=\"game_icon game_icon_eternalfuryres_pl\" target=\"_blank\" href=\"https:\/\/espritgames.com\/pl\/support\/\" rel=\"noopener\">Eternal Fury: Odrodzenie<\/a>\n<a class=\"game_icon game_icon_talesofwind\" target=\"_blank\" href=\"https:\/\/espritgames.com\/pl\/support\/\" rel=\"noopener\">Tales of Wind<\/a>\n<a class=\"game_icon game_icon_worldofchaos\" target=\"_blank\" href=\"https:\/\/espritgames.com\/pl\/support\/\" rel=\"noopener\">World of Chaos<\/a>\n<a class=\"game_icon game_icon_darkgenesis\" target=\"_blank\" href=\"https:\/\/espritgames.com\/pl\/support\/\" rel=\"noopener\">Dark Genesis<\/a>\n<a class=\"game_icon game_icon_idleglory_ext\" target=\"_blank\" href=\"https:\/\/espritgames.com\/pl\/support\/\" rel=\"noopener\">IDLE Glory<\/a>\n<a class=\"game_icon game_icon_bladeofkings_pl\" target=\"_blank\" href=\"https:\/\/espritgames.com\/pl\/support\/\" rel=\"noopener\">Ostrze Kr\u00f3l\u00f3w<\/a>\n<a class=\"game_icon game_icon_eternalsword\" target=\"_blank\" href=\"https:\/\/espritgames.com\/pl\/support\/\" rel=\"noopener\">Eternal Sword<\/a>\n<a class=\"game_icon game_icon_gameofthrones\" target=\"_blank\" href=\"https:\/\/espritgames.com\/pl\/support\/\" rel=\"noopener\">Game of Thrones<\/a>\n<a class=\"game_icon game_icon_leagueofangelshf\" target=\"_blank\" href=\"https:\/\/espritgames.com\/pl\/support\/\" rel=\"noopener\">League of Angels: Heaven's Fury<\/a>\n<a class=\"game_icon game_icon_leagueofangels3\" target=\"_blank\" href=\"https:\/\/espritgames.com\/pl\/support\/\" rel=\"noopener\">League of Angels 3<\/a>\n<a class=\"game_icon game_icon_wladcasmokow\" target=\"_blank\" href=\"https:\/\/espritgames.com\/pl\/support\/\" rel=\"noopener\">Wladca Smokow<\/a>\n<a class=\"game_icon game_icon_shinigame\" target=\"_blank\" href=\"https:\/\/espritgames.com\/pl\/support\/\" rel=\"noopener\">Shini Game<\/a>\n<a class=\"game_icon game_icon_wartime\" target=\"_blank\" href=\"https:\/\/espritgames.com\/pl\/support\/\" rel=\"noopener\">Wartime<\/a><\/div><\/div><\/div><\/div><\/div><\/div>","protected":false},"excerpt":{"rendered":"<p>wybierz gr\u0119Book of Heroes Battle Arena Eternal Fury: Odrodzenie Tales of Wind World of Chaos Dark Genesis IDLE Glory Ostrze Kr\u00f3l\u00f3w Eternal Sword Game of Thrones League of Angels: Heaven&#8217;s Fury League of Angels 3 Wladca Smokow Shini Game Wartime<\/p>\n","protected":false},"author":1969676,"featured_media":0,"parent":0,"menu_order":0,"comment_status":"closed","ping_status":"closed","template":"page-templates\/landing.php","meta":[],"_links":{"self":[{"href":"https:\/\/espritgames.com\/pl\/wp-json\/wp\/v2\/pages\/41221"}],"collection":[{"href":"https:\/\/espritgames.com\/pl\/wp-json\/wp\/v2\/pages"}],"about":[{"href":"https:\/\/espritgames.com\/pl\/wp-json\/wp\/v2\/types\/page"}],"author":[{"embeddable":true,"href":"https:\/\/espritgames.com\/pl\/wp-json\/wp\/v2\/users\/1969676"}],"replies":[{"embeddable":true,"href":"https:\/\/espritgames.com\/pl\/wp-json\/wp\/v2\/comments?post=41221"}],"version-history":[{"count":35,"href":"https:\/\/espritgames.com\/pl\/wp-json\/wp\/v2\/pages\/41221\/revisions"}],"predecessor-version":[{"id":71400,"href":"https:\/\/espritgames.com\/pl\/wp-json\/wp\/v2\/pages\/41221\/revisions\/71400"}],"wp:attachment":[{"href":"https:\/\/espritgames.com\/pl\/wp-json\/wp\/v2\/media?parent=41221"}],"curies":[{"name":"wp","href":"https:\/\/api.w.org\/{rel}","templated":true}]}}