 


						{"id":36929,"date":"2021-01-21T13:03:48","date_gmt":"2021-01-21T12:03:48","guid":{"rendered":"https:\/\/espritgames.com\/pl\/?page_id=36929"},"modified":"2021-10-20T11:54:35","modified_gmt":"2021-10-20T09:54:35","slug":"leagueofangels3","status":"publish","type":"page","link":"https:\/\/espritgames.com\/pl\/leagueofangels3\/","title":{"rendered":"League of Angels 3 New"},"content":{"rendered":"<div id=\"pl-36929\"  class=\"panel-layout\" ><div id=\"pg-36929-0\"  class=\"panel-grid panel-no-style\" ><div id=\"pgc-36929-0-0\"  class=\"panel-grid-cell\" ><div id=\"panel-36929-0-0-0\" class=\"widget_text so-panel widget widget_custom_html panel-first-child panel-last-child\" data-index=\"0\" ><div class=\"widget_text loa3_new_back panel-widget-style panel-widget-style-for-36929-0-0-0\" ><div class=\"textwidget custom-html-widget\"><div class=\"big_pic loa3_new\"><\/div>\n<div id=\"loa3_new\" class=\"e-landing\">\n\t<div class=\"e-content\">\n\t\t<div class=\"e-logo e_logo_pl\"><\/div>\n\t\t<a href=\"https:\/\/cdn.espritgames.ru\/download\/loader_pl.exe\" download=\"\" class=\"play_btn play_btn_instr play_btn_pl\"><\/a>\n\t\t<!--[osdk_auth_widget holder_id='esprit-auth-widget-holder' width=628 height=780 return_to='https:\/\/espritgames.com\/leagueofangels3\/go\/' consumer='portal-com' locale='en_US' styles_url='https:\/\/cdn.espritgames.ru\/espritgames-auth-custom\/loa-form_en.css?v=1.3' eula=\"leagueofangels3\" holder_css='margin: 0px 10px 25px 490px;']-->\n\t\t<div class=\"e-text-header e_text_header_pl\"><\/div>\n\t\t<div class=\"e-text\">\n\t\t\t<a href=\"https:\/\/cdn.espritgames.ru\/download\/loader_pl.exe\" download=\"\" class=\"play_btn play_btn_instr play_btn_pl\"><\/a>\n\t\t\t<!--<h1>League of Angels 3<\/h1>-->\n\t\t\t<p class=\"e-text-menu\"><a class=\"play_btn_instr\" href=\"https:\/\/cdn.espritgames.ru\/download\/loader_pl.exe\">Pobierz Launcher i Graj<\/a> <a href=\".\/news\/\">News<\/a> <a href=\".\/guides\/\">Guides<\/a><\/p>\n\t\t\t<p>League of Angels 3 to godny nast\u0119pca, kt\u00f3ry przerasta swojego poprzednika pod ka\u017cdym wzgl\u0119dem!<\/p>\n\n\t\t\t<p>Wracasz do fantastycznego \u015bwiata Elysium, w kt\u00f3rym toczy si\u0119 krwawa wojna pomi\u0119dzy anio\u0142ami a czarnymi smokami. Rozpaczliwie pr\u00f3buj\u0105c powstrzyma\u0107 wrog\u00f3w, ruszasz w przesz\u0142o\u015b\u0107, by odnale\u017a\u0107 pot\u0119\u017cne artefakty, kt\u00f3re pomog\u0105 armii niebia\u0144skich wojownik\u00f3w pokona\u0107 smoki.<\/p>\n\n\t\t\t<p class=\"gf_txt\">Cechy gry:<\/p>\n\n\t\t\t<ul>\n\t\t\t\t<li>Ekscytuj\u0105ca kampania fabularna!<\/li>\n\t\t\t\t<li>Rozbudowany system rozwoju postaci!<\/li>\n\t\t\t\t<li>Zmienianie klas w dowolnym momencie!<\/li>\n\t\t\t\t<li>Wsp\u00f3lna gra ze znajomymi i wojny gildii!<\/li>\n\t\t\t\t<li>Walka z innymi graczami w mi\u0119dzyserwerowych bitwach!<\/li>\n\t\t\t\t<li>Tworzenie wspania\u0142ej dru\u017cyny bohater\u00f3w i walka z si\u0142ami z\u0142a!<\/li>\n\t\t\t<\/ul>\n\t\t<\/div>\n\t<\/div>\n\t<div class=\"slider_outer\"><div style=\"width: 100%; margin: 0 auto;\" class=\"ml-slider-3-7-2 ml-slider-pro-2-6-5 metaslider metaslider-flex metaslider-10392 ml-slider in-game-slider nav-hidden\">\n    <style type=\"text\/css\" id=\"metaslider-css-10392\">\n        #metaslider_10392.flexslider .slides li {margin-right: 10px !important;}\n \n\t.metaslider-10392 .flexslider .flex-control-paging li a,\n\t.metaslider-10392 .flexslider .flex-control-paging li a:hover {\n\t\tpadding: 0;\n\t\tbox-shadow: none;\n\t\ttext-indent: -9999px;\n\t\tborder-style: solid;\n\t\tdisplay: inline-block;\n\t\tborder-color: rgba(0,0,0,1);\n\t\tborder-radius: 10px;\n\t\t-webkit-border-radius: 10px;\n\t\t-moz-border-radius: 10px;\n\t\tborder-width: 0px;\n\t\tborder: 0px solid rgba(0,0,0,1);\n\t\tline-height: 12px;\n\t\twidth: 12px;\n\t\theight: 12px;\n\t\tmargin: 0 4px;\n\t\tbackground: rgb(0,0,0);\n\t\tbackground: rgba(0,0,0,0.5);\n\t\tbackground: -webkit-gradient(linear, 0% 0%, 0% 100%, from(rgba(0,0,0,0.5)), to(rgba(0,0,0,0.5)));\n\t\tbackground: -webkit-linear-gradient(top, rgba(0,0,0,0.5), rgba(0,0,0,0.5));\n\t\tbackground: -moz-linear-gradient(top, rgba(0,0,0,0.5), rgba(0,0,0,0.5));\n\t\tbackground: -ms-linear-gradient(top, rgba(0,0,0,0.5), rgba(0,0,0,0.5));\n\t\tbackground: -o-linear-gradient(top, rgba(0,0,0,0.5), rgba(0,0,0,0.5));\n\t\tbackground: linear-gradient(top, rgba(0,0,0,0.5), rgba(0,0,0,0.5));\n\t}\n\n\t.metaslider-10392 .flexslider .flex-control-paging li {\n\t\tmargin: 0;\n\t\ttext-indent: 0;\n\t\twidth: auto;\n\t}\n\n\t.metaslider-10392 .flexslider .flex-control-paging li a.flex-active {\n\t\tborder: 0px solid rgba(0,0,0,1);\n\t\tbackground: rgb(0,0,0);\n\t\tbackground: rgba(0,0,0,1);\n\t\tbackground: -webkit-gradient(linear, 0% 0%, 0% 100%, from(rgba(0,0,0,1)), to(rgba(0,0,0,1)));\n\t\tbackground: -webkit-linear-gradient(top, rgba(0,0,0,1), rgba(0,0,0,1));\n\t\tbackground: -moz-linear-gradient(top, rgba(0,0,0,1), rgba(0,0,0,1));\n\t\tbackground: -ms-linear-gradient(top, rgba(0,0,0,1), rgba(0,0,0,1));\n\t\tbackground: -o-linear-gradient(top, rgba(0,0,0,1), rgba(0,0,0,1));\n\t\tbackground: linear-gradient(top, rgba(0,0,0,1), rgba(0,0,0,1));\n\t}\n\n\t.metaslider-10392 .flexslider .flex-control-paging {\n\t\tline-height: 12px;\n\t\tz-index: 99;\n\t\tpadding: 0;\n\t\ttext-align: left;\n\t\tmargin: 10px 0px;\n\t\twidth: 100%;\n\t\ttop: auto;\n\t\tright: auto;\n\t\tbottom: auto;\n\t\tleft: auto;\n\t\tposition: absolute;\n\t\ttext-align: center;\n\t}\n \n\t.metaslider-10392 .flexslider .caption-wrap {\n\t\topacity: 1;\n\t\tmargin: 0px 0px;\n\t\tcolor: rgba(255,255,255,1);\n\t\tbackground: rgb(0,0,0);\n\t\tbackground: rgba(0,0,0,0.7);\n\t\twidth: 100%;\n\t\ttop: auto;\n\t\tright: auto;\n\t\tbottom: 0;\n\t\tleft: 0;\n\t\tclear: none;\n\t\tposition: absolute;\n\t\tborder-radius: 0px;\n\t\t-webkit-border-radius: 0px;\n\t\t-moz-border-radius: 0px;\n\t}\n \n\t.metaslider-10392 .flexslider .flex-direction-nav .flex-prev {\n\t\tbackground: transparent url(https:\/\/espritgames.com\/pl\/wp-content\/plugins\/ml-slider-pro\/modules\/theme_editor\/assets\/arrows\/green.png) 0 -498px no-repeat;\n\t\tmargin-top: -17px;\n\t\twidth: 34px;\n\t\theight: 34px;\n\t\topacity: 0;\n\t\tleft: 0px;\n\t\tpadding: 0;\n\t}\n\n\t.metaslider-10392 .flexslider .flex-direction-nav .flex-next {\n\t\tbackground: transparent url(https:\/\/espritgames.com\/pl\/wp-content\/plugins\/ml-slider-pro\/modules\/theme_editor\/assets\/arrows\/green.png) 100% -498px no-repeat;\n\t\tmargin-top: -17px;\n\t\twidth: 34px;\n\t\theight: 34px;\n\t\topacity: 0;\n\t\tright: 0px;\n\t\tpadding: 0;\n\t}\n\n\t.metaslider-10392 .flexslider:hover .flex-direction-nav .flex-prev {\n\t\tleft: 5px;\n\t\topacity: 0.9;\n\t}\n\n\t.metaslider-10392 .flexslider:hover .flex-direction-nav .flex-next {\n\t\tright: 5px;\n\t\topacity: 0.9;\n\t}\n\n\t.metaslider-10392 {\n\t\tmargin-bottom: 32px;\n\t}\n\n    <\/style>\n    <div id=\"metaslider_container_10392\">\n        <div id=\"metaslider_10392\">\n            <ul class=\"slides\">\n                <li style=\"display: none; width: 100%;\" class=\"slide-10398 ms-image\"><a href=\"?esc=site_pl_news\" target=\"_self\" rel=\"noopener\"><img src=\"https:\/\/p-cdn.espritgames.com\/wp-content\/uploads\/sites\/7\/2019\/07\/LoA3_scrnPL_land1.jpg\" height=\"595\" width=\"960\" alt=\"\" class=\"slider-10392 slide-10398\" title=\"LoA3_scrnPL_land1\" \/><\/a><\/li>\n                <li style=\"display: none; width: 100%;\" class=\"slide-10399 ms-image\"><a href=\"?esc=site_pl_news\" target=\"_self\" rel=\"noopener\"><img src=\"https:\/\/p-cdn.espritgames.com\/wp-content\/uploads\/sites\/7\/2019\/07\/LoA3_scrnPL_land2.jpg\" height=\"595\" width=\"960\" alt=\"\" class=\"slider-10392 slide-10399\" title=\"LoA3_scrnPL_land2\" \/><\/a><\/li>\n                <li style=\"display: none; width: 100%;\" class=\"slide-10400 ms-image\"><a href=\"?esc=site_pl_news\" target=\"_self\" rel=\"noopener\"><img src=\"https:\/\/p-cdn.espritgames.com\/wp-content\/uploads\/sites\/7\/2019\/07\/LoA3_scrnPL_land3.jpg\" height=\"595\" width=\"960\" alt=\"\" class=\"slider-10392 slide-10400\" title=\"LoA3_scrnPL_land3\" \/><\/a><\/li>\n                <li style=\"display: none; width: 100%;\" class=\"slide-10401 ms-image\"><a href=\"?esc=site_pl_news\" target=\"_self\" rel=\"noopener\"><img src=\"https:\/\/p-cdn.espritgames.com\/wp-content\/uploads\/sites\/7\/2019\/07\/LoA3_scrnPL_land4.jpg\" height=\"595\" width=\"960\" alt=\"\" class=\"slider-10392 slide-10401\" title=\"LoA3_scrnPL_land4\" \/><\/a><\/li>\n                <li style=\"display: none; width: 100%;\" class=\"slide-10402 ms-image\"><a href=\"?esc=site_pl_news\" target=\"_self\" rel=\"noopener\"><img src=\"https:\/\/p-cdn.espritgames.com\/wp-content\/uploads\/sites\/7\/2019\/07\/LoA3_scrnPL_land5.jpg\" height=\"595\" width=\"960\" alt=\"\" class=\"slider-10392 slide-10402\" title=\"LoA3_scrnPL_land5\" \/><\/a><\/li>\n            <\/ul>\n        <\/div>\n        \n    <\/div>\n<\/div><\/div>\n<\/div><\/div><\/div><\/div><\/div><\/div><\/div>","protected":false},"excerpt":{"rendered":"<p>Pobierz Launcher i Graj News Guides League of Angels 3 to godny nast\u0119pca, kt\u00f3ry przerasta swojego poprzednika pod ka\u017cdym wzgl\u0119dem! Wracasz do fantastycznego \u015bwiata Elysium, w kt\u00f3rym toczy si\u0119 krwawa wojna pomi\u0119dzy anio\u0142ami a czarnymi smokami. Rozpaczliwie pr\u00f3buj\u0105c powstrzyma\u0107 wrog\u00f3w, ruszasz w przesz\u0142o\u015b\u0107, by odnale\u017a\u0107 pot\u0119\u017cne artefakty, kt\u00f3re pomog\u0105 armii niebia\u0144skich wojownik\u00f3w pokona\u0107 smoki. Cechy &hellip; <a href=\"https:\/\/espritgames.com\/pl\/leagueofangels3\/\" class=\"more-link\">Continue reading <span class=\"screen-reader-text\">League of Angels 3 New<\/span> <span class=\"meta-nav\">&rarr;<\/span><\/a><\/p>\n","protected":false},"author":1969676,"featured_media":0,"parent":0,"menu_order":0,"comment_status":"closed","ping_status":"closed","template":"page-templates\/landing.php","meta":[],"_links":{"self":[{"href":"https:\/\/espritgames.com\/pl\/wp-json\/wp\/v2\/pages\/36929"}],"collection":[{"href":"https:\/\/espritgames.com\/pl\/wp-json\/wp\/v2\/pages"}],"about":[{"href":"https:\/\/espritgames.com\/pl\/wp-json\/wp\/v2\/types\/page"}],"author":[{"embeddable":true,"href":"https:\/\/espritgames.com\/pl\/wp-json\/wp\/v2\/users\/1969676"}],"replies":[{"embeddable":true,"href":"https:\/\/espritgames.com\/pl\/wp-json\/wp\/v2\/comments?post=36929"}],"version-history":[{"count":15,"href":"https:\/\/espritgames.com\/pl\/wp-json\/wp\/v2\/pages\/36929\/revisions"}],"predecessor-version":[{"id":48761,"href":"https:\/\/espritgames.com\/pl\/wp-json\/wp\/v2\/pages\/36929\/revisions\/48761"}],"wp:attachment":[{"href":"https:\/\/espritgames.com\/pl\/wp-json\/wp\/v2\/media?parent=36929"}],"curies":[{"name":"wp","href":"https:\/\/api.w.org\/{rel}","templated":true}]}}