 


						{"id":36308,"date":"2021-01-06T14:55:32","date_gmt":"2021-01-06T13:55:32","guid":{"rendered":"https:\/\/espritgames.com\/pl\/?page_id=36308"},"modified":"2021-03-19T17:47:47","modified_gmt":"2021-03-19T16:47:47","slug":"download","status":"publish","type":"page","link":"https:\/\/espritgames.com\/pl\/leagueofangelshf\/download\/","title":{"rendered":"League of Angels: Heaven\u2019s Fury. Download"},"content":{"rendered":"<div id=\"pl-36308\"  class=\"panel-layout\" ><div id=\"pg-36308-0\"  class=\"panel-grid panel-no-style\" ><div id=\"pgc-36308-0-0\"  class=\"panel-grid-cell\" ><div id=\"panel-36308-0-0-0\" class=\"widget_text so-panel widget widget_custom_html panel-first-child panel-last-child\" data-index=\"0\" ><div class=\"textwidget custom-html-widget\"><div class=\"d1\"><\/div>\n<div class=\"d2\">\n\t<h2>INSTALACJA<\/h2>\n\t<p>Pobieranie i instalacja trwaj\u0105 do trzech minut.<\/p>\n\t<div class=\"subb\">\n\t\t<div class=\"subb_1\"><b>POBIERZ PLIK INSTALACYJNY.<\/b>Je\u015bli jeste\u015b na tej stronie, program uruchamiaj\u0105cy zosta\u0142 automatycznie pobrany na Tw\u00f3j komputer. <br> Je\u015bli tak nie by\u0142o, <a href=\"https:\/\/cdn.espritgames.ru\/download\/leagueofangelshf_loader_pl.exe\">kliknij tutaj<\/a>.<\/div>\n\t\t<div class=\"subb_2\"><b>URUCHOM POBRANY PLIK.<\/b>By uruchomi\u0107 instalator, kliknij pobrany plik.<br><br>By odnale\u017a\u0107 ten plik, post\u0119puj zgodnie z podpowiedziami lub naci\u015bnij \u00ab<span>CTRL<\/span>\u00bb + \u00ab<span>J<\/span>\u00bb wybierz go ze swoich plik\u00f3w pobranych.\n\t\t<\/div>\n\t\t<div class=\"subb_3\"><b>ZACZEKAJ NA UKO\u0143CZENIE INSTALACJI.<\/b>Po klikni\u0119ciu pliku rozpocznie si\u0119 proces instalacyjny. Gra instaluje si\u0119 automatycznie.\n\t\t<\/div>\n\t<\/div>\n\t<p class=\"bottom_txt\">Teraz mo\u017cesz si\u0119 cieszy\u0107 League of Angels: Heaven\u2019s Fury!<br>\n\t<!--Je\u015bli masz jakie\u015b problemy lub pytania, przeczytaj nasz <a href=\"https:\/\/espritgames.com\/pl\/about_launcher\/instruction_launcher\/\">kompletny poradnik instalacyjny<\/a><br> lub <a href=\"https:\/\/espritgames.com\/pl\/support\/\">skontaktuj si\u0119 z nami<\/a>.--><\/p>\n<\/div>\n<div class=\"d3\">\n\t<h2>MINIMUM SYSTEM REQUIREMENTS<\/h2>\n\t<div class=\"sys\">\n\t\t<div class=\"sys_left\">\n\t\t\t<p><span>OS:<\/span> Windows7 32bit<\/p>\n\t\t\t<p><span>CPU:<\/span> Intel(R) Core(TM) i3-4160 CPU@3.60GHz<\/p>\n\t\t\t<p><span>RAM:<\/span> 2 GB RAM<\/p>\n\t\t<\/div>\n\t\t<div class=\"sys_right\">\n\t\t\t<p><span>Video card:<\/span> 1024MB<\/p>\n\t\t\t<p><span>DirectX:<\/span> DirectX Versions 9.0c<\/p>\n\t\t\t<p><span>Network:<\/span> Broadband internet connection<\/p>\n\t\t\t<p><span>Free disk space:<\/span> 10 GB<\/p>\n\t\t<\/div>\n\t<\/div>\n<\/div>\n<div class=\"d4\">\n\t<p>\n\t\tPrawo w\u0142asno\u015bci autorskiej do wieloosobowej, internetowej gry RPG League of Angels: Heaven's Fury nale\u017cy do jej tw\u00f3rc\u00f3w.<br>\n\t\tEsprit Games jest wy\u0142\u0105cznym dystrybutorem oraz wydawc\u0105 gry we Wsp\u00f3lnocie Niepodleg\u0142ych Pa\u0144stw, w Rosji, Europie, Ameryce P\u00f3\u0142nocnej oraz \u0141aci\u0144skiej, Australii, a tak\u017ce Nowej Zelandii.<br>\n\t\tZagraj za darmo ju\u017c teraz!\n\t<\/p>\n\t<a href=\"https:\/\/espritgames.com\/pl\/support\/\">Support<\/a>\n\t<a href=\"https:\/\/espritgames.com\/pl\/agreements\/leagueofangelshf\/\">Polityki prywatno\u015bc<\/a>\n\t<a href=\"https:\/\/espritgames.com\/pl\/licenses\/leagueofangelshf\/\">Umowy u\u017cytkownika<\/a>\n<\/div>\n<a class=\"arrdown\">Kliknij tutaj,<br> by rozpocz\u0105\u0107<br> instalacj\u0119<\/a><\/div><\/div><\/div><\/div><\/div>","protected":false},"excerpt":{"rendered":"<p>INSTALACJA Pobieranie i instalacja trwaj\u0105 do trzech minut. POBIERZ PLIK INSTALACYJNY.Je\u015bli jeste\u015b na tej stronie, program uruchamiaj\u0105cy zosta\u0142 automatycznie pobrany na Tw\u00f3j komputer. Je\u015bli tak nie by\u0142o, kliknij tutaj. URUCHOM POBRANY PLIK.By uruchomi\u0107 instalator, kliknij pobrany plik.By odnale\u017a\u0107 ten plik, post\u0119puj zgodnie z podpowiedziami lub naci\u015bnij \u00abCTRL\u00bb + \u00abJ\u00bb wybierz go ze swoich plik\u00f3w pobranych. &hellip; <a href=\"https:\/\/espritgames.com\/pl\/leagueofangelshf\/download\/\" class=\"more-link\">Continue reading <span class=\"screen-reader-text\">League of Angels: Heaven\u2019s Fury. Download<\/span> <span class=\"meta-nav\">&rarr;<\/span><\/a><\/p>\n","protected":false},"author":1969676,"featured_media":0,"parent":35136,"menu_order":0,"comment_status":"closed","ping_status":"closed","template":"page-templates\/landing.php","meta":[],"_links":{"self":[{"href":"https:\/\/espritgames.com\/pl\/wp-json\/wp\/v2\/pages\/36308"}],"collection":[{"href":"https:\/\/espritgames.com\/pl\/wp-json\/wp\/v2\/pages"}],"about":[{"href":"https:\/\/espritgames.com\/pl\/wp-json\/wp\/v2\/types\/page"}],"author":[{"embeddable":true,"href":"https:\/\/espritgames.com\/pl\/wp-json\/wp\/v2\/users\/1969676"}],"replies":[{"embeddable":true,"href":"https:\/\/espritgames.com\/pl\/wp-json\/wp\/v2\/comments?post=36308"}],"version-history":[{"count":30,"href":"https:\/\/espritgames.com\/pl\/wp-json\/wp\/v2\/pages\/36308\/revisions"}],"predecessor-version":[{"id":37741,"href":"https:\/\/espritgames.com\/pl\/wp-json\/wp\/v2\/pages\/36308\/revisions\/37741"}],"up":[{"embeddable":true,"href":"https:\/\/espritgames.com\/pl\/wp-json\/wp\/v2\/pages\/35136"}],"wp:attachment":[{"href":"https:\/\/espritgames.com\/pl\/wp-json\/wp\/v2\/media?parent=36308"}],"curies":[{"name":"wp","href":"https:\/\/api.w.org\/{rel}","templated":true}]}}