 


						{"id":35136,"date":"2020-12-03T15:20:25","date_gmt":"2020-12-03T14:20:25","guid":{"rendered":"https:\/\/espritgames.com\/pl\/?page_id=35136"},"modified":"2021-03-02T14:36:37","modified_gmt":"2021-03-02T13:36:37","slug":"leagueofangelshf","status":"publish","type":"page","link":"https:\/\/espritgames.com\/pl\/leagueofangelshf\/","title":{"rendered":"League of Angels: Heaven&#8217;s Fury"},"content":{"rendered":"<div id=\"pl-35136\"  class=\"panel-layout\" ><div id=\"pg-35136-0\"  class=\"panel-grid panel-no-style\" ><div id=\"pgc-35136-0-0\"  class=\"panel-grid-cell\" ><div id=\"panel-35136-0-0-0\" class=\"widget_text so-panel widget widget_custom_html panel-first-child panel-last-child\" data-index=\"0\" ><div class=\"textwidget custom-html-widget\"><div class=\"outer_ext_form\" style=\"display:none;\">\n\t\t<a class=\"outer_ext_form_close\">&times;<\/a>\n\t\t<div id=\"osdk-auth-widget-holder\" style=\"width: 447px; height: 690px; \"><div id=\"loader\"><\/div><\/div>\n    <script>\n    var show_on_demand = false;\n    !function(a,b,c,d){a._osdkAuthFn=d,a[d]=a[d]||function(){(a[d].cs=a[d].cs||[]).push(arguments)};var e=b.createElement(\"script\"),f=b.getElementsByTagName(\"script\")[0];e.async=1,e.src=c,f.parentNode.insertBefore(e,f)}(window,document,\"\/\/ostatic.espritgames.com\/auth\/js\/widget.js?v=6\",\"osdkAuthWidget\");\n\n    function osdkShowWidget() {\n        if( document.getElementById('osdk-auth-widget-holder') ) document.getElementById('osdk-auth-widget-holder').innerHTML = '<div id=\"loader\"><b style=\"display:none;\"><\/b><\/div>';\n        \n        osdkAuthWidget({\n            service: 'auth.espritgames.com',\n            holder: 'osdk-auth-widget-holder',\n            width: 447,\n            height: 690,\n            returnTo: 'https:\/\/espritgames.com\/pl\/leagueofangelshf\/',\n            downloadUrl: 'https:\/\/cdn.espritgames.ru\/download\/leagueofangelshf_loader_pl.exe',\n            authNotRequired: false,\n            consumer: 'portal-pl',\n            locale: 'pl_PL',\n            stylesUrl: 'https:\/\/cdn.espritgames.ru\/espritgames-auth-custom\/loahf-form.pl.css',\n            eula: 'leagueofangelshf'\n        });\n    }\n    if( !show_on_demand ) osdkShowWidget();\n    <\/script>\n<\/div>\n<div class=\"b1\">\n\n<\/div>\n<div class=\"b2\">\n\t<img class=\"top_logo\" src=\"https:\/\/p-cdn.espritgames.ru\/wp-content\/themes\/espritgames\/promo\/loahf-main\/img\/en\/logo.png\">\n\t<a class=\"dwld_btn bnt_p_open\" href=\"#\">GRAJ<\/a> \n\t<p class=\"desc\">*aby gra\u0107, musisz pobra\u0107 <a href=\"https:\/\/cdn.espritgames.ru\/download\/leagueofangelshf_loader_pl.exe\">Esprit Game Center<\/a><\/p>\n\t<div id=\"osdk-pc-game-widget-holder\"><div id=\"loader\"><\/div><\/div>\n<script>\n    !function(a,b,c,d){a._osdkPCGameFn=d,a[d]=a[d]||function(){(a[d].cs=a[d].cs||[]).push(arguments)};var e=b.createElement(\"script\"),f=b.getElementsByTagName(\"script\")[0];e.async=1,e.src=c,f.parentNode.insertBefore(e,f)}(window,document,\"\/\/invader.espritgames.ru\/static\/js\/pc-game-widget.js?v=7\",\"osdkPCGameWidget\");\n\n    window.addEventListener('load', function() {\n        osdkPCGameWidget({\n            service: \"invader.espritgames.ru\",\n            appId: \"829\",\n            gameId: \"262277\",\n            ident: \"leagueofangelshf\",\n            locale: \"pl_PL\",\n            holder: \"osdk-pc-game-widget-holder\",\n            width: \"444\",\n            height: \"480px\",\n            stylesUrl: \"\",\n            showServers: true,\n            promoCodeEnable: false\n        });\n    });\n<\/script>\n\t<p>\n\t\tLeague of Angels: Heaven's Fury is a worthy sequel to the famed League of Angels series. Incredible 3D graphics, atmospheric background music and exciting storyline have awaits!\n\t<\/p>\n\t<a href=\"\/pl\/forum\/go\/leagueofangelshf\/\">Forum<\/a> \n\t<a href=\"\/pl\/leagueofangelshf\/news\/\">AKTUALNO\u015aCI<\/a>\n<\/div>\n<div class=\"b3 b3_en\"><div style=\"max-width: 1920px; margin: 0 auto;\" class=\"ml-slider-3-7-2 ml-slider-pro-2-6-5 metaslider metaslider-flex metaslider-35517 ml-slider\">\n    \n    <div id=\"metaslider_container_35517\">\n        <div id=\"metaslider_35517\">\n            <ul class=\"slides\">\n                <li style=\"display: block; width: 100%;\" class=\"slide-35521 ms-image\"><a href=\"?esc=site_pl_news\" target=\"_self\" rel=\"noopener\"><img src=\"https:\/\/p-cdn.espritgames.com\/wp-content\/uploads\/sites\/7\/2020\/12\/characters_back.jpg\" height=\"600\" width=\"1920\" alt=\"\" class=\"slider-35517 slide-35521\" title=\"characters_back\" \/><\/a><div class=\"caption-wrap\"><div class=\"caption\">W fantastycznym \u015bwiecie League of Angels: Heaven\u2019s Fury towarzyszy\u0107 Ci b\u0119d\u0105 wyj\u0105tkowi bohaterowie. Odkryj ich historie i wykonaj wiele zada\u0144!\r\n<\/div><\/div><\/li>\n                <li style=\"display: none; width: 100%;\" class=\"slide-35522 ms-image\"><a href=\"?esc=site_pl_news\" target=\"_self\" rel=\"noopener\"><img src=\"https:\/\/p-cdn.espritgames.com\/wp-content\/uploads\/sites\/7\/2020\/12\/location_back.jpg\" height=\"600\" width=\"1920\" alt=\"\" class=\"slider-35517 slide-35522\" title=\"location_back\" \/><\/a><div class=\"caption-wrap\"><div class=\"caption\">Mroczne i tajemnicze, fascynuj\u0105ce i imponuj\u0105ce \u2013 zr\u00f3\u017cnicowane i szczeg\u00f3\u0142owe lokacje League of Angels: Heaven\u2019s Fury zadziwi\u0105 nawet najbardziej zaprawionych poszukiwaczy przyg\u00f3d<\/div><\/div><\/li>\n                <li style=\"display: none; width: 100%;\" class=\"slide-35523 ms-image\"><a href=\"?esc=site_pl_news\" target=\"_self\" rel=\"noopener\"><img src=\"https:\/\/p-cdn.espritgames.com\/wp-content\/uploads\/sites\/7\/2020\/12\/weapon_back.jpg\" height=\"600\" width=\"1920\" alt=\"\" class=\"slider-35517 slide-35523\" title=\"weapon_back\" \/><\/a><div class=\"caption-wrap\"><div class=\"caption\">Do swojej dyspozycji masz mn\u00f3stwo pot\u0119\u017cnego wyposa\u017cenia oraz broni. Rozmaite ulepszenia daj\u0105 nieograniczone mo\u017cliwo\u015bci poprawiania oraz modyfikowania umiej\u0119tno\u015bci postaci.<\/div><\/div><\/li>\n            <\/ul>\n        <\/div>\n        \n    <\/div>\n<\/div><\/div>\n<div class=\"b4\">\n\t<p class=\"ttl\">GALERIA<\/p>\n\t<!--[metaslider id=\"45139\"]-->\n\t<div class=\"outet_slider_ext\">\n\t\t<div id=\"slider_ext\">\n\t\t\t<div class=\"one_slide one_slide_1 act\">\n\t\t\t\t<a data-fancybox=\"gallery\" data-type=\"iframe\" data-src=\"https:\/\/www.youtube.com\/embed\/BchqXyvyUC8?controls=0&autoplay=1&mute=0\">\n\t\t\t    <img src=\"https:\/\/p-cdn.espritgames.ru\/wp-content\/themes\/espritgames\/promo\/loahf-main\/img\/trailer_preview.jpg\">\n\t\t\t\t<\/a>\n\t\t\t<\/div>\n\t\t\t<div class=\"one_slide\">\n\t\t\t\t<a data-fancybox=\"gallery\" href=\"https:\/\/p-cdn.espritgames.ru\/wp-content\/themes\/espritgames\/promo\/loahf-main\/img\/pl\/sl\/LoA-HF_Screen_1.jpg\">\n\t\t\t\t\t<img src=\"https:\/\/p-cdn.espritgames.ru\/wp-content\/themes\/espritgames\/promo\/loahf-main\/img\/pl\/sl\/scr_preview-1.jpg\">\n\t\t\t\t<\/a>\n\t\t\t<\/div>\n\t\t\t<div class=\"one_slide\">\n\t\t\t\t<a data-fancybox=\"gallery\" href=\"https:\/\/p-cdn.espritgames.ru\/wp-content\/themes\/espritgames\/promo\/loahf-main\/img\/pl\/sl\/LoA-HF_Screen_2.jpg\">\n\t\t\t\t\t<img src=\"https:\/\/p-cdn.espritgames.ru\/wp-content\/themes\/espritgames\/promo\/loahf-main\/img\/pl\/sl\/scr_preview-2.jpg\">\n\t\t\t\t<\/a>\n\t\t\t<\/div>\n\t\t\t<div class=\"one_slide\">\n\t\t\t\t<a data-fancybox=\"gallery\" href=\"https:\/\/p-cdn.espritgames.ru\/wp-content\/themes\/espritgames\/promo\/loahf-main\/img\/pl\/sl\/LoA-HF_Screen_3.jpg\">\n\t\t\t\t\t<img src=\"https:\/\/p-cdn.espritgames.ru\/wp-content\/themes\/espritgames\/promo\/loahf-main\/img\/pl\/sl\/scr_preview-3.jpg\">\n\t\t\t\t<\/a>\n\t\t\t<\/div>\n\t\t\t<div class=\"one_slide\">\n\t\t\t\t<a data-fancybox=\"gallery\" href=\"https:\/\/p-cdn.espritgames.ru\/wp-content\/themes\/espritgames\/promo\/loahf-main\/img\/pl\/sl\/LoA-HF_Screen_4.jpg\">\n\t\t\t\t\t<img src=\"https:\/\/p-cdn.espritgames.ru\/wp-content\/themes\/espritgames\/promo\/loahf-main\/img\/pl\/sl\/scr_preview-4.jpg\">\n\t\t\t\t<\/a>\n\t\t\t<\/div>\n\t\t\t<div class=\"one_slide\">\n\t\t\t\t<a data-fancybox=\"gallery\" href=\"https:\/\/p-cdn.espritgames.ru\/wp-content\/themes\/espritgames\/promo\/loahf-main\/img\/pl\/sl\/LoA-HF_Screen_5.jpg\">\n\t\t\t\t\t<img src=\"https:\/\/p-cdn.espritgames.ru\/wp-content\/themes\/espritgames\/promo\/loahf-main\/img\/pl\/sl\/scr_preview-5.jpg\">\n\t\t\t\t<\/a>\n\t\t\t<\/div>\n\t\t\t<div class=\"one_slide\">\n\t\t\t\t<a data-fancybox=\"gallery\" href=\"https:\/\/p-cdn.espritgames.ru\/wp-content\/themes\/espritgames\/promo\/loahf-main\/img\/pl\/sl\/LoA-HF_Screen_6.jpg\">\n\t\t\t\t\t<img src=\"https:\/\/p-cdn.espritgames.ru\/wp-content\/themes\/espritgames\/promo\/loahf-main\/img\/pl\/sl\/scr_preview-6.jpg\">\n\t\t\t\t<\/a>\n\t\t\t<\/div>\n\t\t\t<div class=\"one_slide\">\n\t\t\t\t<a data-fancybox=\"gallery\" href=\"https:\/\/p-cdn.espritgames.ru\/wp-content\/themes\/espritgames\/promo\/loahf-main\/img\/pl\/sl\/LoA-HF_Screen_7.jpg\">\n\t\t\t\t\t<img src=\"https:\/\/p-cdn.espritgames.ru\/wp-content\/themes\/espritgames\/promo\/loahf-main\/img\/pl\/sl\/scr_preview-7.jpg\">\n\t\t\t\t<\/a>\n\t\t\t<\/div>\n\t\t<\/div>\n\t\t<a class=\"prev_ar\"><\/a>\n\t\t<a class=\"next_ar\"><\/a>\n\t<\/div>\n\t<div class=\"icon_block icon_block_de\">\n\t\t<div class=\"one_icon one_icon_fl_1\">\n\t\t\t<img src=\"https:\/\/p-cdn.espritgames.ru\/wp-content\/themes\/espritgames\/promo\/loahf-main\/img\/en\/icon_1.png\">\n\t\t\t<p>Poznaj godnego nast\u0119pc\u0119 s\u0142ynnej serii League of Angels oferuj\u0105cego ulepszon\u0105 grafik\u0119 oraz zupe\u0142nie now\u0105 fabu\u0142\u0119<\/p>\n\t\t<\/div>\n\t\t<div class=\"one_icon one_icon_fl_2\">\n\t\t\t<img src=\"https:\/\/p-cdn.espritgames.ru\/wp-content\/themes\/espritgames\/promo\/loahf-main\/img\/en\/icon_2.png\">\n\t\t\t<p>W ka\u017cdej chwili mo\u017cesz bra\u0107 udzia\u0142 w rajdach i zdobywa\u0107 niepowtarzalne wyposa\u017cenie oraz materia\u0142y rzemie\u015blnicze!<\/p>\n\t\t<\/div>\n\t\t<div class=\"one_icon one_icon_fl_3\">\n\t\t\t<img src=\"https:\/\/p-cdn.espritgames.ru\/wp-content\/themes\/espritgames\/promo\/loahf-main\/img\/en\/icon_3.png\">\n\t\t\t<p>Poznaj nowe postacie z greckich mit\u00f3w, takie jak Atena, Pandora czy Apollo<br>&nbsp;<br>&nbsp;<\/p>\n\t\t<\/div>\n\t\t<div class=\"one_icon one_icon_fl_4\">\n\t\t\t<img src=\"https:\/\/p-cdn.espritgames.ru\/wp-content\/themes\/espritgames\/promo\/loahf-main\/img\/en\/icon_4.png\">\n\t\t\t<p>Mo\u017cesz ulepsza\u0107 praktycznie wszystko, od wyposa\u017cenia i relikt\u00f3w po wierzchowce i zwierzaki<br>&nbsp;<\/p>\n\t\t<\/div>\n\t\t<div class=\"one_icon one_icon_fl_5\">\n\t\t\t<img src=\"https:\/\/p-cdn.espritgames.ru\/wp-content\/themes\/espritgames\/promo\/loahf-main\/img\/en\/icon_5.png\">\n\t\t\t<p>Niewiarygodna grafika. Wszystkim bitwom towarzysz\u0105 widowiskowe efekty specjalne oraz pi\u0119kne animacje<\/p>\n\t\t<\/div>\n\t<\/div>\n<\/div>\n<div class=\"b4_w\" id=\"b4_w\">\n\t<p class=\"ttl\">SKRZYD\u0141A ANIO\u0141\u00d3W<\/p>\n\t<div class=\"wings wing_1 act\">\n\t\t<img class=\"act\" src=\"https:\/\/p-cdn.espritgames.ru\/wp-content\/themes\/espritgames\/promo\/loahf-main\/img\/wings_1.png\">\n\t<\/div>\n\t<div class=\"wings wing_2\">\n\t\t<img src=\"https:\/\/p-cdn.espritgames.ru\/wp-content\/themes\/espritgames\/promo\/loahf-main\/img\/wings_2.png\">\n\t<\/div>\n\t<div class=\"wings wing_3\">\n\t\t<img src=\"https:\/\/p-cdn.espritgames.ru\/wp-content\/themes\/espritgames\/promo\/loahf-main\/img\/wings_3.png\">\n\t<\/div>\n<\/div>\n<div class=\"b5\">\n    <img src=\"https:\/\/p-cdn.espritgames.ru\/wp-content\/themes\/espritgames\/promo\/loahf-main\/img\/en\/logo.png\">\n    <a class=\"btn_link btn_link_en bnt_p_open\">GRAJ<\/a>\n\t  <img class=\"eg_logo_bottom\" src=\"https:\/\/p-cdn.espritgames.ru\/wp-content\/themes\/espritgames\/promo\/loahf-main\/img\/esprit_logo.png\">\n\t  <p class=\"eg_txt_bottom\">ESPRIT GAMES LLC \u00a9 2014 \u2013 2026<\/p>\n<\/div><\/div><\/div><\/div><\/div><\/div>","protected":false},"excerpt":{"rendered":"<p>&times; GRAJ *aby gra\u0107, musisz pobra\u0107 Esprit Game Center League of Angels: Heaven&#8217;s Fury is a worthy sequel to the famed League of Angels series. Incredible 3D graphics, atmospheric background music and exciting storyline have awaits! Forum AKTUALNO\u015aCI W fantastycznym \u015bwiecie League of Angels: Heaven\u2019s Fury towarzyszy\u0107 Ci b\u0119d\u0105 wyj\u0105tkowi bohaterowie. Odkryj ich historie i &hellip; <a href=\"https:\/\/espritgames.com\/pl\/leagueofangelshf\/\" class=\"more-link\">Continue reading <span class=\"screen-reader-text\">League of Angels: Heaven&#8217;s Fury<\/span> <span class=\"meta-nav\">&rarr;<\/span><\/a><\/p>\n","protected":false},"author":1969676,"featured_media":0,"parent":0,"menu_order":0,"comment_status":"closed","ping_status":"closed","template":"page-templates\/landing.php","meta":[],"_links":{"self":[{"href":"https:\/\/espritgames.com\/pl\/wp-json\/wp\/v2\/pages\/35136"}],"collection":[{"href":"https:\/\/espritgames.com\/pl\/wp-json\/wp\/v2\/pages"}],"about":[{"href":"https:\/\/espritgames.com\/pl\/wp-json\/wp\/v2\/types\/page"}],"author":[{"embeddable":true,"href":"https:\/\/espritgames.com\/pl\/wp-json\/wp\/v2\/users\/1969676"}],"replies":[{"embeddable":true,"href":"https:\/\/espritgames.com\/pl\/wp-json\/wp\/v2\/comments?post=35136"}],"version-history":[{"count":34,"href":"https:\/\/espritgames.com\/pl\/wp-json\/wp\/v2\/pages\/35136\/revisions"}],"predecessor-version":[{"id":37737,"href":"https:\/\/espritgames.com\/pl\/wp-json\/wp\/v2\/pages\/35136\/revisions\/37737"}],"wp:attachment":[{"href":"https:\/\/espritgames.com\/pl\/wp-json\/wp\/v2\/media?parent=35136"}],"curies":[{"name":"wp","href":"https:\/\/api.w.org\/{rel}","templated":true}]}}