 


						{"id":34290,"date":"2020-11-06T09:34:59","date_gmt":"2020-11-06T08:34:59","guid":{"rendered":"https:\/\/espritgames.com\/pl\/?page_id=34290"},"modified":"2020-11-06T09:37:54","modified_gmt":"2020-11-06T08:37:54","slug":"wladcasmokow_launcher","status":"publish","type":"page","link":"https:\/\/espritgames.com\/pl\/wladcasmokow_launcher\/","title":{"rendered":"Wladca Smokow Launcher"},"content":{"rendered":"<div id=\"pl-34290\"  class=\"panel-layout\" ><div id=\"pg-34290-0\"  class=\"panel-grid panel-no-style\" ><div id=\"pgc-34290-0-0\"  class=\"panel-grid-cell\" ><div id=\"panel-34290-0-0-0\" class=\"widget_text so-panel widget widget_custom_html panel-first-child panel-last-child\" data-index=\"0\" ><div id=\"land_block\" class=\"widget_text panel-widget-style panel-widget-style-for-34290-0-0-0\" ><div class=\"textwidget custom-html-widget\"><div class=\"main_block\">\n\t<img class=\"land_logo\" src=\"https:\/\/p-cdn.espritgames.ru\/wp-content\/themes\/espritgames\/img\/launcher\/game_logo\/logo_DL_pl.png\">\n\t<span class=\"land_desc war\">Chcia\u0142by\u015b wr\u00f3ci\u0107!<\/span>\n\t<!--<a class=\"game_more_url extinfo_bg\" href=\"\">\u041f\u043e\u0434\u0440\u043e\u0431\u043d\u0435\u0435<\/a>-->\n\t<a class=\"game_url bgbtn\" href=\"https:\/\/espritgames.com\/pl\/wladcasmokow\/go\/\">Graj<\/a>\n<\/div><\/div><\/div><\/div><\/div><\/div><\/div>","protected":false},"excerpt":{"rendered":"<p>Chcia\u0142by\u015b wr\u00f3ci\u0107! Graj<\/p>\n","protected":false},"author":1969676,"featured_media":0,"parent":0,"menu_order":0,"comment_status":"closed","ping_status":"closed","template":"page-templates\/launcher.php","meta":[],"_links":{"self":[{"href":"https:\/\/espritgames.com\/pl\/wp-json\/wp\/v2\/pages\/34290"}],"collection":[{"href":"https:\/\/espritgames.com\/pl\/wp-json\/wp\/v2\/pages"}],"about":[{"href":"https:\/\/espritgames.com\/pl\/wp-json\/wp\/v2\/types\/page"}],"author":[{"embeddable":true,"href":"https:\/\/espritgames.com\/pl\/wp-json\/wp\/v2\/users\/1969676"}],"replies":[{"embeddable":true,"href":"https:\/\/espritgames.com\/pl\/wp-json\/wp\/v2\/comments?post=34290"}],"version-history":[{"count":4,"href":"https:\/\/espritgames.com\/pl\/wp-json\/wp\/v2\/pages\/34290\/revisions"}],"predecessor-version":[{"id":34297,"href":"https:\/\/espritgames.com\/pl\/wp-json\/wp\/v2\/pages\/34290\/revisions\/34297"}],"wp:attachment":[{"href":"https:\/\/espritgames.com\/pl\/wp-json\/wp\/v2\/media?parent=34290"}],"curies":[{"name":"wp","href":"https:\/\/api.w.org\/{rel}","templated":true}]}}