 


						{"id":34030,"date":"2020-11-05T15:36:15","date_gmt":"2020-11-05T14:36:15","guid":{"rendered":"https:\/\/espritgames.com\/pl\/?page_id=34030"},"modified":"2023-05-29T11:22:34","modified_gmt":"2023-05-29T09:22:34","slug":"launcher","status":"publish","type":"page","link":"https:\/\/espritgames.com\/pl\/launcher\/","title":{"rendered":"Launcher"},"content":{"rendered":"<div id=\"pl-34030\"  class=\"panel-layout\" ><div id=\"pg-34030-0\"  class=\"panel-grid panel-no-style\" ><div id=\"pgc-34030-0-0\"  class=\"panel-grid-cell\" ><div id=\"panel-34030-0-0-0\" class=\"widget_text so-panel widget widget_custom_html panel-first-child\" data-index=\"0\" ><div id=\"top_banner\" class=\"widget_text panel-widget-style panel-widget-style-for-34030-0-0-0\" ><div class=\"textwidget custom-html-widget\"><div class=\"outet_slider\">\n\t<p class=\"block_ttl\">zalecane gry<\/p>\n\t<div id=\"topslider\">\n\t\t<div class=\"one_slide one_slide_pc\" style=\"background-image: url(https:\/\/p-cdn.espritgames.ru\/wp-content\/themes\/espritgames\/img\/launcher\/banners\/LOAHF_l_banner.jpg);\">\n\t\t\t<!--<sup class=\"hit\">\u0425\u0418\u0422<\/sup>-->\n\t\t\t<div class=\"outer_ftt\">\n\t\t\t\t<span class=\"ttl\">League of Angels<br> Heaven's Fury<\/span>\n\t\t\t\t<span class=\"line\"><\/span>\n\t\t\t\t<span class=\"sub_txt fst\">Fantasy <\/span>\n\t\t\t\t<span class=\"sub_txt\">RPG<\/span>\n\t\t\t<\/div>\n\t\t\t<div class=\"outer_ftt_ext\">\n\t\t\t\t<img class=\"top_logo\" src=\"https:\/\/p-cdn.espritgames.ru\/wp-content\/themes\/espritgames\/img\/launcher\/game_logo\/logo_LOAHF_en.png\">\n\t\t\t\t<span class=\"desc\">Jeszcze wi\u0119cej anio\u0142\u00f3w w kontynuacji tej legendarnej gry!<\/span>\n\t\t    <!--<a class=\"game_more_url extinfo_bg\" href=\"\/wartime_launcher\/\">\u041f\u043e\u0434\u0440\u043e\u0431\u043d\u0435\u0435<\/a>-->\n\t\t\t\t<a class=\"game_url bgbtn\" href=\"\/pl\/leagueofangelshf_launcher\/\">Graj<\/a>\n\t\t\t<\/div>\n\t\t<\/div>\n\n\t\t<div class=\"one_slide one_slide_mac\" style=\"background-image: url(https:\/\/p-cdn.espritgames.ru\/wp-content\/themes\/espritgames\/img\/launcher\/banners\/GoTh_l_banner.jpg);\">\n\t\t\t<!--<sup class=\"hit\">\u0425\u0418\u0422<\/sup>-->\n\t\t\t<div class=\"outer_ftt\">\n\t\t\t\t<span class=\"ttl\">Game of Thrones<\/span>\n\t\t\t\t<span class=\"line\"><\/span>\n\t\t\t\t<span class=\"sub_txt fst\">Lannister<\/span>\n\t\t\t\t<span class=\"sub_txt\">Targaryen<\/span>\n\t\t\t\t<span class=\"sub_txt\">Stark<\/span>\n\t\t\t<\/div>\n\t\t\t<div class=\"outer_ftt_ext\">\n\t\t\t\t<img class=\"top_logo\" src=\"https:\/\/p-cdn.espritgames.ru\/wp-content\/themes\/espritgames\/img\/launcher\/game_logo\/logo_GoTh_white.png\">\n\t\t\t\t<span class=\"desc\">Los Westeros jest w twoich r\u0119kach!<\/span>\n\t\t    <!--<a class=\"game_more_url extinfo_bg\" href=\"\/dragonlord_launcher\/\">\u041f\u043e\u0434\u0440\u043e\u0431\u043d\u0435\u0435<\/a>-->\n\t\t\t\t<a class=\"game_url bgbtn\" href=\"\/pl\/gameofthrones_launcher\/\">Graj<\/a>\n\t\t\t<\/div>\n\t\t<\/div>\n\t<\/div>\n<\/div><\/div><\/div><\/div><div id=\"panel-34030-0-0-1\" class=\"widget_text so-panel widget widget_custom_html\" data-index=\"1\" ><div id=\"sub_games\" class=\"widget_text panel-widget-style panel-widget-style-for-34030-0-0-1\" ><div class=\"textwidget custom-html-widget\"><div class=\"outer_games\">\n\t<div class=\"game\" style=\"background-image: url(https:\/\/p-cdn.espritgames.ru\/wp-content\/themes\/espritgames\/img\/launcher\/banners\/mid\/DL_m_banner.jpg);\">\n\t\t<!--<sup class=\"new\">NEW<\/sup>-->\n\t\t<div class=\"text_block\">Chcia\u0142by\u015b wr\u00f3ci\u0107!<\/div>\n\t\t<span class=\"logo_outer\">\n\t  \t\t<img class=\"logo_block\" src=\"https:\/\/p-cdn.espritgames.ru\/wp-content\/themes\/espritgames\/img\/launcher\/game_logo\/logo_DL_pl.png\">\n\t\t<\/span>\n\t\t<a class=\"game_url mdbtn\" href=\"\/pl\/wladcasmokow_launcher\/\">Graj<\/a>\n\t\t<!--<a class=\"game_more_url extinfo_md\" href=\"\">\u041f\u043e\u0434\u0440\u043e\u0431\u043d\u0435\u0435<\/a>-->\n\t\t<div class=\"outer_ftt\"> \n\t\t\t<span class=\"ttl\">Wladca Smokow<\/span> \n\t\t\t<span class=\"line\"><\/span> \n\t\t\t<span class=\"sub_txt fst\">MMORPG<\/span> \n\t\t\t<span class=\"sub_txt\">PVP<\/span>\n\t\t<\/div>\n\t<\/div>\n\t<div class=\"game\" style=\"background-image: url(https:\/\/p-cdn.espritgames.ru\/wp-content\/themes\/espritgames\/img\/launcher\/banners\/mid\/LOA3_m_banner.jpg);\">\n\t\t<div class=\"text_block\">Zmie\u0144 swoje umiej\u0119tno\u015bci w dowolnym momencie!<\/div>\n\t\t<span class=\"logo_outer\">\n\t  \t\t<img class=\"logo_block\" src=\"https:\/\/p-cdn.espritgames.ru\/wp-content\/themes\/espritgames\/img\/launcher\/game_logo\/logo_LOA3.png\">\n\t\t<\/span>\n\t\t<a class=\"game_url mdbtn\" href=\"\/pl\/leagueofangels3_launcher\/go\/\">Graj<\/a>\n\t\t<!--<a class=\"game_more_url extinfo_md\" href=\"\">\u041f\u043e\u0434\u0440\u043e\u0431\u043d\u0435\u0435<\/a>-->\n\t\t<div class=\"outer_ftt\"> \n\t\t\t<span class=\"ttl\">League of Angels 3<\/span> \n\t\t\t<span class=\"line\"><\/span> \n\t\t\t<span class=\"sub_txt fst\">Anio\u0142y<\/span> \n\t\t\t<span class=\"sub_txt\">Pot\u0119\u017cne artefakty<\/span>\n\t\t<\/div>\n\t<\/div>\n<\/div><\/div><\/div><\/div><div id=\"panel-34030-0-0-2\" class=\"widget_text so-panel widget widget_custom_html panel-last-child\" data-index=\"2\" ><div id=\"more_games\" class=\"widget_text panel-widget-style panel-widget-style-for-34030-0-0-2\" ><div class=\"textwidget custom-html-widget\"><div class=\"more_games_outer\">\n\t<div class=\"one_game\"> \n\t\t<span class=\"logo\" style=\"background: url(https:\/\/p-cdn.espritgames.ru\/wp-content\/uploads\/sites\/2\/2021\/12\/WoC_icn_76x76.png);\">\n\t\t<\/span> <a class=\"game_ttl\" href=\"\/pl\/worldofchaos_launcher\/\">World of Chaos<\/a> <span class=\"game_desc\">Zabijaj demony, zbieraj \u0142upy i rozwijaj swoj\u0105 posta\u0107!<\/span> \n\t\t<a class=\"game_url smbtn\" href=\"\/pl\/worldofchaos\/go\/\">Graj<\/a>\n\t<\/div>\n\t<div class=\"one_game one_game_pc\">\n\t\t<span class=\"logo\" style=\"background: url(https:\/\/p-cdn.espritgames.ru\/wp-content\/themes\/espritgames\/img\/launcher\/game_icns\/LoAHF_icn_76x76.png);\"><\/span>\n\t\t<a class=\"game_ttl\" href=\"https:\/\/espritgames.compl\/pl\/leagueofangelshf_launcher\/\">League of Angels: Heaven's Fury<\/a>\n\t\t<span class=\"game_desc\">Jeszcze wi\u0119cej anio\u0142\u00f3w w kontynuacji tej legendarnej gry!<\/span>\n\t\t<a class=\"game_url smbtn\" href=\"https:\/\/espritgames.com\/pl\/leagueofangelshf_launcher\/?esc=site_en_frontpage_catalog\">Graj<\/a><!--<a class=\"game_more_url extinfo\" href=\"\">\u041f\u043e\u0434\u0440\u043e\u0431\u043d\u0435\u0435<\/a>-->\n\t<\/div>\n\t<div class=\"one_game\">\n\t\t<span class=\"logo\" style=\"background: url(https:\/\/p-cdn.espritgames.ru\/wp-content\/themes\/espritgames\/img\/launcher\/game_icns\/GoTh_icn_76x76.png);\"><\/span>\n\t\t<a class=\"game_ttl\" href=\"\/pl\/gameofthrones_launcher\/\">Game of Thrones<\/a>\n\t\t<span class=\"game_desc\">Los Westeros jest w twoich r\u0119kach!<\/span>\n\t\t<a class=\"game_url smbtn\" href=\"https:\/\/espritgames.com\/pl\/gameofthrones_launcher\/?esc=site_pl_frontpage_catalog\">Graj<\/a><!--<a class=\"game_more_url extinfo\" href=\"\">\u041f\u043e\u0434\u0440\u043e\u0431\u043d\u0435\u0435<\/a>-->\n\t<\/div>\n\t<div class=\"one_game\">\n\t\t<span class=\"logo\" style=\"background: url(https:\/\/p-cdn.espritgames.ru\/wp-content\/themes\/espritgames\/img\/launcher\/game_icns\/ShG_icn_76x76.png);\"><\/span>\n\t\t<a class=\"game_ttl\" href=\"\/pl\/shinigame_launcher\/\">Shini Game<\/a>\n\t\t<span class=\"game_desc\">Conquer the world of Bleach!<\/span>\n\t\t<a class=\"game_url smbtn\" href=\"https:\/\/espritgames.com\/pl\/shinigame_launcher\/?esc=site_pl_frontpage_catalog\">Graj<\/a><!--<a class=\"game_more_url extinfo\" href=\"\">\u041f\u043e\u0434\u0440\u043e\u0431\u043d\u0435\u0435<\/a>-->\n\t<\/div>\n\t<div class=\"one_game\">\n\t\t<span class=\"logo\" style=\"background: url(https:\/\/p-cdn.espritgames.ru\/wp-content\/themes\/espritgames\/img\/launcher\/game_icns\/RoA_icn_76x76.png);\"><\/span>\n\t\t<a class=\"game_ttl\" href=\"\/pl\/switaniolow_launcher\/\">\u015awit Anio\u0142\u00f3w<\/a>\n\t\t<span class=\"game_desc\">Zosta\u0144 najlepszym obro\u0144c\u0105 \u015bmiertelnik\u00f3w!<\/span>\n\t\t<a class=\"game_url smbtn\" href=\"https:\/\/espritgames.com\/pl\/switaniolow_launcher\/?esc=site_pl_frontpage_catalog\">Graj<\/a><!--<a class=\"game_more_url extinfo\" href=\"\">\u041f\u043e\u0434\u0440\u043e\u0431\u043d\u0435\u0435<\/a>-->\n\t<\/div>\n\t<div class=\"one_game\">\n\t\t<span class=\"logo\" style=\"background: url(https:\/\/p-cdn.espritgames.ru\/wp-content\/themes\/espritgames\/img\/launcher\/game_icns\/LoA3_icn_76x76.png);\"><\/span>\n\t\t<a class=\"game_ttl\" href=\"\/pl\/leagueofangels3_launcher\/\">League of Angels 3<\/a>\n\t\t<span class=\"game_desc\">Zmie\u0144 swoje umiej\u0119tno\u015bci w dowolnym momencie!<\/span>\n\t\t<a class=\"game_url smbtn\" href=\"https:\/\/espritgames.com\/pl\/leagueofangels3_launcher\/?esc=site_pl_frontpage_catalog\">Graj<\/a><!--<a class=\"game_more_url extinfo\" href=\"\">\u041f\u043e\u0434\u0440\u043e\u0431\u043d\u0435\u0435<\/a>-->\n\t<\/div>\n\t<div class=\"one_game\">\n\t\t<span class=\"logo\" style=\"background: url(https:\/\/p-cdn.espritgames.ru\/wp-content\/themes\/espritgames\/img\/launcher\/game_icns\/DL_icn_76x76.png);\"><\/span>\n\t\t<a class=\"game_ttl\" href=\"\/pl\/wladcasmokow_launcher\/\">Wladca Smokow <\/a>\n\t\t<span class=\"game_desc\">Chcia\u0142by\u015b wr\u00f3ci\u0107!<\/span>\n\t\t<a class=\"game_url smbtn\" href=\"https:\/\/espritgames.com\/pl\/wladcasmokow_launcher\/?esc=site_pl_frontpage_catalog\">Graj<\/a><!--<a class=\"game_more_url extinfo\" href=\"\">\u041f\u043e\u0434\u0440\u043e\u0431\u043d\u0435\u0435<\/a>-->\n\t<\/div>\n<\/div><\/div><\/div><\/div><\/div><\/div><\/div>","protected":false},"excerpt":{"rendered":"<p>zalecane gry League of Angels Heaven&#8217;s Fury Fantasy RPG Jeszcze wi\u0119cej anio\u0142\u00f3w w kontynuacji tej legendarnej gry! Graj Game of Thrones Lannister Targaryen Stark Los Westeros jest w twoich r\u0119kach! Graj Chcia\u0142by\u015b wr\u00f3ci\u0107! Graj Wladca Smokow MMORPG PVP Zmie\u0144 swoje umiej\u0119tno\u015bci w dowolnym momencie! Graj League of Angels 3 Anio\u0142y Pot\u0119\u017cne artefakty World of Chaos &hellip; <a href=\"https:\/\/espritgames.com\/pl\/launcher\/\" class=\"more-link\">Continue reading <span class=\"screen-reader-text\">Launcher<\/span> <span class=\"meta-nav\">&rarr;<\/span><\/a><\/p>\n","protected":false},"author":1969676,"featured_media":0,"parent":0,"menu_order":0,"comment_status":"closed","ping_status":"closed","template":"page-templates\/launcher.php","meta":[],"_links":{"self":[{"href":"https:\/\/espritgames.com\/pl\/wp-json\/wp\/v2\/pages\/34030"}],"collection":[{"href":"https:\/\/espritgames.com\/pl\/wp-json\/wp\/v2\/pages"}],"about":[{"href":"https:\/\/espritgames.com\/pl\/wp-json\/wp\/v2\/types\/page"}],"author":[{"embeddable":true,"href":"https:\/\/espritgames.com\/pl\/wp-json\/wp\/v2\/users\/1969676"}],"replies":[{"embeddable":true,"href":"https:\/\/espritgames.com\/pl\/wp-json\/wp\/v2\/comments?post=34030"}],"version-history":[{"count":34,"href":"https:\/\/espritgames.com\/pl\/wp-json\/wp\/v2\/pages\/34030\/revisions"}],"predecessor-version":[{"id":68304,"href":"https:\/\/espritgames.com\/pl\/wp-json\/wp\/v2\/pages\/34030\/revisions\/68304"}],"wp:attachment":[{"href":"https:\/\/espritgames.com\/pl\/wp-json\/wp\/v2\/media?parent=34030"}],"curies":[{"name":"wp","href":"https:\/\/api.w.org\/{rel}","templated":true}]}}