 


						{"id":27216,"date":"2020-06-24T19:12:44","date_gmt":"2020-06-24T17:12:44","guid":{"rendered":"https:\/\/espritgames.com\/pl\/?page_id=27216"},"modified":"2021-01-12T19:19:54","modified_gmt":"2021-01-12T18:19:54","slug":"wladcasmokow","status":"publish","type":"page","link":"https:\/\/espritgames.com\/pl\/wladcasmokow\/","title":{"rendered":"Wladca Smokow"},"content":{"rendered":"<div id=\"pl-27216\"  class=\"panel-layout\" ><div id=\"pg-27216-0\"  class=\"panel-grid panel-no-style\" ><div id=\"pgc-27216-0-0\"  class=\"panel-grid-cell\" ><style>\n.rpwe-block ul{list-style:none!important;margin-left:0!important;padding-left:0!important;}.rpwe-block li{border-bottom:1px solid #eee;margin-bottom:10px;padding-bottom:10px;list-style-type: none;}.rpwe-block a{display:inline!important;text-decoration:none;}.rpwe-block h3{background:none!important;clear:none;margin-bottom:0!important;margin-top:0!important;font-weight:400;font-size:12px!important;line-height:1.5em;}.rpwe-thumb{border:1px solid #EEE!important;box-shadow:none!important;margin:2px 10px 2px 0;padding:3px!important;}.rpwe-summary{font-size:12px;}.rpwe-time{color:#bbb;font-size:11px;}.rpwe-comment{color:#bbb;font-size:11px;padding-left:5px;}.rpwe-alignleft{display:inline;float:left;}.rpwe-alignright{display:inline;float:right;}.rpwe-aligncenter{display:block;margin-left: auto;margin-right: auto;}.rpwe-clearfix:before,.rpwe-clearfix:after{content:\"\";display:table !important;}.rpwe-clearfix:after{clear:both;}.rpwe-clearfix{zoom:1;}\n<\/style>\n\t<div id=\"panel-27216-0-0-0\" class=\"widget_text so-panel widget widget_custom_html panel-first-child panel-last-child\" data-index=\"0\" ><div class=\"textwidget custom-html-widget\"><div class=\"outer_lands outer_lands_pl\">\n\n<div id=\"esprit-auth-widget-holder\" style=\"width: 628px; height: 750px; margin: 0px 10px 25px 490px;\"><div id=\"loader\"><\/div><\/div>\n    <script>\n    var show_on_demand = false;\n    !function(a,b,c,d){a._osdkAuthFn=d,a[d]=a[d]||function(){(a[d].cs=a[d].cs||[]).push(arguments)};var e=b.createElement(\"script\"),f=b.getElementsByTagName(\"script\")[0];e.async=1,e.src=c,f.parentNode.insertBefore(e,f)}(window,document,\"\/\/ostatic.espritgames.com\/auth\/js\/widget.js?v=6\",\"osdkAuthWidget\");\n\n    function osdkShowWidget() {\n        if( document.getElementById('esprit-auth-widget-holder') ) document.getElementById('esprit-auth-widget-holder').innerHTML = '<div id=\"loader\"><b style=\"display:none;\"><\/b><\/div>';\n        \n        osdkAuthWidget({\n            service: 'auth.espritgames.com',\n            holder: 'esprit-auth-widget-holder',\n            width: 628,\n            height: 750,\n            returnTo: 'https:\/\/espritgames.com\/pl\/wladcasmokow\/',\n            downloadUrl: '',\n            authNotRequired: false,\n            consumer: 'portal-pl',\n            locale: 'pl_PL',\n            stylesUrl: 'https:\/\/cdn.espritgames.ru\/espritgames-auth-custom\/all-form.pl.css?v=1',\n            eula: 'wladcasmokow'\n        });\n    }\n    if( !show_on_demand ) osdkShowWidget();\n    <\/script>\n<div class=\"pp\">\n\t<span>* Naciskaj\u0105c \"Graj\", akceptujesz nasz\u0105 <a href=\"https:\/\/espritgames.com\/pl\/licenses\/wladcasmokow\/\">umow\u0119 u\u017cytkownika<\/a> oraz <a href=\"https:\/\/espritgames.com\/pl\/agreements\/wladcasmokow\/\">ofert\u0119 publiczn\u0105<\/a><\/span>\n<\/div>\n     <div class=\"e-content e-content-ext\">\n         <div class=\"psevdo_form\">\n            <img src=\"\/wp-content\/themes\/espritgames\/promo\/dl-com\/PL_logo.png\">\n            <a href=\"https:\/\/cdn.espritgames.ru\/download\/loader_pl.exe\" class=\"play_btn\"><\/a> \n         <\/div>\n     <\/div>\n<div class=\"big_pic dl_pl\">\n\t<img src=\"\/wp-content\/themes\/espritgames\/promo\/dl-cz\/main_image.jpg\">\n<\/div>\n<div class=\"landing_pad_block\"><\/div>\n<div class=\"e-landing\" id=\"dl_pl\">\n  <div class=\"e-content\">\n\n<div class=\"e-logo\"><\/div>\n\n    <div class=\"e-text-header\"><\/div>\n    <div class=\"e-text\">\n        <h1>Okie\u0142znaj pot\u0119\u017cne smoki w nowej dynamicznej grze online<br> \u201eW\u0142adca Smok\u00f3w\u201d!<\/h1>\n        <p class=\"e-news-ttl\">WIADOMO\u015aCI<\/p>\n        <div class=\"e-news_block\">\n             <div  class=\"rpwe-block \"><ul class=\"rpwe-ul\"><li class=\"rpwe-li rpwe-clearfix\"><a class=\"rpwe-img\" href=\"https:\/\/espritgames.com\/pl\/wladcasmokow\/wladcasmokow-news\/prace-techniczne-131\/\"  rel=\"bookmark\"><img class=\"rpwe-alignleft rpwe-thumb\" src=\"https:\/\/p-cdn.espritgames.com\/wp-content\/uploads\/sites\/7\/2023\/01\/\u0422\u0435\u0445-\u0440\u0430\u0431\u043e\u0442\u044b-622x312.jpg\" alt=\"PRACE TECHNICZNE\"><\/a><h3 class=\"rpwe-title\"><a href=\"https:\/\/espritgames.com\/pl\/wladcasmokow\/wladcasmokow-news\/prace-techniczne-131\/\" title=\"Permalink to PRACE TECHNICZNE\" rel=\"bookmark\">PRACE TECHNICZNE<\/a><\/h3><time class=\"rpwe-time published\" datetime=\"2023-03-22T00:00:44+01:00\">22 marca, 2023<\/time><div class=\"rpwe-summary\">Drodzy przyjaciele! 22.03 w &hellip;<a href=\"https:\/\/espritgames.com\/pl\/wladcasmokow\/wladcasmokow-news\/prace-techniczne-131\/\" class=\"more-link\">Next \u00bb<\/a><\/div><div class='outer_tags'>tags: <a href=\"https:\/\/espritgames.com\/pl\/tag\/news\/\" rel=\"tag\">news<\/a><\/div><\/li><li class=\"rpwe-li rpwe-clearfix\"><h3 class=\"rpwe-title\"><a href=\"https:\/\/espritgames.com\/pl\/wladcasmokow\/wladcasmokow-news\/prace-techniczne-130\/\" title=\"Permalink to PRACE TECHNICZNE\" rel=\"bookmark\">PRACE TECHNICZNE<\/a><\/h3><time class=\"rpwe-time published\" datetime=\"2023-03-15T00:00:49+01:00\">15 marca, 2023<\/time><div class=\"rpwe-summary\">Drodzy przyjaciele! 15.03 w &hellip;<a href=\"https:\/\/espritgames.com\/pl\/wladcasmokow\/wladcasmokow-news\/prace-techniczne-130\/\" class=\"more-link\">Next \u00bb<\/a><\/div><div class='outer_tags'>tags: <a href=\"https:\/\/espritgames.com\/pl\/tag\/news\/\" rel=\"tag\">news<\/a><\/div><\/li><li class=\"rpwe-li rpwe-clearfix\"><a class=\"rpwe-img\" href=\"https:\/\/espritgames.com\/pl\/wladcasmokow\/wladcasmokow-news\/prace-techniczne-129\/\"  rel=\"bookmark\"><img class=\"rpwe-alignleft rpwe-thumb\" src=\"https:\/\/p-cdn.espritgames.com\/wp-content\/uploads\/sites\/7\/2023\/01\/\u0422\u0435\u0445-\u0440\u0430\u0431\u043e\u0442\u044b-622x312.jpg\" alt=\"PRACE TECHNICZNE\"><\/a><h3 class=\"rpwe-title\"><a href=\"https:\/\/espritgames.com\/pl\/wladcasmokow\/wladcasmokow-news\/prace-techniczne-129\/\" title=\"Permalink to PRACE TECHNICZNE\" rel=\"bookmark\">PRACE TECHNICZNE<\/a><\/h3><time class=\"rpwe-time published\" datetime=\"2023-03-08T00:00:20+01:00\">8 marca, 2023<\/time><div class=\"rpwe-summary\">Drodzy przyjaciele! 08.03 w &hellip;<a href=\"https:\/\/espritgames.com\/pl\/wladcasmokow\/wladcasmokow-news\/prace-techniczne-129\/\" class=\"more-link\">Next \u00bb<\/a><\/div><div class='outer_tags'>tags: <a href=\"https:\/\/espritgames.com\/pl\/tag\/news\/\" rel=\"tag\">news<\/a><\/div><\/li><li class=\"rpwe-li rpwe-clearfix\"><a class=\"rpwe-img\" href=\"https:\/\/espritgames.com\/pl\/wladcasmokow\/wladcasmokow-news\/prace-techniczne-128\/\"  rel=\"bookmark\"><img class=\"rpwe-alignleft rpwe-thumb\" src=\"https:\/\/p-cdn.espritgames.com\/wp-content\/uploads\/sites\/7\/2023\/01\/\u0422\u0435\u0445-\u0440\u0430\u0431\u043e\u0442\u044b-622x312.jpg\" alt=\"PRACE TECHNICZNE\"><\/a><h3 class=\"rpwe-title\"><a href=\"https:\/\/espritgames.com\/pl\/wladcasmokow\/wladcasmokow-news\/prace-techniczne-128\/\" title=\"Permalink to PRACE TECHNICZNE\" rel=\"bookmark\">PRACE TECHNICZNE<\/a><\/h3><time class=\"rpwe-time published\" datetime=\"2023-03-01T00:00:26+01:00\">1 marca, 2023<\/time><div class=\"rpwe-summary\">Drodzy przyjaciele! 1.03 w &hellip;<a href=\"https:\/\/espritgames.com\/pl\/wladcasmokow\/wladcasmokow-news\/prace-techniczne-128\/\" class=\"more-link\">Next \u00bb<\/a><\/div><div class='outer_tags'>tags: <a href=\"https:\/\/espritgames.com\/pl\/tag\/news\/\" rel=\"tag\">news<\/a><\/div><\/li><\/ul><\/div><!-- Generated by http:\/\/wordpress.org\/plugins\/recent-posts-widget-extended\/ -->\n        <\/div>\n        <p class=\"e-text-menu\"><a href=\"\/pl\/forum\/go\/wladcasmokow\/\">Forum<\/a><a href=\"\/pl\/wladcasmokow\/news\/\">WIADOMO\u015aCI<\/a><!--<a href=\"\/pl\/wladcasmokow\/guides\/\">Guides<\/a>--><\/p>\n\n<p>Nadesz\u0142y mroczne czasy smutku i zniszczenia. W\u0142adca ciemnych Smok\u00f3w panuje na kontynencie, siej\u0105c przera\u017cenie w\u015br\u00f3d spokojnych obywateli! Zbuduj stolic\u0119 swojego kr\u00f3lestwa, zbierz siln\u0105 armi\u0119, zjednocz si\u0119 z sojusznikami i pokonaj imperium, wykorzystuj\u0105c magi\u0119 oraz moc uleg\u0142ych tobie stworze\u0144!<\/p>\n\n<!--<a class=\"video_trl\" href=\"https:\/\/youtu.be\/qA_8APX2u3g\" target=\"_blank\" rel=\"noopener\">Watch the trailer<\/a>-->\n    <\/div>\n  <\/div>\n\n<div class=\"outer_icon_block\">\n    <div class=\"e-content\">\n        <div class=\"icon_block\">\n            <div class=\"s_icon\">\n                <img src=\"\/wp-content\/themes\/espritgames\/promo\/dl-cz\/feats_ico1.png\">\n                <p>Oswajaj dzikie konie i smoki \u2014 si\u0142y lodu, ognia i ziemi po\u0142\u0105czy\u0142y si\u0119 w tych pot\u0119\u017cnych stworzeniach<\/p>\n            <\/div>\n        <\/div>\n        <div class=\"icon_block\">\n            <div class=\"s_icon\">\n                <img src=\"\/wp-content\/themes\/espritgames\/promo\/dl-cz\/feats_ico2.png\">\n                <p>Zwerbuj do swojej dru\u017cyny do\u015bwiadczonych bohater\u00f3w \u2014 od z\u0142o\u015bliwej wied\u017amy po ognistego demona!<\/p>\n            <\/div>\n        <\/div>\n        <div class=\"icon_block\">\n            <div class=\"s_icon\">\n                <img src=\"\/wp-content\/themes\/espritgames\/promo\/dl-cz\/feats_ico3.png\">\n                <p>Zbuduj pi\u0119kne miasto, wzbudzaj\u0105c zazdro\u015b\u0107 wrog\u00f3w!<\/p>\n            <\/div>\n        <\/div>\n        <div class=\"icon_block\">\n            <div class=\"s_icon\">\n                <img src=\"\/wp-content\/themes\/espritgames\/promo\/dl-cz\/feats_ico4.png\">\n                <p>Walcz z innymi graczami na arenie PvP!<\/p>\n            <\/div>\n        <\/div>\n        <div class=\"icon_block\">\n            <div class=\"s_icon\">\n                <img src=\"\/wp-content\/themes\/espritgames\/promo\/dl-cz\/feats_ico5.png\">\n                <p>Po\u0142\u0105cz si\u0142y z przyjaci\u00f3\u0142mi w klanie i bierz udzia\u0142 w du\u017cych wydarzeniach!<\/p>\n            <\/div>\n        <\/div>\n        <div class=\"icon_block\">\n            <div class=\"s_icon\">\n                <img src=\"\/wp-content\/themes\/espritgames\/promo\/dl-cz\/feats_ico6.png\">\n                <p>Stw\u00f3rz unikaln\u0105 bro\u0144 w ku\u017ani!<\/p>\n            <\/div>\n        <\/div>\n    <\/div>\n<\/div>\n\n   <div class=\"slider_outer\">\n       <div style=\"width: 100%; margin: 0 auto;\" class=\"ml-slider-3-7-2 ml-slider-pro-2-6-5 metaslider metaslider-flex metaslider-27228 ml-slider frontpage-news nav-hidden\">\n    <style type=\"text\/css\" id=\"metaslider-css-27228\">\n        #metaslider_27228.flexslider .slides li {margin-right: 20px !important;}\n    <\/style>\n    <div id=\"metaslider_container_27228\">\n        <div id=\"metaslider_27228\">\n            <ul class=\"slides\">\n                <li style=\"display: none; width: 100%;\" class=\"slide-27235 ms-image\"><a href=\"?esc=site_pl_news\" target=\"_self\" rel=\"noopener\"><img src=\"https:\/\/p-cdn.espritgames.com\/wp-content\/uploads\/sites\/7\/2020\/06\/DL_pl_screenshot_1.jpg\" height=\"545\" width=\"880\" alt=\"\" class=\"slider-27228 slide-27235\" title=\"DL_pl_screenshot_1\" \/><\/a><\/li>\n                <li style=\"display: none; width: 100%;\" class=\"slide-27236 ms-image\"><a href=\"?esc=site_pl_news\" target=\"_self\" rel=\"noopener\"><img src=\"https:\/\/p-cdn.espritgames.com\/wp-content\/uploads\/sites\/7\/2020\/06\/DL_pl_screenshot_2.jpg\" height=\"545\" width=\"880\" alt=\"\" class=\"slider-27228 slide-27236\" title=\"DL_pl_screenshot_2\" \/><\/a><\/li>\n                <li style=\"display: none; width: 100%;\" class=\"slide-27237 ms-image\"><a href=\"?esc=site_pl_news\" target=\"_self\" rel=\"noopener\"><img src=\"https:\/\/p-cdn.espritgames.com\/wp-content\/uploads\/sites\/7\/2020\/06\/DL_pl_screenshot_3.jpg\" height=\"545\" width=\"880\" alt=\"\" class=\"slider-27228 slide-27237\" title=\"DL_pl_screenshot_3\" \/><\/a><\/li>\n                <li style=\"display: none; width: 100%;\" class=\"slide-27238 ms-image\"><a href=\"?esc=site_pl_news\" target=\"_self\" rel=\"noopener\"><img src=\"https:\/\/p-cdn.espritgames.com\/wp-content\/uploads\/sites\/7\/2020\/06\/DL_pl_screenshot_4.jpg\" height=\"545\" width=\"880\" alt=\"\" class=\"slider-27228 slide-27238\" title=\"DL_pl_screenshot_4\" \/><\/a><\/li>\n                <li style=\"display: none; width: 100%;\" class=\"slide-27239 ms-image\"><a href=\"?esc=site_pl_news\" target=\"_self\" rel=\"noopener\"><img src=\"https:\/\/p-cdn.espritgames.com\/wp-content\/uploads\/sites\/7\/2020\/06\/DL_pl_screenshot_5.jpg\" height=\"545\" width=\"880\" alt=\"\" class=\"slider-27228 slide-27239\" title=\"DL_pl_screenshot_5\" \/><\/a><\/li>\n                <li style=\"display: none; width: 100%;\" class=\"slide-27240 ms-image\"><a href=\"?esc=site_pl_news\" target=\"_self\" rel=\"noopener\"><img src=\"https:\/\/p-cdn.espritgames.com\/wp-content\/uploads\/sites\/7\/2020\/06\/DL_pl_screenshot_6.jpg\" height=\"545\" width=\"880\" alt=\"\" class=\"slider-27228 slide-27240\" title=\"DL_pl_screenshot_6\" \/><\/a><\/li>\n            <\/ul>\n        <\/div>\n        \n    <\/div>\n<\/div>\n   <\/div>\n   <div class=\"e-outer\">\n      <div class=\"e-content\" style=\"padding-bottom: 60px;\">\n        <div class=\"e-text-ext\">\n            <p>Nadszed\u0142 czas, aby pokaza\u0107 smokom, kt\u00f3ry dowodzi!<\/p>\n            <a href=\"https:\/\/cdn.espritgames.ru\/download\/loader_pl.exe\" class=\"play_btn\"><\/a>\n   \n        <\/div>\n      <\/div>\n   <\/div>\n    <div class=\"logos_block\">\n         <!--<img class=\"par_loro\" src=\"\/wp-content\/themes\/espritgames\/promo\/dk-main\/it\/Teamtop.png\">--><img class=\"par_loro\" src=\"\/wp-content\/themes\/espritgames\/promo\/dk-main\/it\/EG_Logo.png\">\n    <\/div>\n<\/div>\n\n<\/div><\/div><\/div><\/div><\/div><\/div>","protected":false},"excerpt":{"rendered":"<p>* Naciskaj\u0105c &#8222;Graj&#8221;, akceptujesz nasz\u0105 umow\u0119 u\u017cytkownika oraz ofert\u0119 publiczn\u0105 Okie\u0142znaj pot\u0119\u017cne smoki w nowej dynamicznej grze online \u201eW\u0142adca Smok\u00f3w\u201d! WIADOMO\u015aCI PRACE TECHNICZNE22 marca, 2023Drodzy przyjaciele! 22.03 w &hellip;Next \u00bbtags: newsPRACE TECHNICZNE15 marca, 2023Drodzy przyjaciele! 15.03 w &hellip;Next \u00bbtags: newsPRACE TECHNICZNE8 marca, 2023Drodzy przyjaciele! 08.03 w &hellip;Next \u00bbtags: newsPRACE TECHNICZNE1 marca, 2023Drodzy przyjaciele! 1.03 w &hellip; <a href=\"https:\/\/espritgames.com\/pl\/wladcasmokow\/\" class=\"more-link\">Continue reading <span class=\"screen-reader-text\">Wladca Smokow<\/span> <span class=\"meta-nav\">&rarr;<\/span><\/a><\/p>\n","protected":false},"author":1969676,"featured_media":30370,"parent":0,"menu_order":0,"comment_status":"closed","ping_status":"closed","template":"page-templates\/landing.php","meta":[],"_links":{"self":[{"href":"https:\/\/espritgames.com\/pl\/wp-json\/wp\/v2\/pages\/27216"}],"collection":[{"href":"https:\/\/espritgames.com\/pl\/wp-json\/wp\/v2\/pages"}],"about":[{"href":"https:\/\/espritgames.com\/pl\/wp-json\/wp\/v2\/types\/page"}],"author":[{"embeddable":true,"href":"https:\/\/espritgames.com\/pl\/wp-json\/wp\/v2\/users\/1969676"}],"replies":[{"embeddable":true,"href":"https:\/\/espritgames.com\/pl\/wp-json\/wp\/v2\/comments?post=27216"}],"version-history":[{"count":18,"href":"https:\/\/espritgames.com\/pl\/wp-json\/wp\/v2\/pages\/27216\/revisions"}],"predecessor-version":[{"id":36523,"href":"https:\/\/espritgames.com\/pl\/wp-json\/wp\/v2\/pages\/27216\/revisions\/36523"}],"wp:featuredmedia":[{"embeddable":true,"href":"https:\/\/espritgames.com\/pl\/wp-json\/wp\/v2\/media\/30370"}],"wp:attachment":[{"href":"https:\/\/espritgames.com\/pl\/wp-json\/wp\/v2\/media?parent=27216"}],"curies":[{"name":"wp","href":"https:\/\/api.w.org\/{rel}","templated":true}]}}