 


						{"id":23636,"date":"2020-04-08T21:52:19","date_gmt":"2020-04-08T19:52:19","guid":{"rendered":"https:\/\/espritgames.com\/pl\/?page_id=23636"},"modified":"2021-08-05T09:33:56","modified_gmt":"2021-08-05T07:33:56","slug":"gameofthrones","status":"publish","type":"page","link":"https:\/\/espritgames.com\/pl\/gameofthrones\/","title":{"rendered":"Game of Thrones"},"content":{"rendered":"<div id=\"pl-23636\"  class=\"panel-layout\" ><div id=\"pg-23636-0\"  class=\"panel-grid panel-no-style\" ><div id=\"pgc-23636-0-0\"  class=\"panel-grid-cell\" ><div id=\"panel-23636-0-0-0\" class=\"widget_text so-panel widget widget_custom_html panel-first-child panel-last-child\" data-index=\"0\" ><div class=\"textwidget custom-html-widget\"><div class=\"well\" id=\"well\">\n    <div id=\"block_1\" class=\"panel\">\n\t\t\t  <a class=\"lands_links hide_links\" href=\".\/news\/\">Wiadomo\u015bci<\/a><a style=\"width: 112px;\" class=\"lands_links lands_links_2 hide_links\" href=\".\/guides\/\">Przewodnicy<\/a><a class=\"lands_links lands_links_1 hide_links\" href=\"\/pl\/forum\/go\/gameofthrones\/\">Fora<\/a>\n\t\t\t  <video  width=\"100%\" height=\"550\" autoplay=\"\" loop=\"\" muted=\"\" poster=\"https:\/\/p-cdn.espritgames.ru\/wp-content\/themes\/espritgames\/promo\/got-main\/img\/1\/GoT_back_static1.jpg\"><\/video>\n        <div class=\"inset_outer\">\n            <div class=\"logo_txt\"><\/div>\n            <div class=\"top_txt\">\n                <h1>Podbij Westeros!<\/h1>\n\n                <p>Strategiczna gra przegl\u0105darkowa osadzona w jednym z najbardziej kultowych miejsc. <br>Czas napisa\u0107 w\u0142asn\u0105 histori\u0119 Westeros!<\/p>\n            <\/div><a href=\"https:\/\/espritgames.com\/pl\/gameofthrones\/go\/\" class=\"play_btn play_btn_pl\"><\/a>\n            <div class=\"m_block\"><\/div><div class=\"m_outer_block\"><\/div>\n        <\/div>\n    <\/div>\n    <div id=\"block_2\" class=\"panel\">\n        <div class=\"text_tral\">\n            <p class=\"text\">B\u0119dziesz mia\u0142 niepowtarzaln\u0105 okazj\u0119 wzi\u0105\u0107 udzia\u0142 w walce o \u017belazny Tron jako m\u0142ody Lord, kt\u00f3ry sta\u0142 na czele jednej z wielu osad Westeros. Pod okiem do\u015bwiadczonego doradcy Kap\u0142anki Wadcy \u015awiat\u0142a Melissandry opanuj wszystkie umiej\u0119tno\u015bci potrzebne W\u0142adcy - zarz\u0105dzanie zamkiem, nauka technologii, rekrutacja i szkolenie wojsk. Zbierz pot\u0119\u017cn\u0105 armi\u0119, zawieraj sojusz z innymi graczami i zmia\u017cd\u017c wsp\u00f3lnych wrog\u00f3w! We\u017a w swoje szeregi bohater\u00f3w z \"Gry o tron\" - Robb Stark, Jon Snow, Jaime Lannister, Sandor Clegan i innych. Zanurz si\u0119 w otch\u0142a\u0144 krwawych wojen i intryg politycznych!<\/p><span class=\"wch\">Ogl\u0105da\u0107<\/span><a class=\"tral_play\"><\/a><span class=\"trl\">zwiastun<\/span>\n        <\/div>\n        <div class=\"daenerys\"><\/div>\n    <\/div>\n    <div id=\"block_3\" class=\"panel\">\n        <h3>Los Westeros jest w twoich r\u0119kach!<\/h3><div class=\"city city_1\"><\/div><a class=\"show_city show_city_1\"><\/a><div class=\"city city_2\"><\/div><a class=\"show_city show_city_2\"><\/a><div class=\"city city_3\"><\/div><a class=\"show_city show_city_3\"><\/a><div class=\"city city_4\"><\/div><a class=\"show_city show_city_4\"><\/a><div class=\"city city_5\"><\/div><a class=\"show_city show_city_5\"><\/a><div class=\"city city_6\"><\/div><a class=\"show_city show_city_6\"><\/a>\n    <\/div>\n    <div id=\"block_4\" class=\"panel\">\n        <div class=\"outer_scr\">\n            <a class=\"scr\" rel=\"GoT\" id=\"scr1\" href=\"https:\/\/p-cdn.espritgames.ru\/wp-content\/themes\/espritgames\/promo\/got-main\/img\/4\/pl\/GoT_screen_1.jpg\">\n                <img src=\"https:\/\/p-cdn.espritgames.ru\/wp-content\/themes\/espritgames\/promo\/got-main\/img\/4\/screen1_preview.jpg\">\n            <\/a>\n            <a class=\"scr\" rel=\"GoT\" id=\"scr2\" href=\"https:\/\/p-cdn.espritgames.ru\/wp-content\/themes\/espritgames\/promo\/got-main\/img\/4\/pl\/GoT_screen_2.jpg\">\n                <img src=\"https:\/\/p-cdn.espritgames.ru\/wp-content\/themes\/espritgames\/promo\/got-main\/img\/4\/screen2_preview.jpg\">\n            <\/a>\n            <a class=\"scr\" rel=\"GoT\" id=\"scr3\" href=\"https:\/\/p-cdn.espritgames.ru\/wp-content\/themes\/espritgames\/promo\/got-main\/img\/4\/pl\/GoT_screen_3_up.jpg\">\n                <img src=\"https:\/\/p-cdn.espritgames.ru\/wp-content\/themes\/espritgames\/promo\/got-main\/img\/4\/screen3_preview.jpg\">\n            <\/a>\n            <a class=\"scr\" rel=\"GoT\" id=\"scr4\" href=\"https:\/\/p-cdn.espritgames.ru\/wp-content\/themes\/espritgames\/promo\/got-main\/img\/4\/pl\/GoT_screen_4.jpg\">\n                <img src=\"https:\/\/espritgames.com\/wp-content\/themes\/espritgames\/promo\/got-main\/img\/4\/screen4_preview.jpg\">\n            <\/a>\n            <a class=\"scr\" rel=\"GoT\" id=\"scr5\" href=\"https:\/\/p-cdn.espritgames.ru\/wp-content\/themes\/espritgames\/promo\/got-main\/img\/4\/pl\/GoT_screen_5_up.jpg\">\n                <img src=\"https:\/\/p-cdn.espritgames.ru\/wp-content\/themes\/espritgames\/promo\/got-main\/img\/4\/screen5_preview.jpg\">\n            <\/a>\n            <a class=\"scr\" rel=\"GoT\" id=\"scr6\" href=\"https:\/\/p-cdn.espritgames.ru\/wp-content\/themes\/espritgames\/promo\/got-main\/img\/4\/pl\/GoT_screen_6.jpg\">\n                <img src=\"https:\/\/p-cdn.espritgames.ru\/wp-content\/themes\/espritgames\/promo\/got-main\/img\/4\/screen6_preview.jpg\">\n            <\/a>\n        <\/div>\n        <div class=\"dwarf\"><\/div>\n    <\/div>\n    <div id=\"block_5\" class=\"panel\">\n        <div class=\"icon_txt_outer\">\n            <div class=\"icon_txt icon_txt_1\">Oficjalna gra na podstawie serialu \" Gra o tron\"<\/div>\n            <div class=\"icon_txt icon_txt_2\">Wspania\u0142a grafika ukazuj\u0105ca atmosfer\u0119 cudownego \u015bwiata<\/div>\n            <div class=\"icon_txt icon_txt_3\">Bitwy na du\u017c\u0105 skal\u0119 z ogromnymi armiami<\/div>\n            <div class=\"icon_txt icon_txt_4\">Rozw\u00f3j i obrona w\u0142asnego zamku, a tak\u017ce podb\u00f3j ziem wroga<\/div>\n            <div class=\"icon_txt icon_txt_5\">Tworzenie sojuszy z innymi graczami i bitwy PVP<\/div>\n            <div class=\"icon_txt icon_txt_6\">Mo\u017cliwo\u015b\u0107 wyhodowania w\u0142asnego smoka, aby wykorzysta\u0107 jego moc w walce!<\/div>\n        <\/div><a href=\".\/go\/\" class=\"play_btn play_btn_pl\"><\/a>   \n        <p class=\"copy\">Game of Thrones series title and artwork TM & \u00a92020 Home Box Office, Inc. All Rights Reserved.<br> HBO and related trademarks are the property of Home Box Office, Inc. Under license to WB Games.<\/p>\n        <div class=\"dev_logos\"><\/div>\n    <\/div>\n<\/div>\n\n    <div class=\"outer_ext_form\"><a class=\"outer_ext_form_close\">\u00d7<\/a><div id=\"osdk-auth-widget-holder\" style=\"width: 389px; height: 720px; \"><div id=\"loader\"><\/div><\/div>\n    <script>\n    var show_on_demand = false;\n    !function(a,b,c,d){a._osdkAuthFn=d,a[d]=a[d]||function(){(a[d].cs=a[d].cs||[]).push(arguments)};var e=b.createElement(\"script\"),f=b.getElementsByTagName(\"script\")[0];e.async=1,e.src=c,f.parentNode.insertBefore(e,f)}(window,document,\"\/\/ostatic.espritgames.com\/auth\/js\/widget.js?v=6\",\"osdkAuthWidget\");\n\n    function osdkShowWidget() {\n        if( document.getElementById('osdk-auth-widget-holder') ) document.getElementById('osdk-auth-widget-holder').innerHTML = '<div id=\"loader\"><b style=\"display:none;\"><\/b><\/div>';\n        \n        osdkAuthWidget({\n            service: 'auth.espritgames.com',\n            holder: 'osdk-auth-widget-holder',\n            width: 389,\n            height: 720,\n            returnTo: 'https:\/\/espritgames.com\/pl\/gameofthrones\/go\/',\n            downloadUrl: '',\n            authNotRequired: false,\n            consumer: 'portal-pl',\n            locale: 'pl_PL',\n            stylesUrl: 'https:\/\/cdn.espritgames.ru\/espritgames-auth-custom\/got_lands.pl.css?v=1',\n            eula: 'gameofthrones'\n        });\n    }\n    if( !show_on_demand ) osdkShowWidget();\n    <\/script>\n    <\/div>\n<\/div><\/div><\/div><\/div><\/div>","protected":false},"excerpt":{"rendered":"<p>Wiadomo\u015bciPrzewodnicyFora Podbij Westeros! Strategiczna gra przegl\u0105darkowa osadzona w jednym z najbardziej kultowych miejsc. Czas napisa\u0107 w\u0142asn\u0105 histori\u0119 Westeros! B\u0119dziesz mia\u0142 niepowtarzaln\u0105 okazj\u0119 wzi\u0105\u0107 udzia\u0142 w walce o \u017belazny Tron jako m\u0142ody Lord, kt\u00f3ry sta\u0142 na czele jednej z wielu osad Westeros. Pod okiem do\u015bwiadczonego doradcy Kap\u0142anki Wadcy \u015awiat\u0142a Melissandry opanuj wszystkie umiej\u0119tno\u015bci potrzebne W\u0142adcy &#8211; &hellip; <a href=\"https:\/\/espritgames.com\/pl\/gameofthrones\/\" class=\"more-link\">Continue reading <span class=\"screen-reader-text\">Game of Thrones<\/span> <span class=\"meta-nav\">&rarr;<\/span><\/a><\/p>\n","protected":false},"author":1969676,"featured_media":0,"parent":0,"menu_order":0,"comment_status":"closed","ping_status":"closed","template":"page-templates\/landing.php","meta":[],"_links":{"self":[{"href":"https:\/\/espritgames.com\/pl\/wp-json\/wp\/v2\/pages\/23636"}],"collection":[{"href":"https:\/\/espritgames.com\/pl\/wp-json\/wp\/v2\/pages"}],"about":[{"href":"https:\/\/espritgames.com\/pl\/wp-json\/wp\/v2\/types\/page"}],"author":[{"embeddable":true,"href":"https:\/\/espritgames.com\/pl\/wp-json\/wp\/v2\/users\/1969676"}],"replies":[{"embeddable":true,"href":"https:\/\/espritgames.com\/pl\/wp-json\/wp\/v2\/comments?post=23636"}],"version-history":[{"count":40,"href":"https:\/\/espritgames.com\/pl\/wp-json\/wp\/v2\/pages\/23636\/revisions"}],"predecessor-version":[{"id":45753,"href":"https:\/\/espritgames.com\/pl\/wp-json\/wp\/v2\/pages\/23636\/revisions\/45753"}],"wp:attachment":[{"href":"https:\/\/espritgames.com\/pl\/wp-json\/wp\/v2\/media?parent=23636"}],"curies":[{"name":"wp","href":"https:\/\/api.w.org\/{rel}","templated":true}]}}