 


						{"id":1158,"date":"2018-07-19T12:04:53","date_gmt":"2018-07-19T12:04:53","guid":{"rendered":"https:\/\/espritgames.com\/pl\/?page_id=1158"},"modified":"2019-08-23T14:52:39","modified_gmt":"2019-08-23T14:52:39","slug":"wladcasmokow","status":"publish","type":"page","link":"https:\/\/espritgames.com\/pl\/agreements\/wladcasmokow\/","title":{"rendered":"Wladca Smokow. Polityka prywatno\u015bci i plik\u00f3w cookie"},"content":{"rendered":"<p>Polityka prywatno\u015bci i plik\u00f3w cookie<br \/>\nWer. 15.06.2018<br \/>\nOUTRIGGER LIMITED (\u201eOUTRIGGER\u201d) podejmuje odpowiednie dzia\u0142ania, by chroni\u0107 prywatno\u015b\u0107 u\u017cytkownik\u00f3w w sieci (dalej okre\u015blanych jako \u201eTy\u201d, \u201eu\u017cytkownik\u201d). Niniejsza Polityka prywatno\u015bci i plik\u00f3w cookie zosta\u0142a stworzona w celu poinformowania u\u017cytkownika o sposobach gromadzenia i przechowywania danych, kt\u00f3re u\u017cytkownik udost\u0119pnia podczas korzystania z dowolnych gier lub aplikacji OUTRIGGER (\u201eUs\u0142uga\u201d lub \u201eUs\u0142ugi\u201d), a tak\u017ce ich wykorzystywania i zarz\u0105dzania nimi.<\/p>\n<p>1.1. Zgodnie z europejskimi przepisami o ochronie danych osobowych jeste\u015bmy administratorem danych. Je\u015bli masz jakiekolwiek w\u0105tpliwo\u015bci dotycz\u0105ce prywatno\u015bci, wy\u015blij wiadomo\u015b\u0107 e-mail do naszego inspektora ochrony danych: gdpr@outriggercy.com<\/p>\n<p>1.2. Niniejsza polityka prywatno\u015bci i plik\u00f3w cookie mo\u017ce od czasu do czasu podlega\u0107 aktualizacji. Powiadomimy Ci\u0119 o wszelkich istotnych zmianach, publikuj\u0105c now\u0105 Polityk\u0119 prywatno\u015bci i plik\u00f3w cookie w witrynie. Zalecamy, by regularnie sprawdza\u0107 niniejsz\u0105 Polityk\u0119 prywatno\u015bci i plik\u00f3w cookie ze wzgl\u0119du na mo\u017cliwo\u015b\u0107 wprowadzenia zmian.<br \/>\nGromadzone i wykorzystywane dane<br \/>\nOUTRIGGER w g\u0142\u00f3wnej mierze gromadzi informacje w celach administracyjnych, a tak\u017ce, by usprawnia\u0107 Us\u0142ugi oraz oprogramowanie, a dzi\u0119ki temu zapewni\u0107 u\u017cytkownikowi lepsze dzia\u0142anie Us\u0142ugi. To, jakie informacje gromadzimy, zale\u017cy od tego, z jakich Us\u0142ug korzystasz i jak je wykorzystujesz.<br \/>\n2.1. Dane osobowe, kt\u00f3re przekazujesz nam bezpo\u015brednio<br \/>\nOd u\u017cytkownika wymagamy udost\u0119pnienia danych osobowych w celu wykonania umowy i do cel\u00f3w weryfikacji oraz do zako\u0144czenia transakcji, egzekwowania warunk\u00f3w licencji i zarz\u0105dzania zapytaniami u\u017cytkownika.<br \/>\nB\u0119dziemy gromadzi\u0107 Twoje dane osobowe, kiedy wejdziesz w interakcj\u0119 z naszymi Us\u0142ugami, na przyk\u0142ad gdy zarejestrujesz si\u0119 za po\u015brednictwem Us\u0142ug i utworzysz konto; dokonasz zakupu za po\u015brednictwem Us\u0142ug; prze\u015blesz lub sprzedasz aktywa, tre\u015b\u0107 lub gry za po\u015brednictwem Us\u0142ug; prze\u015blesz zg\u0142oszenie do centrum wsparcia technicznego; pobierzesz, zarejestrujesz lub zainstalujesz dowolne oprogramowanie; opublikujesz dowolne tre\u015bci za po\u015brednictwem Us\u0142ug.<br \/>\nTe dane osobowe obejmuj\u0105:<br \/>\n\u2022 \u00a0\u00a0\u00a0Nazw\u0119 u\u017cytkownika, adres e-mail oraz kraj zamieszkania;<br \/>\n\u2022 \u00a0\u00a0\u00a0Informacje o Twoim koncie OUTRIGGER;<br \/>\n\u2022 \u00a0\u00a0\u00a0Dane, kt\u00f3re podajesz nam, kiedy prosisz nas o pomoc, na przyk\u0142ad Twoje imi\u0119 i nazwisko oraz informacje dotycz\u0105ce problemu, kt\u00f3ry wyst\u0105pi\u0142;<br \/>\n\u2022 \u00a0\u00a0\u00a0Informacje, kt\u00f3re udost\u0119pniasz podczas udzia\u0142u w konkursach lub loteriach. Je\u015bli wygrasz, mo\u017cemy poprosi\u0107 Ci\u0119 o adres korespondencyjny lub dow\u00f3d to\u017csamo\u015bci, by sprawdzi\u0107, czy kwalifikujesz si\u0119 do udzia\u0142u, a tak\u017ce, by dostarczy\u0107 nagrod\u0119 oraz w celach podatkowych.<br \/>\nZakupy d\u00f3br wirtualnych oferowanych w us\u0142udze s\u0105 obs\u0142ugiwane przez firm\u0119 zewn\u0119trzn\u0105, dlatego OUTRIGGER nie ma dost\u0119pu do informacji dotycz\u0105cych p\u0142atno\u015bci ani danych rozliczeniowych.<br \/>\n2.2. Pozosta\u0142e informacje, kt\u00f3re gromadzimy, kiedy korzystasz z naszych Us\u0142ug<br \/>\nKiedy korzystasz z naszych produkt\u00f3w, automatycznie gromadzimy r\u00f3\u017cne dane, w tym:<br \/>\n\u2022 \u00a0\u00a0\u00a0Adres IP;<br \/>\n\u2022 \u00a0\u00a0\u00a0Identyfikatory sprz\u0119tu oraz urz\u0105dze\u0144, w tym urz\u0105dze\u0144 mobilnych;<br \/>\n\u2022 \u00a0\u00a0\u00a0Informacje o przegl\u0105darce, w tym informacje dotycz\u0105ce rodzaju przegl\u0105darki oraz preferowanego j\u0119zyka;<br \/>\n\u2022 \u00a0\u00a0\u00a0Informacje o stronach odsy\u0142aj\u0105cych i wyj\u015bciowych, w tym o stronach docelowych i odwiedzonych;<br \/>\n\u2022 \u00a0\u00a0\u00a0Informacje o rodzaju platformy;<br \/>\n\u2022 \u00a0\u00a0\u00a0Informacje o no\u015bnikach, urz\u0105dzeniu, sprz\u0119cie i oprogramowaniu, w tym o ustawieniach sprz\u0119towych i komponentach, oprogramowaniu oraz aktualizacjach, kt\u00f3re masz zainstalowane, a tak\u017ce o wymaganych wtyczkach;<br \/>\n\u2022 \u00a0\u00a0\u00a0Szczeg\u00f3\u0142owe informacje o Us\u0142ugach, z kt\u00f3rych korzystasz, oraz o tym, w jaki spos\u00f3b je wykorzystujesz;<br \/>\n\u2022 \u00a0\u00a0\u00a0Informacje o zdarzeniach urz\u0105dzenia, w tym raporty o awariach, pro\u015bby i adresy URL odno\u015bnik\u00f3w oraz dane o aktywno\u015bci systemu;<br \/>\n\u2022 \u00a0\u00a0\u00a0Informacje o Twoim zakupie dowolnego produktu wirtualnego lub innym zdarzeniu biznesowym;<br \/>\n\u2022 \u00a0\u00a0\u00a0Informacje o post\u0119pie, kt\u00f3re s\u0105 wykorzystywane do okre\u015blenia post\u0119pu lub ruchu w grze;<br \/>\n\u2022 \u00a0\u00a0\u00a0Informacje o zasobach, w tym o nabyciu lub sprzeda\u017cy wirtualnych walut w grze;<br \/>\n\u2022 \u00a0\u00a0\u00a0Informacje o zaprojektowanych wydarzeniach, kt\u00f3re s\u0142u\u017c\u0105 do \u015bledzenia Twojego zachowania w grze i mog\u0105 si\u0119 odnosi\u0107 do wszelkich aspekt\u00f3w projektu gry, mi\u0119dzy innymi do projektu poziomu lub postaci, bonus\u00f3w, interakcji spo\u0142ecznych itp.<br \/>\n\u2022 \u00a0\u00a0\u00a0Informacje o b\u0142\u0119dach, w tym o b\u0142\u0119dach, kt\u00f3re wyst\u0105pi\u0142y podczas korzystania z gry;<br \/>\n\u2022 \u00a0\u00a0\u00a0Niestandardowe informacje pochodz\u0105ce z obszar\u00f3w, kt\u00f3re mog\u0105 obejmowa\u0107 okre\u015blone przez Ciebie parametry gry.<br \/>\n2.3. Informacje, kt\u00f3re przekazuj\u0105 nam podmioty trzecie<br \/>\nCzasami kiedy rejestrujesz si\u0119 na platformie podmiotu trzeciego, aby korzysta\u0107 z naszego produktu, wyra\u017casz zgod\u0119 na przekazanie nam informacji o Twoich kontach na platformach podmiot\u00f3w trzecich, aby\u015bmy mogli utworzy\u0107 Twoje konto OUTRIGGER. Aby korzysta\u0107 z produkt\u00f3w OUTRIGGER, musisz posiada\u0107 konto OUTRIGGER. Podmioty trzecie mog\u0105 nam przekaza\u0107 informacje, kt\u00f3re im udost\u0119pniasz, w tym imi\u0119 i nazwisko, adres e-mail, identyfikator online, kraj zamieszkania itp. Od tych podmiot\u00f3w nie otrzymamy jednak numeru karty kredytowej ani innych danych rozliczeniowych.<br \/>\nDo grona tych podmiot\u00f3w trzecich \/ platform nale\u017c\u0105 mi\u0119dzy innymi:<\/p>\n<p>\u2022 \u00a0\u00a0\u00a0Platformy spo\u0142eczno\u015bciowe (Facebook itp.)<br \/>\n\u2022 \u00a0\u00a0\u00a0Platformy mobilne (Google Play, APP Store itp.)<br \/>\n\u2022 \u00a0\u00a0\u00a0Serwisy p\u0142atnicze (Xsolla itp.)<\/p>\n<p>2.4. OUTRIGGER mo\u017ce \u0142\u0105czy\u0107 lub analizowa\u0107 Twoje dane z gry w celu dalszego ulepszania Us\u0142ugi. Nigdy nie podejmujemy na tej podstawie \u017cadnych decyzji, kt\u00f3re mog\u0142yby wi\u0105za\u0107 si\u0119 dla Ciebie z konsekwencjami prawnymi lub w znaczny spos\u00f3b ingerowa\u0107 w Twoje \u017cycie. Naszym celem jest jedynie zapewnienie Ci lepszego komfortu u\u017cytkowania oraz ulepszenie naszej Us\u0142ugi.<\/p>\n<p>2.5. Je\u015bli nie chcesz, aby\u015bmy gromadzili czy przetwarzali Twoje dane osobowe, mo\u017cesz w dowolnym momencie poprosi\u0107 nas o zaprzestanie gromadzenia ich i przetwarzania. W punkcie 4.2 opisujemy, jak to zrobi\u0107.<br \/>\nPliki cookies<br \/>\n3.1. Plik cookie to niewielki plik danych, kt\u00f3ry OUTRIGGER przesy\u0142a na dysk twardy komputera w celach rejestrowych, zazwyczaj do szybkiego identyfikowania komputera u\u017cytkownika i \u201ezapami\u0119tania\u201d informacji o jego odwiedzinach. Us\u0142uga wysy\u0142a pliki cookies na Tw\u00f3j komputer, gdy otwierasz lub wy\u015bwietlasz tre\u015bci z gry OUTRIGGER. Informacje zawarte w pliku cookie mog\u0105 by\u0107 powi\u0105zane z Twoimi danymi osobowymi i s\u0105 wykorzystywane mi\u0119dzy innymi do poprawiania jako\u015bci naszej Us\u0142ugi, dopasowywania rekomendacji do Twoich zainteresowa\u0144 oraz u\u0142atwiania korzystania z Us\u0142ugi. W dowolnym momencie mo\u017cesz wy\u0142\u0105czy\u0107 pliki cookie, mo\u017ce si\u0119 to jednak wi\u0105za\u0107 z brakiem dost\u0119pu do niekt\u00f3rych obszar\u00f3w lub funkcji Us\u0142ugi.<br \/>\n3.2. OUTRIGGER wsp\u00f3\u0142pracuje z podmiotami zewn\u0119trznymi, kt\u00f3re \u015bwiadcz\u0105 nam Us\u0142ugi analityczne i marketingowe. Aby zwi\u0119kszy\u0107 komfort korzystania z naszych Us\u0142ug, mo\u017cemy zezwoli\u0107 tym podmiotom trzecim na umieszczanie w przegl\u0105darce plik\u00f3w cookie informuj\u0105cych o korzystaniu przez u\u017cytkownika z Us\u0142ug. Nie korzystamy (a nasza polityka plik\u00f3w cookie nie obejmuje korzystania) z plik\u00f3w cookie lub rozwi\u0105za\u0144 technologicznych, kt\u00f3re mog\u0105 zosta\u0107 umieszczone na Twoim urz\u0105dzeniu elektronicznym przez niepowi\u0105zane, nale\u017c\u0105ce do stron trzecich rozwi\u0105zania technologiczne lub serwery reklamowe.<br \/>\n3.3. Sesje plik\u00f3w cookie s\u0105 usuwane z Twojego komputera po zamkni\u0119ciu przegl\u0105darki. W ustawieniach przegl\u0105darki mo\u017cesz zdecydowa\u0107, czy przegl\u0105darka ma przesta\u0107 akceptowa\u0107 pliki cookie, czy chcesz otrzymywa\u0107 powiadomienia o plikach Cookie przed ich zaakceptowaniem.<br \/>\nZmiana lub usuni\u0119cie danych osobowych<br \/>\n4.1. Zgodnie z przepisami o ochronie danych masz okre\u015blone prawa zwi\u0105zane z danymi. Mi\u0119dzy innymi mo\u017cesz: (i) poprosi\u0107 o dost\u0119p do swoich danych osobowych oraz dokona\u0107 ich zmiany; (ii) ograniczy\u0107 przetwarzanie danych lub sprzeciwi\u0107 si\u0119 przetwarzaniu swoich danych osobowych; (iii) poprosi\u0107 o kopi\u0119 w formie cyfrowej swoich danych osobowych w imieniu swoim lub strony trzeciej; (iv) zapyta\u0107 nas, jak wykorzystujemy Twoje dane osobowe; (v) poprosi\u0107 o usuni\u0119cie swoich danych osobowych, je\u015bli OUTRIGGER nie jest prawnie zobowi\u0105zany do ich przechowywania. Przys\u0142uguj\u0105 Ci ponadto wszelkie inne prawa wynikaj\u0105ce z odpowiednich przepis\u00f3w o ochronie danych.<\/p>\n<p>4.2. Je\u015bli chcesz skorzysta\u0107 z kt\u00f3rego\u015b z wymienionych powy\u017cej praw, skontaktuj si\u0119 z firm\u0105 OUTRIGGER pod adresem:\u00a0gdpr@outriggercy.com.<\/p>\n<p>W przypadku ograniczenia, usuni\u0119cia lub ca\u0142kowitego przekazania danych osobowych podmiotom trzecim Twoje konto mo\u017ce zosta\u0107 dezaktywowane, a Ty stracisz dost\u0119p do Us\u0142ug OUTRIGGER.<br \/>\nWymiana lub ujawnianie informacji<br \/>\n5.1. Nie udost\u0119pniamy danych osobowych, kt\u00f3re umo\u017cliwiaj\u0105 bezpo\u015bredni\u0105 identyfikacj\u0119 Ciebie, niepowi\u0105zanym podmiotom trzecim, z wyj\u0105tkiem sytuacji, w kt\u00f3rych prosisz nas o udost\u0119pnienie produktu lub Us\u0142ugi, lub kiedy OUTRIGGER otrzyma od Ciebie zgod\u0119 na ich przekazanie, a tak\u017ce:<br \/>\n\u2022 \u00a0\u00a0\u00a0ze wzgl\u0119d\u00f3w prawnych;<br \/>\n\u2022 \u00a0\u00a0\u00a0by egzekwowa\u0107 obowi\u0105zuj\u0105ce warunki korzystania z Us\u0142ugi, w tym przeprowadzi\u0107 dochodzenie w sprawie potencjalnych narusze\u0144;<br \/>\n\u2022 \u00a0\u00a0\u00a0by wykry\u0107 przypadki oszustwa, problemy techniczne lub zwi\u0105zane z bezpiecze\u0144stwem, zapobiega\u0107 im oraz je naprawi\u0107;<br \/>\n\u2022 \u00a0\u00a0\u00a0by chroni\u0107 przed naruszeniem praw, w\u0142asno\u015bci lub bezpiecze\u0144stwa firmy OUTRIGGER, u\u017cytkownika lub spo\u0142ecze\u0144stwa, zgodnie z przepisami prawa;<br \/>\n\u2022 \u00a0\u00a0\u00a0by zapewni\u0107 Ci Us\u0142ug\u0119, kt\u00f3rej potrzebujesz.<br \/>\n5.2. OUTRIGGER mo\u017ce przekaza\u0107 dane u\u017cytkownika podmiotowi trzeciemu, z kt\u00f3rym OUTRIGGER nawi\u0105za\u0142 wsp\u00f3\u0142prac\u0119, by ten dostarczy\u0142 cz\u0119\u015b\u0107 Us\u0142ugi zam\u00f3wionej przez u\u017cytkownika lub pom\u00f3g\u0142 w analizie naszej Us\u0142ugi albo zgromadzonych danych u\u017cytkownika (za jego zgod\u0105). Ponadto podmiot trzeci mo\u017ce zgromadzi\u0107 informacje od u\u017cytkownika lub u\u017cytkownik\u00f3w w naszym imieniu. Gdy nasi zewn\u0119trzni agenci lub dostawcy Us\u0142ug gromadz\u0105 lub otrzymuj\u0105 Twoje dane osobowe, wymagamy, aby korzystali z tych danych w stopniu, kt\u00f3ry jest niezb\u0119dny i \u015bci\u015ble zgodny z celami, a tak\u017ce zgodnie ze standardami sp\u00f3jnymi z t\u0105 polityk\u0105.<br \/>\n5.3. Ponadto mo\u017cemy ujawnia\u0107 Twoje dane podmiotom trzecim w zwi\u0105zku z reorganizacj\u0105, po\u0142\u0105czeniem, fuzj\u0105 firmy lub sprzeda\u017c\u0105 wszystkich lub zasadniczo wszystkich naszych aktyw\u00f3w, je\u015bli uzyskamy na to Twoj\u0105 zgod\u0119 i jest to wymagane przez prawo.<br \/>\n5.4. Mo\u017cemy r\u00f3wnie\u017c szyfrowa\u0107, agregowa\u0107 lub anonimizowa\u0107 informacje gromadzone przez Us\u0142ugi lub w inny spos\u00f3b, aby informacje te nie pozwala\u0142y na identyfikacj\u0119 u\u017cytkownika. U\u017cywanie i ujawnianie zagregowanych, anonimowych i innych nieidentyfikowalnych informacji nie podlega \u017cadnym ograniczeniom wynikaj\u0105cym z niniejszej Polityki prywatno\u015bci i plik\u00f3w cookie, a my mo\u017cemy je ujawnia\u0107 innym stronom bez ogranicze\u0144, w jakimkolwiek celu, w tym tw\u00f3rcom gier, reklamodawcom, wydawcom, partnerom biznesowym, sponsorom i innym podmiotom trzecim.<br \/>\nTransfer za granic\u0119<br \/>\nW celach opisanych w niniejszych zasadach Twoje informacje mog\u0105 na przyk\u0142ad zosta\u0107 przekazane lub przes\u0142ane do kraju innego ni\u017c ten, w kt\u00f3rym mieszkasz, a tak\u017ce przechowywane i przetwarzane w nim. Taki transfer danych jest niezb\u0119dny do \u015bwiadczenia Us\u0142ug okre\u015blonych w niniejszym dokumencie. Przekazywanie danych osobowych przez U\u017cytkownika za po\u015brednictwem Us\u0142ugi mo\u017ce si\u0119 wi\u0105za\u0107 z przekazywaniem danych osobowych do kraj\u00f3w znajduj\u0105cych si\u0119 poza EOG, kt\u00f3re nie zapewniaj\u0105 podobnego lub odpowiedniego poziomu ochrony w stosunku do tych, kt\u00f3re zapewniaj\u0105 kraje EOG. Je\u015bli wymagaj\u0105 tego przepisy o ochronie danych, uzyskamy Twoj\u0105 zgod\u0119 na przekazanie danych do kraj\u00f3w spoza EOG. Podejmiemy wszelkie niezb\u0119dne kroki, aby zapewni\u0107, \u017ce wszelkie dane osobowe s\u0105 traktowane w bezpieczny spos\u00f3b i zgodnie z niniejsz\u0105 Polityk\u0105 prywatno\u015bci i plik\u00f3w cookie.<br \/>\nBezpiecze\u0144stwo<br \/>\nFirma OUTRIGGER wprowadzi\u0142a uzasadnione techniczne i organizacyjne \u015brodki, maj\u0105ce na celu zabezpieczenie danych osobowych przed przypadkow\u0105 utrat\u0105 oraz przed nieuprawnionym dost\u0119pem, wykorzystaniem, zmian\u0105 lub ujawnieniem, jednak nie mo\u017cemy zagwarantowa\u0107, \u017ce obecne \u015brodki bezpiecze\u0144stwa s\u0105 w 100 procentach skuteczne. Poza tym nie ponosimy \u017cadnej odpowiedzialno\u015bci za dokonane przez Ciebie publiczne ujawnienie Twoich danych osobowych lub za niew\u0142a\u015bciwe korzystanie z naszej Us\u0142ugi, kt\u00f3re skutkuje ujawnieniem Twoich danych osobowych. Nale\u017cy r\u00f3wnie\u017c pami\u0119ta\u0107, \u017ce e-maile i systemy przesy\u0142ania wiadomo\u015bci nie s\u0105 uwa\u017cane za bezpieczne, wi\u0119c OUTRIGGER nie zaleca wysy\u0142ania danych osobowych za po\u015brednictwem tych medi\u00f3w. Zachowamy Twoje informacje i dane przez czas nie d\u0142u\u017cszy ni\u017c jest to konieczne i na czas trwania umowy z Tob\u0105, chyba \u017ce b\u0119dziemy prawnie zobowi\u0105zani do zachowania Twoich danych.<br \/>\nPolityka dotycz\u0105ca dzieci<br \/>\n8.1. Szczeg\u00f3lnie wa\u017cna jest dla nas ochrona danych osobowych pozyskanych od dzieci. Us\u0142ugi s\u0105 przeznaczone dla og\u00f3\u0142u odbiorc\u00f3w, a firma OUTRIGGER nie gromadzi \u015bwiadomie \u017cadnych danych osobowych od dzieci. Gdy u\u017cytkownicy okre\u015bl\u0105 si\u0119 jako dzieci (tj. poni\u017cej 16 roku \u017cycia lub poni\u017cej minimalnego wieku na odpowiednim terytorium), zgodnie z obowi\u0105zuj\u0105cym prawem: (1) nie udost\u0119pnimy im mo\u017cliwo\u015bci wprowadzenia danych osobowych, (2) b\u0119dziemy gromadzi\u0107 okre\u015blone dane wy\u0142\u0105cznie w ograniczonym celu (zgodnie z obowi\u0105zuj\u0105cym prawem), (3) b\u0119dziemy blokowa\u0107 dzieciom dost\u0119p do okre\u015blonych Us\u0142ug (np. funkcji czatu), (4) b\u0119dziemy si\u0119 ubiega\u0107 o zgod\u0119 rodzic\u00f3w na gromadzenie, wykorzystanie i udost\u0119pnianie danych osobowych ich dzieci.<br \/>\n8.2. Zgromadzone dane s\u0105 zabezpieczone zgodnie z zasadami Polityki prywatno\u015bci i plik\u00f3w cookie. Je\u015bli wprowadzimy istotne zmiany w sposobie, w jaki u\u017cywamy, gromadzimy lub udost\u0119pniamy dane osobowe dziecka u\u017cytkownika, powiadomimy rodzic\u00f3w za po\u015brednictwem wiadomo\u015bci e-mail lub powiadomienia w grze, aby uzyska\u0107 mo\u017cliw\u0105 do zweryfikowania zgod\u0119 rodzic\u00f3w na nowe wykorzystanie danych osobowych dziecka.<br \/>\n8.3. Je\u015bli jeste\u015b rodzicem lub opiekunem i wiesz, \u017ce Twoje dziecko przekaza\u0142o nam dane osobowe bez Twojej zgody lub chcesz odwo\u0142a\u0107 wcze\u015bniej wyra\u017con\u0105 zgod\u0119, przejrze\u0107 informacje otrzymane od Twojego dziecka lub usun\u0105\u0107 te dane, skontaktuj si\u0119 z nami pod adresem: gdpr@outriggercy.com. OUTRIGGER rozumie znaczenie ochrony prywatno\u015bci dzieci i zach\u0119ca rodzic\u00f3w do regularnego sprawdzania i monitorowania dzia\u0142a\u0144, jakie ich dzieci podejmuj\u0105 w Internecie.<br \/>\nKontakt<br \/>\nPo rejestracji otrzymasz wiadomo\u015b\u0107 e-mail od OUTRIGGER. Mo\u017cesz zrezygnowa\u0107 z subskrypcji, korzystaj\u0105c z linku w dowolnym newsletterze wys\u0142anym e-mailowo.<\/p>\n<p>Je\u015bli masz jakiekolwiek pytania dotycz\u0105ce niniejszej Polityki prywatno\u015bci i plik\u00f3w cookie, skontaktuj si\u0119 z OUTRIGGER pod adresem gdpr@outriggercy.com.<\/p>\n","protected":false},"excerpt":{"rendered":"<p>Polityka prywatno\u015bci i plik\u00f3w cookie Wer. 15.06.2018 OUTRIGGER LIMITED (\u201eOUTRIGGER\u201d) podejmuje odpowiednie dzia\u0142ania, by chroni\u0107 prywatno\u015b\u0107 u\u017cytkownik\u00f3w w sieci (dalej okre\u015blanych jako \u201eTy\u201d, \u201eu\u017cytkownik\u201d). Niniejsza Polityka prywatno\u015bci i plik\u00f3w cookie zosta\u0142a stworzona w celu poinformowania u\u017cytkownika o sposobach gromadzenia i przechowywania danych, kt\u00f3re u\u017cytkownik udost\u0119pnia podczas korzystania z dowolnych gier lub aplikacji OUTRIGGER (\u201eUs\u0142uga\u201d lub &hellip; <a href=\"https:\/\/espritgames.com\/pl\/agreements\/wladcasmokow\/\" class=\"more-link\">Continue reading <span class=\"screen-reader-text\">Wladca Smokow. Polityka prywatno\u015bci i plik\u00f3w cookie<\/span> <span class=\"meta-nav\">&rarr;<\/span><\/a><\/p>\n","protected":false},"author":1969676,"featured_media":0,"parent":1155,"menu_order":0,"comment_status":"closed","ping_status":"closed","template":"page-templates\/agreement-pl.php","meta":[],"_links":{"self":[{"href":"https:\/\/espritgames.com\/pl\/wp-json\/wp\/v2\/pages\/1158"}],"collection":[{"href":"https:\/\/espritgames.com\/pl\/wp-json\/wp\/v2\/pages"}],"about":[{"href":"https:\/\/espritgames.com\/pl\/wp-json\/wp\/v2\/types\/page"}],"author":[{"embeddable":true,"href":"https:\/\/espritgames.com\/pl\/wp-json\/wp\/v2\/users\/1969676"}],"replies":[{"embeddable":true,"href":"https:\/\/espritgames.com\/pl\/wp-json\/wp\/v2\/comments?post=1158"}],"version-history":[{"count":9,"href":"https:\/\/espritgames.com\/pl\/wp-json\/wp\/v2\/pages\/1158\/revisions"}],"predecessor-version":[{"id":11561,"href":"https:\/\/espritgames.com\/pl\/wp-json\/wp\/v2\/pages\/1158\/revisions\/11561"}],"up":[{"embeddable":true,"href":"https:\/\/espritgames.com\/pl\/wp-json\/wp\/v2\/pages\/1155"}],"wp:attachment":[{"href":"https:\/\/espritgames.com\/pl\/wp-json\/wp\/v2\/media?parent=1158"}],"curies":[{"name":"wp","href":"https:\/\/api.w.org\/{rel}","templated":true}]}}