 


						{"id":10562,"date":"2019-07-09T09:28:16","date_gmt":"2019-07-09T09:28:16","guid":{"rendered":"https:\/\/espritgames.com\/pl\/?page_id=10562"},"modified":"2019-08-23T14:47:42","modified_gmt":"2019-08-23T14:47:42","slug":"switaniolow","status":"publish","type":"page","link":"https:\/\/espritgames.com\/pl\/agreements\/switaniolow\/","title":{"rendered":"Swit Aniolow. Polityka prywatno\u015bci i plik\u00f3w cookie"},"content":{"rendered":"<p>Swit Aniolow OFERTA UMOWY<br \/>\nFirma Outrigger Limited, zwana dalej \u201eAdministratorem\u201d, publikuje niniejsz\u0105 Umow\u0119, kt\u00f3ra okre\u015bla procedur\u0119 \u015bwiadczenia us\u0142ug organizacyjnych i technicznych oraz stanowi ofert\u0119 umowy (oficjaln\u0105 propozycj\u0119) dla ka\u017cdej zainteresowanej osoby, zwanej dalej \u201eU\u017cytkownikiem\u201d, kt\u00f3ra akceptuje warunki niniejszej Umowy i Zasady uczestnictwa w grze online \u201eSwit Aniolow\u201d.<br \/>\n1. Przedmiot umowy<br \/>\nAdministrator zapewnia U\u017cytkownikowi gry online \u201eSwit Aniolow\u201d us\u0142ugi organizacyjne i techniczne, zwane dalej \u201eUs\u0142ug\u0105\u201d, kt\u00f3re stanowi\u0105 ograniczon\u0105 list\u0119 dodatkowych opcji (mo\u017cliwo\u015bci technicznych), kt\u00f3rych wielko\u015b\u0107 i koszt okre\u015blono w sekcji \u201eKup z\u0142oto\u201d na stronie https:\/\/espritgames.com\/pl\/switaniolow\/.<br \/>\n2. Akceptacja umowy<br \/>\n2.1. Autoryzacja (identyfikacja) U\u017cytkownika na stronie Administratora (podanie niepowtarzalnych danych identyfikacyjnych U\u017cytkownika na stronie rejestracji i\/lub dowolnej stronie logowania) stanowi pe\u0142n\u0105 i bezwarunkow\u0105 akceptacj\u0119 warunk\u00f3w niniejszej Umowy, a tak\u017ce Umowy licencyjnej, kt\u00f3ra znajduje si\u0119 na serwerze Administratora pod adresem https:\/\/espritgames.com\/pl\/switaniolow\/, a U\u017cytkownik, zgodnie z Kodeksem Cywilnym Federacji Rosyjskiej, jest traktowany jako osoba, kt\u00f3ra nawi\u0105za\u0142a stosunki umowne z firm\u0105 Outrigger Limited.<br \/>\n3. Procedura \u015bwiadczenia us\u0142ugi<br \/>\n3.1. W celu wype\u0142nienia obowi\u0105zk\u00f3w wynikaj\u0105cych z niniejszej Umowy, Administrator wymaga od U\u017cytkownika przej\u015bcia procedury rejestracji wst\u0119pnej na serwerze Administratora, polegaj\u0105cej na wype\u0142nieniu wymaganych p\u00f3l danych formularza rejestracyjnego znajduj\u0105cego si\u0119 pod adresem: https:\/\/espritgames.com\/pl\/switaniolow\/. Jednocze\u015bnie Administrator nie ponosi odpowiedzialno\u015bci za kompletno\u015b\u0107 i rzetelno\u015b\u0107 informacji podanych przez U\u017cytkownika.<br \/>\n3.2. Zarejestrowany U\u017cytkownik wybiera zakres, czas trwania i koszt Us\u0142ugi \u015bwiadczonej przez Administratora, korzystaj\u0105c z formularza zam\u00f3wienia umieszczonego w sekcji \u201eUzupe\u0142nianie konta\u201d. P\u0142atno\u015b\u0107 za Us\u0142ug\u0119 jest dokonywana poprzez przelew na konto Administratora kwoty r\u00f3wnej kosztowi wybranego zakresu Us\u0142ugi. Termin \u201eUs\u0142uga\u201d oznacza korzystanie z us\u0142ugi zamiany \u015brodk\u00f3w pieni\u0119\u017cnych na jednostki miary praw w celu uzyskania dost\u0119pu do dodatkowych funkcji Gry i nie jest warunkiem koniecznym uczestnictwa U\u017cytkownika w Grze ani uzyskania praw do korzystania z Gry jako ca\u0142o\u015bci. Prawa do korzystania z dodatkowych funkcji gry jest zapewniane na \u017cyczenie U\u017cytkownika. Dane wymagane do otrzymania p\u0142atno\u015bci za us\u0142ug\u0119 zamiany \u015brodk\u00f3w pieni\u0119\u017cnych na jednostki miary praw zostan\u0105 wskazane przez U\u017cytkownika podczas rejestracji wst\u0119pnej i, je\u015bli to konieczne, podane na stronie p\u0142atno\u015bci w witrynie Administratora po z\u0142o\u017ceniu zam\u00f3wienia.<br \/>\n3.3. W ci\u0105gu 24 godzin od otrzymania kwoty p\u0142atno\u015bci za us\u0142ug\u0119 zamiany \u015brodk\u00f3w pieni\u0119\u017cnych na jednostki miary praw, U\u017cytkownik uzyskuje techniczn\u0105 mo\u017cliwo\u015b\u0107 korzystania z wybranego zakresu Us\u0142ugi. Jednocze\u015bnie Administrator nie ponosi odpowiedzialno\u015bci za stan sprz\u0119tu U\u017cytkownika, je\u015bli wyklucza lub ogranicza on mo\u017cliwo\u015b\u0107 korzystania z op\u0142aconego zakresu Us\u0142ugi.<br \/>\n3.4. Je\u015bli U\u017cytkownik ma jakiekolwiek roszczenia co do zakresu i jako\u015bci Us\u0142ugi, musi niezw\u0142ocznie powiadomi\u0107 o tym Administratora poczt\u0105 elektroniczn\u0105, podaj\u0105c jednocze\u015bnie swoje dane identyfikacyjne, czas wyst\u0105pienia roszczenia, a tak\u017ce uzasadnienie. U\u017cytkownik przyjmuje do wiadomo\u015bci, \u017ce Administrator mo\u017ce nie by\u0107 w stanie zweryfikowa\u0107 zasadno\u015bci roszczenia zg\u0142oszonego po up\u0142ywie trzech dni od daty jego wyst\u0105pienia. Administrator, w ci\u0105gu 5 (pi\u0119ciu) dni od daty otrzymania roszczenia, przeka\u017ce U\u017cytkownikowi swoje stanowisko w sprawie otrzymanego roszczenia, a w przypadku gdy uzna je za uzasadnione, zaoferuje U\u017cytkownikowi rekompensat\u0119 za niedogodno\u015bci.<br \/>\n3.5. Us\u0142ugi Administratora uznaje si\u0119 za op\u0142acone i \u015bwiadczone w pe\u0142nym zakresie i odpowiedniej jako\u015bci, je\u017celi w okresie \u015bwiadczenia Us\u0142ugi U\u017cytkownik nie przeka\u017ce Administratorowi pisemnego uzasadnionego roszczenia zgodnie z wymaganiami klauzuli 3.4.<br \/>\n3.6. W przypadku ca\u0142kowitego lub cz\u0119\u015bciowego nieu\u017cywania przez U\u017cytkownika Us\u0142ugi w okresie jej \u015bwiadczenia us\u0142ugi \u015bwiadczone w ramach niniejszej Umowy uwa\u017ca si\u0119 za w pe\u0142ni zrealizowane.<br \/>\n4. Obowi\u0105zki U\u017cytkownika<br \/>\nW celu prawid\u0142owego wype\u0142nienia warunk\u00f3w niniejszej Umowy U\u017cytkownik jest zobowi\u0105zany:<br \/>\n4.1. Prawid\u0142owo wykona\u0107 procedur\u0119 rejestracji nowego u\u017cytkownika na stronie internetowej Administratora. W przypadku zmiany danych kontaktowych i innych istotnych informacji nale\u017cy w odpowiednim czasie wprowadzi\u0107 zmiany w formularzu rejestracyjnym, a je\u015bli nie mo\u017cna tego zrobi\u0107, powiadomi\u0107 Administratora poczt\u0105 e-mail.<br \/>\n4.2. Nie ujawnia\u0107 ani nie przekazywa\u0107 stronom trzecim swoich danych identyfikacyjnych, kt\u00f3re umo\u017cliwiaj\u0105 autoryzacj\u0119 u\u017cytkownika na serwerze Administratora.<br \/>\n4.3. Nie korzysta\u0107 z Us\u0142ugi \u015bwiadczonej przez Administratora w celach komercyjnych.<br \/>\n4.4. Przestrzega\u0107 praw autorskich Administratora i innych w\u0142a\u015bcicieli praw autorskich, nie kopiowa\u0107 ani nie przekazywa\u0107 stronom trzecim \u017cadnej istotnej cz\u0119\u015bci zawarto\u015bci strony internetowej Administratora. Nie korzysta\u0107 z Us\u0142ugi w celach, kt\u00f3re naruszaj\u0105 prawa autorskie stron trzecich.<br \/>\n4.5. Zapozna\u0107 si\u0119 z niniejsz\u0105 Umow\u0105, Umow\u0105 licencyjn\u0105, Zasadami gry, a tak\u017ce z ewentualnymi zmianami i uzupe\u0142nieniami do nich, o kt\u00f3rych Administrator informuje na stronie g\u0142\u00f3wnej witryny internetowej espritgames.ru.<br \/>\n4.6. Zapewni\u0107 techniczne mo\u017cliwo\u015bci korzystania z Us\u0142ugi ze swojej strony, takie jak dost\u0119p do Internetu, dost\u0119pno\u015b\u0107 oprogramowania umo\u017cliwiaj\u0105cego przesy\u0142anie informacji za po\u015brednictwem protoko\u0142u http i innych niezb\u0119dnych \u015brodk\u00f3w.<br \/>\n4.7. Terminowo dokonywa\u0107 p\u0142atno\u015bci za Us\u0142ug\u0119 i zachowywa\u0107 dokumenty potwierdzaj\u0105ce p\u0142atno\u015b\u0107, przynajmniej przez ca\u0142y okres korzystania z Us\u0142ugi.<br \/>\n4.8. Ponosi\u0107 odpowiedzialno\u015b\u0107 za otrzymywanie i rozpowszechnianie informacji za pomoc\u0105 \u015brodk\u00f3w technicznych, umo\u017cliwiaj\u0105cych korzystanie z Us\u0142ugi, zgodnie z prawem obowi\u0105zuj\u0105cym w miejscu zamieszkania U\u017cytkownika.<br \/>\n5. Obowi\u0105zki Administratora<br \/>\nW celu prawid\u0142owego wype\u0142nienia warunk\u00f3w niniejszej Umowy Administrator jest zobowi\u0105zany:<br \/>\n5.1. Zapewni\u0107 U\u017cytkownikowi mo\u017cliwo\u015b\u0107 korzystania z Us\u0142ugi zgodnie z klauzul\u0105 3 niniejszej Umowy.<br \/>\n5.2. Zachowa\u0107 poufno\u015b\u0107 danych przekazanych przez U\u017cytkownika, a tak\u017ce nie przekazywa\u0107 jego danych kontaktowych stronom trzecim, je\u017celi nie s\u0105 one publicznie dost\u0119pne na \u017c\u0105danie U\u017cytkownika i z wyj\u0105tkiem nakazu s\u0105dowego lub w innej kolejno\u015bci przewidzianej przez prawo.<br \/>\n5.3. Informowa\u0107 U\u017cytkownika poprzez publikowanie na stronie internetowej Administratora i (lub) przesy\u0142anie poczt\u0105 elektroniczn\u0105 istotnych informacji dotycz\u0105cych warunk\u00f3w \u015bwiadczenia Us\u0142ugi.<br \/>\n6. Rozwi\u0105zanie i zawieszenie Us\u0142ugi<br \/>\n6.1. Administrator ma prawo zako\u0144czy\u0107 \u015bwiadczenie Us\u0142ugi w przypadku naruszenia przez U\u017cytkownika warunk\u00f3w niniejszej Umowy lub wymaga\u0144 Regulaminu uczestnictwa, je\u015bli w wyniku takiego dzia\u0142ania U\u017cytkownik wyrz\u0105dzi szkod\u0119 Administratorowi lub stronom trzecim (w tym innym uczestnikom gry online) lub je\u015bli b\u0119dzie istnie\u0107 zagro\u017cenie wyst\u0105pienia takiej szkody spowodowanej dzia\u0142aniami U\u017cytkownika.<br \/>\n6.2. Administrator mo\u017ce zawiesi\u0107 dost\u0119p U\u017cytkownika do ca\u0142o\u015bci lub dowolnej cz\u0119\u015bci Us\u0142ugi bez uprzedniego ostrze\u017cenia w przypadku, gdy U\u017cytkownik b\u0119dzie bezpo\u015brednio zaanga\u017cowany w dzia\u0142ania, kt\u00f3re Administrator w spos\u00f3b uzasadniony uzna za naruszaj\u0105ce Zasady uczestnictwa.<br \/>\n6.3. Administrator mo\u017ce zawiesi\u0107 dost\u0119p U\u017cytkownika do Us\u0142ugi i usun\u0105\u0107 jego konto gry, je\u015bli nie b\u0119d\u0105 one u\u017cywane przez okres d\u0142u\u017cszy ni\u017c 60 dni.<br \/>\n6.4. W przypadku zablokowania U\u017cytkownika op\u0142acone zasoby gry nie s\u0105 zwracane.<br \/>\n7. Odpowiedzialno\u015b\u0107 stron<br \/>\n7.1. U\u017cytkownik jest odpowiedzialny za wszelkie po\u0142\u0105czenia z Us\u0142ug\u0105 i podejmowane przez siebie dzia\u0142ania z wykorzystaniem mo\u017cliwo\u015bci technicznych Us\u0142ugi, w wyniku czego ponosi pe\u0142n\u0105 odpowiedzialno\u015b\u0107 i ewentualne ryzyko w zwi\u0105zku z korzystaniem z Us\u0142ugi \u015bwiadczonej przez Administratora.<br \/>\n7.2. Administrator nie ponosi odpowiedzialno\u015bci za skutki korzystania lub u\u017cyteczno\u015b\u0107 us\u0142ug \u015bwiadczonych w ramach obj\u0119tej zam\u00f3wieniem Us\u0142ugi, a tak\u017ce za jako\u015b\u0107 dost\u0119pu do Us\u0142ugi przez Internet. W przypadku niezgodno\u015bci us\u0142ug \u015bwiadczonych w ramach zam\u00f3wionego zakresu Us\u0142ugi z wymaganiami U\u017cytkownika, mo\u017ce on zaprzesta\u0107 korzystania z Us\u0142ugi, a wydane \u015brodki nie zostan\u0105 zwr\u00f3cone ani zrekompensowane w inny spos\u00f3b, poniewa\u017c us\u0142ug\u0119 zamiany \u015brodk\u00f3w pieni\u0119\u017cnych na jednostki miary praw uznaje si\u0119 za zrealizowan\u0105 i zako\u0144czon\u0105 w momencie dodania jednostek do konta U\u017cytkownika w grze.<br \/>\n7.3. U\u017cytkownik ponosi pe\u0142n\u0105 odpowiedzialno\u015b\u0107 za bezpiecze\u0144stwo danych identyfikacyjnych zapewniaj\u0105cych dost\u0119p do Us\u0142ugi oraz za straty, kt\u00f3re mog\u0105 powsta\u0107 w wyniku nieuprawnionego korzystania z tego dost\u0119pu.<br \/>\n7.4. W \u017cadnym wypadku Administrator nie ponosi odpowiedzialno\u015bci za jakiekolwiek bezpo\u015brednie lub po\u015brednie szkody wyrz\u0105dzone U\u017cytkownikowi w okresie korzystania z Us\u0142ugi lub za niemo\u017cno\u015b\u0107 korzystania z Us\u0142ugi, w szczeg\u00f3lno\u015bci w wyniku b\u0142\u0119d\u00f3w, zaniecha\u0144, przerw w pracy, usuni\u0119cia plik\u00f3w, zmian funkcji, usterek, op\u00f3\u017anie\u0144 podczas przesy\u0142ania danych i tym podobnych zdarze\u0144, kt\u00f3re nast\u0105pi\u0142y nie z winy Administratora.<br \/>\n8. Zmiana warunk\u00f3w i wypowiedzenie umowy<br \/>\n8.1. Umowa jest wa\u017cna od momentu jej akceptacji i do momentu, w kt\u00f3rym Administrator wywi\u0105\u017ce si\u0119 ze swoich zobowi\u0105za\u0144.<br \/>\n8.2. Niniejsza Umowa, Zasady uczestnictwa i Stawki s\u0105 oficjalnymi dokumentami Administratora. Aktualna wersja ka\u017cdego z tych dokument\u00f3w znajduje si\u0119 na stronie internetowej Administratora. W przypadku zmiany warunk\u00f3w \u015bwiadczenia Us\u0142ugi, U\u017cytkownik, kt\u00f3ry zap\u0142aci\u0142 za us\u0142ugi przed wprowadzeniem zmian b\u0119dzie uprawniony do korzystania z Us\u0142ugi na warunkach obowi\u0105zuj\u0105cych w momencie dokonywania p\u0142atno\u015bci.<br \/>\n8.3. Administrator ma prawo do zmiany warunk\u00f3w niniejszej Umowy i jej za\u0142\u0105cznik\u00f3w, dostosowywania obecnych taryf, wprowadzania nowych za\u0142\u0105cznik\u00f3w do niniejszej Umowy poprzez publikacj\u0119 zawiadomie\u0144 o takich zmianach na stronie internetowej Administratora na co najmniej 7 dni przed wej\u015bciem zmian w \u017cycie.<br \/>\nWszelkie zmiany cen nie dotycz\u0105 ju\u017c op\u0142aconych us\u0142ug.<br \/>\n8.4. U\u017cytkownik ponosi odpowiedzialno\u015b\u0107 za weryfikacj\u0119 zmian w Umowie i Zasadach uczestnictwa na stronie internetowej Administratora.<\/p>\n<p>9. Rozstrzyganie spor\u00f3w<br \/>\n9.1. Roszczenia U\u017cytkownika przyjmowane s\u0105 w formie pisemnej lub elektronicznej (na adres e-mail: corp@outriggercy.com) nie p\u00f3\u017aniej ni\u017c w ci\u0105gu 3 (trzech) dni roboczych od momentu wyst\u0105pienia zdarzenia. Roszczenia rozpatrywane s\u0105 w terminie 5 (pi\u0119ciu) dni, a Administrator ma prawo do nawi\u0105zania korespondencji z U\u017cytkownikiem w celu wyja\u015bnienia charakteru i przyczyn roszczenia. W przypadku nieotrzymania odpowiedzi na swoje zapytanie w ci\u0105gu trzech dni Administrator ma prawo uzna\u0107, \u017ce roszczenie zosta\u0142o wycofane; w dowolnym przypadku decyzja w sprawie ka\u017cdego roszczenia musi zosta\u0107 podj\u0119ta w ci\u0105gu 10 (dziesi\u0119ciu) dni roboczych.<br \/>\n9.2. W przypadku jakichkolwiek spor\u00f3w lub rozbie\u017cno\u015bci powsta\u0142ych w zwi\u0105zku z realizacj\u0105 Umowy, Strony do\u0142o\u017c\u0105 wszelkich stara\u0144, aby je rozwi\u0105za\u0107 w drodze negocjacji mi\u0119dzy Stronami.<br \/>\n9.3. Je\u017celi spory nie zostan\u0105 rozstrzygni\u0119te w drodze negocjacji, b\u0119d\u0105 rozstrzygane zgodnie z procedur\u0105 okre\u015blon\u0105 w przepisach prawa Federacji Rosyjskiej.<br \/>\n10. Dodatkowe warunki<br \/>\n10.1. U\u017cytkownik samodzielnie kontroluje termin zako\u0144czenia \u015bwiadczenia Us\u0142ugi.<br \/>\n10.2. U\u017cytkownik ma prawo \u017c\u0105da\u0107 od Administratora rozwi\u0105zania problem\u00f3w ze \u015bwiadczeniem Us\u0142ugi, z wyj\u0105tkiem przypadk\u00f3w zwi\u0105zanych z dzia\u0142aniem si\u0142y wy\u017cszej.<br \/>\n10.3. Administrator ma prawo do wysy\u0142ania wiadomo\u015bci za pomoc\u0105 \u015brodk\u00f3w technicznych udost\u0119pnianych w ramach Us\u0142ugi, a tak\u017ce bezpo\u015brednio na adres e-mail U\u017cytkownika. Administrator informuje U\u017cytkownika, \u017ce wiadomo\u015bci mog\u0105 nie mie\u0107 bezpo\u015bredniego zwi\u0105zku z Us\u0142ug\u0105, a U\u017cytkownik mo\u017ce w dowolnej chwili zrezygnowa\u0107 z otrzymywania takich wiadomo\u015bci, korzystaj\u0105c z polece\u0144 lub ustawie\u0144, o kt\u00f3rych Administrator jest zobowi\u0105zany powiadomi\u0107 U\u017cytkownika.<br \/>\n10.4. Je\u017celi U\u017cytkownik nie akceptuje jakiejkolwiek klauzuli Umowy U\u017cytkownika i Zasad gry, nie jest uprawniony do dalszego korzystania z Us\u0142ugi i musi niezw\u0142ocznie opu\u015bci\u0107 Witryn\u0119 gry.<br \/>\n10.5. Rejestracja U\u017cytkownika oznacza akceptacj\u0119 wszystkich warunk\u00f3w Umowy U\u017cytkownika i Zasad gry, a tak\u017ce oznacza brak praw U\u017cytkownika do roszcze\u0144 na warunkach okre\u015blonych w powy\u017cszych dokumentach.<br \/>\n11. Si\u0142a wy\u017csza<br \/>\n11.1. Administrator jest zwolniony z odpowiedzialno\u015bci za ca\u0142kowite lub cz\u0119\u015bciowe niewywi\u0105zanie si\u0119 ze swoich zobowi\u0105za\u0144 wynikaj\u0105cych z niniejszej Umowy, je\u017celi takie zaniedbanie wynika z dzia\u0142a\u0144 si\u0142y wy\u017cszej (\u201eforce majeure&#8221;), tj. nadzwyczajnych i niemo\u017cliwych do unikni\u0119cia w danych warunkach okoliczno\u015bci, w tym masowych rozruch\u00f3w, zakaz\u00f3w wydanych przez w\u0142adze, kl\u0119sk \u017cywio\u0142owych, po\u017car\u00f3w, katastrof i innych okoliczno\u015bci si\u0142y wy\u017cszej, a tak\u017ce w przypadku nast\u0119puj\u0105cych sytuacji:<br \/>\n11.1.1. Przerwy w zasilaniu;<br \/>\n11.1.2. Globalne zak\u0142\u00f3cenia w pracy rosyjskich i mi\u0119dzynarodowych segment\u00f3w Internetu;<br \/>\n11.1.3. Awarie system\u00f3w trasowania;<br \/>\n11.1.4. B\u0142\u0119dy w rozproszonym systemie nazw domen;<br \/>\n11.1.5. Awarie spowodowane przez ataki hakerskie i ataki DoS, a tak\u017ce inne nielegalne dzia\u0142ania stron trzecich;<br \/>\n11.2. Administrator jest zobowi\u0105zany, o ile jest to technicznie mo\u017cliwe, powiadomi\u0107 U\u017cytkownika o wyst\u0119powaniu okoliczno\u015bci si\u0142y wy\u017cszej za po\u015brednictwem poczty elektronicznej i\/lub publikuj\u0105c tak\u0105 informacj\u0119 na stronie g\u0142\u00f3wnej witryny espritgames.ru w ci\u0105gu 7 (siedmiu) dni od momentu wyst\u0105pienia takich okoliczno\u015bci.<br \/>\n11.3. Je\u017celi wyst\u0105pienie danych okoliczno\u015bci si\u0142y wy\u017cszej bezpo\u015brednio wp\u0142yn\u0119\u0142o na wype\u0142nienie przez Administratora obowi\u0105zk\u00f3w w terminie okre\u015blonym w niniejszej Umowie, termin ten zostanie wyd\u0142u\u017cony proporcjonalnie do czasu trwania takich okoliczno\u015bci.<br \/>\n11.4. Je\u017celi brak mo\u017cliwo\u015bci wype\u0142nienia zobowi\u0105za\u0144 wynikaj\u0105cych z niniejszej Umowy b\u0119dzie trwa\u0107 d\u0142u\u017cej ni\u017c 3 (trzy) miesi\u0105ce, niniejsz\u0105 Umow\u0119 uwa\u017ca si\u0119 za rozwi\u0105zan\u0105 bez mo\u017cliwo\u015bci dochodzenia odszkodowania.<br \/>\n12. Dane Administratora<br \/>\nOutrigger Limited.<br \/>\nLeoforos Spyrou Kyprianou, 67,<br \/>\nKyriakides Business Center<br \/>\n4003, Limassol, Cyprus.<br \/>\ncorp@outriggercy.com<\/p>\n","protected":false},"excerpt":{"rendered":"<p>Swit Aniolow OFERTA UMOWY Firma Outrigger Limited, zwana dalej \u201eAdministratorem\u201d, publikuje niniejsz\u0105 Umow\u0119, kt\u00f3ra okre\u015bla procedur\u0119 \u015bwiadczenia us\u0142ug organizacyjnych i technicznych oraz stanowi ofert\u0119 umowy (oficjaln\u0105 propozycj\u0119) dla ka\u017cdej zainteresowanej osoby, zwanej dalej \u201eU\u017cytkownikiem\u201d, kt\u00f3ra akceptuje warunki niniejszej Umowy i Zasady uczestnictwa w grze online \u201eSwit Aniolow\u201d. 1. Przedmiot umowy Administrator zapewnia U\u017cytkownikowi gry online &hellip; <a href=\"https:\/\/espritgames.com\/pl\/agreements\/switaniolow\/\" class=\"more-link\">Continue reading <span class=\"screen-reader-text\">Swit Aniolow. Polityka prywatno\u015bci i plik\u00f3w cookie<\/span> <span class=\"meta-nav\">&rarr;<\/span><\/a><\/p>\n","protected":false},"author":1969676,"featured_media":0,"parent":1155,"menu_order":0,"comment_status":"closed","ping_status":"closed","template":"page-templates\/agreement-pl.php","meta":[],"_links":{"self":[{"href":"https:\/\/espritgames.com\/pl\/wp-json\/wp\/v2\/pages\/10562"}],"collection":[{"href":"https:\/\/espritgames.com\/pl\/wp-json\/wp\/v2\/pages"}],"about":[{"href":"https:\/\/espritgames.com\/pl\/wp-json\/wp\/v2\/types\/page"}],"author":[{"embeddable":true,"href":"https:\/\/espritgames.com\/pl\/wp-json\/wp\/v2\/users\/1969676"}],"replies":[{"embeddable":true,"href":"https:\/\/espritgames.com\/pl\/wp-json\/wp\/v2\/comments?post=10562"}],"version-history":[{"count":6,"href":"https:\/\/espritgames.com\/pl\/wp-json\/wp\/v2\/pages\/10562\/revisions"}],"predecessor-version":[{"id":11560,"href":"https:\/\/espritgames.com\/pl\/wp-json\/wp\/v2\/pages\/10562\/revisions\/11560"}],"up":[{"embeddable":true,"href":"https:\/\/espritgames.com\/pl\/wp-json\/wp\/v2\/pages\/1155"}],"wp:attachment":[{"href":"https:\/\/espritgames.com\/pl\/wp-json\/wp\/v2\/media?parent=10562"}],"curies":[{"name":"wp","href":"https:\/\/api.w.org\/{rel}","templated":true}]}}