 


						{"id":10305,"date":"2019-06-28T12:58:39","date_gmt":"2019-06-28T12:58:39","guid":{"rendered":"https:\/\/espritgames.com\/pl\/?page_id=10305"},"modified":"2019-07-10T10:03:52","modified_gmt":"2019-07-10T10:03:52","slug":"go","status":"publish","type":"page","link":"https:\/\/espritgames.com\/pl\/switaniolow\/go\/","title":{"rendered":"\u015awit Anio\u0142\u00f3w. Game"},"content":{"rendered":"<div id=\"iframe-holder\" data-game-frame-url=\"https:\/\/core.espritgames.com\/platforms\/sa\/apps\/651?consumer=portal-pl&return_to=https%3A%2F%2Fespritgames.com%2Fpl%2Fwp-json%2Fwp%2Fv2%2Fpages%2F10305&ts=1775330385&user_id=&sign=d824328008858bd473fff6bd1f4957c8&auth_theme=all-form_launcher_v2\"><\/div>\n","protected":false},"excerpt":{"rendered":"","protected":false},"author":1969676,"featured_media":0,"parent":10260,"menu_order":0,"comment_status":"closed","ping_status":"closed","template":"page-templates\/game.php","meta":[],"_links":{"self":[{"href":"https:\/\/espritgames.com\/pl\/wp-json\/wp\/v2\/pages\/10305"}],"collection":[{"href":"https:\/\/espritgames.com\/pl\/wp-json\/wp\/v2\/pages"}],"about":[{"href":"https:\/\/espritgames.com\/pl\/wp-json\/wp\/v2\/types\/page"}],"author":[{"embeddable":true,"href":"https:\/\/espritgames.com\/pl\/wp-json\/wp\/v2\/users\/1969676"}],"replies":[{"embeddable":true,"href":"https:\/\/espritgames.com\/pl\/wp-json\/wp\/v2\/comments?post=10305"}],"version-history":[{"count":3,"href":"https:\/\/espritgames.com\/pl\/wp-json\/wp\/v2\/pages\/10305\/revisions"}],"predecessor-version":[{"id":10623,"href":"https:\/\/espritgames.com\/pl\/wp-json\/wp\/v2\/pages\/10305\/revisions\/10623"}],"up":[{"embeddable":true,"href":"https:\/\/espritgames.com\/pl\/wp-json\/wp\/v2\/pages\/10260"}],"wp:attachment":[{"href":"https:\/\/espritgames.com\/pl\/wp-json\/wp\/v2\/media?parent=10305"}],"curies":[{"name":"wp","href":"https:\/\/api.w.org\/{rel}","templated":true}]}}