 


						{"id":10260,"date":"2019-06-27T13:15:31","date_gmt":"2019-06-27T13:15:31","guid":{"rendered":"https:\/\/espritgames.com\/pl\/?page_id=10260"},"modified":"2021-01-13T17:52:18","modified_gmt":"2021-01-13T16:52:18","slug":"switaniolow","status":"publish","type":"page","link":"https:\/\/espritgames.com\/pl\/switaniolow\/","title":{"rendered":"\u015awit Anio\u0142\u00f3w"},"content":{"rendered":"<div class=\"big_pic switaniolow\">\n\t<img src=\"\/wp-content\/themes\/espritgames\/promo\/roa-main\/roa_bg.jpg\">\n<\/div>\n<div class=\"e-landing\" id=\"switaniolow\">\n<div class=\"e-content\">\n<div class=\"e-logo\"><\/div>\n<div id=\"esprit-auth-widget-holder\" style=\"width: 628px; height: 780px; margin: 0px 10px 25px 490px;\"><div id=\"loader\"><\/div><\/div>\n    <script>\n    var show_on_demand = false;\n    !function(a,b,c,d){a._osdkAuthFn=d,a[d]=a[d]||function(){(a[d].cs=a[d].cs||[]).push(arguments)};var e=b.createElement(\"script\"),f=b.getElementsByTagName(\"script\")[0];e.async=1,e.src=c,f.parentNode.insertBefore(e,f)}(window,document,\"\/\/ostatic.espritgames.com\/auth\/js\/widget.js?v=6\",\"osdkAuthWidget\");\n\n    function osdkShowWidget() {\n        if( document.getElementById('esprit-auth-widget-holder') ) document.getElementById('esprit-auth-widget-holder').innerHTML = '<div id=\"loader\"><b style=\"display:none;\"><\/b><\/div>';\n        \n        osdkAuthWidget({\n            service: 'auth.espritgames.com',\n            holder: 'esprit-auth-widget-holder',\n            width: 628,\n            height: 780,\n            returnTo: 'https:\/\/espritgames.com\/pl\/switaniolow\/',\n            downloadUrl: 'https:\/\/cdn.espritgames.ru\/download\/loader_pl.exe',\n            authNotRequired: false,\n            consumer: 'portal-pl',\n            locale: 'pl_PL',\n            stylesUrl: 'https:\/\/cdn.espritgames.ru\/espritgames-auth-custom\/roa-form_w.css?v=1.24',\n            eula: 'switaniolow'\n        });\n    }\n    if( !show_on_demand ) osdkShowWidget();\n    <\/script>\n<div class=\"e-text-header\"><\/div>\n<div class=\"e-text\">\n<h1>\u015awit Anio\u0142\u00f3w<\/h1>\n<p class=\"e-text-menu\"><a href=\".\/go\/\">Play<\/a>, <a href=\".\/news\/\">News<\/a>, <a href=\"\/pl\/forum\/go\/switaniolow\/\">Forum<\/a><!--, <a href=\"\/pl\/support\/\">Support<\/a>--><\/p>\n<p>Legendarny MMORPG czeka na swoich bohater\u00f3w!<\/p>\n<p>Nic nie zapowiada\u0142o k\u0142opot\u00f3w i chaosu, ale poczu\u0142 si\u0119 najstarszy roz\u0142am: usuni\u0119to zakl\u0119cie, kt\u00f3re broni\u0142o go przez wiele stuleci. Kto mia\u0142 tak\u0105 moc i komu by\u0142a pod r\u0119k\u0105, mo\u017cna si\u0119 tylko dowiedzie\u0107. Ale teraz &#8230; ciemno\u015b\u0107 spad\u0142a na ziemi\u0119, potwory zamieszkuj\u0105 ka\u017cdy zak\u0105tek tego \u015bwiata, siej\u0105c zniszczenie i ustanawiaj\u0105c w\u0142asne prawa. Anarchia stopniowo panowa\u0142a, eliminuj\u0105c j\u0105 tylko najsilniejsi.<br \/>\nAle ka\u017cdego dnia atak wroga jest trudniejszy do powstrzymania. Kilku ocala\u0142ych wycofa\u0142o si\u0119 na ostatni ocala\u0142y kamienny klif i przy pomocy staro\u017cytnej magii podnios\u0142o go do nieba. Tam zbudowali strzeliste miasto, kt\u00f3re by\u0142o ostatni\u0105 twierdz\u0105 dla wszystkich \u017cywych istot. W jego centrum wznosi si\u0119 Wie\u017ca Stra\u017cnik\u00f3w, gdzie Starsi strzeg\u0105 ostatniego \u017ar\u00f3d\u0142a magii.<\/p>\n<p>O Wojownicy P\u0142on\u0105cego Legionu \u015awiat\u0142a, nie ma na \u015bwiecie nikogo pot\u0119\u017cniejszego ni\u017c ty! \u015awiat jest zbyt pi\u0119kny, by da\u0107 go mi\u0142osierdziu z\u0142a. Powsta\u0144cie wi\u0119c dla ochrony \u015bmiertelnik\u00f3w, przeciwstawiajcie si\u0119 wszelkim zagro\u017ceniom. Wzywajcie duch\u00f3w str\u00f3\u017c\u00f3w, machajcie skrzyd\u0142ami, aby ta moc mog\u0142a spotka\u0107 waszych wrog\u00f3w! Zrzu\u0107 kogo\u015b, kto o\u015bmieli\u0142 si\u0119 przeciwstawi\u0107 pokojowi \u015bwiata i ukara\u0107 z\u0142o, kt\u00f3re kwestionowa\u0142o twoj\u0105 si\u0142\u0119. Zmie\u0144 struktur\u0119 wszech\u015bwiata, aby nie by\u0142o miejsca na ciemno\u015b\u0107 i chaos!<\/p>\n<p>Trzy legendarne klasy stan\u0105 si\u0119 przewodnikami po ekscytuj\u0105cym \u015bwiecie. Jaki styl walki jest bli\u017cej Ciebie i kim si\u0119 staniesz &#8211; tylko Ty decydujesz!<br \/>\nDoskona\u0142a tr\u00f3jwymiarowa grafika. Wszystkie tekstury i lokalizacje s\u0105 wykonane w jako\u015bci HD, a wszystko to jest dost\u0119pne bezpo\u015brednio w przegl\u0105darce &#8211; ciesz si\u0119 gr\u0105 w pe\u0142ni!<br \/>\nDost\u0119pna jest szczeg\u00f3\u0142owa personalizacja postaci &#8211; mo\u017cesz stworzy\u0107 niepowtarzalny, niezr\u00f3wnany wygl\u0105d. Przedstaw tak\u017ce bro\u0144 do pompowania, zbroj\u0119 i inne wyposa\u017cenie.<br \/>\nTryby PvP. Mo\u017cesz doskonali\u0107 swoje umiej\u0119tno\u015bci na arenie z innymi graczami, pokazuj\u0105c swoje umiej\u0119tno\u015bci i zdobywaj\u0105c uznanie.<\/p>\n<p>Bogactwo wydarze\u0144 w grze: od konkurs\u00f3w do ca\u0142ych tryb\u00f3w!<\/p>\n<\/p><\/div>\n<\/p><\/div>\n<div class=\"slider_outer\">\n       <div style=\"width: 100%; margin: 0 auto;\" class=\"ml-slider-3-7-2 ml-slider-pro-2-6-5 metaslider metaslider-flex metaslider-10285 ml-slider in-game-slider nav-hidden\">\n    <style type=\"text\/css\" id=\"metaslider-css-10285\">\n        #metaslider_10285.flexslider .slides li {margin-right: 10px !important;}\n \n\t.metaslider-10285 .flexslider .flex-control-paging li a,\n\t.metaslider-10285 .flexslider .flex-control-paging li a:hover {\n\t\tpadding: 0;\n\t\tbox-shadow: none;\n\t\ttext-indent: -9999px;\n\t\tborder-style: solid;\n\t\tdisplay: inline-block;\n\t\tborder-color: rgba(0,0,0,1);\n\t\tborder-radius: 10px;\n\t\t-webkit-border-radius: 10px;\n\t\t-moz-border-radius: 10px;\n\t\tborder-width: 0px;\n\t\tborder: 0px solid rgba(0,0,0,1);\n\t\tline-height: 12px;\n\t\twidth: 12px;\n\t\theight: 12px;\n\t\tmargin: 0 4px;\n\t\tbackground: rgb(0,0,0);\n\t\tbackground: rgba(0,0,0,0.5);\n\t\tbackground: -webkit-gradient(linear, 0% 0%, 0% 100%, from(rgba(0,0,0,0.5)), to(rgba(0,0,0,0.5)));\n\t\tbackground: -webkit-linear-gradient(top, rgba(0,0,0,0.5), rgba(0,0,0,0.5));\n\t\tbackground: -moz-linear-gradient(top, rgba(0,0,0,0.5), rgba(0,0,0,0.5));\n\t\tbackground: -ms-linear-gradient(top, rgba(0,0,0,0.5), rgba(0,0,0,0.5));\n\t\tbackground: -o-linear-gradient(top, rgba(0,0,0,0.5), rgba(0,0,0,0.5));\n\t\tbackground: linear-gradient(top, rgba(0,0,0,0.5), rgba(0,0,0,0.5));\n\t}\n\n\t.metaslider-10285 .flexslider .flex-control-paging li {\n\t\tmargin: 0;\n\t\ttext-indent: 0;\n\t\twidth: auto;\n\t}\n\n\t.metaslider-10285 .flexslider .flex-control-paging li a.flex-active {\n\t\tborder: 0px solid rgba(0,0,0,1);\n\t\tbackground: rgb(0,0,0);\n\t\tbackground: rgba(0,0,0,1);\n\t\tbackground: -webkit-gradient(linear, 0% 0%, 0% 100%, from(rgba(0,0,0,1)), to(rgba(0,0,0,1)));\n\t\tbackground: -webkit-linear-gradient(top, rgba(0,0,0,1), rgba(0,0,0,1));\n\t\tbackground: -moz-linear-gradient(top, rgba(0,0,0,1), rgba(0,0,0,1));\n\t\tbackground: -ms-linear-gradient(top, rgba(0,0,0,1), rgba(0,0,0,1));\n\t\tbackground: -o-linear-gradient(top, rgba(0,0,0,1), rgba(0,0,0,1));\n\t\tbackground: linear-gradient(top, rgba(0,0,0,1), rgba(0,0,0,1));\n\t}\n\n\t.metaslider-10285 .flexslider .flex-control-paging {\n\t\tline-height: 12px;\n\t\tz-index: 99;\n\t\tpadding: 0;\n\t\ttext-align: left;\n\t\tmargin: 10px 0px;\n\t\twidth: 100%;\n\t\ttop: auto;\n\t\tright: auto;\n\t\tbottom: auto;\n\t\tleft: auto;\n\t\tposition: absolute;\n\t\ttext-align: center;\n\t}\n \n\t.metaslider-10285 .flexslider .caption-wrap {\n\t\topacity: 1;\n\t\tmargin: 0px 0px;\n\t\tcolor: rgba(255,255,255,1);\n\t\tbackground: rgb(0,0,0);\n\t\tbackground: rgba(0,0,0,0.7);\n\t\twidth: 100%;\n\t\ttop: auto;\n\t\tright: auto;\n\t\tbottom: 0;\n\t\tleft: 0;\n\t\tclear: none;\n\t\tposition: absolute;\n\t\tborder-radius: 0px;\n\t\t-webkit-border-radius: 0px;\n\t\t-moz-border-radius: 0px;\n\t}\n \n\t.metaslider-10285 .flexslider .flex-direction-nav .flex-prev {\n\t\tbackground: transparent url(https:\/\/espritgames.com\/pl\/wp-content\/plugins\/ml-slider-pro\/modules\/theme_editor\/assets\/arrows\/green.png) 0 -498px no-repeat;\n\t\tmargin-top: -17px;\n\t\twidth: 34px;\n\t\theight: 34px;\n\t\topacity: 0;\n\t\tleft: 0px;\n\t\tpadding: 0;\n\t}\n\n\t.metaslider-10285 .flexslider .flex-direction-nav .flex-next {\n\t\tbackground: transparent url(https:\/\/espritgames.com\/pl\/wp-content\/plugins\/ml-slider-pro\/modules\/theme_editor\/assets\/arrows\/green.png) 100% -498px no-repeat;\n\t\tmargin-top: -17px;\n\t\twidth: 34px;\n\t\theight: 34px;\n\t\topacity: 0;\n\t\tright: 0px;\n\t\tpadding: 0;\n\t}\n\n\t.metaslider-10285 .flexslider:hover .flex-direction-nav .flex-prev {\n\t\tleft: 5px;\n\t\topacity: 0.9;\n\t}\n\n\t.metaslider-10285 .flexslider:hover .flex-direction-nav .flex-next {\n\t\tright: 5px;\n\t\topacity: 0.9;\n\t}\n\n\t.metaslider-10285 {\n\t\tmargin-bottom: 32px;\n\t}\n\n    <\/style>\n    <div id=\"metaslider_container_10285\">\n        <div id=\"metaslider_10285\">\n            <ul class=\"slides\">\n                <li style=\"display: none; width: 100%;\" class=\"slide-10292 ms-image\"><a href=\"?esc=site_pl_news\" target=\"_self\"><img src=\"https:\/\/espritgames.com\/pl\/wp-content\/uploads\/sites\/7\/2019\/06\/RoA_scrnPL_01.jpg\" height=\"449\" width=\"808\" alt=\"\" class=\"slider-10285 slide-10292\" title=\"RoA_scrnPL_01\" \/><\/a><\/li>\n                <li style=\"display: none; width: 100%;\" class=\"slide-10293 ms-image\"><a href=\"?esc=site_pl_news\" target=\"_self\"><img src=\"https:\/\/espritgames.com\/pl\/wp-content\/uploads\/sites\/7\/2019\/06\/RoA_scrnPL_02.jpg\" height=\"449\" width=\"808\" alt=\"\" class=\"slider-10285 slide-10293\" title=\"RoA_scrnPL_02\" \/><\/a><\/li>\n                <li style=\"display: none; width: 100%;\" class=\"slide-10294 ms-image\"><a href=\"?esc=site_pl_news\" target=\"_self\"><img src=\"https:\/\/espritgames.com\/pl\/wp-content\/uploads\/sites\/7\/2019\/06\/RoA_scrnPL_03.jpg\" height=\"449\" width=\"808\" alt=\"\" class=\"slider-10285 slide-10294\" title=\"RoA_scrnPL_03\" \/><\/a><\/li>\n                <li style=\"display: none; width: 100%;\" class=\"slide-10295 ms-image\"><a href=\"?esc=site_pl_news\" target=\"_self\"><img src=\"https:\/\/espritgames.com\/pl\/wp-content\/uploads\/sites\/7\/2019\/06\/RoA_scrnPL_04.jpg\" height=\"449\" width=\"808\" alt=\"\" class=\"slider-10285 slide-10295\" title=\"RoA_scrnPL_04\" \/><\/a><\/li>\n                <li style=\"display: none; width: 100%;\" class=\"slide-10296 ms-image\"><a href=\"?esc=site_pl_news\" target=\"_self\"><img src=\"https:\/\/espritgames.com\/pl\/wp-content\/uploads\/sites\/7\/2019\/06\/RoA_scrnPL_05.jpg\" height=\"449\" width=\"808\" alt=\"\" class=\"slider-10285 slide-10296\" title=\"RoA_scrnPL_05\" \/><\/a><\/li>\n                <li style=\"display: none; width: 100%;\" class=\"slide-10297 ms-image\"><a href=\"?esc=site_pl_news\" target=\"_self\"><img src=\"https:\/\/espritgames.com\/pl\/wp-content\/uploads\/sites\/7\/2019\/06\/RoA_scrnPL_06.jpg\" height=\"449\" width=\"808\" alt=\"\" class=\"slider-10285 slide-10297\" title=\"RoA_scrnPL_06\" \/><\/a><\/li>\n            <\/ul>\n        <\/div>\n        \n    <\/div>\n<\/div>\n   <\/div>\n<\/div>\n","protected":false},"excerpt":{"rendered":"<p>\u015awit Anio\u0142\u00f3w Play, News, Forum Legendarny MMORPG czeka na swoich bohater\u00f3w! Nic nie zapowiada\u0142o k\u0142opot\u00f3w i chaosu, ale poczu\u0142 si\u0119 najstarszy roz\u0142am: usuni\u0119to zakl\u0119cie, kt\u00f3re broni\u0142o go przez wiele stuleci. Kto mia\u0142 tak\u0105 moc i komu by\u0142a pod r\u0119k\u0105, mo\u017cna si\u0119 tylko dowiedzie\u0107. Ale teraz &#8230; ciemno\u015b\u0107 spad\u0142a na ziemi\u0119, potwory zamieszkuj\u0105 ka\u017cdy zak\u0105tek tego &hellip; <a href=\"https:\/\/espritgames.com\/pl\/switaniolow\/\" class=\"more-link\">Continue reading <span class=\"screen-reader-text\">\u015awit Anio\u0142\u00f3w<\/span> <span class=\"meta-nav\">&rarr;<\/span><\/a><\/p>\n","protected":false},"author":1969676,"featured_media":0,"parent":0,"menu_order":0,"comment_status":"closed","ping_status":"closed","template":"page-templates\/landing.php","meta":[],"_links":{"self":[{"href":"https:\/\/espritgames.com\/pl\/wp-json\/wp\/v2\/pages\/10260"}],"collection":[{"href":"https:\/\/espritgames.com\/pl\/wp-json\/wp\/v2\/pages"}],"about":[{"href":"https:\/\/espritgames.com\/pl\/wp-json\/wp\/v2\/types\/page"}],"author":[{"embeddable":true,"href":"https:\/\/espritgames.com\/pl\/wp-json\/wp\/v2\/users\/1969676"}],"replies":[{"embeddable":true,"href":"https:\/\/espritgames.com\/pl\/wp-json\/wp\/v2\/comments?post=10260"}],"version-history":[{"count":33,"href":"https:\/\/espritgames.com\/pl\/wp-json\/wp\/v2\/pages\/10260\/revisions"}],"predecessor-version":[{"id":36654,"href":"https:\/\/espritgames.com\/pl\/wp-json\/wp\/v2\/pages\/10260\/revisions\/36654"}],"wp:attachment":[{"href":"https:\/\/espritgames.com\/pl\/wp-json\/wp\/v2\/media?parent=10260"}],"curies":[{"name":"wp","href":"https:\/\/api.w.org\/{rel}","templated":true}]}}