 


						{"id":56162,"date":"2022-10-05T20:29:06","date_gmt":"2022-10-05T18:29:06","guid":{"rendered":"https:\/\/espritgames.com\/fr\/?page_id=56162"},"modified":"2022-10-06T09:28:04","modified_gmt":"2022-10-06T07:28:04","slug":"battlearena","status":"publish","type":"page","link":"https:\/\/espritgames.com\/fr\/battlearena\/","title":{"rendered":"Battle Arena"},"content":{"rendered":"<div id=\"pl-56162\"  class=\"panel-layout\" ><div id=\"pg-56162-0\"  class=\"panel-grid panel-no-style\" ><div id=\"pgc-56162-0-0\"  class=\"panel-grid-cell\" ><div id=\"panel-56162-0-0-0\" class=\"widget_text so-panel widget widget_custom_html panel-first-child panel-last-child\" data-index=\"0\" ><div class=\"textwidget custom-html-widget\">\t<div class=\"dc_formouter formouter\">\n\t\t<div class=\"psevdo_form\">\n\t\t\t<img src=\"https:\/\/p-cdn.espritgames.ru\/wp-content\/themes\/espritgames\/promo\/ba-main\/img\/top\/logo.png\">\n\t\t\t<p class=\"sub_txt\">Rassemblez une \u00e9quipe de h\u00e9ros invincibles!<\/p>\n\t\t\t<a href=\".\/go\/\" class=\"play_btn open_form\"><\/a>\n\t\t<\/div>\n\t\t\t<div id=\"esprit-auth-widget-holder\" style=\"width: 628px; height: 780px; \"><div id=\"loader\"><\/div><\/div>\n    <script>\n    var show_on_demand = false;\n    !function(a,b,c,d){a._osdkAuthFn=d,a[d]=a[d]||function(){(a[d].cs=a[d].cs||[]).push(arguments)};var e=b.createElement(\"script\"),f=b.getElementsByTagName(\"script\")[0];e.async=1,e.src=c,f.parentNode.insertBefore(e,f)}(window,document,\"\/\/ostatic.espritgames.com\/auth\/js\/widget.js?v=6\",\"osdkAuthWidget\");\n\n    function osdkShowWidget() {\n        if( document.getElementById('esprit-auth-widget-holder') ) document.getElementById('esprit-auth-widget-holder').innerHTML = '<div id=\"loader\"><b style=\"display:none;\"><\/b><\/div>';\n        \n        osdkAuthWidget({\n            service: 'auth.espritgames.com',\n            holder: 'esprit-auth-widget-holder',\n            width: 628,\n            height: 780,\n            returnTo: 'https:\/\/espritgames.com\/fr\/battlearena\/go\/',\n            downloadUrl: '',\n            authNotRequired: false,\n            consumer: 'portal-fr',\n            locale: 'fr_FR',\n            stylesUrl: 'https:\/\/cdn.espritgames.ru\/espritgames-auth-custom\/ba-form_fr.css?v=2',\n            eula: 'battlearena'\n        });\n    }\n    if( !show_on_demand ) osdkShowWidget();\n    <\/script>\n\t\t\t\t<!--<div class=\"pp\">\t\t\t\t\n\t\t\t\t\t<span>* \u043d\u0430\u0436\u0438\u043c\u0430\u044f \"\u0418\u0433\u0440\u0430\u0442\u044c\", \u0432\u044b \u043f\u0440\u0438\u043d\u0438\u043c\u0430\u0435\u0442\u0435 <a href=\"https:\/\/espritgames.com\/licenses\/eternalfuryres\/\">User Agreement<\/a> and <a href=\"https:\/\/espritgames.com\/agreements\/eternalfuryres\/\">Public Offer<\/a><\/span>\n\t\t\t\t<\/div>-->\n\t<\/div>\n\n\t<div class=\"big_pic dc\">\n\t\t<img src=\"https:\/\/p-cdn.espritgames.ru\/wp-content\/themes\/espritgames\/promo\/ba-main\/img\/top\/back.jpg\" \/>\n\t<\/div>\n<div class=\"outer_lands\">\n\n\t<div id=\"dc\" class=\"lnpage\">\n\t<div class=\"e-content\">\n\t\t\t<div class=\"e-text\">\n\t\t\t\t<p class=\"txt_1\">Battle Arena: Heroes Adventure<\/p>\n\t\t\t\t<p class=\"txt_2\">\n\t\t\t\t\t<span class=\"sun_txt_1\">Un MOBA pure souche avec des \u00e9l\u00e9ments clairs de RPG.<\/span> <br><br>\n\t\t\t\t\t<span class=\"sun_txt_2\">Pour vaincre, vous devrez faire preuve de strat\u00e9gie et affronter des ennemis avec une \u00e9quipe de h\u00e9ros soigneusement \u00e9quilibr\u00e9e. Une histoire fascinante vous attend, piment\u00e9e par de redoutables combats JcJ en temps r\u00e9el.<\/span>\n\t\t\t\t<\/p>\n\t\t\t\t<p class=\"e-text-menu\"> <a class=\"news_u\" href=\".\/news\/\">\u041d\u043e\u0432\u043e\u0441\u0442\u0438<\/a> <a class=\"forum_u\" href=\"\/forum\/go\/battlearena\/\">\u0424\u043e\u0440\u0443\u043c<\/a> <!--<a  class=\"xxx_u\" href=\".\/guides\/\">\u0413\u0430\u0439\u0434\u044b<\/a>--><\/p>\n\t\t\t<\/div>\n\t<\/div>\n\t\t\n\t\t<div class=\"slider_outer_es\">\n\t\t\t<div style=\"max-width: 1190px; margin: 0 auto;\" class=\"ml-slider-3-7-2 ml-slider-pro-2-6-5 metaslider metaslider-flex metaslider-56166 ml-slider\">\n    \n    <div id=\"metaslider_container_56166\">\n        <div id=\"metaslider_56166\">\n            <ul class=\"slides\">\n                <li style=\"display: block; width: 100%;\" class=\"slide-56172 ms-image\"><img src=\"https:\/\/p-cdn.espritgames.com\/wp-content\/uploads\/sites\/6\/2022\/10\/scr_1.jpg\" height=\"650\" width=\"1190\" alt=\"\" class=\"slider-56166 slide-56172\" title=\"scr_1\" \/><\/li>\n                <li style=\"display: none; width: 100%;\" class=\"slide-56173 ms-image\"><img src=\"https:\/\/p-cdn.espritgames.com\/wp-content\/uploads\/sites\/6\/2022\/10\/scr_2.jpg\" height=\"650\" width=\"1190\" alt=\"\" class=\"slider-56166 slide-56173\" title=\"scr_2\" \/><\/li>\n                <li style=\"display: none; width: 100%;\" class=\"slide-56174 ms-image\"><img src=\"https:\/\/p-cdn.espritgames.com\/wp-content\/uploads\/sites\/6\/2022\/10\/scr_3.jpg\" height=\"650\" width=\"1190\" alt=\"\" class=\"slider-56166 slide-56174\" title=\"scr_3\" \/><\/li>\n                <li style=\"display: none; width: 100%;\" class=\"slide-56175 ms-image\"><img src=\"https:\/\/p-cdn.espritgames.com\/wp-content\/uploads\/sites\/6\/2022\/10\/scr_4.jpg\" height=\"650\" width=\"1190\" alt=\"\" class=\"slider-56166 slide-56175\" title=\"scr_4\" \/><\/li>\n                <li style=\"display: none; width: 100%;\" class=\"slide-56176 ms-image\"><img src=\"https:\/\/p-cdn.espritgames.com\/wp-content\/uploads\/sites\/6\/2022\/10\/scr_5.jpg\" height=\"650\" width=\"1190\" alt=\"\" class=\"slider-56166 slide-56176\" title=\"scr_5\" \/><\/li>\n            <\/ul>\n        <\/div>\n        \n    <\/div>\n<\/div>\n\t\t\t<div style=\"max-width: 960px; margin: 0 auto;\" class=\"ml-slider-3-7-2 ml-slider-pro-2-6-5 metaslider metaslider-flex metaslider-56179 ml-slider\">\n    \n    <div id=\"metaslider_container_56179\">\n        <div id=\"metaslider_56179\">\n            <ul class=\"slides\">\n                <li style=\"display: block; width: 100%;\" class=\"slide-56180 ms-image\"><img src=\"https:\/\/p-cdn.espritgames.com\/wp-content\/uploads\/sites\/6\/2022\/10\/scr_1.jpg\" height=\"560\" width=\"960\" alt=\"\" class=\"slider-56179 slide-56180\" title=\"scr_1\" \/><\/li>\n                <li style=\"display: none; width: 100%;\" class=\"slide-56181 ms-image\"><img src=\"https:\/\/p-cdn.espritgames.com\/wp-content\/uploads\/sites\/6\/2022\/10\/scr_5.jpg\" height=\"560\" width=\"960\" alt=\"\" class=\"slider-56179 slide-56181\" title=\"scr_5\" \/><\/li>\n                <li style=\"display: none; width: 100%;\" class=\"slide-56182 ms-image\"><img src=\"https:\/\/p-cdn.espritgames.com\/wp-content\/uploads\/sites\/6\/2022\/10\/scr_4.jpg\" height=\"560\" width=\"960\" alt=\"\" class=\"slider-56179 slide-56182\" title=\"scr_4\" \/><\/li>\n                <li style=\"display: none; width: 100%;\" class=\"slide-56183 ms-image\"><img src=\"https:\/\/p-cdn.espritgames.com\/wp-content\/uploads\/sites\/6\/2022\/10\/scr_3.jpg\" height=\"560\" width=\"960\" alt=\"\" class=\"slider-56179 slide-56183\" title=\"scr_3\" \/><\/li>\n                <li style=\"display: none; width: 100%;\" class=\"slide-56184 ms-image\"><img src=\"https:\/\/p-cdn.espritgames.com\/wp-content\/uploads\/sites\/6\/2022\/10\/scr_2.jpg\" height=\"560\" width=\"960\" alt=\"\" class=\"slider-56179 slide-56184\" title=\"scr_2\" \/><\/li>\n            <\/ul>\n        <\/div>\n        \n    <\/div>\n<\/div>\n\t\t<\/div>\n\t\t<div class=\"txt_block\">\n\t\t\t<div class=\"inner_txt\">\n\t\t\t\t\t<div class=\"ttl\">Caract\u00e9ristiques de jeu:<\/div>\n\t\t\t\t\t<div class=\"ic\">PvP en temps r\u00e9el<\/div>\n\t\t\t\t\t<div class=\"ic\">Plus de 100 h\u00e9ros diff\u00e9rents<\/div>\n\t\t\t\t\t<div class=\"ic\">D\u00e9fiez des joueurs du monde entier<\/div>\n\t\t\t\t\t<div class=\"ic\">Plus de 60 lieux color\u00e9s<\/div>\n\t\t\t\t\t<div class=\"ic\">\u00c9change de h\u00e9ros entre joueurs<\/div>\n\t\t\t\t\t<div style=\"max-width: 480px; margin: 0 auto;\" class=\"ml-slider-3-7-2 ml-slider-pro-2-6-5 metaslider metaslider-flex metaslider-56187 ml-slider\">\n    \n    <div id=\"metaslider_container_56187\">\n        <div id=\"metaslider_56187\">\n            <ul class=\"slides\">\n                <li style=\"display: block; width: 100%;\" class=\"slide-56193 ms-image\"><img src=\"https:\/\/p-cdn.espritgames.com\/wp-content\/uploads\/sites\/6\/2022\/10\/icon_1.png\" height=\"480\" width=\"480\" alt=\"\" class=\"slider-56187 slide-56193\" title=\"icon_1\" \/><div class=\"caption-wrap\"><div class=\"caption\">PvP<br> \u0432 \u0440\u0435\u0430\u043b\u044c\u043d\u043e\u043c \u0432\u0440\u0435\u043c\u0435\u043d\u0438<\/div><\/div><\/li>\n                <li style=\"display: none; width: 100%;\" class=\"slide-56194 ms-image\"><img src=\"https:\/\/p-cdn.espritgames.com\/wp-content\/uploads\/sites\/6\/2022\/10\/icon_2.png\" height=\"480\" width=\"480\" alt=\"\" class=\"slider-56187 slide-56194\" title=\"icon_2\" \/><div class=\"caption-wrap\"><div class=\"caption\">\u0411\u043e\u043b\u0435\u0435 90 \u0440\u0430\u0437\u043d\u043e\u043e\u0431\u0440\u0430\u0437\u043d\u044b\u0445 \u0433\u0435\u0440\u043e\u0435\u0432<\/div><\/div><\/li>\n                <li style=\"display: none; width: 100%;\" class=\"slide-56195 ms-image\"><img src=\"https:\/\/p-cdn.espritgames.com\/wp-content\/uploads\/sites\/6\/2022\/10\/icon_3.png\" height=\"480\" width=\"480\" alt=\"\" class=\"slider-56187 slide-56195\" title=\"icon_3\" \/><div class=\"caption-wrap\"><div class=\"caption\">60+ \u043a\u0440\u0430\u0441\u043e\u0447\u043d\u044b\u0445 \u043b\u043e\u043a\u0430\u0446\u0438\u0439<\/div><\/div><\/li>\n                <li style=\"display: none; width: 100%;\" class=\"slide-56196 ms-image\"><img src=\"https:\/\/p-cdn.espritgames.com\/wp-content\/uploads\/sites\/6\/2022\/10\/icon_4.png\" height=\"480\" width=\"480\" alt=\"\" class=\"slider-56187 slide-56196\" title=\"icon_4\" \/><div class=\"caption-wrap\"><div class=\"caption\">\u0411\u0440\u043e\u0441\u0430\u0439\u0442\u0435 \u0432\u044b\u0437\u043e\u0432 \u0438\u0433\u0440\u043e\u043a\u0430\u043c \u043f\u043e \u0432\u0441\u0435\u043c\u0443 \u043c\u0438\u0440\u0443<\/div><\/div><\/li>\n                <li style=\"display: none; width: 100%;\" class=\"slide-56197 ms-image\"><img src=\"https:\/\/p-cdn.espritgames.com\/wp-content\/uploads\/sites\/6\/2022\/10\/icon_5.png\" height=\"480\" width=\"480\" alt=\"\" class=\"slider-56187 slide-56197\" title=\"icon_5\" \/><div class=\"caption-wrap\"><div class=\"caption\">\u041e\u0431\u043c\u0435\u043d \u0433\u0435\u0440\u043e\u044f\u043c\u0438 \u043c\u0435\u0436\u0434\u0443 \u0438\u0433\u0440\u043e\u043a\u0430\u043c\u0438<\/div><\/div><\/li>\n            <\/ul>\n        <\/div>\n        \n    <\/div>\n<\/div>\n\t\t\t<\/div>\n\t\t<\/div>\n\t\t<div class=\"btn_block\">\n\t\t\t<img class=\"logo\" src=\"https:\/\/p-cdn.espritgames.ru\/wp-content\/themes\/espritgames\/promo\/ba-main\/img\/Basement\/logo.png\">\n\t\t\t<a class=\"play_btn open_form\"><\/a>\n\t\t\t<div class=\"footer_outer\">\n\t\t\t\t<div class=\"footer_inner\">\n\t\t\t\t\t<div class=\"logo_eg\"><\/div>\n\t\t\t\t\t<p>ESPRIT GAMES LLC \u00a9 2014 \u2013 2022<\/p>\n\t\t\t\t\t<p>Les termes et conditions <a href=\"\/fr\/licenses\/general\/\">du Contrat d'utilisateur<\/a> et <a href=\"\/fr\/agreements\/general\/\">de la Politique de confidentialit\u00e9<\/a><\/p>\n\t\t\t\t<\/div>\n\t\t\t\t<img class=\"footer_16\" src=\"https:\/\/p-cdn.espritgames.ru\/wp-content\/themes\/espritgames\/promo\/ba-main\/img\/Basement\/16+.png\">\n\t\t\t<\/div>\n\t\t<\/div>\n\t<\/div>\n\t\n<\/div><\/div><\/div><\/div><\/div><\/div>","protected":false},"excerpt":{"rendered":"<p>Rassemblez une \u00e9quipe de h\u00e9ros invincibles! Battle Arena: Heroes Adventure Un MOBA pure souche avec des \u00e9l\u00e9ments clairs de RPG. Pour vaincre, vous devrez faire preuve de strat\u00e9gie et affronter des ennemis avec une \u00e9quipe de h\u00e9ros soigneusement \u00e9quilibr\u00e9e. Une histoire fascinante vous attend, piment\u00e9e par de redoutables combats JcJ en temps r\u00e9el. \u041d\u043e\u0432\u043e\u0441\u0442\u0438 \u0424\u043e\u0440\u0443\u043c &hellip; <a href=\"https:\/\/espritgames.com\/fr\/battlearena\/\" class=\"more-link\">Continuer la lecture de <span class=\"screen-reader-text\">Battle Arena<\/span> <span class=\"meta-nav\">&rarr;<\/span><\/a><\/p>\n","protected":false},"author":1969676,"featured_media":0,"parent":0,"menu_order":0,"comment_status":"closed","ping_status":"closed","template":"page-templates\/landing.php","meta":[],"_links":{"self":[{"href":"https:\/\/espritgames.com\/fr\/wp-json\/wp\/v2\/pages\/56162"}],"collection":[{"href":"https:\/\/espritgames.com\/fr\/wp-json\/wp\/v2\/pages"}],"about":[{"href":"https:\/\/espritgames.com\/fr\/wp-json\/wp\/v2\/types\/page"}],"author":[{"embeddable":true,"href":"https:\/\/espritgames.com\/fr\/wp-json\/wp\/v2\/users\/1969676"}],"replies":[{"embeddable":true,"href":"https:\/\/espritgames.com\/fr\/wp-json\/wp\/v2\/comments?post=56162"}],"version-history":[{"count":15,"href":"https:\/\/espritgames.com\/fr\/wp-json\/wp\/v2\/pages\/56162\/revisions"}],"predecessor-version":[{"id":56208,"href":"https:\/\/espritgames.com\/fr\/wp-json\/wp\/v2\/pages\/56162\/revisions\/56208"}],"wp:attachment":[{"href":"https:\/\/espritgames.com\/fr\/wp-json\/wp\/v2\/media?parent=56162"}],"curies":[{"name":"wp","href":"https:\/\/api.w.org\/{rel}","templated":true}]}}