 


						{"id":53558,"date":"2022-04-18T15:59:45","date_gmt":"2022-04-18T13:59:45","guid":{"rendered":"https:\/\/espritgames.com\/fr\/?page_id=53558"},"modified":"2022-04-27T09:39:00","modified_gmt":"2022-04-27T07:39:00","slug":"eternalfuryres","status":"publish","type":"page","link":"https:\/\/espritgames.com\/fr\/eternalfuryres\/","title":{"rendered":"Eternal Fury: Ressuscit\u00e9"},"content":{"rendered":"<div id=\"pl-53558\"  class=\"panel-layout\" ><div id=\"pg-53558-0\"  class=\"panel-grid panel-no-style\" ><div id=\"pgc-53558-0-0\"  class=\"panel-grid-cell\" ><div id=\"panel-53558-0-0-0\" class=\"widget_text so-panel widget widget_custom_html panel-first-child panel-last-child\" data-index=\"0\" ><div class=\"textwidget custom-html-widget\">\t<div class=\"efr_formouter formouter\">\n\t\t<div class=\"psevdo_form\">\n\t\t\t<img src=\"\/wp-content\/themes\/espritgames\/promo\/efr-main\/img\/efr_FR_logo.png\">\n\t\t\t<a href=\".\/go\/\" class=\"play_btn open_form\"><\/a> \n\t\t<\/div>\n\t\t\t<div id=\"esprit-auth-widget-holder\" style=\"width: 628px; height: 780px; \"><div id=\"loader\"><\/div><\/div>\n    <script>\n    var show_on_demand = false;\n    !function(a,b,c,d){a._osdkAuthFn=d,a[d]=a[d]||function(){(a[d].cs=a[d].cs||[]).push(arguments)};var e=b.createElement(\"script\"),f=b.getElementsByTagName(\"script\")[0];e.async=1,e.src=c,f.parentNode.insertBefore(e,f)}(window,document,\"\/\/ostatic.espritgames.com\/auth\/js\/widget.js?v=6\",\"osdkAuthWidget\");\n\n    function osdkShowWidget() {\n        if( document.getElementById('esprit-auth-widget-holder') ) document.getElementById('esprit-auth-widget-holder').innerHTML = '<div id=\"loader\"><b style=\"display:none;\"><\/b><\/div>';\n        \n        osdkAuthWidget({\n            service: 'auth.espritgames.com',\n            holder: 'esprit-auth-widget-holder',\n            width: 628,\n            height: 780,\n            returnTo: 'https:\/\/espritgames.com\/fr\/eternalfuryres\/go\/',\n            downloadUrl: '',\n            authNotRequired: false,\n            consumer: 'portal-fr',\n            locale: 'fr_FR',\n            stylesUrl: 'https:\/\/cdn.espritgames.ru\/espritgames-auth-custom\/efr-form_fr.css?v=2',\n            eula: 'eternalfuryres'\n        });\n    }\n    if( !show_on_demand ) osdkShowWidget();\n    <\/script>\n\t\t\t\t<!--<div class=\"pp\">\t\t\t\t\n\t\t\t\t\t<span>* By pressing \"Play\", you hereby accept the terms of our <a href=\"https:\/\/espritgames.com\/fr\/licenses\/eternalfuryres\/\">User Agreement<\/a> and <a href=\"https:\/\/espritgames.com\/fr\/agreements\/eternalfuryres\/\">Public Offer<\/a><\/span\n\t\t\t\t<\/div>>-->\n\t<\/div>\n\t<div class=\"big_pic efr\">\n\t\t<img src=\"\/wp-content\/themes\/espritgames\/promo\/efr-main\/img\/bg1.jpg\" \/>\n\t<\/div>\n<div class=\"outer_lands\">\n\n\t<div id=\"efr\" class=\"e-landing\">\n\t<div class=\"e-content\">\n\t\t\t<div class=\"e-text\">\n\t\t\t\t<p class=\"e-text-menu\"> <a href=\"\/fr\/forum\/go\/eternalfuryres\/\">FORUM<\/a> <a href=\".\/news\/?n=1\">NEWS<\/a>  <a href=\".\/guides\/\">GUIDES<\/a><\/p>\n\t\t\t\t<p class=\"txt_1\">Des cr\u00e9atures terrifiantes commencent \u00e0 traverser les portes d\u00e9moniaques pour p\u00e9n\u00e9trer dans le royaume du peuple, provoquant un irr\u00e9sistible chaos.<\/p>\n\t\t\t\t<p class=\"txt_2\">\n\t\t\t\t\tAu commencement des temps, trois mondes se sont form\u00e9s: le Monde souterrain, le Monde du peuple et le Royaume Divin. La ma\u00eetresse du monde souterrain est devenue la sournoise Hel. Sous son autorit\u00e9, tous les \u00eatres du monde noir ont prosp\u00e9r\u00e9 un moment. Mais la nature des d\u00e9mons fait qu'ils cherchent constamment la guerre. Alors Hel a d\u00e9cid\u00e9 d'\u00e9tendre son domaine et de s'emparer du Royaume Divin en p\u00e9n\u00e9trant dans le Monde du peuple via les portes.\n\t\t\t\t<\/p>\n\t\t\t<\/div>\n\t<\/div>\n\t\t\t<div class=\"top_pre_txt\"><\/div>\n\n\t\t\t<div class=\"outer_icon_block\">\n\t\t\t\t\t<div class=\"e-content\">\n\t\t\t\t\t\t\t<div class=\"icon_block\">\n\t\t\t\t\t\t\t\t\t<div class=\"s_icon\">\n\t\t\t\t\t\t\t\t\t\t\t<img src=\"\/wp-content\/themes\/espritgames\/promo\/efr-main\/img\/feature_icon1_1.png\">\n\t\t\t\t\t\t\t\t\t\t\t<p>Une combinaison unique<br>de MMORPG classique et<br>de strat\u00e9gie au tour par tour<\/p>\n\t\t\t\t\t\t\t\t\t<\/div>\n\t\t\t\t\t\t\t<\/div>\n\t\t\t\t\t\t\t<div class=\"icon_block\">\n\t\t\t\t\t\t\t\t\t<div class=\"s_icon\">\n\t\t\t\t\t\t\t\t\t\t\t<img src=\"\/wp-content\/themes\/espritgames\/promo\/efr-main\/img\/feature_icon1_2.png\">\n\t\t\t\t\t\t\t\t\t\t\t<p>Une histoire captivante et<br>un syst\u00e8me de t\u00e2ches tr\u00e8s vari\u00e9es<\/p>\n\t\t\t\t\t\t\t\t\t<\/div>\n\t\t\t\t\t\t\t<\/div>\n\t\t\t\t\t\t\t<div class=\"icon_block\">\n\t\t\t\t\t\t\t\t\t<div class=\"s_icon\">\n\t\t\t\t\t\t\t\t\t\t\t<img src=\"\/wp-content\/themes\/espritgames\/promo\/efr-main\/img\/feature_icon1_3.png\">\n\t\t\t\t\t\t\t\t\t\t\t<p>Une grande s\u00e9lection de combattants<br><span>(syst\u00e8me de recrutement et de cr\u00e9ation<br>d'un d\u00e9tachement de deux types de soldats<br>\u00abSoldats\u00bb et \u00abMercenaires\u00bb)<\/span><\/p>\n\t\t\t\t\t\t\t\t\t<\/div>\n\t\t\t\t\t\t\t<\/div>\n\t\t\t\t\t\t\t<div class=\"icon_block\">\n\t\t\t\t\t\t\t\t\t<div class=\"s_icon\">\n\t\t\t\t\t\t\t\t\t\t\t<img src=\"\/wp-content\/themes\/espritgames\/promo\/efr-main\/img\/feature_icon2_1.png\">\n\t\t\t\t\t\t\t\t\t\t\t<p>Passage commun des donjons,<br>combats contre des boss et combats<br>contre des clans ennemis<\/p>\n\t\t\t\t\t\t\t\t\t<\/div>\n\t\t\t\t\t\t\t<\/div>\n\t\t\t\t\t\t\t<div class=\"icon_block\">\n\t\t\t\t\t\t\t\t\t<div class=\"s_icon\">\n\t\t\t\t\t\t\t\t\t\t\t<img src=\"\/wp-content\/themes\/espritgames\/promo\/efr-main\/img\/feature_icon2_2.png\">\n\t\t\t\t\t\t\t\t\t\t\t<p>De nombreux donjons et une \u00e9norme<br>vari\u00e9t\u00e9 de monstres qui diff\u00e8rent<br>en apparence et en capacit\u00e9s<\/p>\n\t\t\t\t\t\t\t\t\t<\/div>\n\t\t\t\t\t\t\t<\/div>\n\t\t\t\t\t\t\t<div class=\"icon_block\">\n\t\t\t\t\t\t\t\t\t<div class=\"s_icon\">\n\t\t\t\t\t\t\t\t\t\t\t<img src=\"\/wp-content\/themes\/espritgames\/promo\/efr-main\/img\/feature_icon2_3.png\">\n\t\t\t\t\t\t\t\t\t\t\t<p>Un arsenal impressionnant<br>d'armes dans le jeu<\/p>\n\t\t\t\t\t\t\t\t\t<\/div>\n\t\t\t\t\t\t\t<\/div>\n\t\t\t\t\t<\/div>\n\t\t\t<\/div>\n\t\t\t<div class=\"top_pre_txt_2\"><\/div>\n\n\t\t<div class=\"slider_outer\">\n\t\t\t<div style=\"max-width: 880px; margin: 0 auto;\" class=\"ml-slider-3-7-2 ml-slider-pro-2-6-5 metaslider metaslider-flex metaslider-53570 ml-slider nav-hidden\">\n    \n    <div id=\"metaslider_container_53570\">\n        <div id=\"metaslider_53570\">\n            <ul class=\"slides\">\n                <li style=\"display: block; width: 100%;\" class=\"slide-53576 ms-image\"><img src=\"https:\/\/p-cdn.espritgames.com\/wp-content\/uploads\/sites\/6\/2022\/04\/EF_fr_screen_01.jpg\" height=\"545\" width=\"880\" alt=\"\" class=\"slider-53570 slide-53576\" title=\"EF_fr_screen_01\" \/><\/li>\n                <li style=\"display: none; width: 100%;\" class=\"slide-53577 ms-image\"><img src=\"https:\/\/p-cdn.espritgames.com\/wp-content\/uploads\/sites\/6\/2022\/04\/EF_fr_screen_02.jpg\" height=\"545\" width=\"880\" alt=\"\" class=\"slider-53570 slide-53577\" title=\"EF_fr_screen_02\" \/><\/li>\n                <li style=\"display: none; width: 100%;\" class=\"slide-53578 ms-image\"><img src=\"https:\/\/p-cdn.espritgames.com\/wp-content\/uploads\/sites\/6\/2022\/04\/EF_fr_screen_03.jpg\" height=\"545\" width=\"880\" alt=\"\" class=\"slider-53570 slide-53578\" title=\"EF_fr_screen_03\" \/><\/li>\n                <li style=\"display: none; width: 100%;\" class=\"slide-53579 ms-image\"><img src=\"https:\/\/p-cdn.espritgames.com\/wp-content\/uploads\/sites\/6\/2022\/04\/EF_fr_screen_04.jpg\" height=\"545\" width=\"880\" alt=\"\" class=\"slider-53570 slide-53579\" title=\"EF_fr_screen_04\" \/><\/li>\n                <li style=\"display: none; width: 100%;\" class=\"slide-53580 ms-image\"><img src=\"https:\/\/p-cdn.espritgames.com\/wp-content\/uploads\/sites\/6\/2022\/04\/EF_fr_screen_05.jpg\" height=\"545\" width=\"880\" alt=\"\" class=\"slider-53570 slide-53580\" title=\"EF_fr_screen_05\" \/><\/li>\n            <\/ul>\n        <\/div>\n        \n    <\/div>\n<\/div>\n\t\t<\/div>\n\t\t<div class=\"top_pre_txt_3\"><\/div>\n\t\t<div class=\"btn_block\">\n\t\t\t<p>\n\t\t\t\tD\u00e9fendez votre monde et emp\u00eachez les d\u00e9mons de prendre l'avantage !\n\t\t\t<\/p>\n\t\t\t<a class=\"play_btn open_form\"><\/a>\n\t\t<\/div>\n\t\t<div class=\"botm_block\">\n\t\t\t<div class=\"logo\"><\/div>\n\t\t\t<div class=\"logo_eg\"><\/div>\n\t\t\t<p>GAMING PORTAL ESPRIT GAMES LLC \u00a9 2014 \u2013 2021<\/p>\n\t\t\t<p>Les termes et conditions <a href=\"\/fr\/licenses\/general\/\">du Contrat d'utilisateur<\/a> et <a href=\"\/fr\/agreements\/general\/\">de la Politique de confidentialit\u00e9<\/a><\/p>\n\t\t\t<p><a href=\"mailto:biz@espritgames.ru\">biz@espritgames.com<\/a><\/p>\n\t\t\t<p><img class=\"footer_16\" src=\"\/wp-content\/themes\/espritgames\/promo\/efr-main\/en\/16+.png\"><\/p>\n\t\t<\/div>\n\t<\/div>\n\t\n<\/div><\/div><\/div><\/div><\/div><\/div>","protected":false},"excerpt":{"rendered":"<p>FORUM NEWS GUIDES Des cr\u00e9atures terrifiantes commencent \u00e0 traverser les portes d\u00e9moniaques pour p\u00e9n\u00e9trer dans le royaume du peuple, provoquant un irr\u00e9sistible chaos. Au commencement des temps, trois mondes se sont form\u00e9s: le Monde souterrain, le Monde du peuple et le Royaume Divin. La ma\u00eetresse du monde souterrain est devenue la sournoise Hel. Sous son &hellip; <a href=\"https:\/\/espritgames.com\/fr\/eternalfuryres\/\" class=\"more-link\">Continuer la lecture de <span class=\"screen-reader-text\">Eternal Fury: Ressuscit\u00e9<\/span> <span class=\"meta-nav\">&rarr;<\/span><\/a><\/p>\n","protected":false},"author":1969676,"featured_media":0,"parent":0,"menu_order":0,"comment_status":"closed","ping_status":"closed","template":"page-templates\/landing.php","meta":[],"_links":{"self":[{"href":"https:\/\/espritgames.com\/fr\/wp-json\/wp\/v2\/pages\/53558"}],"collection":[{"href":"https:\/\/espritgames.com\/fr\/wp-json\/wp\/v2\/pages"}],"about":[{"href":"https:\/\/espritgames.com\/fr\/wp-json\/wp\/v2\/types\/page"}],"author":[{"embeddable":true,"href":"https:\/\/espritgames.com\/fr\/wp-json\/wp\/v2\/users\/1969676"}],"replies":[{"embeddable":true,"href":"https:\/\/espritgames.com\/fr\/wp-json\/wp\/v2\/comments?post=53558"}],"version-history":[{"count":21,"href":"https:\/\/espritgames.com\/fr\/wp-json\/wp\/v2\/pages\/53558\/revisions"}],"predecessor-version":[{"id":53717,"href":"https:\/\/espritgames.com\/fr\/wp-json\/wp\/v2\/pages\/53558\/revisions\/53717"}],"wp:attachment":[{"href":"https:\/\/espritgames.com\/fr\/wp-json\/wp\/v2\/media?parent=53558"}],"curies":[{"name":"wp","href":"https:\/\/api.w.org\/{rel}","templated":true}]}}