 


						{"id":50498,"date":"2021-09-20T17:45:38","date_gmt":"2021-09-20T15:45:38","guid":{"rendered":"https:\/\/espritgames.com\/fr\/?page_id=50498"},"modified":"2022-05-27T17:12:29","modified_gmt":"2022-05-27T15:12:29","slug":"worldofchaos","status":"publish","type":"page","link":"https:\/\/espritgames.com\/fr\/worldofchaos\/","title":{"rendered":"World of Chaos"},"content":{"rendered":"<div id=\"pl-50498\"  class=\"panel-layout\" ><div id=\"pg-50498-0\"  class=\"panel-grid panel-no-style\" ><div id=\"pgc-50498-0-0\"  class=\"panel-grid-cell\" ><div id=\"panel-50498-0-0-0\" class=\"widget_text so-panel widget widget_custom_html panel-first-child panel-last-child\" data-index=\"0\" ><div class=\"textwidget custom-html-widget\"><div class=\"b1\">\n    <div id=\"esprit-auth-widget-holder\" style=\"width: 628px; height: 784px; margin: 0px 10px 25px 490px;\"><div id=\"loader\"><\/div><\/div>\n    <script>\n    var show_on_demand = false;\n    !function(a,b,c,d){a._osdkAuthFn=d,a[d]=a[d]||function(){(a[d].cs=a[d].cs||[]).push(arguments)};var e=b.createElement(\"script\"),f=b.getElementsByTagName(\"script\")[0];e.async=1,e.src=c,f.parentNode.insertBefore(e,f)}(window,document,\"\/\/ostatic.espritgames.com\/auth\/js\/widget.js?v=6\",\"osdkAuthWidget\");\n\n    function osdkShowWidget() {\n        if( document.getElementById('esprit-auth-widget-holder') ) document.getElementById('esprit-auth-widget-holder').innerHTML = '<div id=\"loader\"><b style=\"display:none;\"><\/b><\/div>';\n        \n        osdkAuthWidget({\n            service: 'auth.espritgames.com',\n            holder: 'esprit-auth-widget-holder',\n            width: 628,\n            height: 784,\n            returnTo: 'https:\/\/espritgames.com\/fr\/worldofchaos\/go\/',\n            downloadUrl: '',\n            authNotRequired: false,\n            consumer: 'portal-fr',\n            locale: 'fr_FR',\n            stylesUrl: 'https:\/\/cdn.espritgames.ru\/espritgames-auth-custom\/woc-form.fr.css?v=111',\n            eula: 'worldofchaos'\n        });\n    }\n    if( !show_on_demand ) osdkShowWidget();\n    <\/script>\n<\/div>\n<div class=\"b2 b2_fr\">\n\t<p>\n\t\tWorld of Chaos est exactement ce que vous avez cherch\u00e9 \u00e0 trouver depuis si longtemps. Ce jeu incr\u00e9mental propose de magnifiques graphismes et des m\u00e9caniques de combat ultra-rapides. Dans un monde o\u00f9 r\u00e8gne le chaos, il n'y a peut-\u00eatre qu'un seul v\u00e9ritable objectif : d\u00e9truire tous ceux qui osent se mettre en travers de votre chemin. Ici, c'est la loi de la jungle qui domine, et les forts d\u00e9vorent les faibles ! Les dieux eux-m\u00eames seront \u00e0 votre service si vous accumulez assez de pouvoir. Seuls les forts d\u00e9cident de qui est digne de vivre dans ce monde !\n\t<\/p>\n\t<a href=\"\/forum\/go\/worldofchaos\/\">Forum<\/a>\n\t<a href=\".\/news\/\">Nouvelles<\/a>\n<\/div>\n<div class=\"b3 b3_ru b3_fr\"><div style=\"max-width: 1920px; margin: 0 auto;\" class=\"ml-slider-3-7-2 ml-slider-pro-2-6-5 metaslider metaslider-flex metaslider-50506 ml-slider\">\n    \n    <div id=\"metaslider_container_50506\">\n        <div id=\"metaslider_50506\">\n            <ul class=\"slides\">\n                <li style=\"display: block; width: 100%;\" class=\"slide-50510 ms-image\"><img src=\"https:\/\/p-cdn.espritgames.com\/wp-content\/uploads\/sites\/6\/2021\/09\/bg_1.jpg\" height=\"600\" width=\"1920\" alt=\"\" class=\"slider-50506 slide-50510\" title=\"bg_1\" \/><div class=\"caption-wrap\"><div class=\"caption\"><p>\r\n    Un syst\u00e8me d'am\u00e9lioration de personnages soign\u00e9, pour votre h\u00e9ros et ses acolytes.\r\n<\/p>\r\n<p>\r\n    Des chasses au boss et des combats pour savoir qui obtiendra les meilleures r\u00e9compenses.\r\n<\/p><\/div><\/div><\/li>\n                <li style=\"display: none; width: 100%;\" class=\"slide-50511 ms-image\"><img src=\"https:\/\/p-cdn.espritgames.com\/wp-content\/uploads\/sites\/6\/2021\/09\/bg_2.jpg\" height=\"600\" width=\"1920\" alt=\"\" class=\"slider-50506 slide-50511\" title=\"bg_2\" \/><div class=\"caption-wrap\"><div class=\"caption\"><p>\r\n    Battle Royale\u2014Soyez le dernier en lice apr\u00e8s avoir surv\u00e9cu \u00e0 une bataille f\u00e9roce.\r\n<\/p>\r\n<p>\r\n    Une immense vari\u00e9t\u00e9 d'animaux et d'acolytes.\r\n<\/p><\/div><\/div><\/li>\n                <li style=\"display: none; width: 100%;\" class=\"slide-50512 ms-image\"><img src=\"https:\/\/p-cdn.espritgames.com\/wp-content\/uploads\/sites\/6\/2021\/09\/bg_3.jpg\" height=\"600\" width=\"1920\" alt=\"\" class=\"slider-50506 slide-50512\" title=\"bg_3\" \/><div class=\"caption-wrap\"><div class=\"caption\"><p>\r\n    Des donjons qui grouillent de cr\u00e9atures terrifiantes.\r\n<\/p>\r\n<p>\r\n    Des attaques et des guerres de guildes.\r\n<\/p>\r\n<p>\r\n   Des captures de territoires.\r\n<\/p>\r\n<p>\r\n   Des ar\u00e8nes.\r\n<\/p><\/div><\/div><\/li>\n            <\/ul>\n        <\/div>\n        \n    <\/div>\n<\/div> <div class=\"mob_big\"><div style=\"max-width: 960px; margin: 0 auto;\" class=\"ml-slider-3-7-2 ml-slider-pro-2-6-5 metaslider metaslider-flex metaslider-54062 ml-slider\">\n    \n    <div id=\"metaslider_container_54062\">\n        <div id=\"metaslider_54062\">\n            <ul class=\"slides\">\n                <li style=\"display: block; width: 100%;\" class=\"slide-54066 ms-image\"><img src=\"https:\/\/p-cdn.espritgames.com\/wp-content\/uploads\/sites\/6\/2022\/05\/back1.jpg\" height=\"560\" width=\"960\" alt=\"\" class=\"slider-54062 slide-54066\" title=\"back1\" \/><div class=\"caption-wrap\"><div class=\"caption\"><p>\r\n    Un syst\u00e8me d'am\u00e9lioration de personnages soign\u00e9, pour votre h\u00e9ros et ses acolytes.\r\n<\/p>\r\n<p>\r\n    Des chasses au boss et des combats pour savoir qui obtiendra les meilleures r\u00e9compenses.\r\n<\/p><\/div><\/div><\/li>\n                <li style=\"display: none; width: 100%;\" class=\"slide-54067 ms-image\"><img src=\"https:\/\/p-cdn.espritgames.com\/wp-content\/uploads\/sites\/6\/2022\/05\/back2.jpg\" height=\"560\" width=\"960\" alt=\"\" class=\"slider-54062 slide-54067\" title=\"back2\" \/><div class=\"caption-wrap\"><div class=\"caption\"><p>\r\n    Battle Royale\u2014Soyez le dernier en lice apr\u00e8s avoir surv\u00e9cu \u00e0 une bataille f\u00e9roce.\r\n<\/p>\r\n<p>\r\n    Une immense vari\u00e9t\u00e9 d'animaux et d'acolytes.\r\n<\/p><\/div><\/div><\/li>\n                <li style=\"display: none; width: 100%;\" class=\"slide-54068 ms-image\"><img src=\"https:\/\/p-cdn.espritgames.com\/wp-content\/uploads\/sites\/6\/2022\/05\/back3.jpg\" height=\"560\" width=\"960\" alt=\"\" class=\"slider-54062 slide-54068\" title=\"back3\" \/><div class=\"caption-wrap\"><div class=\"caption\"><p>\r\n    Des donjons qui grouillent de cr\u00e9atures terrifiantes.\r\n<\/p>\r\n<p>\r\n    Des attaques et des guerres de guildes.\r\n<\/p>\r\n<p>\r\n   Des captures de territoires.\r\n<\/p>\r\n<p>\r\n   Des ar\u00e8nes.\r\n<\/p><\/div><\/div><\/li>\n            <\/ul>\n        <\/div>\n        \n    <\/div>\n<\/div><\/div> <\/div>\n<div class=\"b4 b4_fr\"><div style=\"max-width: 654px; margin: 0 auto;\" class=\"ml-slider-3-7-2 ml-slider-pro-2-6-5 metaslider metaslider-flex metaslider-50517 ml-slider nav-hidden\">\n    \n    <div id=\"metaslider_container_50517\">\n        <div id=\"metaslider_50517\">\n            <ul class=\"slides\">\n                <li style=\"display: block; width: 100%;\" class=\"slide-50523 ms-image\"><img src=\"https:\/\/p-cdn.espritgames.com\/wp-content\/uploads\/sites\/6\/2021\/09\/1.jpg\" height=\"406\" width=\"654\" alt=\"\" class=\"slider-50517 slide-50523\" title=\"1\" \/><\/li>\n                <li style=\"display: none; width: 100%;\" class=\"slide-50524 ms-image\"><img src=\"https:\/\/p-cdn.espritgames.com\/wp-content\/uploads\/sites\/6\/2021\/09\/2.jpg\" height=\"406\" width=\"654\" alt=\"\" class=\"slider-50517 slide-50524\" title=\"2\" \/><\/li>\n                <li style=\"display: none; width: 100%;\" class=\"slide-50525 ms-image\"><img src=\"https:\/\/p-cdn.espritgames.com\/wp-content\/uploads\/sites\/6\/2021\/09\/3.jpg\" height=\"406\" width=\"654\" alt=\"\" class=\"slider-50517 slide-50525\" title=\"3\" \/><\/li>\n                <li style=\"display: none; width: 100%;\" class=\"slide-50526 ms-image\"><img src=\"https:\/\/p-cdn.espritgames.com\/wp-content\/uploads\/sites\/6\/2021\/09\/4.jpg\" height=\"406\" width=\"654\" alt=\"\" class=\"slider-50517 slide-50526\" title=\"4\" \/><\/li>\n                <li style=\"display: none; width: 100%;\" class=\"slide-50527 ms-image\"><img src=\"https:\/\/p-cdn.espritgames.com\/wp-content\/uploads\/sites\/6\/2021\/09\/5.jpg\" height=\"406\" width=\"654\" alt=\"\" class=\"slider-50517 slide-50527\" title=\"5\" \/><\/li>\n            <\/ul>\n        <\/div>\n        \n    <\/div>\n<\/div><\/div>\n<div class=\"b5\">\n    <img src=\"https:\/\/p-cdn.espritgames.ru\/wp-content\/themes\/espritgames\/promo\/woc-main\/img\/logo_b5.png\">\n    <a class=\"btn_link to_up_ext btn_link_fr\"><\/a>\n<\/div><\/div><\/div><\/div><\/div><\/div>","protected":false},"excerpt":{"rendered":"<p>World of Chaos est exactement ce que vous avez cherch\u00e9 \u00e0 trouver depuis si longtemps. Ce jeu incr\u00e9mental propose de magnifiques graphismes et des m\u00e9caniques de combat ultra-rapides. Dans un monde o\u00f9 r\u00e8gne le chaos, il n&rsquo;y a peut-\u00eatre qu&rsquo;un seul v\u00e9ritable objectif : d\u00e9truire tous ceux qui osent se mettre en travers de votre &hellip; <a href=\"https:\/\/espritgames.com\/fr\/worldofchaos\/\" class=\"more-link\">Continuer la lecture de <span class=\"screen-reader-text\">World of Chaos<\/span> <span class=\"meta-nav\">&rarr;<\/span><\/a><\/p>\n","protected":false},"author":1969676,"featured_media":0,"parent":0,"menu_order":0,"comment_status":"closed","ping_status":"closed","template":"page-templates\/landing.php","meta":[],"_links":{"self":[{"href":"https:\/\/espritgames.com\/fr\/wp-json\/wp\/v2\/pages\/50498"}],"collection":[{"href":"https:\/\/espritgames.com\/fr\/wp-json\/wp\/v2\/pages"}],"about":[{"href":"https:\/\/espritgames.com\/fr\/wp-json\/wp\/v2\/types\/page"}],"author":[{"embeddable":true,"href":"https:\/\/espritgames.com\/fr\/wp-json\/wp\/v2\/users\/1969676"}],"replies":[{"embeddable":true,"href":"https:\/\/espritgames.com\/fr\/wp-json\/wp\/v2\/comments?post=50498"}],"version-history":[{"count":31,"href":"https:\/\/espritgames.com\/fr\/wp-json\/wp\/v2\/pages\/50498\/revisions"}],"predecessor-version":[{"id":54072,"href":"https:\/\/espritgames.com\/fr\/wp-json\/wp\/v2\/pages\/50498\/revisions\/54072"}],"wp:attachment":[{"href":"https:\/\/espritgames.com\/fr\/wp-json\/wp\/v2\/media?parent=50498"}],"curies":[{"name":"wp","href":"https:\/\/api.w.org\/{rel}","templated":true}]}}