 


						{"id":49859,"date":"2021-08-09T13:03:12","date_gmt":"2021-08-09T11:03:12","guid":{"rendered":"https:\/\/espritgames.com\/fr\/?page_id=49859"},"modified":"2021-08-09T13:53:34","modified_gmt":"2021-08-09T11:53:34","slug":"idleglory","status":"publish","type":"page","link":"https:\/\/espritgames.com\/fr\/idleglory\/","title":{"rendered":"IDLE Glory"},"content":{"rendered":"<div id=\"pl-49859\"  class=\"panel-layout\" ><div id=\"pg-49859-0\"  class=\"panel-grid panel-no-style\" ><div id=\"pgc-49859-0-0\"  class=\"panel-grid-cell\" ><div id=\"panel-49859-0-0-0\" class=\"widget_text so-panel widget widget_custom_html panel-first-child panel-last-child\" data-index=\"0\" ><div class=\"textwidget custom-html-widget\"><div class=\"e-landing\" id=\"idleglory\">\n  <div class=\"e-content\">\n\n    <div id=\"esprit-auth-widget-holder\" style=\"width: 450px; height: 665px; \"><div id=\"loader\"><\/div><\/div>\n    <script>\n    var show_on_demand = false;\n    !function(a,b,c,d){a._osdkAuthFn=d,a[d]=a[d]||function(){(a[d].cs=a[d].cs||[]).push(arguments)};var e=b.createElement(\"script\"),f=b.getElementsByTagName(\"script\")[0];e.async=1,e.src=c,f.parentNode.insertBefore(e,f)}(window,document,\"\/\/ostatic.espritgames.com\/auth\/js\/widget.js?v=6\",\"osdkAuthWidget\");\n\n    function osdkShowWidget() {\n        if( document.getElementById('esprit-auth-widget-holder') ) document.getElementById('esprit-auth-widget-holder').innerHTML = '<div id=\"loader\"><b style=\"display:none;\"><\/b><\/div>';\n        \n        osdkAuthWidget({\n            service: 'auth.espritgames.com',\n            holder: 'esprit-auth-widget-holder',\n            width: 450,\n            height: 665,\n            returnTo: 'https:\/\/espritgames.com\/fr\/idleglory\/go\/',\n            downloadUrl: '',\n            authNotRequired: false,\n            consumer: 'portal-fr',\n            locale: 'fr_FR',\n            stylesUrl: 'https:\/\/cdn.espritgames.ru\/espritgames-auth-custom\/igs-form.fr.css?v=11',\n            eula: 'idleglory'\n        });\n    }\n    if( !show_on_demand ) osdkShowWidget();\n    <\/script>\n\n    <div class=\"e-text-header\"><\/div>\n    <div class=\"e-text\">\n      <p class=\"h1ttltxt\">IDLE Glory<\/p>\n      <p class=\"e-text-menu\">\n        <a href=\".\/go\/\">Jouer<\/a>, \n        <a href=\"\/forum\/go\/idleglory\/\">Forum<\/a>\n        <!--, <a href=\".\/guides\/\">\u0413\u0430\u0439\u0434\u044b<\/a>-->, \n        <a href=\".\/news\/\">Nouvelles<\/a>\n      <\/p>\n      <p>IDLE Glory r\u00e9volutionne le monde des RPG ! Amusez-vous et laissez le jeu s'occuper de toute la paperasse. Laissez les routines soporifiques derri\u00e8re vous et immergez-vous dans un monde aux aventures palpitantes et aux innombrables r\u00e9compenses.<\/p>\n\n      <p>Caract\u00e9ristiques:<\/p>\n      <p>\n        <img src=\"https:\/\/espritgames.ru\/wp-content\/uploads\/sites\/2\/2019\/11\/g_min.png\" alt=\"\" width=\"16\" height=\"16\" class=\"alignnone size-full wp-image-18842\" \/> Un dirigeant est fait pour diriger ! D\u00e9sormais, les h\u00e9ros iront chercher leur propre \u00e9quipement et devront le m\u00e9riter pendant que vous vous occuperez d'\u00e9laborer la meilleure strat\u00e9gie. Prenez des d\u00e9cisions tactiques et dites \u00e0 vos h\u00e9ros qui affronter ! Un boss ? Un autre joueur ? \u00c0 vous de voir. Envoyez vos h\u00e9ros s'occuper de la menace de votre choix !\n      <\/p>\n      <p>\n        <img src=\"https:\/\/espritgames.ru\/wp-content\/uploads\/sites\/2\/2019\/11\/g_min.png\" alt=\"\" width=\"16\" height=\"16\" class=\"alignnone size-full wp-image-18842\" \/> Jouer \u00e0 IDLE Glory ne d\u00e9tournera pas votre attention de votre travail, vos \u00e9tudes ou votre famille. Incarner un puissant g\u00e9n\u00e9ral sans perdre de vue ce qui compte vraiment ? C'est facile ! Dites adieu aux proc\u00e9dures fastidieuses : changez de strat\u00e9gie en un claquement de doigts. Laissez vos arm\u00e9es de h\u00e9ros combattre pour vous apporter gloire et fortune. 10 minutes par jour suffisent amplement !\n\n      <p>\n        <img src=\"https:\/\/espritgames.ru\/wp-content\/uploads\/sites\/2\/2019\/11\/g_min.png\" alt=\"\" width=\"16\" height=\"16\" class=\"alignnone size-full wp-image-18842\" \/> Unissez vos forces \u00e0 celles d'autres joueurs... ou affrontez-les ! Fondez une guilde pour accro\u00eetre la puissance de votre arm\u00e9e. Vous en avez assez de combattre des ennemis solitaires ? Alors il est grand temps de d\u00e9clarer la guerre \u00e0 tout un serveur ! Un bon tacticien sait toujours profiter d'alliances judicieuses !\n      <\/p>\n      <p>\n        <img src=\"https:\/\/espritgames.ru\/wp-content\/uploads\/sites\/2\/2019\/11\/g_min.png\" alt=\"\" width=\"16\" height=\"16\" class=\"alignnone size-full wp-image-18842\" \/>\u00a0 Qui dit bonnes strat\u00e9gies dit nombreuses conqu\u00eates. Un vrai dirigeant sait qu'il doit obtenir de nouveaux h\u00e9ros, un meilleur \u00e9quipement, des familiers, des transports personnels et bien d'autres choses encore. Arrachez une victoire apr\u00e8s l'autre et marquez l'histoire du monde d'IDLE Glory !\n          <div style=\"width: 100%; margin: 0 auto;\" class=\"ml-slider-3-7-2 ml-slider-pro-2-6-5 metaslider metaslider-flex metaslider-49864 ml-slider frontpage-news nav-hidden\">\n    <style type=\"text\/css\" id=\"metaslider-css-49864\">\n        #metaslider_49864.flexslider .slides li {margin-right: 20px !important;}\n    <\/style>\n    <div id=\"metaslider_container_49864\">\n        <div id=\"metaslider_49864\">\n            <ul class=\"slides\">\n                <li style=\"display: none; width: 100%;\" class=\"slide-49874 ms-image\"><img src=\"https:\/\/p-cdn.espritgames.com\/wp-content\/uploads\/sites\/6\/2021\/08\/1.jpg\" height=\"435\" width=\"702\" alt=\"\" class=\"slider-49864 slide-49874\" title=\"1\" \/><\/li>\n                <li style=\"display: none; width: 100%;\" class=\"slide-49875 ms-image\"><img src=\"https:\/\/p-cdn.espritgames.com\/wp-content\/uploads\/sites\/6\/2021\/08\/2.jpg\" height=\"435\" width=\"702\" alt=\"\" class=\"slider-49864 slide-49875\" title=\"2\" \/><\/li>\n                <li style=\"display: none; width: 100%;\" class=\"slide-49876 ms-image\"><img src=\"https:\/\/p-cdn.espritgames.com\/wp-content\/uploads\/sites\/6\/2021\/08\/3.jpg\" height=\"435\" width=\"702\" alt=\"\" class=\"slider-49864 slide-49876\" title=\"3\" \/><\/li>\n                <li style=\"display: none; width: 100%;\" class=\"slide-49877 ms-image\"><img src=\"https:\/\/p-cdn.espritgames.com\/wp-content\/uploads\/sites\/6\/2021\/08\/4.jpg\" height=\"435\" width=\"702\" alt=\"\" class=\"slider-49864 slide-49877\" title=\"4\" \/><\/li>\n                <li style=\"display: none; width: 100%;\" class=\"slide-49878 ms-image\"><img src=\"https:\/\/p-cdn.espritgames.com\/wp-content\/uploads\/sites\/6\/2021\/08\/5.jpg\" height=\"435\" width=\"702\" alt=\"\" class=\"slider-49864 slide-49878\" title=\"5\" \/><\/li>\n                <li style=\"display: none; width: 100%;\" class=\"slide-49879 ms-image\"><img src=\"https:\/\/p-cdn.espritgames.com\/wp-content\/uploads\/sites\/6\/2021\/08\/6.jpg\" height=\"435\" width=\"702\" alt=\"\" class=\"slider-49864 slide-49879\" title=\"6\" \/><\/li>\n                <li style=\"display: none; width: 100%;\" class=\"slide-49880 ms-image\"><img src=\"https:\/\/p-cdn.espritgames.com\/wp-content\/uploads\/sites\/6\/2021\/08\/7.jpg\" height=\"435\" width=\"702\" alt=\"\" class=\"slider-49864 slide-49880\" title=\"7\" \/><\/li>\n                <li style=\"display: none; width: 100%;\" class=\"slide-49881 ms-image\"><img src=\"https:\/\/p-cdn.espritgames.com\/wp-content\/uploads\/sites\/6\/2021\/08\/8.jpg\" height=\"435\" width=\"702\" alt=\"\" class=\"slider-49864 slide-49881\" title=\"8\" \/><\/li>\n                <li style=\"display: none; width: 100%;\" class=\"slide-49882 ms-image\"><img src=\"https:\/\/p-cdn.espritgames.com\/wp-content\/uploads\/sites\/6\/2021\/08\/9.jpg\" height=\"435\" width=\"702\" alt=\"\" class=\"slider-49864 slide-49882\" title=\"9\" \/><\/li>\n            <\/ul>\n        <\/div>\n        \n    <\/div>\n<\/div>\n      <\/p>\n    <\/div>\n\n  <\/div>\n<\/div><\/div><\/div><\/div><\/div><\/div>","protected":false},"excerpt":{"rendered":"<p>IDLE Glory Jouer, Forum , Nouvelles IDLE Glory r\u00e9volutionne le monde des RPG ! Amusez-vous et laissez le jeu s&rsquo;occuper de toute la paperasse. Laissez les routines soporifiques derri\u00e8re vous et immergez-vous dans un monde aux aventures palpitantes et aux innombrables r\u00e9compenses. Caract\u00e9ristiques: Un dirigeant est fait pour diriger ! D\u00e9sormais, les h\u00e9ros iront chercher &hellip; <a href=\"https:\/\/espritgames.com\/fr\/idleglory\/\" class=\"more-link\">Continuer la lecture de <span class=\"screen-reader-text\">IDLE Glory<\/span> <span class=\"meta-nav\">&rarr;<\/span><\/a><\/p>\n","protected":false},"author":1969676,"featured_media":0,"parent":0,"menu_order":0,"comment_status":"closed","ping_status":"closed","template":"page-templates\/landing.php","meta":[],"_links":{"self":[{"href":"https:\/\/espritgames.com\/fr\/wp-json\/wp\/v2\/pages\/49859"}],"collection":[{"href":"https:\/\/espritgames.com\/fr\/wp-json\/wp\/v2\/pages"}],"about":[{"href":"https:\/\/espritgames.com\/fr\/wp-json\/wp\/v2\/types\/page"}],"author":[{"embeddable":true,"href":"https:\/\/espritgames.com\/fr\/wp-json\/wp\/v2\/users\/1969676"}],"replies":[{"embeddable":true,"href":"https:\/\/espritgames.com\/fr\/wp-json\/wp\/v2\/comments?post=49859"}],"version-history":[{"count":19,"href":"https:\/\/espritgames.com\/fr\/wp-json\/wp\/v2\/pages\/49859\/revisions"}],"predecessor-version":[{"id":49900,"href":"https:\/\/espritgames.com\/fr\/wp-json\/wp\/v2\/pages\/49859\/revisions\/49900"}],"wp:attachment":[{"href":"https:\/\/espritgames.com\/fr\/wp-json\/wp\/v2\/media?parent=49859"}],"curies":[{"name":"wp","href":"https:\/\/api.w.org\/{rel}","templated":true}]}}