 


						{"id":48564,"date":"2021-06-23T19:19:45","date_gmt":"2021-06-23T17:19:45","guid":{"rendered":"https:\/\/espritgames.com\/fr\/?page_id=48564"},"modified":"2021-06-29T17:15:02","modified_gmt":"2021-06-29T15:15:02","slug":"bladeofkings","status":"publish","type":"page","link":"https:\/\/espritgames.com\/fr\/bladeofkings\/","title":{"rendered":"Blade of Kings"},"content":{"rendered":"<div id=\"pl-48564\"  class=\"panel-layout\" ><div id=\"pg-48564-0\"  class=\"panel-grid panel-no-style\" ><div id=\"pgc-48564-0-0\"  class=\"panel-grid-cell\" ><div id=\"panel-48564-0-0-0\" class=\"widget_text so-panel widget widget_custom_html panel-first-child panel-last-child\" data-index=\"0\" ><div class=\"textwidget custom-html-widget\">\t<div class=\"bladeofkings_formouter\">\n\t\t<div class=\"psevdo_form\">\n\t\t\t<img src=\"https:\/\/p-cdn.espritgames.ru\/wp-content\/themes\/espritgames\/promo\/bok-main\/fr\/BoK_fr_logo.png\">\n\t\t\t<a href=\".\/go\/\" class=\"play_btn open_form\"><\/a> \n\t\t<\/div>\n\t\t\t<div id=\"esprit-auth-widget-holder\" style=\"width: 628px; height: 780px; \"><div id=\"loader\"><\/div><\/div>\n    <script>\n    var show_on_demand = false;\n    !function(a,b,c,d){a._osdkAuthFn=d,a[d]=a[d]||function(){(a[d].cs=a[d].cs||[]).push(arguments)};var e=b.createElement(\"script\"),f=b.getElementsByTagName(\"script\")[0];e.async=1,e.src=c,f.parentNode.insertBefore(e,f)}(window,document,\"\/\/ostatic.espritgames.com\/auth\/js\/widget.js?v=6\",\"osdkAuthWidget\");\n\n    function osdkShowWidget() {\n        if( document.getElementById('esprit-auth-widget-holder') ) document.getElementById('esprit-auth-widget-holder').innerHTML = '<div id=\"loader\"><b style=\"display:none;\"><\/b><\/div>';\n        \n        osdkAuthWidget({\n            service: 'auth.espritgames.com',\n            holder: 'esprit-auth-widget-holder',\n            width: 628,\n            height: 780,\n            returnTo: 'https:\/\/espritgames.com\/fr\/bladeofkings\/go\/',\n            downloadUrl: '',\n            authNotRequired: false,\n            consumer: 'portal-fr',\n            locale: 'fr_FR',\n            stylesUrl: 'https:\/\/cdn.espritgames.ru\/espritgames-auth-custom\/bok-form_fr.css?v=1',\n            eula: 'bladeofkings'\n        });\n    }\n    if( !show_on_demand ) osdkShowWidget();\n    <\/script>\n\t\t\t\t<div class=\"pp\">\t\t\t\t\n\t\t\t\t\t<span>* En appuyant sur \"Jouer\", vous acceptez les termes de notre <a href=\"https:\/\/espritgames.com\/fr\/licenses\/bladeofkings\/\">Contrat d'utilisateur<\/a> et notre <a href=\"https:\/\/espritgames.com\/fr\/agreements\/bladeofkings\/\">Offre publique<\/a><\/span>\n\t\t\t\t<\/div>\n\t<\/div>\n\t<div class=\"big_pic bladeofkings\">\n\t\t<div class=\"p1\"><\/div><div class=\"p2\"><\/div>\n\t\t<img src=\"https:\/\/p-cdn.espritgames.ru\/wp-content\/themes\/espritgames\/promo\/bok-main\/main_img_fon.jpg\" \/>\n\t<\/div>\n<div class=\"outer_lands\">\n\n\t<div id=\"bladeofkings\" class=\"e-landing\">\n\t<div class=\"e-content\">\n\t\t\t<div class=\"e-text\">\n\t\t\t<p class=\"e-text-menu\"> <a href=\"\/fr\/forum\/go\/bladeofkings\/\">FORUM<\/a> <a href=\".\/news\/\">NEWS<\/a>  <!--<a href=\".\/guides\/\">GUIDES<\/a>--><\/p>\n\t\t\t<p>La Lame des Rois d\u00e9voile l'histoire captivante d'un monde magique. Les joueurs participent aux retournements de situation de l'intrigue, ainsi qu'\u00e0 l'histoire des combats et des succ\u00e8s sur le continent, afin de former une g\u00e9n\u00e9ration de rois\u00a0!<\/p>\n\t\t\t<\/div>\n\t<\/div>\n\t\t\t<div class=\"top_pre_txt\">\u0422\u0435\u0431\u044f \u0436\u0434\u0443\u0442<\/div>\n\n\t\t\t<div class=\"outer_icon_block\">\n\t\t\t\t\t<div class=\"e-content\">\n\t\t\t\t\t\t\t<div class=\"icon_block\">\n\t\t\t\t\t\t\t\t\t<div class=\"s_icon\">\n\t\t\t\t\t\t\t\t\t\t\t<img src=\"\/wp-content\/themes\/espritgames\/promo\/bok-main\/en\/feature_icn_1.png\">\n\t\t\t\t\t\t\t\t\t\t\t<p>Des graphismes color\u00e9s et une animation superbe<\/p>\n\t\t\t\t\t\t\t\t\t<\/div>\n\t\t\t\t\t\t\t<\/div>\n\t\t\t\t\t\t\t<div class=\"icon_block\">\n\t\t\t\t\t\t\t\t\t<div class=\"s_icon\">\n\t\t\t\t\t\t\t\t\t\t\t<img src=\"\/wp-content\/themes\/espritgames\/promo\/bok-main\/en\/feature_icn_2.png\">\n\t\t\t\t\t\t\t\t\t\t\t<p>Un gameplay passionnant<\/p>\n\t\t\t\t\t\t\t\t\t<\/div>\n\t\t\t\t\t\t\t<\/div>\n\t\t\t\t\t\t\t<div class=\"icon_block\">\n\t\t\t\t\t\t\t\t\t<div class=\"s_icon\">\n\t\t\t\t\t\t\t\t\t\t\t<img src=\"\/wp-content\/themes\/espritgames\/promo\/bok-main\/en\/feature_icn_3.png\">\n\t\t\t\t\t\t\t\t\t\t\t<p>Des batailles de l\u00e9gion entre serveurs<\/p>\n\t\t\t\t\t\t\t\t\t<\/div>\n\t\t\t\t\t\t\t<\/div>\n\t\t\t\t\t\t\t<div class=\"icon_block\">\n\t\t\t\t\t\t\t\t\t<div class=\"s_icon\">\n\t\t\t\t\t\t\t\t\t\t\t<img src=\"\/wp-content\/themes\/espritgames\/promo\/bok-main\/en\/feature_icn_4.png\">\n\t\t\t\t\t\t\t\t\t\t\t<p>Pour vous faire gagner du temps, votre personnage se d\u00e9veloppe m\u00eame quand vous \u00eates d\u00e9connect\u00e9<\/p>\n\t\t\t\t\t\t\t\t\t<\/div>\n\t\t\t\t\t\t\t<\/div>\n\t\t\t\t\t\t\t<div class=\"icon_block\">\n\t\t\t\t\t\t\t\t\t<div class=\"s_icon\">\n\t\t\t\t\t\t\t\t\t\t\t<img src=\"\/wp-content\/themes\/espritgames\/promo\/bok-main\/en\/feature_icn_5.png\">\n\t\t\t\t\t\t\t\t\t\t\t<p>Les ressources continuent de s'accumuler quand vous ne jouez pas. Vous pouvez les utiliser quand vous revenez dans la partie<\/p>\n\t\t\t\t\t\t\t\t\t<\/div>\n\t\t\t\t\t\t\t<\/div>\n\t\t\t\t\t\t\t<div class=\"icon_block\">\n\t\t\t\t\t\t\t\t\t<div class=\"s_icon\">\n\t\t\t\t\t\t\t\t\t\t\t<img src=\"\/wp-content\/themes\/espritgames\/promo\/bok-main\/en\/feature_icn_6.png\">\n\t\t\t\t\t\t\t\t\t\t\t<p>Pas de t\u00e9l\u00e9chargement ou d'installation, commencez simplement \u00e0 jouer\u00a0!<\/p>\n\t\t\t\t\t\t\t\t\t<\/div>\n\t\t\t\t\t\t\t<\/div>\n\t\t\t\t\t<\/div>\n\t\t\t<\/div>\n\n\n\t<div class=\"slider_outer\">\n\t\t<div style=\"max-width: 1214px; margin: 0 auto;\" class=\"ml-slider-3-7-2 ml-slider-pro-2-6-5 metaslider metaslider-flex metaslider-48570 ml-slider nav-hidden\">\n    \n    <div id=\"metaslider_container_48570\">\n        <div id=\"metaslider_48570\">\n            <ul class=\"slides\">\n                <li style=\"display: block; width: 100%;\" class=\"slide-48576 ms-image\"><img src=\"https:\/\/p-cdn.espritgames.com\/wp-content\/uploads\/sites\/6\/2021\/06\/screen_1.jpg\" height=\"752\" width=\"1214\" alt=\"\" class=\"slider-48570 slide-48576\" title=\"screen_1\" \/><\/li>\n                <li style=\"display: none; width: 100%;\" class=\"slide-48577 ms-image\"><img src=\"https:\/\/p-cdn.espritgames.com\/wp-content\/uploads\/sites\/6\/2021\/06\/screen_2.jpg\" height=\"752\" width=\"1214\" alt=\"\" class=\"slider-48570 slide-48577\" title=\"screen_2\" \/><\/li>\n                <li style=\"display: none; width: 100%;\" class=\"slide-48578 ms-image\"><img src=\"https:\/\/p-cdn.espritgames.com\/wp-content\/uploads\/sites\/6\/2021\/06\/screen_3.jpg\" height=\"752\" width=\"1214\" alt=\"\" class=\"slider-48570 slide-48578\" title=\"screen_3\" \/><\/li>\n                <li style=\"display: none; width: 100%;\" class=\"slide-48579 ms-image\"><img src=\"https:\/\/p-cdn.espritgames.com\/wp-content\/uploads\/sites\/6\/2021\/06\/screen_4.jpg\" height=\"752\" width=\"1214\" alt=\"\" class=\"slider-48570 slide-48579\" title=\"screen_4\" \/><\/li>\n                <li style=\"display: none; width: 100%;\" class=\"slide-48580 ms-image\"><img src=\"https:\/\/p-cdn.espritgames.com\/wp-content\/uploads\/sites\/6\/2021\/06\/screen_5.jpg\" height=\"752\" width=\"1214\" alt=\"\" class=\"slider-48570 slide-48580\" title=\"screen_5\" \/><\/li>\n            <\/ul>\n        <\/div>\n        \n    <\/div>\n<\/div>\n\t\t<a class=\"play_btn open_form\"><\/a>\n\t<\/div>\n\n\t<\/div>\n\t\n<\/div><\/div><\/div><\/div><\/div><\/div>","protected":false},"excerpt":{"rendered":"<p>* En appuyant sur \u00ab\u00a0Jouer\u00a0\u00bb, vous acceptez les termes de notre Contrat d&rsquo;utilisateur et notre Offre publique FORUM NEWS La Lame des Rois d\u00e9voile l&rsquo;histoire captivante d&rsquo;un monde magique. Les joueurs participent aux retournements de situation de l&rsquo;intrigue, ainsi qu&rsquo;\u00e0 l&rsquo;histoire des combats et des succ\u00e8s sur le continent, afin de former une g\u00e9n\u00e9ration de &hellip; <a href=\"https:\/\/espritgames.com\/fr\/bladeofkings\/\" class=\"more-link\">Continuer la lecture de <span class=\"screen-reader-text\">Blade of Kings<\/span> <span class=\"meta-nav\">&rarr;<\/span><\/a><\/p>\n","protected":false},"author":1969676,"featured_media":0,"parent":0,"menu_order":0,"comment_status":"closed","ping_status":"closed","template":"page-templates\/landing.php","meta":[],"_links":{"self":[{"href":"https:\/\/espritgames.com\/fr\/wp-json\/wp\/v2\/pages\/48564"}],"collection":[{"href":"https:\/\/espritgames.com\/fr\/wp-json\/wp\/v2\/pages"}],"about":[{"href":"https:\/\/espritgames.com\/fr\/wp-json\/wp\/v2\/types\/page"}],"author":[{"embeddable":true,"href":"https:\/\/espritgames.com\/fr\/wp-json\/wp\/v2\/users\/1969676"}],"replies":[{"embeddable":true,"href":"https:\/\/espritgames.com\/fr\/wp-json\/wp\/v2\/comments?post=48564"}],"version-history":[{"count":17,"href":"https:\/\/espritgames.com\/fr\/wp-json\/wp\/v2\/pages\/48564\/revisions"}],"predecessor-version":[{"id":48710,"href":"https:\/\/espritgames.com\/fr\/wp-json\/wp\/v2\/pages\/48564\/revisions\/48710"}],"wp:attachment":[{"href":"https:\/\/espritgames.com\/fr\/wp-json\/wp\/v2\/media?parent=48564"}],"curies":[{"name":"wp","href":"https:\/\/api.w.org\/{rel}","templated":true}]}}