 


						{"id":47853,"date":"2021-05-26T15:35:44","date_gmt":"2021-05-26T13:35:44","guid":{"rendered":"https:\/\/espritgames.com\/fr\/?page_id=47853"},"modified":"2021-06-02T15:27:54","modified_gmt":"2021-06-02T13:27:54","slug":"eternalsword","status":"publish","type":"page","link":"https:\/\/espritgames.com\/fr\/eternalsword\/","title":{"rendered":"Eternal Sword."},"content":{"rendered":"<div id=\"pl-47853\"  class=\"panel-layout\" ><div id=\"pg-47853-0\"  class=\"panel-grid panel-no-style\" ><div id=\"pgc-47853-0-0\"  class=\"panel-grid-cell\" ><div id=\"panel-47853-0-0-0\" class=\"widget_text so-panel widget widget_custom_html panel-first-child panel-last-child\" data-index=\"0\" ><div class=\"textwidget custom-html-widget\"><div class=\"b1\">\n   \n<\/div>\n<div class=\"b2 loahf_pc\">\n\t<img class=\"top_logo\" src=\"https:\/\/welcome.espritgames.com\/wp-content\/themes\/espritgames-promo\/promo\/es-main\/img\/top_block\/logo_top.png\">\n\t<p class=\"top_txt_1\">MA\u00ceTRISE L'ESPACE ET LE TEMPS DANS UN TOUT NOUVEAU MMORPG FANTASY<\/p>\n\t<p class=\"top_txt_2\">Tu dois revenir dans le pass\u00e9 pour emp\u00eacher une catastrophe. Revis des cycles temporels, encore et encore, et tu pourras arr\u00eater le dieu de l'obscurit\u00e9, Illusand !<\/p>\n\t<a href=\"https:\/\/espritgames.onelink.me\/asSb\/d8d9ac06\" class=\"dwld_btn dwld_btn_fr bnt_p_open\" target=\"_blank\" rel=\"noopener\"><\/a> \n\t<p class=\"top_txt_3\"><span>Scannez le code QR pour charger l'application.<\/span> <br><br>En installant cette application, vous acceptez <a href=\"https:\/\/espritgames.com\/fr\/licenses\/eternalsword\/\" target=\"_blank\" rel=\"noopener\">les conditions d'utilisation<\/a> et<br> <a href=\"https:\/\/espritgames.com\/fr\/agreements\/eternalsword\/\" target=\"_blank\" rel=\"noopener\">la politique de confidentialit\u00e9<\/a>.<\/p>\n\t<a class=\"android_btn android_btn_fr\" href=\"https:\/\/eternalsword.onelink.me\/7PEe\/9203e1c0\" target=\"_blank\" rel=\"noopener\"><\/a>\n\t<a class=\"ios_btn ios_btn_fr\" href=\"https:\/\/eternalswordlegend.onelink.me\/sHJc\/12bd4e3f\" target=\"_blank\" rel=\"noopener\"><\/a>\n<\/div>\n<div class=\"b3\">\n\t<div class=\"svch\"><\/div>\n\t<div class=\"sword\"><\/div>\n\t<div class=\"sub_ttl\">Caract\u00e9ristiques du jeu<\/div>\n\t<div class=\"icon icon_1\">Un syst\u00e8me de classes nuanc\u00e9<\/div>\n\t<div class=\"icon icon_2\">Des modes JCJ vari\u00e9s<\/div>\n\t<div class=\"icon icon_3\">Ailes, reliques, compagnons...<\/div>\n\t<div class=\"icon icon_4\">... et des boss terrifiants !<\/div>\n<\/div>\n<div class=\"b5\">\n\t\t<p>Qu'est-ce que la m\u00e9moire ? Elle pr\u00e9serve uniquement les images les plus impressionnantes et les plus color\u00e9es. Mais le monde n'est pas si simple... Tu dois r\u00e9aliser l'impossible : remonter dans le temps pour changer l'avenir.<\/p>\n\t\t<p>Revis le pass\u00e9 \u00e0 la recherche des pi\u00e8ces manquantes, cycle apr\u00e8s cycle. Modifie le cours du temps et sauve le monde de la destruction !<\/p>\n\t\t<div class=\"outer_video\">\n\t\t\t<iframe width=\"812\" height=\"456\" src=\"https:\/\/www.youtube.com\/embed\/Zwu3lk99mZw?controls=0&?VQ=HD1080\" title=\"Eternal Sword - Official Trailer\" frameborder=\"0\" allow=\"accelerometer; autoplay; clipboard-write; encrypted-media; gyroscope; picture-in-picture\" allowfullscreen><\/iframe>\n\t\t<\/div>\n\t<a class=\"android_btn android_btn_fr\" href=\"https:\/\/eternalsword.onelink.me\/7PEe\/9203e1c0\" target=\"_blank\" rel=\"noopener\"><\/a>\n\t<a class=\"ios_btn ios_btn_fr\" href=\"https:\/\/eternalswordlegend.onelink.me\/sHJc\/12bd4e3f\" target=\"_blank\" rel=\"noopener\"><\/a>\n\t  <!--<img class=\"eg_logo_bottom\" src=\"https:\/\/p-cdn.espritgames.ru\/wp-content\/themes\/espritgames\/promo\/loahf-main\/img\/esprit_logo.png\">\n\t  <p class=\"eg_txt_bottom\">\u0418\u0413\u0420\u041e\u0412\u041e\u0419 \u041f\u041e\u0420\u0422\u0410\u041b ESPRIT GAMES LLC \u00a9 2014 \u2013 [year_now]<\/p>\n\t  <img class=\"footer_16\" src=\"https:\/\/p-cdn.espritgames.ru\/wp-content\/themes\/espritgames\/img\/main\/com\/16+.png\">-->\n<\/div><\/div><\/div><\/div><\/div><\/div>","protected":false},"excerpt":{"rendered":"<p>MA\u00ceTRISE L&rsquo;ESPACE ET LE TEMPS DANS UN TOUT NOUVEAU MMORPG FANTASY Tu dois revenir dans le pass\u00e9 pour emp\u00eacher une catastrophe. Revis des cycles temporels, encore et encore, et tu pourras arr\u00eater le dieu de l&rsquo;obscurit\u00e9, Illusand ! Scannez le code QR pour charger l&rsquo;application. En installant cette application, vous acceptez les conditions d&rsquo;utilisation et &hellip; <a href=\"https:\/\/espritgames.com\/fr\/eternalsword\/\" class=\"more-link\">Continuer la lecture de <span class=\"screen-reader-text\">Eternal Sword.<\/span> <span class=\"meta-nav\">&rarr;<\/span><\/a><\/p>\n","protected":false},"author":1969676,"featured_media":0,"parent":0,"menu_order":0,"comment_status":"closed","ping_status":"closed","template":"page-templates\/landing.php","meta":[],"_links":{"self":[{"href":"https:\/\/espritgames.com\/fr\/wp-json\/wp\/v2\/pages\/47853"}],"collection":[{"href":"https:\/\/espritgames.com\/fr\/wp-json\/wp\/v2\/pages"}],"about":[{"href":"https:\/\/espritgames.com\/fr\/wp-json\/wp\/v2\/types\/page"}],"author":[{"embeddable":true,"href":"https:\/\/espritgames.com\/fr\/wp-json\/wp\/v2\/users\/1969676"}],"replies":[{"embeddable":true,"href":"https:\/\/espritgames.com\/fr\/wp-json\/wp\/v2\/comments?post=47853"}],"version-history":[{"count":24,"href":"https:\/\/espritgames.com\/fr\/wp-json\/wp\/v2\/pages\/47853\/revisions"}],"predecessor-version":[{"id":48097,"href":"https:\/\/espritgames.com\/fr\/wp-json\/wp\/v2\/pages\/47853\/revisions\/48097"}],"wp:attachment":[{"href":"https:\/\/espritgames.com\/fr\/wp-json\/wp\/v2\/media?parent=47853"}],"curies":[{"name":"wp","href":"https:\/\/api.w.org\/{rel}","templated":true}]}}