 


						{"id":47054,"date":"2021-04-15T15:53:50","date_gmt":"2021-04-15T13:53:50","guid":{"rendered":"https:\/\/espritgames.com\/fr\/?page_id=47054"},"modified":"2021-09-09T11:00:20","modified_gmt":"2021-09-09T09:00:20","slug":"darkgenesis","status":"publish","type":"page","link":"https:\/\/espritgames.com\/fr\/darkgenesis\/","title":{"rendered":"Dark Genesis"},"content":{"rendered":"<div id=\"pl-47054\"  class=\"panel-layout\" ><div id=\"pg-47054-0\"  class=\"panel-grid panel-no-style\" ><div id=\"pgc-47054-0-0\"  class=\"panel-grid-cell\" ><div id=\"panel-47054-0-0-0\" class=\"widget_text so-panel widget widget_custom_html panel-first-child panel-last-child\" data-index=\"0\" ><div class=\"textwidget custom-html-widget\"><div class=\"outer_ext_form\" style=\"display:none;\">\n\t\t<a class=\"outer_ext_form_close\">&times;<\/a>\n\t\t<div id=\"osdk-auth-widget-holder\" style=\"width: 600px; height: 700px; \"><div id=\"loader\"><\/div><\/div>\n    <script>\n    var show_on_demand = false;\n    !function(a,b,c,d){a._osdkAuthFn=d,a[d]=a[d]||function(){(a[d].cs=a[d].cs||[]).push(arguments)};var e=b.createElement(\"script\"),f=b.getElementsByTagName(\"script\")[0];e.async=1,e.src=c,f.parentNode.insertBefore(e,f)}(window,document,\"\/\/ostatic.espritgames.com\/auth\/js\/widget.js?v=6\",\"osdkAuthWidget\");\n\n    function osdkShowWidget() {\n        if( document.getElementById('osdk-auth-widget-holder') ) document.getElementById('osdk-auth-widget-holder').innerHTML = '<div id=\"loader\"><b style=\"display:none;\"><\/b><\/div>';\n        \n        osdkAuthWidget({\n            service: 'auth.espritgames.com',\n            holder: 'osdk-auth-widget-holder',\n            width: 600,\n            height: 700,\n            returnTo: 'https:\/\/espritgames.com\/fr\/darkgenesis\/go\/',\n            downloadUrl: '',\n            authNotRequired: false,\n            consumer: 'portal-fr',\n            locale: 'fr_FR',\n            stylesUrl: 'https:\/\/cdn.espritgames.ru\/espritgames-auth-custom\/dg-form_fr.css',\n            eula: 'darkgenesis'\n        });\n    }\n    if( !show_on_demand ) osdkShowWidget();\n    <\/script>\n<\/div>\n<div class=\"b1\">\n   <div class=\"lp\"><\/div><div class=\"rp\"><\/div>\n<\/div>\n<div class=\"b2 loahf_pc\">\n\t<img class=\"top_logo\" src=\"https:\/\/p-cdn.espritgames.ru\/wp-content\/themes\/espritgames\/promo\/dg-main\/img\/top_block\/logo_main.png\">\n\t<a class=\"dwld_btn bnt_p_open dwld_btn_fr\"><\/a> \n\t<!--<p class=\"desc\">*\u0432\u0430\u043c \u043d\u0435\u043e\u0431\u0445\u043e\u0434\u0438\u043c\u043e \u0437\u0430\u0433\u0440\u0443\u0437\u0438\u0442\u044c <a class=\"bnt_p_open\" href=\"https:\/\/cdn.espritgames.ru\/download\/loader_ru.exe\">Esprit Games Center<\/a> \u0434\u043b\u044f \u0438\u0433\u0440\u044b<\/p>-->\n<\/div>\n<div class=\"b3 b3_en\"><div style=\"max-width: 1920px; margin: 0 auto;\" class=\"ml-slider-3-7-2 ml-slider-pro-2-6-5 metaslider metaslider-flex metaslider-47060 ml-slider\">\n    \n    <div id=\"metaslider_container_47060\">\n        <div id=\"metaslider_47060\">\n            <ul class=\"slides\">\n                <li style=\"display: block; width: 100%;\" class=\"slide-47147 ms-image\"><img src=\"https:\/\/p-cdn.espritgames.com\/wp-content\/uploads\/sites\/6\/2021\/04\/screen_1-1.jpg\" height=\"460\" width=\"1920\" alt=\"\" class=\"slider-47060 slide-47147\" title=\"screen_1\" \/><\/li>\n                <li style=\"display: none; width: 100%;\" class=\"slide-47148 ms-image\"><img src=\"https:\/\/p-cdn.espritgames.com\/wp-content\/uploads\/sites\/6\/2021\/04\/screen_2-1.jpg\" height=\"460\" width=\"1920\" alt=\"\" class=\"slider-47060 slide-47148\" title=\"screen_2\" \/><\/li>\n                <li style=\"display: none; width: 100%;\" class=\"slide-47149 ms-image\"><img src=\"https:\/\/p-cdn.espritgames.com\/wp-content\/uploads\/sites\/6\/2021\/04\/screen_3-1.jpg\" height=\"460\" width=\"1920\" alt=\"\" class=\"slider-47060 slide-47149\" title=\"screen_3\" \/><\/li>\n                <li style=\"display: none; width: 100%;\" class=\"slide-47150 ms-image\"><img src=\"https:\/\/p-cdn.espritgames.com\/wp-content\/uploads\/sites\/6\/2021\/04\/screen_4-1.jpg\" height=\"460\" width=\"1920\" alt=\"\" class=\"slider-47060 slide-47150\" title=\"screen_4\" \/><\/li>\n                <li style=\"display: none; width: 100%;\" class=\"slide-47151 ms-image\"><img src=\"https:\/\/p-cdn.espritgames.com\/wp-content\/uploads\/sites\/6\/2021\/04\/screen_5-1.jpg\" height=\"460\" width=\"1920\" alt=\"\" class=\"slider-47060 slide-47151\" title=\"screen_5\" \/><\/li>\n                <li style=\"display: none; width: 100%;\" class=\"slide-47152 ms-image\"><img src=\"https:\/\/p-cdn.espritgames.com\/wp-content\/uploads\/sites\/6\/2021\/04\/screen_6-1.jpg\" height=\"460\" width=\"1920\" alt=\"\" class=\"slider-47060 slide-47152\" title=\"screen_6\" \/><\/li>\n            <\/ul>\n        <\/div>\n        \n    <\/div>\n<\/div><\/div>\n<div class=\"b4\">\n\t<div class=\"pers\"><\/div>\n\t<div class=\"psch\"><\/div>\n\t<div class=\"txt_outer\">\n\t\t<span class=\"txt_en\">Construisez une puissante citadelle sur une \u00eele flottante, invoquez des demi-dieux alli\u00e9s et sauvez le monde de la destruction\u00a0!<br> <b>Dark Genesis<\/b> - est un MMORPG dynamique inspir\u00e9 de diff\u00e9rents mythes du monde entier. Vous seul pouvez mettre fin \u00e0 une guerre sanglante, redonner leur gloire aux divinit\u00e9s d'antan et d\u00e9couvrir les secrets de Dark Genesis!\n\t\t<\/span> \n\t<\/div>\n<\/div>\n<div class=\"b5\">\n    <img src=\"https:\/\/p-cdn.espritgames.ru\/wp-content\/themes\/espritgames\/promo\/dg-main\/img\/bottom_block\/logo.png\">\n    <a class=\"btn_link btn_link_fr bnt_p_open\"><\/a>\n\t  <!--<img class=\"eg_logo_bottom\" src=\"https:\/\/p-cdn.espritgames.ru\/wp-content\/themes\/espritgames\/promo\/loahf-main\/img\/esprit_logo.png\">\n\t  <p class=\"eg_txt_bottom\">\u0418\u0413\u0420\u041e\u0412\u041e\u0419 \u041f\u041e\u0420\u0422\u0410\u041b ESPRIT GAMES LLC \u00a9 2014 \u2013 [year_now]<\/p>\n\t  <img class=\"footer_16\" src=\"https:\/\/p-cdn.espritgames.ru\/wp-content\/themes\/espritgames\/img\/main\/com\/16+.png\">-->\n<\/div><\/div><\/div><\/div><\/div><\/div>","protected":false},"excerpt":{"rendered":"<p>&times; Construisez une puissante citadelle sur une \u00eele flottante, invoquez des demi-dieux alli\u00e9s et sauvez le monde de la destruction\u00a0! Dark Genesis &#8211; est un MMORPG dynamique inspir\u00e9 de diff\u00e9rents mythes du monde entier. Vous seul pouvez mettre fin \u00e0 une guerre sanglante, redonner leur gloire aux divinit\u00e9s d&rsquo;antan et d\u00e9couvrir les secrets de Dark &hellip; <a href=\"https:\/\/espritgames.com\/fr\/darkgenesis\/\" class=\"more-link\">Continuer la lecture de <span class=\"screen-reader-text\">Dark Genesis<\/span> <span class=\"meta-nav\">&rarr;<\/span><\/a><\/p>\n","protected":false},"author":1969676,"featured_media":0,"parent":0,"menu_order":0,"comment_status":"closed","ping_status":"closed","template":"page-templates\/landing.php","meta":[],"_links":{"self":[{"href":"https:\/\/espritgames.com\/fr\/wp-json\/wp\/v2\/pages\/47054"}],"collection":[{"href":"https:\/\/espritgames.com\/fr\/wp-json\/wp\/v2\/pages"}],"about":[{"href":"https:\/\/espritgames.com\/fr\/wp-json\/wp\/v2\/types\/page"}],"author":[{"embeddable":true,"href":"https:\/\/espritgames.com\/fr\/wp-json\/wp\/v2\/users\/1969676"}],"replies":[{"embeddable":true,"href":"https:\/\/espritgames.com\/fr\/wp-json\/wp\/v2\/comments?post=47054"}],"version-history":[{"count":12,"href":"https:\/\/espritgames.com\/fr\/wp-json\/wp\/v2\/pages\/47054\/revisions"}],"predecessor-version":[{"id":50333,"href":"https:\/\/espritgames.com\/fr\/wp-json\/wp\/v2\/pages\/47054\/revisions\/50333"}],"wp:attachment":[{"href":"https:\/\/espritgames.com\/fr\/wp-json\/wp\/v2\/media?parent=47054"}],"curies":[{"name":"wp","href":"https:\/\/api.w.org\/{rel}","templated":true}]}}