 


						{"id":44957,"date":"2021-01-21T12:10:29","date_gmt":"2021-01-21T11:10:29","guid":{"rendered":"https:\/\/espritgames.com\/fr\/?page_id=44957"},"modified":"2021-11-18T11:21:34","modified_gmt":"2021-11-18T10:21:34","slug":"leagueofangels3","status":"publish","type":"page","link":"https:\/\/espritgames.com\/fr\/leagueofangels3\/","title":{"rendered":"League of Angels 3 New"},"content":{"rendered":"<div id=\"pl-44957\"  class=\"panel-layout\" ><div id=\"pg-44957-0\"  class=\"panel-grid panel-no-style\" ><div id=\"pgc-44957-0-0\"  class=\"panel-grid-cell\" ><div id=\"panel-44957-0-0-0\" class=\"widget_text so-panel widget widget_custom_html panel-first-child panel-last-child\" data-index=\"0\" ><div class=\"widget_text loa3_new_back panel-widget-style panel-widget-style-for-44957-0-0-0\" ><div class=\"textwidget custom-html-widget\"><div class=\"big_pic loa3_new\"><\/div>\n<div id=\"loa3_new\" class=\"e-landing\">\n\t<div class=\"e-content\">\n\t\t<div class=\"e-logo e_logo_fr\"><\/div>\n\t\t<a href=\"https:\/\/cdn.espritgames.ru\/download\/loader_fr.exe\" download=\"\" class=\"play_btn play_btn_instr play_btn_fr\"><\/a>\n\t\t<!--[osdk_auth_widget holder_id='esprit-auth-widget-holder' width=628 height=780 return_to='https:\/\/espritgames.com\/leagueofangels3\/go\/' consumer='portal-com' locale='en_US' styles_url='https:\/\/cdn.espritgames.ru\/espritgames-auth-custom\/loa-form_en.css?v=1.3' eula=\"leagueofangels3\" holder_css='margin: 0px 10px 25px 490px;']-->\n\t\t<div class=\"e-text-header e_text_header_fr\"><\/div>\n\t\t<div class=\"e-text\">\n\t\t\t<a href=\"https:\/\/cdn.espritgames.ru\/download\/loader_fr.exe\" download=\"\" class=\"play_btn play_btn_instr play_btn_fr\"><\/a>\n\t\t\t<!--<h1>League of Angels 3<\/h1>-->\n\t\t\t<p class=\"e-text-menu\"><a class=\"play_btn_instr\" href=\"https:\/\/cdn.espritgames.ru\/download\/loader_fr.exe\">T\u00e9l\u00e9charger le lanceur et jouer<\/a> <a href=\".\/news\/\">Nouvelles<\/a> <a href=\"\/fr\/forum\/go\/leagueofangels3\/\">Forum<\/a> <a href=\".\/guides\/?g=1\">Guides<\/a><\/p>\n\t\t\t<p>League of Angels 3 est une digne suite qui surpasse ses pr\u00e9d\u00e9cesseurs en tous points !<\/p>\n\n\t\t\t<p>Vous devez retourner dans le monde fantastique d'Elysium, o\u00f9 r\u00e8gne une guerre sanglante entre anges et d\u00e9mons noirs. Dans une tentative d\u00e9sesp\u00e9r\u00e9e d'arr\u00eater l'ennemi, vous \u00eates renvoy\u00e9 dans le pass\u00e9 pour retrouver de puissants artefacts qui aideront l'arm\u00e9e des guerriers c\u00e9lestes \u00e0 vaincre les dragons.<\/p>\n\n\t\t\t<p class=\"gf_txt\">Caract\u00e9ristiques du jeu :<\/p>\n\n\t\t\t<ul>\n\t\t\t\t<li>Une campagne sc\u00e9naris\u00e9e passionnante !<\/li>\n\t\t\t\t<li>Un syst\u00e8me de d\u00e9veloppement de personnages complet !<\/li>\n\t\t\t\t<li>Changez de classe \u00e0 n'importe quel moment !<\/li>\n\t\t\t\t<li>Faites \u00e9quipe avec vos amis et participez aux guerres des guildes !<\/li>\n\t\t\t\t<li>Affrontez d'autres joueurs dans des combats inter-serveurs !<\/li>\n\t\t\t\t<li>Constituez l'\u00e9quipe de h\u00e9ros ultime pour vaincre les forces du mal !<\/li>\n\t\t\t<\/ul>\n\t\t<\/div>\n\t<\/div>\n\t<div class=\"slider_outer\"><div style=\"width: 100%; margin: 0 auto;\" class=\"ml-slider-3-7-2 ml-slider-pro-2-6-5 metaslider metaslider-flex metaslider-24894 ml-slider in-game-slider nav-hidden\">\n    <style type=\"text\/css\" id=\"metaslider-css-24894\">\n        #metaslider_24894.flexslider .slides li {margin-right: 10px !important;}\n \n\t.metaslider-24894 .flexslider .flex-control-paging li a,\n\t.metaslider-24894 .flexslider .flex-control-paging li a:hover {\n\t\tpadding: 0;\n\t\tbox-shadow: none;\n\t\ttext-indent: -9999px;\n\t\tborder-style: solid;\n\t\tdisplay: inline-block;\n\t\tborder-color: rgba(0,0,0,1);\n\t\tborder-radius: 10px;\n\t\t-webkit-border-radius: 10px;\n\t\t-moz-border-radius: 10px;\n\t\tborder-width: 0px;\n\t\tborder: 0px solid rgba(0,0,0,1);\n\t\tline-height: 12px;\n\t\twidth: 12px;\n\t\theight: 12px;\n\t\tmargin: 0 4px;\n\t\tbackground: rgb(0,0,0);\n\t\tbackground: rgba(0,0,0,0.5);\n\t\tbackground: -webkit-gradient(linear, 0% 0%, 0% 100%, from(rgba(0,0,0,0.5)), to(rgba(0,0,0,0.5)));\n\t\tbackground: -webkit-linear-gradient(top, rgba(0,0,0,0.5), rgba(0,0,0,0.5));\n\t\tbackground: -moz-linear-gradient(top, rgba(0,0,0,0.5), rgba(0,0,0,0.5));\n\t\tbackground: -ms-linear-gradient(top, rgba(0,0,0,0.5), rgba(0,0,0,0.5));\n\t\tbackground: -o-linear-gradient(top, rgba(0,0,0,0.5), rgba(0,0,0,0.5));\n\t\tbackground: linear-gradient(top, rgba(0,0,0,0.5), rgba(0,0,0,0.5));\n\t}\n\n\t.metaslider-24894 .flexslider .flex-control-paging li {\n\t\tmargin: 0;\n\t\ttext-indent: 0;\n\t\twidth: auto;\n\t}\n\n\t.metaslider-24894 .flexslider .flex-control-paging li a.flex-active {\n\t\tborder: 0px solid rgba(0,0,0,1);\n\t\tbackground: rgb(0,0,0);\n\t\tbackground: rgba(0,0,0,1);\n\t\tbackground: -webkit-gradient(linear, 0% 0%, 0% 100%, from(rgba(0,0,0,1)), to(rgba(0,0,0,1)));\n\t\tbackground: -webkit-linear-gradient(top, rgba(0,0,0,1), rgba(0,0,0,1));\n\t\tbackground: -moz-linear-gradient(top, rgba(0,0,0,1), rgba(0,0,0,1));\n\t\tbackground: -ms-linear-gradient(top, rgba(0,0,0,1), rgba(0,0,0,1));\n\t\tbackground: -o-linear-gradient(top, rgba(0,0,0,1), rgba(0,0,0,1));\n\t\tbackground: linear-gradient(top, rgba(0,0,0,1), rgba(0,0,0,1));\n\t}\n\n\t.metaslider-24894 .flexslider .flex-control-paging {\n\t\tline-height: 12px;\n\t\tz-index: 99;\n\t\tpadding: 0;\n\t\ttext-align: left;\n\t\tmargin: 10px 0px;\n\t\twidth: 100%;\n\t\ttop: auto;\n\t\tright: auto;\n\t\tbottom: auto;\n\t\tleft: auto;\n\t\tposition: absolute;\n\t\ttext-align: center;\n\t}\n \n\t.metaslider-24894 .flexslider .caption-wrap {\n\t\topacity: 1;\n\t\tmargin: 0px 0px;\n\t\tcolor: rgba(255,255,255,1);\n\t\tbackground: rgb(0,0,0);\n\t\tbackground: rgba(0,0,0,0.7);\n\t\twidth: 100%;\n\t\ttop: auto;\n\t\tright: auto;\n\t\tbottom: 0;\n\t\tleft: 0;\n\t\tclear: none;\n\t\tposition: absolute;\n\t\tborder-radius: 0px;\n\t\t-webkit-border-radius: 0px;\n\t\t-moz-border-radius: 0px;\n\t}\n \n\t.metaslider-24894 .flexslider .flex-direction-nav .flex-prev {\n\t\tbackground: transparent url(https:\/\/espritgames.com\/fr\/wp-content\/plugins\/ml-slider-pro\/modules\/theme_editor\/assets\/arrows\/green.png) 0 -498px no-repeat;\n\t\tmargin-top: -17px;\n\t\twidth: 34px;\n\t\theight: 34px;\n\t\topacity: 0;\n\t\tleft: 0px;\n\t\tpadding: 0;\n\t}\n\n\t.metaslider-24894 .flexslider .flex-direction-nav .flex-next {\n\t\tbackground: transparent url(https:\/\/espritgames.com\/fr\/wp-content\/plugins\/ml-slider-pro\/modules\/theme_editor\/assets\/arrows\/green.png) 100% -498px no-repeat;\n\t\tmargin-top: -17px;\n\t\twidth: 34px;\n\t\theight: 34px;\n\t\topacity: 0;\n\t\tright: 0px;\n\t\tpadding: 0;\n\t}\n\n\t.metaslider-24894 .flexslider:hover .flex-direction-nav .flex-prev {\n\t\tleft: 5px;\n\t\topacity: 0.9;\n\t}\n\n\t.metaslider-24894 .flexslider:hover .flex-direction-nav .flex-next {\n\t\tright: 5px;\n\t\topacity: 0.9;\n\t}\n\n\t.metaslider-24894 {\n\t\tmargin-bottom: 32px;\n\t}\n\n    <\/style>\n    <div id=\"metaslider_container_24894\">\n        <div id=\"metaslider_24894\">\n            <ul class=\"slides\">\n                <li style=\"display: none; width: 100%;\" class=\"slide-24900 ms-image\"><img src=\"https:\/\/p-cdn.espritgames.com\/wp-content\/uploads\/sites\/6\/2019\/07\/LoA3_scrnFR_land1.jpg\" height=\"595\" width=\"960\" alt=\"\" class=\"slider-24894 slide-24900\" title=\"LoA3_scrnFR_land1\" \/><\/li>\n                <li style=\"display: none; width: 100%;\" class=\"slide-24901 ms-image\"><img src=\"https:\/\/p-cdn.espritgames.com\/wp-content\/uploads\/sites\/6\/2019\/07\/LoA3_scrnFR_land2.jpg\" height=\"595\" width=\"960\" alt=\"\" class=\"slider-24894 slide-24901\" title=\"LoA3_scrnFR_land2\" \/><\/li>\n                <li style=\"display: none; width: 100%;\" class=\"slide-24902 ms-image\"><img src=\"https:\/\/p-cdn.espritgames.com\/wp-content\/uploads\/sites\/6\/2019\/07\/LoA3_scrnFR_land3.jpg\" height=\"595\" width=\"960\" alt=\"\" class=\"slider-24894 slide-24902\" title=\"LoA3_scrnFR_land3\" \/><\/li>\n                <li style=\"display: none; width: 100%;\" class=\"slide-24903 ms-image\"><img src=\"https:\/\/p-cdn.espritgames.com\/wp-content\/uploads\/sites\/6\/2019\/07\/LoA3_scrnFR_land4.jpg\" height=\"595\" width=\"960\" alt=\"\" class=\"slider-24894 slide-24903\" title=\"LoA3_scrnFR_land4\" \/><\/li>\n                <li style=\"display: none; width: 100%;\" class=\"slide-24904 ms-image\"><img src=\"https:\/\/p-cdn.espritgames.com\/wp-content\/uploads\/sites\/6\/2019\/07\/LoA3_scrnFR_land5.jpg\" height=\"595\" width=\"960\" alt=\"\" class=\"slider-24894 slide-24904\" title=\"LoA3_scrnFR_land5\" \/><\/li>\n            <\/ul>\n        <\/div>\n        \n    <\/div>\n<\/div><\/div>\n<\/div><\/div><\/div><\/div><\/div><\/div><\/div>","protected":false},"excerpt":{"rendered":"<p>T\u00e9l\u00e9charger le lanceur et jouer Nouvelles Forum Guides League of Angels 3 est une digne suite qui surpasse ses pr\u00e9d\u00e9cesseurs en tous points ! Vous devez retourner dans le monde fantastique d&rsquo;Elysium, o\u00f9 r\u00e8gne une guerre sanglante entre anges et d\u00e9mons noirs. Dans une tentative d\u00e9sesp\u00e9r\u00e9e d&rsquo;arr\u00eater l&rsquo;ennemi, vous \u00eates renvoy\u00e9 dans le pass\u00e9 pour &hellip; <a href=\"https:\/\/espritgames.com\/fr\/leagueofangels3\/\" class=\"more-link\">Continuer la lecture de <span class=\"screen-reader-text\">League of Angels 3 New<\/span> <span class=\"meta-nav\">&rarr;<\/span><\/a><\/p>\n","protected":false},"author":1969676,"featured_media":0,"parent":0,"menu_order":0,"comment_status":"closed","ping_status":"closed","template":"page-templates\/landing.php","meta":[],"_links":{"self":[{"href":"https:\/\/espritgames.com\/fr\/wp-json\/wp\/v2\/pages\/44957"}],"collection":[{"href":"https:\/\/espritgames.com\/fr\/wp-json\/wp\/v2\/pages"}],"about":[{"href":"https:\/\/espritgames.com\/fr\/wp-json\/wp\/v2\/types\/page"}],"author":[{"embeddable":true,"href":"https:\/\/espritgames.com\/fr\/wp-json\/wp\/v2\/users\/1969676"}],"replies":[{"embeddable":true,"href":"https:\/\/espritgames.com\/fr\/wp-json\/wp\/v2\/comments?post=44957"}],"version-history":[{"count":25,"href":"https:\/\/espritgames.com\/fr\/wp-json\/wp\/v2\/pages\/44957\/revisions"}],"predecessor-version":[{"id":51213,"href":"https:\/\/espritgames.com\/fr\/wp-json\/wp\/v2\/pages\/44957\/revisions\/51213"}],"wp:attachment":[{"href":"https:\/\/espritgames.com\/fr\/wp-json\/wp\/v2\/media?parent=44957"}],"curies":[{"name":"wp","href":"https:\/\/api.w.org\/{rel}","templated":true}]}}