 


						{"id":43264,"date":"2020-12-03T14:24:29","date_gmt":"2020-12-03T13:24:29","guid":{"rendered":"https:\/\/espritgames.com\/fr\/?page_id=43264"},"modified":"2021-03-02T13:33:08","modified_gmt":"2021-03-02T12:33:08","slug":"leagueofangelshf","status":"publish","type":"page","link":"https:\/\/espritgames.com\/fr\/leagueofangelshf\/","title":{"rendered":"League of Angels: Heaven&rsquo;s Fury"},"content":{"rendered":"<div id=\"pl-43264\"  class=\"panel-layout\" ><div id=\"pg-43264-0\"  class=\"panel-grid panel-no-style\" ><div id=\"pgc-43264-0-0\"  class=\"panel-grid-cell\" ><div id=\"panel-43264-0-0-0\" class=\"widget_text so-panel widget widget_custom_html panel-first-child panel-last-child\" data-index=\"0\" ><div class=\"textwidget custom-html-widget\"><div class=\"outer_ext_form\" style=\"display:none;\">\n\t\t<a class=\"outer_ext_form_close\">&times;<\/a>\n\t\t<div id=\"osdk-auth-widget-holder\" style=\"width: 447px; height: 690px; \"><div id=\"loader\"><\/div><\/div>\n    <script>\n    var show_on_demand = false;\n    !function(a,b,c,d){a._osdkAuthFn=d,a[d]=a[d]||function(){(a[d].cs=a[d].cs||[]).push(arguments)};var e=b.createElement(\"script\"),f=b.getElementsByTagName(\"script\")[0];e.async=1,e.src=c,f.parentNode.insertBefore(e,f)}(window,document,\"\/\/ostatic.espritgames.com\/auth\/js\/widget.js?v=6\",\"osdkAuthWidget\");\n\n    function osdkShowWidget() {\n        if( document.getElementById('osdk-auth-widget-holder') ) document.getElementById('osdk-auth-widget-holder').innerHTML = '<div id=\"loader\"><b style=\"display:none;\"><\/b><\/div>';\n        \n        osdkAuthWidget({\n            service: 'auth.espritgames.com',\n            holder: 'osdk-auth-widget-holder',\n            width: 447,\n            height: 690,\n            returnTo: 'https:\/\/espritgames.com\/fr\/leagueofangelshf\/',\n            downloadUrl: 'https:\/\/cdn.espritgames.ru\/download\/leagueofangelshf_loader_fr.exe',\n            authNotRequired: false,\n            consumer: 'portal-fr',\n            locale: 'fr_FR',\n            stylesUrl: 'https:\/\/cdn.espritgames.ru\/espritgames-auth-custom\/loahf-form.fr.css',\n            eula: 'leagueofangelshf'\n        });\n    }\n    if( !show_on_demand ) osdkShowWidget();\n    <\/script>\n<\/div>\n<div class=\"b1\">\n\n<\/div>\n<div class=\"b2\">\n\t<img class=\"top_logo\" src=\"https:\/\/p-cdn.espritgames.ru\/wp-content\/themes\/espritgames\/promo\/loahf-main\/img\/en\/logo.png\">\n\t<a class=\"dwld_btn bnt_p_open\">JOUER<\/a> \n\t<p class=\"desc\">*vous devez t\u00e9l\u00e9charger <a href=\"https:\/\/cdn.espritgames.ru\/download\/leagueofangelshf_loader_fr.exe\">Esprit Game Center<\/a> pour jouer<\/p>\n\t<div id=\"osdk-pc-game-widget-holder\"><div id=\"loader\"><\/div><\/div>\n<script>\n    !function(a,b,c,d){a._osdkPCGameFn=d,a[d]=a[d]||function(){(a[d].cs=a[d].cs||[]).push(arguments)};var e=b.createElement(\"script\"),f=b.getElementsByTagName(\"script\")[0];e.async=1,e.src=c,f.parentNode.insertBefore(e,f)}(window,document,\"\/\/invader.espritgames.ru\/static\/js\/pc-game-widget.js?v=7\",\"osdkPCGameWidget\");\n\n    window.addEventListener('load', function() {\n        osdkPCGameWidget({\n            service: \"invader.espritgames.ru\",\n            appId: \"828\",\n            gameId: \"262277\",\n            ident: \"leagueofangelshf\",\n            locale: \"fr_FR\",\n            holder: \"osdk-pc-game-widget-holder\",\n            width: \"444\",\n            height: \"480px\",\n            stylesUrl: \"\",\n            showServers: true,\n            promoCodeEnable: false\n        });\n    });\n<\/script>\n\t<p>\n\t\tLeague of Angels: Heaven's Fury is a worthy sequel to the famed League of Angels series. Incredible 3D graphics, atmospheric background music and exciting storyline have awaits!\n\t<\/p>\n\t<a href=\"\/fr\/forum\/go\/leagueofangelshf\/\">Forum<\/a> \n\t<a href=\"\/fr\/leagueofangelshf\/news\/\">NOUVELLES<\/a>\n<\/div>\n<div class=\"b3 b3_en\"><div style=\"max-width: 1920px; margin: 0 auto;\" class=\"ml-slider-3-7-2 ml-slider-pro-2-6-5 metaslider metaslider-flex metaslider-43277 ml-slider\">\n    \n    <div id=\"metaslider_container_43277\">\n        <div id=\"metaslider_43277\">\n            <ul class=\"slides\">\n                <li style=\"display: block; width: 100%;\" class=\"slide-43281 ms-image\"><img src=\"https:\/\/p-cdn.espritgames.com\/wp-content\/uploads\/sites\/6\/2020\/12\/characters_back.jpg\" height=\"600\" width=\"1920\" alt=\"\" class=\"slider-43277 slide-43281\" title=\"characters_back\" \/><div class=\"caption-wrap\"><div class=\"caption\">Dans le monde fantastique de League of Angels: Heaven's Fury, vous serez accompagn\u00e9 par des h\u00e9ros uniques. D\u00e9couvrez leurs histoires et accomplissez une multitude de qu\u00eates\u00a0!<\/div><\/div><\/li>\n                <li style=\"display: none; width: 100%;\" class=\"slide-43282 ms-image\"><img src=\"https:\/\/p-cdn.espritgames.com\/wp-content\/uploads\/sites\/6\/2020\/12\/location_back.jpg\" height=\"600\" width=\"1920\" alt=\"\" class=\"slider-43277 slide-43282\" title=\"location_back\" \/><div class=\"caption-wrap\"><div class=\"caption\">Sombre et myst\u00e9rieux, envo\u00fbtant et \u00e9pique, les lieux vari\u00e9s et d\u00e9taill\u00e9s de League of Angels: Heaven's Fury impressionneront m\u00eame les plus grands aventuriers.<\/div><\/div><\/li>\n                <li style=\"display: none; width: 100%;\" class=\"slide-43283 ms-image\"><img src=\"https:\/\/p-cdn.espritgames.com\/wp-content\/uploads\/sites\/6\/2020\/12\/weapon_back.jpg\" height=\"600\" width=\"1920\" alt=\"\" class=\"slider-43277 slide-43283\" title=\"weapon_back\" \/><div class=\"caption-wrap\"><div class=\"caption\">Utilisez de nombreux \u00e9quipements et des armes incroyablement puissantes. Diff\u00e9rents types d'am\u00e9liorations offrent un nombre d'options illimit\u00e9 pour personnaliser les aptitudes des personnages.<\/div><\/div><\/li>\n            <\/ul>\n        <\/div>\n        \n    <\/div>\n<\/div><\/div>\n<div class=\"b4\">\n\t<p class=\"ttl\">GALERIE<\/p>\n\t<!--[metaslider id=\"45139\"]-->\n\t<div class=\"outet_slider_ext\">\n\t\t<div id=\"slider_ext\">\n\t\t\t<div class=\"one_slide one_slide_1 act\">\n\t\t\t\t<a data-fancybox=\"gallery\" data-type=\"iframe\" data-src=\"https:\/\/www.youtube.com\/embed\/hj1yaqyOt3k?controls=0&autoplay=1&mute=0\">\n\t\t\t    <img src=\"https:\/\/p-cdn.espritgames.ru\/wp-content\/themes\/espritgames\/promo\/loahf-main\/img\/trailer_preview.jpg\">\n\t\t\t\t<\/a>\n\t\t\t<\/div>\n\t\t\t<div class=\"one_slide\">\n\t\t\t\t<a data-fancybox=\"gallery\" href=\"https:\/\/p-cdn.espritgames.ru\/wp-content\/themes\/espritgames\/promo\/loahf-main\/img\/fr\/sl\/LoA-HF_Screen_1.jpg\">\n\t\t\t\t\t<img src=\"https:\/\/p-cdn.espritgames.ru\/wp-content\/themes\/espritgames\/promo\/loahf-main\/img\/fr\/sl\/scr_preview-1.jpg\">\n\t\t\t\t<\/a>\n\t\t\t<\/div>\n\t\t\t<div class=\"one_slide\">\n\t\t\t\t<a data-fancybox=\"gallery\" href=\"https:\/\/p-cdn.espritgames.ru\/wp-content\/themes\/espritgames\/promo\/loahf-main\/img\/fr\/sl\/LoA-HF_Screen_2.jpg\">\n\t\t\t\t\t<img src=\"https:\/\/p-cdn.espritgames.ru\/wp-content\/themes\/espritgames\/promo\/loahf-main\/img\/fr\/sl\/scr_preview-2.jpg\">\n\t\t\t\t<\/a>\n\t\t\t<\/div>\n\t\t\t<div class=\"one_slide\">\n\t\t\t\t<a data-fancybox=\"gallery\" href=\"https:\/\/p-cdn.espritgames.ru\/wp-content\/themes\/espritgames\/promo\/loahf-main\/img\/fr\/sl\/LoA-HF_Screen_3.jpg\">\n\t\t\t\t\t<img src=\"https:\/\/p-cdn.espritgames.ru\/wp-content\/themes\/espritgames\/promo\/loahf-main\/img\/fr\/sl\/scr_preview-3.jpg\">\n\t\t\t\t<\/a>\n\t\t\t<\/div>\n\t\t\t<div class=\"one_slide\">\n\t\t\t\t<a data-fancybox=\"gallery\" href=\"https:\/\/p-cdn.espritgames.ru\/wp-content\/themes\/espritgames\/promo\/loahf-main\/img\/fr\/sl\/LoA-HF_Screen_4.jpg\">\n\t\t\t\t\t<img src=\"https:\/\/p-cdn.espritgames.ru\/wp-content\/themes\/espritgames\/promo\/loahf-main\/img\/fr\/sl\/scr_preview-4.jpg\">\n\t\t\t\t<\/a>\n\t\t\t<\/div>\n\t\t\t<div class=\"one_slide\">\n\t\t\t\t<a data-fancybox=\"gallery\" href=\"https:\/\/p-cdn.espritgames.ru\/wp-content\/themes\/espritgames\/promo\/loahf-main\/img\/fr\/sl\/LoA-HF_Screen_5.jpg\">\n\t\t\t\t\t<img src=\"https:\/\/p-cdn.espritgames.ru\/wp-content\/themes\/espritgames\/promo\/loahf-main\/img\/fr\/sl\/scr_preview-5.jpg\">\n\t\t\t\t<\/a>\n\t\t\t<\/div>\n\t\t\t<div class=\"one_slide\">\n\t\t\t\t<a data-fancybox=\"gallery\" href=\"https:\/\/p-cdn.espritgames.ru\/wp-content\/themes\/espritgames\/promo\/loahf-main\/img\/fr\/sl\/LoA-HF_Screen_6.jpg\">\n\t\t\t\t\t<img src=\"https:\/\/p-cdn.espritgames.ru\/wp-content\/themes\/espritgames\/promo\/loahf-main\/img\/fr\/sl\/scr_preview-6.jpg\">\n\t\t\t\t<\/a>\n\t\t\t<\/div>\n\t\t\t<div class=\"one_slide\">\n\t\t\t\t<a data-fancybox=\"gallery\" href=\"https:\/\/p-cdn.espritgames.ru\/wp-content\/themes\/espritgames\/promo\/loahf-main\/img\/fr\/sl\/LoA-HF_Screen_7.jpg\">\n\t\t\t\t\t<img src=\"https:\/\/p-cdn.espritgames.ru\/wp-content\/themes\/espritgames\/promo\/loahf-main\/img\/fr\/sl\/scr_preview-7.jpg\">\n\t\t\t\t<\/a>\n\t\t\t<\/div>\n\t\t<\/div>\n\t\t<a class=\"prev_ar\"><\/a>\n\t\t<a class=\"next_ar\"><\/a>\n\t<\/div>\n\t<div class=\"icon_block icon_block_de\">\n\t\t<div class=\"one_icon one_icon_fl_1\">\n\t\t\t<img src=\"https:\/\/p-cdn.espritgames.ru\/wp-content\/themes\/espritgames\/promo\/loahf-main\/img\/en\/icon_1.png\">\n\t\t\t<p>Profitez de la digne suite de la c\u00e9l\u00e8bre s\u00e9rie League of Angels avec des graphismes mis \u00e0 jour et un tout nouveau sc\u00e9nario<\/p>\n\t\t<\/div>\n\t\t<div class=\"one_icon one_icon_fl_2\">\n\t\t\t<img src=\"https:\/\/p-cdn.espritgames.ru\/wp-content\/themes\/espritgames\/promo\/loahf-main\/img\/en\/icon_2.png\">\n\t\t\t<p>Participez aux raids et remportez de l'\u00e9quipement et des mat\u00e9riaux d'artisanat uniques \u00e0 tout moment\u00a0!<br>&nbsp;<\/p>\n\t\t<\/div>\n\t\t<div class=\"one_icon one_icon_fl_3\">\n\t\t\t<img src=\"https:\/\/p-cdn.espritgames.ru\/wp-content\/themes\/espritgames\/promo\/loahf-main\/img\/en\/icon_3.png\">\n\t\t\t<p>Rencontrez de nouveaux personnages issus des mythes de la Gr\u00e8ce antique, comme Ath\u00e9na, Pandore et Apollon<br>&nbsp;<\/p>\n\t\t<\/div>\n\t\t<div class=\"one_icon one_icon_fl_4\">\n\t\t\t<img src=\"https:\/\/p-cdn.espritgames.ru\/wp-content\/themes\/espritgames\/promo\/loahf-main\/img\/en\/icon_4.png\">\n\t\t\t<p>Vous pouvez am\u00e9liorer quasiment tous les objets, de l'\u00e9quipement aux reliques, en passant par les montures et les familiers<br>&nbsp;<\/p>\n\t\t<\/div>\n\t\t<div class=\"one_icon one_icon_fl_5\">\n\t\t\t<img src=\"https:\/\/p-cdn.espritgames.ru\/wp-content\/themes\/espritgames\/promo\/loahf-main\/img\/en\/icon_5.png\">\n\t\t\t<p>Des graphismes incroyables. Toutes les batailles sont accompagn\u00e9es d'effets sp\u00e9ciaux et d'animations \u00e9poustouflantes<\/p>\n\t\t<\/div>\n\t<\/div>\n<\/div>\n<div class=\"b4_w\" id=\"b4_w\">\n\t<p class=\"ttl\">AILES D'ANGES<\/p>\n\t<div class=\"wings wing_1 act\">\n\t\t<img class=\"act\" src=\"https:\/\/p-cdn.espritgames.ru\/wp-content\/themes\/espritgames\/promo\/loahf-main\/img\/wings_1.png\">\n\t<\/div>\n\t<div class=\"wings wing_2\">\n\t\t<img src=\"https:\/\/p-cdn.espritgames.ru\/wp-content\/themes\/espritgames\/promo\/loahf-main\/img\/wings_2.png\">\n\t<\/div>\n\t<div class=\"wings wing_3\">\n\t\t<img src=\"https:\/\/p-cdn.espritgames.ru\/wp-content\/themes\/espritgames\/promo\/loahf-main\/img\/wings_3.png\">\n\t<\/div>\n<\/div>\n<div class=\"b5\">\n    <img src=\"https:\/\/p-cdn.espritgames.ru\/wp-content\/themes\/espritgames\/promo\/loahf-main\/img\/en\/logo.png\">\n    <a class=\"btn_link btn_link_en bnt_p_open\">JOUER<\/a>\n\t  <img class=\"eg_logo_bottom\" src=\"https:\/\/p-cdn.espritgames.ru\/wp-content\/themes\/espritgames\/promo\/loahf-main\/img\/esprit_logo.png\">\n\t  <p class=\"eg_txt_bottom\">ESPRIT GAMES LLC \u00a9 2014 \u2013 2026<\/p>\n<\/div><\/div><\/div><\/div><\/div><\/div>","protected":false},"excerpt":{"rendered":"<p>&times; JOUER *vous devez t\u00e9l\u00e9charger Esprit Game Center pour jouer League of Angels: Heaven&rsquo;s Fury is a worthy sequel to the famed League of Angels series. Incredible 3D graphics, atmospheric background music and exciting storyline have awaits! Forum NOUVELLES Dans le monde fantastique de League of Angels: Heaven&rsquo;s Fury, vous serez accompagn\u00e9 par des h\u00e9ros &hellip; <a href=\"https:\/\/espritgames.com\/fr\/leagueofangelshf\/\" class=\"more-link\">Continuer la lecture de <span class=\"screen-reader-text\">League of Angels: Heaven&rsquo;s Fury<\/span> <span class=\"meta-nav\">&rarr;<\/span><\/a><\/p>\n","protected":false},"author":1969676,"featured_media":0,"parent":0,"menu_order":0,"comment_status":"closed","ping_status":"closed","template":"page-templates\/landing.php","meta":[],"_links":{"self":[{"href":"https:\/\/espritgames.com\/fr\/wp-json\/wp\/v2\/pages\/43264"}],"collection":[{"href":"https:\/\/espritgames.com\/fr\/wp-json\/wp\/v2\/pages"}],"about":[{"href":"https:\/\/espritgames.com\/fr\/wp-json\/wp\/v2\/types\/page"}],"author":[{"embeddable":true,"href":"https:\/\/espritgames.com\/fr\/wp-json\/wp\/v2\/users\/1969676"}],"replies":[{"embeddable":true,"href":"https:\/\/espritgames.com\/fr\/wp-json\/wp\/v2\/comments?post=43264"}],"version-history":[{"count":35,"href":"https:\/\/espritgames.com\/fr\/wp-json\/wp\/v2\/pages\/43264\/revisions"}],"predecessor-version":[{"id":45761,"href":"https:\/\/espritgames.com\/fr\/wp-json\/wp\/v2\/pages\/43264\/revisions\/45761"}],"wp:attachment":[{"href":"https:\/\/espritgames.com\/fr\/wp-json\/wp\/v2\/media?parent=43264"}],"curies":[{"name":"wp","href":"https:\/\/api.w.org\/{rel}","templated":true}]}}