 


						{"id":38909,"date":"2020-08-11T11:35:10","date_gmt":"2020-08-11T09:35:10","guid":{"rendered":"https:\/\/espritgames.com\/fr\/?page_id=38909"},"modified":"2020-10-21T16:57:32","modified_gmt":"2020-10-21T14:57:32","slug":"wartime","status":"publish","type":"page","link":"https:\/\/espritgames.com\/fr\/wartime\/","title":{"rendered":"Wartime"},"content":{"rendered":"<div id=\"pl-38909\"  class=\"panel-layout\" ><div id=\"pg-38909-0\"  class=\"panel-grid panel-no-style\" ><div id=\"pgc-38909-0-0\"  class=\"panel-grid-cell\" ><div id=\"panel-38909-0-0-0\" class=\"widget_text so-panel widget widget_custom_html panel-first-child panel-last-child\" data-index=\"0\" ><div class=\"textwidget custom-html-widget\"><div class=\"big_pic wartime\"><img src=\"https:\/\/espritgames.ru\/wp-content\/themes\/espritgames\/promo\/wt-main\/top_banner.jpg\" \/><\/div>\n<div id=\"wartime\" class=\"e-landing\">\n<div class=\"e-content\">\n<div class=\"e-logo\"><\/div>\n<div id=\"esprit-auth-widget-holder\" style=\"width: 628px; height: 780px; \"><div id=\"loader\"><\/div><\/div>\n    <script>\n    var show_on_demand = false;\n    !function(a,b,c,d){a._osdkAuthFn=d,a[d]=a[d]||function(){(a[d].cs=a[d].cs||[]).push(arguments)};var e=b.createElement(\"script\"),f=b.getElementsByTagName(\"script\")[0];e.async=1,e.src=c,f.parentNode.insertBefore(e,f)}(window,document,\"\/\/ostatic.espritgames.com\/auth\/js\/widget.js?v=6\",\"osdkAuthWidget\");\n\n    function osdkShowWidget() {\n        if( document.getElementById('esprit-auth-widget-holder') ) document.getElementById('esprit-auth-widget-holder').innerHTML = '<div id=\"loader\"><b style=\"display:none;\"><\/b><\/div>';\n        \n        osdkAuthWidget({\n            service: 'auth.espritgames.com',\n            holder: 'esprit-auth-widget-holder',\n            width: 628,\n            height: 780,\n            returnTo: 'https:\/\/espritgames.com\/fr\/wartime\/go\/',\n            downloadUrl: '',\n            authNotRequired: false,\n            consumer: 'portal-fr',\n            locale: 'fr_FR',\n            stylesUrl: 'https:\/\/cdn.espritgames.ru\/espritgames-auth-custom\/wt-form_fr_v2.css?v=1',\n            eula: 'wartime'\n        });\n    }\n    if( !show_on_demand ) osdkShowWidget();\n    <\/script>\n<div class=\"e-text-header\"><\/div>\n<div class=\"e-text\">\n<h1>Wartime<\/h1>\n<p class=\"e-text-menu\"><a href=\".\/go\/\">Play<\/a> <!--<a href=\".\/news\/\">Nouvelles<\/a>   <a href=\".\/guides\/\">\u0413\u0430\u0439\u0434\u044b<\/a>--> <a href=\"\/support\/\">Support<\/a> <!--<a href=\"\/forum\/go\/wartime\/\">\u0424\u043e\u0440\u0443\u043c<\/a>--><\/p>\n\t<p>Commandant, nous faisons face \u00e0 une nouvelle menace imminente ! La cruaut\u00e9 du Gouverneur Supr\u00eame ne conna\u00eet aucune limite\u2014il est de retour pour engloutir le monde dans les flammes de la guerre. Lui permettre de r\u00e9gner sans contraintes aura des cons\u00e9quences terribles et irr\u00e9versibles. Nous devons d\u00e9fendre notre territoire et pr\u00e9server la paix du monde, quoi qu'il en co\u00fbte ! Nous cherchons les meilleurs des meilleurs. Mettez votre courage \u00e0 l'\u00e9preuve en faisant preuve de pers\u00e9v\u00e9rance, d'ing\u00e9niosit\u00e9 et de r\u00e9flexion strat\u00e9gique dans le jeu passionnant Wartime !\n\u25c7   Joignez des troupes pour les faire monter de niveau.<\/p>\n\n<p><strong> Les forces terrestres, navales et a\u00e9riennes attendent leur g\u00e9n\u00e9ral !<\/strong><\/p>\n\n<ul>\n<li>\u25c7 &nbsp;&nbsp;Joignez des troupes pour les faire monter de niveau. Les forces terrestres, navales et a\u00e9riennes attendent leur g\u00e9n\u00e9ral !  <\/li>\n<li>\u25c7 &nbsp;&nbsp;Utilisez vos ressources \u00e0 votre avantage ! Fournissez des ressources en combat et \u00e0 votre base.<\/li>\n<li>\u25c7 &nbsp;&nbsp;Rejoignez des alliances pour r\u00e9sister au puissant armement ennemi !<\/li>\n<li>\u25c7 &nbsp;&nbsp;Ripostez contre les troupes ennemies et repoussez-les pour de bon ! \u00c9tendez votre domaine en conqu\u00e9rant les territoires captur\u00e9s. <\/li>\n<li>\u25c7 &nbsp;&nbsp;Un bon g\u00e9n\u00e9ral n'est rien sans une formidable arm\u00e9e ! Recrutez des g\u00e9n\u00e9raux de haut niveau pour assurer le commandement de vos troupes. <\/li>\n<li>\u25c7 &nbsp;&nbsp;Le vrai pouvoir repose sur la technologie ! D\u00e9veloppez des technologies pour am\u00e9liorer vos troupes.<\/li>\n<li>\u25c7 &nbsp;&nbsp;Vous ne vous ennuierez jamais gr\u00e2ce \u00e0 l'\u00e9norme vari\u00e9t\u00e9 d'\u00e9v\u00e9nements pr\u00e9sents ! Les qu\u00eates et les aventures attendent d\u00e9j\u00e0 leurs francs-tireurs. <\/li>\n<\/ul>\n<p>R\u00e9ussirez-vous \u00e0 d\u00e9fendre votre territoire contre l'ennemi et cr\u00e9er une arm\u00e9e qui saura trouver sa place dans les livres d'histoire ? Saurez-vous \u00eatre \u00e0 la hauteur ? L'heure est venue. Au combat !<\/p>\n<\/div>\n<\/div>\n<div class=\"slider_outer\"><div style=\"width: 100%; margin: 0 auto;\" class=\"ml-slider-3-7-2 ml-slider-pro-2-6-5 metaslider metaslider-flex metaslider-38915 ml-slider in-game-slider default nav-hidden\">\n    <style type=\"text\/css\" id=\"metaslider-css-38915\">\n \n\t.metaslider-38915 .flexslider .flex-control-paging li a,\n\t.metaslider-38915 .flexslider .flex-control-paging li a:hover {\n\t\tpadding: 0;\n\t\tbox-shadow: none;\n\t\ttext-indent: -9999px;\n\t\tborder-style: solid;\n\t\tdisplay: inline-block;\n\t\tborder-color: rgba(0,0,0,1);\n\t\tborder-radius: 10px;\n\t\t-webkit-border-radius: 10px;\n\t\t-moz-border-radius: 10px;\n\t\tborder-width: 0px;\n\t\tborder: 0px solid rgba(0,0,0,1);\n\t\tline-height: 12px;\n\t\twidth: 12px;\n\t\theight: 12px;\n\t\tmargin: 0 4px;\n\t\tbackground: rgb(0,0,0);\n\t\tbackground: rgba(0,0,0,0.5);\n\t\tbackground: -webkit-gradient(linear, 0% 0%, 0% 100%, from(rgba(0,0,0,0.5)), to(rgba(0,0,0,0.5)));\n\t\tbackground: -webkit-linear-gradient(top, rgba(0,0,0,0.5), rgba(0,0,0,0.5));\n\t\tbackground: -moz-linear-gradient(top, rgba(0,0,0,0.5), rgba(0,0,0,0.5));\n\t\tbackground: -ms-linear-gradient(top, rgba(0,0,0,0.5), rgba(0,0,0,0.5));\n\t\tbackground: -o-linear-gradient(top, rgba(0,0,0,0.5), rgba(0,0,0,0.5));\n\t\tbackground: linear-gradient(top, rgba(0,0,0,0.5), rgba(0,0,0,0.5));\n\t}\n\n\t.metaslider-38915 .flexslider .flex-control-paging li {\n\t\tmargin: 0;\n\t\ttext-indent: 0;\n\t\twidth: auto;\n\t}\n\n\t.metaslider-38915 .flexslider .flex-control-paging li a.flex-active {\n\t\tborder: 0px solid rgba(0,0,0,1);\n\t\tbackground: rgb(0,0,0);\n\t\tbackground: rgba(0,0,0,1);\n\t\tbackground: -webkit-gradient(linear, 0% 0%, 0% 100%, from(rgba(0,0,0,1)), to(rgba(0,0,0,1)));\n\t\tbackground: -webkit-linear-gradient(top, rgba(0,0,0,1), rgba(0,0,0,1));\n\t\tbackground: -moz-linear-gradient(top, rgba(0,0,0,1), rgba(0,0,0,1));\n\t\tbackground: -ms-linear-gradient(top, rgba(0,0,0,1), rgba(0,0,0,1));\n\t\tbackground: -o-linear-gradient(top, rgba(0,0,0,1), rgba(0,0,0,1));\n\t\tbackground: linear-gradient(top, rgba(0,0,0,1), rgba(0,0,0,1));\n\t}\n\n\t.metaslider-38915 .flexslider .flex-control-paging {\n\t\tline-height: 12px;\n\t\tz-index: 99;\n\t\tpadding: 0;\n\t\ttext-align: left;\n\t\tmargin: 10px 0px;\n\t\twidth: 100%;\n\t\ttop: auto;\n\t\tright: auto;\n\t\tbottom: auto;\n\t\tleft: auto;\n\t\tposition: absolute;\n\t\ttext-align: center;\n\t}\n \n\t.metaslider-38915 .flexslider .caption-wrap {\n\t\topacity: 1;\n\t\tmargin: 0px 0px;\n\t\tcolor: rgba(255,255,255,1);\n\t\tbackground: rgb(0,0,0);\n\t\tbackground: rgba(0,0,0,0.7);\n\t\twidth: 100%;\n\t\ttop: auto;\n\t\tright: auto;\n\t\tbottom: 0;\n\t\tleft: 0;\n\t\tclear: none;\n\t\tposition: absolute;\n\t\tborder-radius: 0px;\n\t\t-webkit-border-radius: 0px;\n\t\t-moz-border-radius: 0px;\n\t}\n \n\t.metaslider-38915 .flexslider .flex-direction-nav .flex-prev {\n\t\tbackground: transparent url(https:\/\/espritgames.com\/fr\/wp-content\/plugins\/ml-slider-pro\/modules\/theme_editor\/assets\/arrows\/black.png) 0 -0px no-repeat;\n\t\tmargin-top: -25.5px;\n\t\twidth: 23px;\n\t\theight: 51px;\n\t\topacity: 0;\n\t\tleft: 0px;\n\t\tpadding: 0;\n\t}\n\n\t.metaslider-38915 .flexslider .flex-direction-nav .flex-next {\n\t\tbackground: transparent url(https:\/\/espritgames.com\/fr\/wp-content\/plugins\/ml-slider-pro\/modules\/theme_editor\/assets\/arrows\/black.png) 100% -0px no-repeat;\n\t\tmargin-top: -25.5px;\n\t\twidth: 23px;\n\t\theight: 51px;\n\t\topacity: 0;\n\t\tright: 0px;\n\t\tpadding: 0;\n\t}\n\n\t.metaslider-38915 .flexslider:hover .flex-direction-nav .flex-prev {\n\t\tleft: 5px;\n\t\topacity: 0.7;\n\t}\n\n\t.metaslider-38915 .flexslider:hover .flex-direction-nav .flex-next {\n\t\tright: 5px;\n\t\topacity: 0.7;\n\t}\n\n\t.metaslider-38915 {\n\t\tmargin-bottom: 32px;\n\t}\n\n    <\/style>\n    <div id=\"metaslider_container_38915\">\n        <div id=\"metaslider_38915\">\n            <ul class=\"slides\">\n                <li style=\"display: block; width: 100%;\" class=\"slide-38921 ms-image\"><img src=\"https:\/\/p-cdn.espritgames.com\/wp-content\/uploads\/sites\/6\/2020\/08\/wartime_Fr_scr1-1.jpg\" height=\"545\" width=\"880\" alt=\"\" class=\"slider-38915 slide-38921\" title=\"wartime_Fr_scr1-1\" \/><\/li>\n                <li style=\"display: none; width: 100%;\" class=\"slide-38922 ms-image\"><img src=\"https:\/\/p-cdn.espritgames.com\/wp-content\/uploads\/sites\/6\/2020\/08\/wartime_Fr_scr2-1.jpg\" height=\"545\" width=\"880\" alt=\"\" class=\"slider-38915 slide-38922\" title=\"wartime_Fr_scr2-1\" \/><\/li>\n                <li style=\"display: none; width: 100%;\" class=\"slide-38923 ms-image\"><img src=\"https:\/\/p-cdn.espritgames.com\/wp-content\/uploads\/sites\/6\/2020\/08\/wartime_Fr_scr3-1.jpg\" height=\"545\" width=\"880\" alt=\"\" class=\"slider-38915 slide-38923\" title=\"wartime_Fr_scr3-1\" \/><\/li>\n                <li style=\"display: none; width: 100%;\" class=\"slide-38924 ms-image\"><img src=\"https:\/\/p-cdn.espritgames.com\/wp-content\/uploads\/sites\/6\/2020\/08\/wartime_Fr_scr4-1.jpg\" height=\"545\" width=\"880\" alt=\"\" class=\"slider-38915 slide-38924\" title=\"wartime_Fr_scr4-1\" \/><\/li>\n                <li style=\"display: none; width: 100%;\" class=\"slide-38925 ms-image\"><img src=\"https:\/\/p-cdn.espritgames.com\/wp-content\/uploads\/sites\/6\/2020\/08\/wartime_Fr_scr5-1.jpg\" height=\"545\" width=\"880\" alt=\"\" class=\"slider-38915 slide-38925\" title=\"wartime_Fr_scr5-1\" \/><\/li>\n            <\/ul>\n        <\/div>\n        \n    <\/div>\n<\/div><\/div>\n<\/div><\/div><\/div><\/div><\/div><\/div>","protected":false},"excerpt":{"rendered":"<p>Wartime Play Support Commandant, nous faisons face \u00e0 une nouvelle menace imminente ! La cruaut\u00e9 du Gouverneur Supr\u00eame ne conna\u00eet aucune limite\u2014il est de retour pour engloutir le monde dans les flammes de la guerre. Lui permettre de r\u00e9gner sans contraintes aura des cons\u00e9quences terribles et irr\u00e9versibles. Nous devons d\u00e9fendre notre territoire et pr\u00e9server la &hellip; <a href=\"https:\/\/espritgames.com\/fr\/wartime\/\" class=\"more-link\">Continuer la lecture de <span class=\"screen-reader-text\">Wartime<\/span> <span class=\"meta-nav\">&rarr;<\/span><\/a><\/p>\n","protected":false},"author":1969676,"featured_media":0,"parent":0,"menu_order":0,"comment_status":"closed","ping_status":"closed","template":"page-templates\/landing.php","meta":[],"_links":{"self":[{"href":"https:\/\/espritgames.com\/fr\/wp-json\/wp\/v2\/pages\/38909"}],"collection":[{"href":"https:\/\/espritgames.com\/fr\/wp-json\/wp\/v2\/pages"}],"about":[{"href":"https:\/\/espritgames.com\/fr\/wp-json\/wp\/v2\/types\/page"}],"author":[{"embeddable":true,"href":"https:\/\/espritgames.com\/fr\/wp-json\/wp\/v2\/users\/1969676"}],"replies":[{"embeddable":true,"href":"https:\/\/espritgames.com\/fr\/wp-json\/wp\/v2\/comments?post=38909"}],"version-history":[{"count":10,"href":"https:\/\/espritgames.com\/fr\/wp-json\/wp\/v2\/pages\/38909\/revisions"}],"predecessor-version":[{"id":41705,"href":"https:\/\/espritgames.com\/fr\/wp-json\/wp\/v2\/pages\/38909\/revisions\/41705"}],"wp:attachment":[{"href":"https:\/\/espritgames.com\/fr\/wp-json\/wp\/v2\/media?parent=38909"}],"curies":[{"name":"wp","href":"https:\/\/api.w.org\/{rel}","templated":true}]}}