 


						{"id":36915,"date":"2020-06-24T12:04:55","date_gmt":"2020-06-24T10:04:55","guid":{"rendered":"https:\/\/espritgames.com\/fr\/?page_id=36915"},"modified":"2022-12-07T08:55:27","modified_gmt":"2022-12-07T07:55:27","slug":"souverain","status":"publish","type":"page","link":"https:\/\/espritgames.com\/fr\/souverain\/","title":{"rendered":"Souverain des Dragons"},"content":{"rendered":"<div id=\"pl-36915\"  class=\"panel-layout\" ><div id=\"pg-36915-0\"  class=\"panel-grid panel-no-style\" ><div id=\"pgc-36915-0-0\"  class=\"panel-grid-cell\" ><style>\n.rpwe-block ul{list-style:none!important;margin-left:0!important;padding-left:0!important;}.rpwe-block li{border-bottom:1px solid #eee;margin-bottom:10px;padding-bottom:10px;list-style-type: none;}.rpwe-block a{display:inline!important;text-decoration:none;}.rpwe-block h3{background:none!important;clear:none;margin-bottom:0!important;margin-top:0!important;font-weight:400;font-size:12px!important;line-height:1.5em;}.rpwe-thumb{border:1px solid #EEE!important;box-shadow:none!important;margin:2px 10px 2px 0;padding:3px!important;}.rpwe-summary{font-size:12px;}.rpwe-time{color:#bbb;font-size:11px;}.rpwe-comment{color:#bbb;font-size:11px;padding-left:5px;}.rpwe-alignleft{display:inline;float:left;}.rpwe-alignright{display:inline;float:right;}.rpwe-aligncenter{display:block;margin-left: auto;margin-right: auto;}.rpwe-clearfix:before,.rpwe-clearfix:after{content:\"\";display:table !important;}.rpwe-clearfix:after{clear:both;}.rpwe-clearfix{zoom:1;}\n<\/style>\n\t<div id=\"panel-36915-0-0-0\" class=\"widget_text so-panel widget widget_custom_html panel-first-child panel-last-child\" data-index=\"0\" ><div class=\"textwidget custom-html-widget\"><div class=\"outer_lands outer_lands_fr\">\n\n<div id=\"esprit-auth-widget-holder\" style=\"width: 628px; height: 750px; margin: 0px 10px 25px 490px;\"><div id=\"loader\"><\/div><\/div>\n    <script>\n    var show_on_demand = false;\n    !function(a,b,c,d){a._osdkAuthFn=d,a[d]=a[d]||function(){(a[d].cs=a[d].cs||[]).push(arguments)};var e=b.createElement(\"script\"),f=b.getElementsByTagName(\"script\")[0];e.async=1,e.src=c,f.parentNode.insertBefore(e,f)}(window,document,\"\/\/ostatic.espritgames.com\/auth\/js\/widget.js?v=6\",\"osdkAuthWidget\");\n\n    function osdkShowWidget() {\n        if( document.getElementById('esprit-auth-widget-holder') ) document.getElementById('esprit-auth-widget-holder').innerHTML = '<div id=\"loader\"><b style=\"display:none;\"><\/b><\/div>';\n        \n        osdkAuthWidget({\n            service: 'auth.espritgames.com',\n            holder: 'esprit-auth-widget-holder',\n            width: 628,\n            height: 750,\n            returnTo: 'https:\/\/espritgames.com\/fr\/souverain\/go\/',\n            downloadUrl: '',\n            authNotRequired: false,\n            consumer: 'portal-fr',\n            locale: 'fr_FR',\n            stylesUrl: 'https:\/\/cdn.espritgames.ru\/espritgames-auth-custom\/all-form.fr.css?v=1',\n            eula: 'souverain'\n        });\n    }\n    if( !show_on_demand ) osdkShowWidget();\n    <\/script>\n<div class=\"pp\">\n\t<span>* En appuyant sur \"Jouer\", vous acceptez les termes de notre <a href=\"https:\/\/espritgames.com\/fr\/licenses\/souverain\/\">Contrat d'utilisateur<\/a> et notre <a href=\"https:\/\/espritgames.com\/fr\/licenses\/souverain\/\">Offre publique<\/a><\/span>\n<\/div>\n     <div class=\"e-content e-content-ext\">\n         <div class=\"psevdo_form\">\n            <img class=\"logo\" src=\"\/wp-content\/themes\/espritgames\/promo\/dl-com\/FR_logo.png\">\n\t\t\t\t\t\t<a href=\".\/go\/\" class=\"play_btn open_form\"><\/a>\n\t\t\t\t\t \t<div class=\"slgn\">\n            \t<img class=\"\" src=\"https:\/\/p-cdn.espritgames.com\/wp-content\/themes\/espritgames\/promo\/dl-main\/img\/slogan_fr.png\">\n\t\t\t\t\t \t<\/div>\n\t\t\t\t\t \t<span class=\"extxt\">Ou t\u00e9l\u00e9chargez Esprit Games Center pour jouer dans le lanceur<\/span>\n            <a href=\"https:\/\/cdn.espritgames.ru\/download\/loader_fr.exe\" class=\"play_btn\"><\/a> \n         <\/div>\n     <\/div>\n<div class=\"big_pic dl_fr\">\n\t<img src=\"https:\/\/p-cdn.espritgames.com\/wp-content\/themes\/espritgames\/promo\/dl-main\/img\/main_image.jpg\">\n\t<img src=\"https:\/\/p-cdn.espritgames.com\/wp-content\/themes\/espritgames\/promo\/dl-main\/img\/main_overlay_image.png\">\n\t<!--<img src=\"\/wp-content\/themes\/espritgames\/promo\/dl-cz\/main_image.jpg\">-->\n<\/div>\n<div class=\"landing_pad_block\"><\/div>\n<div class=\"e-landing\" id=\"dl_fr\">\n  <div class=\"e-content\">\n\n<div class=\"e-logo\"><\/div>\n\n    <div class=\"e-text-header\"><\/div>\n    <div class=\"e-text\">\n        <h1>Dompte de puissants dragons dans Souverain des Dragons!<\/h1>\n        <p class=\"e-news-ttl\">Actualit\u00e9s<\/p>\n        <div class=\"e-news_block\">\n             <div  class=\"rpwe-block \"><ul class=\"rpwe-ul\"><li class=\"rpwe-li rpwe-clearfix\"><a class=\"rpwe-img\" href=\"https:\/\/espritgames.com\/fr\/souverain\/souverain-news\/maintenance-du-23-mars\/\"  rel=\"bookmark\"><img width=\"390\" height=\"219\" src=\"https:\/\/p-cdn.espritgames.com\/wp-content\/uploads\/sites\/6\/2026\/03\/IMG_7215.png\" class=\"rpwe-alignleft rpwe-thumb the-post-thumbnail wp-post-image\" alt=\"Maintenance du 23 Mars\" loading=\"lazy\" srcset=\"https:\/\/p-cdn.espritgames.com\/wp-content\/uploads\/sites\/6\/2026\/03\/IMG_7215.png 390w, https:\/\/p-cdn.espritgames.com\/wp-content\/uploads\/sites\/6\/2026\/03\/IMG_7215-300x168.png 300w\" sizes=\"(max-width: 390px) 100vw, 390px\" \/><\/a><h3 class=\"rpwe-title\"><a href=\"https:\/\/espritgames.com\/fr\/souverain\/souverain-news\/maintenance-du-23-mars\/\" title=\"Lien vers Maintenance du 23 Mars\" rel=\"bookmark\">Maintenance du 23 Mars<\/a><\/h3><time class=\"rpwe-time published\" datetime=\"2026-03-22T13:30:32+01:00\">mars 22, 2026<\/time><div class=\"rpwe-summary\">Bonjour \u00e0 tous, Demain &hellip;<a href=\"https:\/\/espritgames.com\/fr\/souverain\/souverain-news\/maintenance-du-23-mars\/\" class=\"more-link\">Next \u00bb<\/a><\/div><div class='outer_tags'>tags: <a href=\"https:\/\/espritgames.com\/fr\/tag\/maintenance\/\" rel=\"tag\">maintenance<\/a><\/div><\/li><li class=\"rpwe-li rpwe-clearfix\"><h3 class=\"rpwe-title\"><a href=\"https:\/\/espritgames.com\/fr\/souverain\/souverain-news\/moderateur\/\" title=\"Lien vers Mod\u00e9rateur :)\" rel=\"bookmark\">Mod\u00e9rateur \ud83d\ude42<\/a><\/h3><time class=\"rpwe-time published\" datetime=\"2023-01-11T17:18:18+01:00\">janvier 11, 2023<\/time><div class=\"rpwe-summary\">Hello \u00e0 tous, On &hellip;<a href=\"https:\/\/espritgames.com\/fr\/souverain\/souverain-news\/moderateur\/\" class=\"more-link\">Next \u00bb<\/a><\/div><\/li><li class=\"rpwe-li rpwe-clearfix\"><a class=\"rpwe-img\" href=\"https:\/\/espritgames.com\/fr\/souverain\/souverain-news\/maintenance-du-23-septembre\/\"  rel=\"bookmark\"><img class=\"rpwe-alignleft rpwe-thumb\" src=\"https:\/\/p-cdn.espritgames.com\/wp-content\/uploads\/sites\/6\/2021\/02\/FR-\u0422\u0435\u0445-\u0440\u0430\u0431\u043e\u0442\u044b-\u0414\u0440\u0430\u043a\u043e\u043d\u0438\u0445\u0430-\u043e\u0433\u043d\u044f-622x312.jpg\" alt=\"Maintenance du 23 septembre\"><\/a><h3 class=\"rpwe-title\"><a href=\"https:\/\/espritgames.com\/fr\/souverain\/souverain-news\/maintenance-du-23-septembre\/\" title=\"Lien vers Maintenance du 23 septembre\" rel=\"bookmark\">Maintenance du 23 septembre<\/a><\/h3><time class=\"rpwe-time published\" datetime=\"2021-09-22T14:00:36+02:00\">septembre 22, 2021<\/time><div class=\"rpwe-summary\">Bonjour \u00e0 tous, Demain &hellip;<a href=\"https:\/\/espritgames.com\/fr\/souverain\/souverain-news\/maintenance-du-23-septembre\/\" class=\"more-link\">Next \u00bb<\/a><\/div><div class='outer_tags'>tags: <a href=\"https:\/\/espritgames.com\/fr\/tag\/maintenance\/\" rel=\"tag\">maintenance<\/a>, <a href=\"https:\/\/espritgames.com\/fr\/tag\/news\/\" rel=\"tag\">news<\/a><\/div><\/li><li class=\"rpwe-li rpwe-clearfix\"><a class=\"rpwe-img\" href=\"https:\/\/espritgames.com\/fr\/souverain\/souverain-news\/maintenance-du-16-septembre\/\"  rel=\"bookmark\"><img class=\"rpwe-alignleft rpwe-thumb\" src=\"https:\/\/p-cdn.espritgames.com\/wp-content\/uploads\/sites\/6\/2021\/03\/FR-\u0422\u0435\u0445-\u0440\u0430\u0431\u043e\u0442\u044b-\u0414\u0440\u0430\u043a\u043e\u043d\u0438\u0445\u0430-\u043b\u044c\u0434\u0430-622x312.jpg\" alt=\"Maintenance du 16 septembre\"><\/a><h3 class=\"rpwe-title\"><a href=\"https:\/\/espritgames.com\/fr\/souverain\/souverain-news\/maintenance-du-16-septembre\/\" title=\"Lien vers Maintenance du 16 septembre\" rel=\"bookmark\">Maintenance du 16 septembre<\/a><\/h3><time class=\"rpwe-time published\" datetime=\"2021-09-15T14:00:20+02:00\">septembre 15, 2021<\/time><div class=\"rpwe-summary\">Bonjour \u00e0 tous, Demain &hellip;<a href=\"https:\/\/espritgames.com\/fr\/souverain\/souverain-news\/maintenance-du-16-septembre\/\" class=\"more-link\">Next \u00bb<\/a><\/div><div class='outer_tags'>tags: <a href=\"https:\/\/espritgames.com\/fr\/tag\/maintenance\/\" rel=\"tag\">maintenance<\/a>, <a href=\"https:\/\/espritgames.com\/fr\/tag\/news\/\" rel=\"tag\">news<\/a><\/div><\/li><\/ul><\/div><!-- Generated by http:\/\/wordpress.org\/plugins\/recent-posts-widget-extended\/ -->\n        <\/div>\n        <p class=\"e-text-menu\"><a href=\"\/fr\/forum\/go\/souverain\/\">Forum<\/a><a href=\"\/fr\/souverain\/news\/\">Toutes les actualit\u00e9s<\/a><a href=\"\/fr\/souverain\/guides\/\">Guides<\/a><\/p>\n\n<p>Une sombre p\u00e9riode de troubles et de bouleversements a commenc\u00e9. Le ma\u00eetre des dragons noirs domine le continent et fait r\u00e9gner la peur parmi les habitants ! Construis la capitale de ton royaume, rassemble une grande arm\u00e9e, tisse des alliances et d\u00e9truis l\u2019empire en utilisant la magie et la puissance des \u00eatres qui ont cru en toi ! Bats-toi avec des orques, des elfes et des dragons !<\/p>\n\n<!--<a class=\"video_trl\" href=\"https:\/\/youtu.be\/qA_8APX2u3g\" target=\"_blank\" rel=\"noopener\">Watch the trailer<\/a>-->\n    <\/div>\n  <\/div>\n\n<div class=\"outer_icon_block\">\n    <div class=\"e-content\">\n        <div class=\"icon_block\">\n            <div class=\"s_icon\">\n                <img src=\"\/wp-content\/themes\/espritgames\/promo\/dl-cz\/feats_ico1.png\">\n                <p>Apprivoisedestriers et dragons \u2013 les forces de la glace, du feu et de la terre se sont unies en des \u00eatres puissants !<\/p>\n            <\/div>\n        <\/div>\n        <div class=\"icon_block\">\n            <div class=\"s_icon\">\n                <img src=\"\/wp-content\/themes\/espritgames\/promo\/dl-cz\/feats_ico2.png\">\n                <p>Engage des h\u00e9ros exp\u00e9riment\u00e9s, de la vile sorci\u00e8re au d\u00e9mon de feu !<\/p>\n            <\/div>\n        <\/div>\n        <div class=\"icon_block\">\n            <div class=\"s_icon\">\n                <img src=\"\/wp-content\/themes\/espritgames\/promo\/dl-cz\/feats_ico3.png\">\n                <p>Construis une magnifique cit\u00e9 que t\u2019envieront tes ennemis !<\/p>\n            <\/div>\n        <\/div>\n        <div class=\"icon_block\">\n            <div class=\"s_icon\">\n                <img src=\"\/wp-content\/themes\/espritgames\/promo\/dl-cz\/feats_ico4.png\">\n                <p>Bats-toi avec d\u2019autres joueurs dans l\u2019ar\u00e8ne PvP !<\/p>\n            <\/div>\n        <\/div>\n        <div class=\"icon_block\">\n            <div class=\"s_icon\">\n                <img src=\"\/wp-content\/themes\/espritgames\/promo\/dl-cz\/feats_ico5.png\">\n                <p>Allie-toi avec tes amis pour former un clan et participe \u00e0 de grands \u00e9v\u00e9nements !<\/p>\n            <\/div>\n        <\/div>\n        <div class=\"icon_block\">\n            <div class=\"s_icon\">\n                <img src=\"\/wp-content\/themes\/espritgames\/promo\/dl-cz\/feats_ico6.png\">\n                <p>Fa\u00e7onne des armes uniques dans ta forge !<\/p>\n            <\/div>\n        <\/div>\n    <\/div>\n<\/div>\n\n   <div class=\"slider_outer\">\n       <div style=\"width: 100%; margin: 0 auto;\" class=\"ml-slider-3-7-2 ml-slider-pro-2-6-5 metaslider metaslider-flex metaslider-36930 ml-slider frontpage-news default nav-hidden\">\n    <style type=\"text\/css\" id=\"metaslider-css-36930\">\n        #metaslider_36930.flexslider .slides li {margin-right: 20px !important;}\n \n\t.metaslider-36930 .flexslider .flex-control-paging li a,\n\t.metaslider-36930 .flexslider .flex-control-paging li a:hover {\n\t\tpadding: 0;\n\t\tbox-shadow: none;\n\t\ttext-indent: -9999px;\n\t\tborder-style: solid;\n\t\tdisplay: inline-block;\n\t\tborder-color: rgba(0,0,0,1);\n\t\tborder-radius: 10px;\n\t\t-webkit-border-radius: 10px;\n\t\t-moz-border-radius: 10px;\n\t\tborder-width: 0px;\n\t\tborder: 0px solid rgba(0,0,0,1);\n\t\tline-height: 12px;\n\t\twidth: 12px;\n\t\theight: 12px;\n\t\tmargin: 0 4px;\n\t\tbackground: rgb(0,0,0);\n\t\tbackground: rgba(0,0,0,0.5);\n\t\tbackground: -webkit-gradient(linear, 0% 0%, 0% 100%, from(rgba(0,0,0,0.5)), to(rgba(0,0,0,0.5)));\n\t\tbackground: -webkit-linear-gradient(top, rgba(0,0,0,0.5), rgba(0,0,0,0.5));\n\t\tbackground: -moz-linear-gradient(top, rgba(0,0,0,0.5), rgba(0,0,0,0.5));\n\t\tbackground: -ms-linear-gradient(top, rgba(0,0,0,0.5), rgba(0,0,0,0.5));\n\t\tbackground: -o-linear-gradient(top, rgba(0,0,0,0.5), rgba(0,0,0,0.5));\n\t\tbackground: linear-gradient(top, rgba(0,0,0,0.5), rgba(0,0,0,0.5));\n\t}\n\n\t.metaslider-36930 .flexslider .flex-control-paging li {\n\t\tmargin: 0;\n\t\ttext-indent: 0;\n\t\twidth: auto;\n\t}\n\n\t.metaslider-36930 .flexslider .flex-control-paging li a.flex-active {\n\t\tborder: 0px solid rgba(0,0,0,1);\n\t\tbackground: rgb(0,0,0);\n\t\tbackground: rgba(0,0,0,1);\n\t\tbackground: -webkit-gradient(linear, 0% 0%, 0% 100%, from(rgba(0,0,0,1)), to(rgba(0,0,0,1)));\n\t\tbackground: -webkit-linear-gradient(top, rgba(0,0,0,1), rgba(0,0,0,1));\n\t\tbackground: -moz-linear-gradient(top, rgba(0,0,0,1), rgba(0,0,0,1));\n\t\tbackground: -ms-linear-gradient(top, rgba(0,0,0,1), rgba(0,0,0,1));\n\t\tbackground: -o-linear-gradient(top, rgba(0,0,0,1), rgba(0,0,0,1));\n\t\tbackground: linear-gradient(top, rgba(0,0,0,1), rgba(0,0,0,1));\n\t}\n\n\t.metaslider-36930 .flexslider .flex-control-paging {\n\t\tline-height: 12px;\n\t\tz-index: 99;\n\t\tpadding: 0;\n\t\ttext-align: left;\n\t\tmargin: 10px 0px;\n\t\twidth: 100%;\n\t\ttop: auto;\n\t\tright: auto;\n\t\tbottom: auto;\n\t\tleft: auto;\n\t\tposition: absolute;\n\t\ttext-align: center;\n\t}\n \n\t.metaslider-36930 .flexslider .caption-wrap {\n\t\topacity: 1;\n\t\tmargin: 0px 0px;\n\t\tcolor: rgba(255,255,255,1);\n\t\tbackground: rgb(0,0,0);\n\t\tbackground: rgba(0,0,0,0.7);\n\t\twidth: 100%;\n\t\ttop: auto;\n\t\tright: auto;\n\t\tbottom: 0;\n\t\tleft: 0;\n\t\tclear: none;\n\t\tposition: absolute;\n\t\tborder-radius: 0px;\n\t\t-webkit-border-radius: 0px;\n\t\t-moz-border-radius: 0px;\n\t}\n \n\t.metaslider-36930 .flexslider .flex-direction-nav .flex-prev {\n\t\tbackground: transparent url(https:\/\/espritgames.com\/fr\/wp-content\/plugins\/ml-slider-pro\/modules\/theme_editor\/assets\/arrows\/black.png) 0 -0px no-repeat;\n\t\tmargin-top: -25.5px;\n\t\twidth: 23px;\n\t\theight: 51px;\n\t\topacity: 0;\n\t\tleft: 0px;\n\t\tpadding: 0;\n\t}\n\n\t.metaslider-36930 .flexslider .flex-direction-nav .flex-next {\n\t\tbackground: transparent url(https:\/\/espritgames.com\/fr\/wp-content\/plugins\/ml-slider-pro\/modules\/theme_editor\/assets\/arrows\/black.png) 100% -0px no-repeat;\n\t\tmargin-top: -25.5px;\n\t\twidth: 23px;\n\t\theight: 51px;\n\t\topacity: 0;\n\t\tright: 0px;\n\t\tpadding: 0;\n\t}\n\n\t.metaslider-36930 .flexslider:hover .flex-direction-nav .flex-prev {\n\t\tleft: 5px;\n\t\topacity: 0.7;\n\t}\n\n\t.metaslider-36930 .flexslider:hover .flex-direction-nav .flex-next {\n\t\tright: 5px;\n\t\topacity: 0.7;\n\t}\n\n\t.metaslider-36930 {\n\t\tmargin-bottom: 32px;\n\t}\n\n    <\/style>\n    <div id=\"metaslider_container_36930\">\n        <div id=\"metaslider_36930\">\n            <ul class=\"slides\">\n                <li style=\"display: none; width: 100%;\" class=\"slide-36937 ms-image\"><img src=\"https:\/\/p-cdn.espritgames.com\/wp-content\/uploads\/sites\/6\/2020\/06\/DL_fr_screenshot_1.jpg\" height=\"545\" width=\"880\" alt=\"\" class=\"slider-36930 slide-36937\" title=\"DL_fr_screenshot_1\" \/><\/li>\n                <li style=\"display: none; width: 100%;\" class=\"slide-36938 ms-image\"><img src=\"https:\/\/p-cdn.espritgames.com\/wp-content\/uploads\/sites\/6\/2020\/06\/DL_fr_screenshot_2.jpg\" height=\"545\" width=\"880\" alt=\"\" class=\"slider-36930 slide-36938\" title=\"DL_fr_screenshot_2\" \/><\/li>\n                <li style=\"display: none; width: 100%;\" class=\"slide-36939 ms-image\"><img src=\"https:\/\/p-cdn.espritgames.com\/wp-content\/uploads\/sites\/6\/2020\/06\/DL_fr_screenshot_3.jpg\" height=\"545\" width=\"880\" alt=\"\" class=\"slider-36930 slide-36939\" title=\"DL_fr_screenshot_3\" \/><\/li>\n                <li style=\"display: none; width: 100%;\" class=\"slide-36940 ms-image\"><img src=\"https:\/\/p-cdn.espritgames.com\/wp-content\/uploads\/sites\/6\/2020\/06\/DL_fr_screenshot_4.jpg\" height=\"545\" width=\"880\" alt=\"\" class=\"slider-36930 slide-36940\" title=\"DL_fr_screenshot_4\" \/><\/li>\n                <li style=\"display: none; width: 100%;\" class=\"slide-36941 ms-image\"><img src=\"https:\/\/p-cdn.espritgames.com\/wp-content\/uploads\/sites\/6\/2020\/06\/DL_fr_screenshot_5.jpg\" height=\"545\" width=\"880\" alt=\"\" class=\"slider-36930 slide-36941\" title=\"DL_fr_screenshot_5\" \/><\/li>\n                <li style=\"display: none; width: 100%;\" class=\"slide-36942 ms-image\"><img src=\"https:\/\/p-cdn.espritgames.com\/wp-content\/uploads\/sites\/6\/2020\/06\/DL_fr_screenshot_6.jpg\" height=\"545\" width=\"880\" alt=\"\" class=\"slider-36930 slide-36942\" title=\"DL_fr_screenshot_6\" \/><\/li>\n            <\/ul>\n        <\/div>\n        \n    <\/div>\n<\/div>\n   <\/div>\n   <div class=\"e-outer\">\n      <div class=\"e-content\" style=\"padding-bottom: 60px;\">\n        <div class=\"e-text-ext\">\n            <p>Il est temps de montrer aux Dragons qui est en charge ici!<\/p>\n            <a href=\"https:\/\/cdn.espritgames.ru\/download\/loader_fr.exe\" class=\"play_btn\"><\/a>\n   \n        <\/div>\n      <\/div>\n   <\/div>\n    <div class=\"logos_block\">\n         <!--<img class=\"par_loro\" src=\"\/wp-content\/themes\/espritgames\/promo\/dk-main\/it\/Teamtop.png\">--><img class=\"par_loro\" src=\"\/wp-content\/themes\/espritgames\/promo\/dk-main\/it\/EG_Logo.png\">\n    <\/div>\n<\/div>\n\n<\/div><\/div><\/div><\/div><\/div><\/div>","protected":false},"excerpt":{"rendered":"<p>* En appuyant sur \u00ab\u00a0Jouer\u00a0\u00bb, vous acceptez les termes de notre Contrat d&rsquo;utilisateur et notre Offre publique Ou t\u00e9l\u00e9chargez Esprit Games Center pour jouer dans le lanceur Dompte de puissants dragons dans Souverain des Dragons! Actualit\u00e9s Maintenance du 23 Marsmars 22, 2026Bonjour \u00e0 tous, Demain &hellip;Next \u00bbtags: maintenanceMod\u00e9rateur \ud83d\ude42janvier 11, 2023Hello \u00e0 tous, On &hellip;Next &hellip; <a href=\"https:\/\/espritgames.com\/fr\/souverain\/\" class=\"more-link\">Continuer la lecture de <span class=\"screen-reader-text\">Souverain des Dragons<\/span> <span class=\"meta-nav\">&rarr;<\/span><\/a><\/p>\n","protected":false},"author":1969676,"featured_media":39458,"parent":0,"menu_order":0,"comment_status":"closed","ping_status":"closed","template":"page-templates\/landing.php","meta":[],"_links":{"self":[{"href":"https:\/\/espritgames.com\/fr\/wp-json\/wp\/v2\/pages\/36915"}],"collection":[{"href":"https:\/\/espritgames.com\/fr\/wp-json\/wp\/v2\/pages"}],"about":[{"href":"https:\/\/espritgames.com\/fr\/wp-json\/wp\/v2\/types\/page"}],"author":[{"embeddable":true,"href":"https:\/\/espritgames.com\/fr\/wp-json\/wp\/v2\/users\/1969676"}],"replies":[{"embeddable":true,"href":"https:\/\/espritgames.com\/fr\/wp-json\/wp\/v2\/comments?post=36915"}],"version-history":[{"count":35,"href":"https:\/\/espritgames.com\/fr\/wp-json\/wp\/v2\/pages\/36915\/revisions"}],"predecessor-version":[{"id":57749,"href":"https:\/\/espritgames.com\/fr\/wp-json\/wp\/v2\/pages\/36915\/revisions\/57749"}],"wp:featuredmedia":[{"embeddable":true,"href":"https:\/\/espritgames.com\/fr\/wp-json\/wp\/v2\/media\/39458"}],"wp:attachment":[{"href":"https:\/\/espritgames.com\/fr\/wp-json\/wp\/v2\/media?parent=36915"}],"curies":[{"name":"wp","href":"https:\/\/api.w.org\/{rel}","templated":true}]}}