 


						{"id":33873,"date":"2020-04-08T21:46:32","date_gmt":"2020-04-08T19:46:32","guid":{"rendered":"https:\/\/espritgames.com\/fr\/?page_id=33873"},"modified":"2024-02-05T14:46:56","modified_gmt":"2024-02-05T13:46:56","slug":"gameofthrones","status":"publish","type":"page","link":"https:\/\/espritgames.com\/fr\/gameofthrones\/","title":{"rendered":"Game of Thrones"},"content":{"rendered":"<div id=\"pl-33873\"  class=\"panel-layout\" ><div id=\"pg-33873-0\"  class=\"panel-grid panel-no-style\" ><div id=\"pgc-33873-0-0\"  class=\"panel-grid-cell\" ><div id=\"panel-33873-0-0-0\" class=\"widget_text so-panel widget widget_custom_html panel-first-child panel-last-child\" data-index=\"0\" ><div class=\"textwidget custom-html-widget\"><div class=\"well\" id=\"well\">\n    <div id=\"block_1\" class=\"panel\">\n\t\t\t  <a class=\"lands_links hide_links\" href=\".\/news\/\">Actualit\u00e9s<\/a><!--<a class=\"lands_links lands_links_2 hide_links\" href=\"\/forum\/go\/gameofthrones\/guides\/\">Guides<\/a>--><a class=\"lands_links lands_links_1 hide_links\" href=\"\/fr\/forum\/go\/gameofthrones\/\">Forum<\/a>\n\t\t\t  <video  width=\"100%\" height=\"550\" autoplay=\"\" loop=\"\" muted=\"\" poster=\"https:\/\/p-cdn.espritgames.ru\/wp-content\/themes\/espritgames\/promo\/got-main\/img\/1\/GoT_back_static1.jpg\"><\/video>\n        <div class=\"inset_outer\">\n            <div class=\"logo_txt\"><\/div>\n            <div class=\"top_txt\">\n                <h1>Emparez-vous de Westeros\u00a0!<\/h1>\n\n                <p>Le jeu de strat\u00e9gie sur navigateur se d\u00e9roulant dans l'un des univers les plus connus.<br> \u00c9crivez votre propre histoire de Westeros!<\/p>\n            <\/div><a href=\"https:\/\/espritgames.com\/fr\/gameofthrones\/go\/\" class=\"play_btn play_btn_fr\"><\/a>\n            <div class=\"m_block\"><\/div><div class=\"m_outer_block\"><\/div>\n        <\/div>\n    <\/div>\n    <div id=\"block_2\" class=\"panel\">\n        <div class=\"text_tral text_tral_fr\">\n            <p class=\"text\">Vous aurez l'occasion unique de participer \u00e0 la lutte pour le Tr\u00f4ne de fer en tant que jeune seigneur dirigeant l'un des nombreux villages de Westeros. Gr\u00e2ce au soutien d'une conseill\u00e8re avis\u00e9e, M\u00e9lisandre la Pr\u00eatresse rouge, vous apprendrez tout ce qu'il faut savoir pour \u00eatre un bon seigneur\u00a0: g\u00e9rer un ch\u00e2teau, rechercher des technologies, recruter et entra\u00eener des troupes. Rassemblez une arm\u00e9e puissante, formez des alliances avec les autres joueurs et \u00e9crasez vos ennemis communs\u00a0! Recrutez Robb Stark, Jon Snow, Jaime Lannister, Sandor Clegane et d'autres personnages de Game of Thrones dans vos rangs. Plongez au c\u0153ur d'une intrigue politique sanglante\u00a0!<\/p><span class=\"wch\">REGARDE<\/span><a class=\"tral_play\"><\/a><span class=\"trl\">la bande-annonce<\/span>\n        <\/div>\n        <div class=\"daenerys\"><\/div>\n    <\/div>\n    <div id=\"block_3\" class=\"panel\">\n        <h3>Le destin de Westeros est entre vos mains !<\/h3><div class=\"city city_1\"><\/div><a class=\"show_city show_city_1\"><\/a><div class=\"city city_2\"><\/div><a class=\"show_city show_city_2\"><\/a><div class=\"city city_3\"><\/div><a class=\"show_city show_city_3\"><\/a><div class=\"city city_4\"><\/div><a class=\"show_city show_city_4\"><\/a><div class=\"city city_5\"><\/div><a class=\"show_city show_city_5\"><\/a><div class=\"city city_6\"><\/div><a class=\"show_city show_city_6\"><\/a>\n    <\/div>\n    <div id=\"block_4\" class=\"panel\">\n        <div class=\"outer_scr\">\n            <a class=\"scr\" rel=\"GoT\" id=\"scr1\" data-fancybox=\"images\" href=\"https:\/\/p-cdn.espritgames.ru\/wp-content\/themes\/espritgames\/promo\/got-main\/img\/4\/fr\/GoT_screen_1.jpg\">\n                <img src=\"https:\/\/p-cdn.espritgames.ru\/wp-content\/themes\/espritgames\/promo\/got-main\/img\/4\/screen1_preview.jpg\">\n            <\/a>\n            <a class=\"scr\" rel=\"GoT\" id=\"scr2\" data-fancybox=\"images\" href=\"https:\/\/p-cdn.espritgames.ru\/wp-content\/themes\/espritgames\/promo\/got-main\/img\/4\/fr\/GoT_screen_2.jpg\">\n                <img src=\"https:\/\/p-cdn.espritgames.ru\/wp-content\/themes\/espritgames\/promo\/got-main\/img\/4\/screen2_preview.jpg\">\n            <\/a>\n            <a class=\"scr\" rel=\"GoT\" id=\"scr3\" data-fancybox=\"images\" href=\"https:\/\/p-cdn.espritgames.ru\/wp-content\/themes\/espritgames\/promo\/got-main\/img\/4\/fr\/GoT_screen_3.jpg\">\n                <img src=\"https:\/\/p-cdn.espritgames.ru\/wp-content\/themes\/espritgames\/promo\/got-main\/img\/4\/screen3_preview.jpg\">\n            <\/a>\n            <a class=\"scr\" rel=\"GoT\" id=\"scr4\" data-fancybox=\"images\" href=\"https:\/\/p-cdn.espritgames.ru\/wp-content\/themes\/espritgames\/promo\/got-main\/img\/4\/fr\/GoT_screen_4.jpg\">\n                <img src=\"https:\/\/p-cdn.espritgames.ru\/wp-content\/themes\/espritgames\/promo\/got-main\/img\/4\/screen4_preview.jpg\">\n            <\/a>\n            <a class=\"scr\" rel=\"GoT\" id=\"scr5\" data-fancybox=\"images\" href=\"https:\/\/p-cdn.espritgames.ru\/wp-content\/themes\/espritgames\/promo\/got-main\/img\/4\/fr\/GoT_screen_5.jpg\">\n                <img src=\"https:\/\/p-cdn.espritgames.ru\/wp-content\/themes\/espritgames\/promo\/got-main\/img\/4\/screen5_preview.jpg\">\n            <\/a>\n            <a class=\"scr\" rel=\"GoT\" id=\"scr6\" data-fancybox=\"images\" href=\"https:\/\/p-cdn.espritgames.ru\/wp-content\/themes\/espritgames\/promo\/got-main\/img\/4\/fr\/GoT_screen_6.jpg\">\n                <img src=\"https:\/\/p-cdn.espritgames.ru\/wp-content\/themes\/espritgames\/promo\/got-main\/img\/4\/screen6_preview.jpg\">\n            <\/a>\n        <\/div>\n        <div class=\"dwarf\"><\/div>\n    <\/div>\n    <div id=\"block_5\" class=\"panel\">\n        <div class=\"icon_txt_outer\">\n            <div class=\"icon_txt icon_txt_1\">Le jeu officiel de la s\u00e9rie TV \"Game of Thrones\"<\/div>\n            <div class=\"icon_txt icon_txt_2\">Des graphismes incroyables pour une atmosph\u00e8re de monde fabuleux<\/div>\n            <div class=\"icon_txt icon_txt_3\">Des batailles \u00e0 grande \u00e9chelle avec des arm\u00e9es \u00e9normes<\/div>\n            <div class=\"icon_txt icon_txt_4\">D\u00e9veloppez et d\u00e9fendez votre propre ch\u00e2teau, et partez \u00e0 la conqu\u00eate des terres ennemies<\/div>\n            <div class=\"icon_txt icon_txt_5\">Formez des alliances avec les autres joueurs et participez \u00e0 des batailles JcJ<\/div>\n            <div class=\"icon_txt icon_txt_6\">\u00c9levez votre propre dragon et utilisez ses pouvoirs au combat\u00a0!<\/div>\n        <\/div><a href=\".\/go\/\" class=\"play_btn play_btn_fr\"><\/a>   \n        <p class=\"copy\">Game of Thrones series title and artwork TM & \u00a92020 Home Box Office, Inc. All Rights Reserved.<br> HBO and related trademarks are the property of Home Box Office, Inc. Under license to WB Games.<\/p>\n        <div class=\"dev_logos\"><\/div>\n    <\/div>\n<\/div>\n\n    <div class=\"outer_ext_form\"><a class=\"outer_ext_form_close\">\u00d7<\/a><div id=\"osdk-auth-widget-holder\" style=\"width: 389px; height: 720px; \"><div id=\"loader\"><\/div><\/div>\n    <script>\n    var show_on_demand = false;\n    !function(a,b,c,d){a._osdkAuthFn=d,a[d]=a[d]||function(){(a[d].cs=a[d].cs||[]).push(arguments)};var e=b.createElement(\"script\"),f=b.getElementsByTagName(\"script\")[0];e.async=1,e.src=c,f.parentNode.insertBefore(e,f)}(window,document,\"\/\/ostatic.espritgames.com\/auth\/js\/widget.js?v=6\",\"osdkAuthWidget\");\n\n    function osdkShowWidget() {\n        if( document.getElementById('osdk-auth-widget-holder') ) document.getElementById('osdk-auth-widget-holder').innerHTML = '<div id=\"loader\"><b style=\"display:none;\"><\/b><\/div>';\n        \n        osdkAuthWidget({\n            service: 'auth.espritgames.com',\n            holder: 'osdk-auth-widget-holder',\n            width: 389,\n            height: 720,\n            returnTo: 'https:\/\/espritgames.com\/fr\/gameofthrones\/go\/',\n            downloadUrl: '',\n            authNotRequired: false,\n            consumer: 'portal-fr',\n            locale: 'fr_FR',\n            stylesUrl: 'https:\/\/cdn.espritgames.ru\/espritgames-auth-custom\/got_lands.fr.css?v=21',\n            eula: 'gameofthrones'\n        });\n    }\n    if( !show_on_demand ) osdkShowWidget();\n    <\/script>\n    <\/div>\n<\/div><\/div><\/div><\/div><\/div>","protected":false},"excerpt":{"rendered":"<p>Actualit\u00e9sForum Emparez-vous de Westeros\u00a0! Le jeu de strat\u00e9gie sur navigateur se d\u00e9roulant dans l&rsquo;un des univers les plus connus. \u00c9crivez votre propre histoire de Westeros! Vous aurez l&rsquo;occasion unique de participer \u00e0 la lutte pour le Tr\u00f4ne de fer en tant que jeune seigneur dirigeant l&rsquo;un des nombreux villages de Westeros. Gr\u00e2ce au soutien d&rsquo;une &hellip; <a href=\"https:\/\/espritgames.com\/fr\/gameofthrones\/\" class=\"more-link\">Continuer la lecture de <span class=\"screen-reader-text\">Game of Thrones<\/span> <span class=\"meta-nav\">&rarr;<\/span><\/a><\/p>\n","protected":false},"author":1969676,"featured_media":0,"parent":0,"menu_order":0,"comment_status":"closed","ping_status":"closed","template":"page-templates\/landing.php","meta":[],"_links":{"self":[{"href":"https:\/\/espritgames.com\/fr\/wp-json\/wp\/v2\/pages\/33873"}],"collection":[{"href":"https:\/\/espritgames.com\/fr\/wp-json\/wp\/v2\/pages"}],"about":[{"href":"https:\/\/espritgames.com\/fr\/wp-json\/wp\/v2\/types\/page"}],"author":[{"embeddable":true,"href":"https:\/\/espritgames.com\/fr\/wp-json\/wp\/v2\/users\/1969676"}],"replies":[{"embeddable":true,"href":"https:\/\/espritgames.com\/fr\/wp-json\/wp\/v2\/comments?post=33873"}],"version-history":[{"count":41,"href":"https:\/\/espritgames.com\/fr\/wp-json\/wp\/v2\/pages\/33873\/revisions"}],"predecessor-version":[{"id":62418,"href":"https:\/\/espritgames.com\/fr\/wp-json\/wp\/v2\/pages\/33873\/revisions\/62418"}],"wp:attachment":[{"href":"https:\/\/espritgames.com\/fr\/wp-json\/wp\/v2\/media?parent=33873"}],"curies":[{"name":"wp","href":"https:\/\/api.w.org\/{rel}","templated":true}]}}