


 


						{"id":82997,"date":"2023-05-10T17:27:57","date_gmt":"2023-05-10T15:27:57","guid":{"rendered":"https:\/\/espritgames.com\/de\/?page_id=82997"},"modified":"2023-05-15T16:10:24","modified_gmt":"2023-05-15T14:10:24","slug":"dragoncontract","status":"publish","type":"page","link":"https:\/\/espritgames.com\/de\/dragoncontract\/","title":{"rendered":"Dragon Contract"},"content":{"rendered":"<div id=\"pl-82997\"  class=\"panel-layout\" ><div id=\"pg-82997-0\"  class=\"panel-grid panel-no-style\" ><div id=\"pgc-82997-0-0\"  class=\"panel-grid-cell\" ><div id=\"panel-82997-0-0-0\" class=\"widget_text so-panel widget widget_custom_html panel-first-child panel-last-child\" data-index=\"0\" ><div class=\"textwidget custom-html-widget\">\t<div class=\"dc_formouter formouter\">\n\t\t<div class=\"psevdo_form\">\n\t\t\t<img src=\"https:\/\/p-cdn.espritgames.ru\/wp-content\/themes\/espritgames\/promo\/dc-main\/img\/top\/logo.png\">\n\t\t\t<a href=\".\/go\/\" class=\"play_btn play_btn_de open_form\"><\/a>\n\t\t\t<p class=\"sub_txt\">Zeit, die majest\u00e4tischen Drachen zu bek\u00e4mpfen!<\/p>\n\t\t<\/div>\n\t\t\t<div id=\"esprit-auth-widget-holder\" style=\"width: 628px; height: 780px; \"><div id=\"loader\"><\/div><\/div>\n    <script>\n    var show_on_demand = false;\n    !function(a,b,c,d){a._osdkAuthFn=d,a[d]=a[d]||function(){(a[d].cs=a[d].cs||[]).push(arguments)};var e=b.createElement(\"script\"),f=b.getElementsByTagName(\"script\")[0];e.async=1,e.src=c,f.parentNode.insertBefore(e,f)}(window,document,\"\/\/ostatic.espritgames.com\/auth\/js\/widget.js?v=6\",\"osdkAuthWidget\");\n\n    function osdkShowWidget() {\n        if( document.getElementById('esprit-auth-widget-holder') ) document.getElementById('esprit-auth-widget-holder').innerHTML = '<div id=\"loader\"><b style=\"display:none;\"><\/b><\/div>';\n        \n        osdkAuthWidget({\n            service: 'auth.espritgames.com',\n            holder: 'esprit-auth-widget-holder',\n            width: 628,\n            height: 780,\n            returnTo: 'https:\/\/espritgames.com\/de\/dragoncontract\/go\/',\n            downloadUrl: '',\n            authNotRequired: false,\n            consumer: 'portal-de',\n            locale: 'de_DE',\n            stylesUrl: 'https:\/\/cdn.espritgames.ru\/espritgames-auth-custom\/dc-form_de.css?v=21',\n            eula: 'dragoncontract'\n        });\n    }\n    if( !show_on_demand ) osdkShowWidget();\n    <\/script>\n\t\t\t\t<!--<div class=\"pp\">\t\t\t\t\n\t\t\t\t\t<span>* \u043d\u0430\u0436\u0438\u043c\u0430\u044f \"\u0418\u0433\u0440\u0430\u0442\u044c\", \u0432\u044b \u043f\u0440\u0438\u043d\u0438\u043c\u0430\u0435\u0442\u0435 <a href=\"https:\/\/espritgames.com\/licenses\/eternalfuryres\/\">User Agreement<\/a> and <a href=\"https:\/\/espritgames.com\/agreements\/eternalfuryres\/\">Public Offer<\/a><\/span>\n\t\t\t\t<\/div>-->\n\t<\/div>\n\t<img class=\"ext_img\" src=\"https:\/\/p-cdn.espritgames.ru\/wp-content\/themes\/espritgames\/promo\/dc-main\/img\/top\/sparks.png\" \/>\n\t<div class=\"big_pic dc\">\n\t\t<img src=\"https:\/\/p-cdn.espritgames.ru\/wp-content\/themes\/espritgames\/promo\/dc-main\/img\/top\/back.jpg\" \/>\n\t<\/div>\n<div class=\"outer_lands\">\n\n\t<div id=\"dc\" class=\"e-landing\">\n\t<div class=\"e-content\">\n\t\t\t<div class=\"e-text e_text_de\">\n\t\t\t\t<p class=\"txt_1\">Dragon Contract!<\/p>\n\t\t\t\t<p class=\"txt_2\">\n\t\t\t\t\tDas neue Idle-MMORPG von den Machern von <b>Dragon Lord<\/b> und <b>Demon Slayer<\/b>! <br><br>\n\t\t\t\t\tEine uralte Prophezeiung schwebt \u00fcber der Welt und nur du kannst sie verhindern. Sattle die Drachen, beschw\u00f6re G\u00f6ttinnen, bringe die Kriegsg\u00f6tter auf deine Seite, verb\u00fcnde dich mit deinen Freunden und k\u00e4mpfe gegen die D\u00e4monen, die in die Welt einfallen. Halte den Vormarsch von Ragnar\u00f6k auf!\n\t\t\t\t<\/p>\n\t\t\t\t<p class=\"e-text-menu\"> <a class=\"news_u\" href=\".\/news\/?t=1\">Nachrichten<\/a> <a class=\"forum_u\" href=\"\/forum\/go\/dragoncontract\/\">\u0424\u043e\u0440\u0443\u043c<\/a> <a class=\"xxx_u\" href=\"https:\/\/espritgames.ru\/rules\/game\/\">Regeln<\/a><!--<a  class=\"xxx_u\" href=\".\/guides\/\">\u0413\u0430\u0439\u0434\u044b<\/a>--><\/p>\n\t\t\t<\/div>\n\t<\/div>\n\t\t\t<div class=\"slider_outer\">\n\t\t\t\t<div style=\"max-width: 797px; margin: 0 auto;\" class=\"ml-slider-3-7-2 ml-slider-pro-2-6-5 metaslider metaslider-flex metaslider-83002 ml-slider\">\n    \n    <div id=\"metaslider_container_83002\">\n        <div id=\"metaslider_83002\">\n            <ul class=\"slides\">\n                <li style=\"display: block; width: 100%;\" class=\"slide-83008 ms-image\"><a href=\"?esc=site_de_news\" target=\"_self\" rel=\"noopener\"><img src=\"https:\/\/p-cdn.espritgames.com\/wp-content\/uploads\/sites\/4\/2023\/05\/1-2.png\" height=\"501\" width=\"797\" alt=\"\" class=\"slider-83002 slide-83008\" title=\"1\" \/><\/a><\/li>\n                <li style=\"display: none; width: 100%;\" class=\"slide-83009 ms-image\"><a href=\"?esc=site_de_news\" target=\"_self\" rel=\"noopener\"><img src=\"https:\/\/p-cdn.espritgames.com\/wp-content\/uploads\/sites\/4\/2023\/05\/2-1.png\" height=\"501\" width=\"797\" alt=\"\" class=\"slider-83002 slide-83009\" title=\"2\" \/><\/a><\/li>\n                <li style=\"display: none; width: 100%;\" class=\"slide-83010 ms-image\"><a href=\"?esc=site_de_news\" target=\"_self\" rel=\"noopener\"><img src=\"https:\/\/p-cdn.espritgames.com\/wp-content\/uploads\/sites\/4\/2023\/05\/3-2.png\" height=\"501\" width=\"797\" alt=\"\" class=\"slider-83002 slide-83010\" title=\"3\" \/><\/a><\/li>\n                <li style=\"display: none; width: 100%;\" class=\"slide-83011 ms-image\"><a href=\"?esc=site_de_news\" target=\"_self\" rel=\"noopener\"><img src=\"https:\/\/p-cdn.espritgames.com\/wp-content\/uploads\/sites\/4\/2023\/05\/4-1.png\" height=\"501\" width=\"797\" alt=\"\" class=\"slider-83002 slide-83011\" title=\"4\" \/><\/a><\/li>\n                <li style=\"display: none; width: 100%;\" class=\"slide-83012 ms-image\"><a href=\"?esc=site_de_news\" target=\"_self\" rel=\"noopener\"><img src=\"https:\/\/p-cdn.espritgames.com\/wp-content\/uploads\/sites\/4\/2023\/05\/5-1.png\" height=\"501\" width=\"797\" alt=\"\" class=\"slider-83002 slide-83012\" title=\"5\" \/><\/a><\/li>\n            <\/ul>\n        <\/div>\n        \n    <\/div>\n<\/div>\n\t\t\t<\/div>\n\t\t\t<div class=\"outer_icon_block\">\n\t\t\t\t\t\t<div class=\"mob_icon\" style=\"display:none;\">\n\t\t\t\t\t\t\t\t<div class=\"slider__item\">\n\t\t\t\t\t\t\t\t\t\t<img src=\"\/wp-content\/themes\/espritgames\/promo\/dc-main\/img_mob\/feats_block\/icon_1.png\">\n\t\t\t\t\t\t\t\t\t\t<p>Schwinge, w\u00e4hrend du schl\u00e4fst. Nie wieder wirst du wertvolle Erfahrung und Gold verschwenden!<\/p>\n\t\t\t\t\t\t\t\t<\/div>\n\t\t\t\t\t\t\t\t<div class=\"slider__item\">\n\t\t\t\t\t\t\t\t\t\t<img src=\"\/wp-content\/themes\/espritgames\/promo\/dc-main\/img_mob\/feats_block\/icon_2.png\">\n\t\t\t\t\t\t\t\t\t\t<p>Erforsche die Welt und erweitere deine Besitzt\u00fcmer, um noch mehr M\u00f6glichkeiten zu erhalten!<\/p>\n\t\t\t\t\t\t\t\t<\/div>\n\t\t\t\t\t\t\t\t<div class=\"slider__item\">\n\t\t\t\t\t\t\t\t\t<img src=\"\/wp-content\/themes\/espritgames\/promo\/dc-main\/img_mob\/feats_block\/icon_3.png\">\n\t\t\t\t\t\t\t\t\t<p>Verb\u00fcnde dich mit Freunden in Clans, um Rivalen zu besiegen.<\/p>\n\t\t\t\t\t\t\t\t<\/div>\n\t\t\t\t\t\t\t\t<div class=\"slider__item\">\n\t\t\t\t\t\t\t\t\t\t<img src=\"\/wp-content\/themes\/espritgames\/promo\/dc-main\/img_mob\/feats_block\/icon_4.png\">\n\t\t\t\t\t\t\t\t\t\t<p>Errichte deine eigene Festung und besiedle T\u00fcrme mit Drachen. Lass sie dir Gl\u00fcck bringen.<\/p>\n\t\t\t\t\t\t\t\t<\/div>\n\t\t\t\t\t\t\t\t<div class=\"slider__item\">\n\t\t\t\t\t\t\t\t\t\t<img src=\"\/wp-content\/themes\/espritgames\/promo\/dc-main\/img_mob\/feats_block\/icon_5.png\">\n\t\t\t\t\t\t\t\t\t\t<p>Beschw\u00f6re die Geister und st\u00e4rke dein Band mit ihnen. Gemeinsam seid ihr st\u00e4rker!<\/p>\n\t\t\t\t\t\t\t\t<\/div>\n\t\t\t\t\t\t\t\t<div class=\"slider__item\">\n\t\t\t\t\t\t\t\t\t\t<img src=\"\/wp-content\/themes\/espritgames\/promo\/dc-main\/img_mob\/feats_block\/icon_6.png\">\n\t\t\t\t\t\t\t\t\t\t<p>Erhalte jeden Tag Belohnungen und versuche dein Gl\u00fcck in der Schatzkammer. Geschenke warten!<\/p>\n\t\t\t\t\t\t\t\t<\/div>\n\t\t\t\t\t\t<\/div>\n\t\t\t\t\n\t\t\t\t\n\t\t\t\t\t<div class=\"e-content\">\n\t\t\t\t\t\t\t<div class=\"icon_block\">\n\t\t\t\t\t\t\t\t\t<div class=\"s_icon\">\n\t\t\t\t\t\t\t\t\t\t\t<img src=\"\/wp-content\/themes\/espritgames\/promo\/dc-main\/img\/feats\/icon_1.png\">\n\t\t\t\t\t\t\t\t\t\t\t<p>Schwinge, w\u00e4hrend du schl\u00e4fst. Nie wieder wirst du wertvolle Erfahrung und Gold verschwenden!<\/p>\n\t\t\t\t\t\t\t\t\t<\/div>\n\t\t\t\t\t\t\t<\/div>\n\t\t\t\t\t\t\t<div class=\"icon_block\">\n\t\t\t\t\t\t\t\t\t<div class=\"s_icon\">\n\t\t\t\t\t\t\t\t\t\t\t<img src=\"\/wp-content\/themes\/espritgames\/promo\/dc-main\/img\/feats\/icon_2.png\">\n\t\t\t\t\t\t\t\t\t\t\t<p>Erforsche die Welt und erweitere deine Besitzt\u00fcmer, um noch mehr M\u00f6glichkeiten zu erhalten!<\/p>\n\t\t\t\t\t\t\t\t\t<\/div>\n\t\t\t\t\t\t\t<\/div>\n\t\t\t\t\t\t\t<div class=\"icon_block\">\n\t\t\t\t\t\t\t\t\t<div class=\"s_icon\">\n\t\t\t\t\t\t\t\t\t\t\t<img src=\"\/wp-content\/themes\/espritgames\/promo\/dc-main\/img\/feats\/icon_3.png\">\n\t\t\t\t\t\t\t\t\t\t<p>Verb\u00fcnde dich mit Freunden in Clans, um Rivalen zu besiegen.<\/p>\n\t\t\t\t\t\t\t\t\t<\/div>\n\t\t\t\t\t\t\t<\/div>\n\t\t\t\t\t\t\t<div class=\"icon_block\">\n\t\t\t\t\t\t\t\t\t<div class=\"s_icon\">\n\t\t\t\t\t\t\t\t\t\t\t<img src=\"\/wp-content\/themes\/espritgames\/promo\/dc-main\/img\/feats\/icon_4.png\">\n\t\t\t\t\t\t\t\t\t\t\t<p>Errichte deine eigene Festung und besiedle T\u00fcrme mit Drachen. Lass sie dir Gl\u00fcck bringen.<\/p>\n\t\t\t\t\t\t\t\t\t<\/div>\n\t\t\t\t\t\t\t<\/div>\n\t\t\t\t\t\t\t<div class=\"icon_block\">\n\t\t\t\t\t\t\t\t\t<div class=\"s_icon\">\n\t\t\t\t\t\t\t\t\t\t\t<img src=\"\/wp-content\/themes\/espritgames\/promo\/dc-main\/img\/feats\/icon_5.png\">\n\t\t\t\t\t\t\t\t\t\t\t<p>Beschw\u00f6re die Geister und st\u00e4rke dein Band mit ihnen. Gemeinsam seid ihr st\u00e4rker!<\/p>\n\t\t\t\t\t\t\t\t\t<\/div>\n\t\t\t\t\t\t\t<\/div>\n\t\t\t\t\t\t\t<div class=\"icon_block\">\n\t\t\t\t\t\t\t\t\t<div class=\"s_icon\">\n\t\t\t\t\t\t\t\t\t\t\t<img src=\"\/wp-content\/themes\/espritgames\/promo\/dc-main\/img\/feats\/icon_6.png\">\n\t\t\t\t\t\t\t\t\t\t\t<p>Erhalte jeden Tag Belohnungen und versuche dein Gl\u00fcck in der Schatzkammer. Geschenke warten!<\/p>\n\t\t\t\t\t\t\t\t\t<\/div>\n\t\t\t\t\t\t\t<\/div>\n\t\t\t\t\t<\/div>\n\t\t\t<\/div>\n\t\t<div class=\"btn_block\">\n\t\t\t<img class=\"logo\" src=\"https:\/\/p-cdn.espritgames.com\/wp-content\/themes\/espritgames\/promo\/dc-main\/img\/basement\/logo.png\">\n\t\t\t<a class=\"play_btn open_form\"><\/a>\n\t\t\t<div class=\"logo_eg\"><\/div>\n\t\t\t<p>ESPRIT GAMES LLC \u00a9 2014 \u2013 2026<\/p>\n\t\t\t<p>Die Bedingungen der <a href=\"\/de\/licenses\/general\/\">Nutzervereinbarung<\/a> und <a href=\"\/de\/agreements\/general\/\">Datenschutzerkl\u00e4rung<\/a><\/p>\n\t\t\t<p><img class=\"footer_16\" src=\"\/wp-content\/themes\/espritgames\/promo\/efr-main\/en\/16+.png\"><\/p>\n\t\t<\/div>\n\t<\/div>\n\t\n<\/div><\/div><\/div><\/div><\/div><\/div>","protected":false},"excerpt":{"rendered":"<p>Zeit, die majest\u00e4tischen Drachen zu bek\u00e4mpfen! Dragon Contract! Das neue Idle-MMORPG von den Machern von Dragon Lord und Demon Slayer! Eine uralte Prophezeiung schwebt \u00fcber der Welt und nur du kannst sie verhindern. Sattle die Drachen, beschw\u00f6re G\u00f6ttinnen, bringe die Kriegsg\u00f6tter auf deine Seite, verb\u00fcnde dich mit deinen Freunden und k\u00e4mpfe gegen die D\u00e4monen, die &hellip; <a href=\"https:\/\/espritgames.com\/de\/dragoncontract\/\" class=\"more-link\"><span class=\"screen-reader-text\">Dragon Contract<\/span> weiterlesen <span class=\"meta-nav\">&rarr;<\/span><\/a><\/p>\n","protected":false},"author":1969676,"featured_media":0,"parent":0,"menu_order":0,"comment_status":"closed","ping_status":"closed","template":"page-templates\/landing.php","meta":[],"_links":{"self":[{"href":"https:\/\/espritgames.com\/de\/wp-json\/wp\/v2\/pages\/82997"}],"collection":[{"href":"https:\/\/espritgames.com\/de\/wp-json\/wp\/v2\/pages"}],"about":[{"href":"https:\/\/espritgames.com\/de\/wp-json\/wp\/v2\/types\/page"}],"author":[{"embeddable":true,"href":"https:\/\/espritgames.com\/de\/wp-json\/wp\/v2\/users\/1969676"}],"replies":[{"embeddable":true,"href":"https:\/\/espritgames.com\/de\/wp-json\/wp\/v2\/comments?post=82997"}],"version-history":[{"count":25,"href":"https:\/\/espritgames.com\/de\/wp-json\/wp\/v2\/pages\/82997\/revisions"}],"predecessor-version":[{"id":83110,"href":"https:\/\/espritgames.com\/de\/wp-json\/wp\/v2\/pages\/82997\/revisions\/83110"}],"wp:attachment":[{"href":"https:\/\/espritgames.com\/de\/wp-json\/wp\/v2\/media?parent=82997"}],"curies":[{"name":"wp","href":"https:\/\/api.w.org\/{rel}","templated":true}]}}