


 


						{"id":65972,"date":"2022-01-26T12:28:45","date_gmt":"2022-01-26T11:28:45","guid":{"rendered":"https:\/\/espritgames.com\/de\/?page_id=65972"},"modified":"2022-11-09T09:58:53","modified_gmt":"2022-11-09T08:58:53","slug":"eternalfuryres","status":"publish","type":"page","link":"https:\/\/espritgames.com\/de\/eternalfuryres\/","title":{"rendered":"Eternal Fury: Wiedergeburt"},"content":{"rendered":"<div id=\"pl-65972\"  class=\"panel-layout\" ><div id=\"pg-65972-0\"  class=\"panel-grid panel-no-style\" ><div id=\"pgc-65972-0-0\"  class=\"panel-grid-cell\" ><div id=\"panel-65972-0-0-0\" class=\"widget_text so-panel widget widget_custom_html panel-first-child panel-last-child\" data-index=\"0\" ><div class=\"textwidget custom-html-widget\">\t<div class=\"efr_formouter formouter\">\n\t\t<div class=\"psevdo_form\">\n\t\t\t<img src=\"\/wp-content\/themes\/espritgames\/promo\/efr-main\/de\/logo_de.png\">\n\t\t\t<a href=\".\/go\/\" class=\"play_btn open_form\"><\/a> \n\t\t<\/div>\n\t\t\t<div id=\"esprit-auth-widget-holder\" style=\"width: 628px; height: 780px; \"><div id=\"loader\"><\/div><\/div>\n    <script>\n    var show_on_demand = false;\n    !function(a,b,c,d){a._osdkAuthFn=d,a[d]=a[d]||function(){(a[d].cs=a[d].cs||[]).push(arguments)};var e=b.createElement(\"script\"),f=b.getElementsByTagName(\"script\")[0];e.async=1,e.src=c,f.parentNode.insertBefore(e,f)}(window,document,\"\/\/ostatic.espritgames.com\/auth\/js\/widget.js?v=6\",\"osdkAuthWidget\");\n\n    function osdkShowWidget() {\n        if( document.getElementById('esprit-auth-widget-holder') ) document.getElementById('esprit-auth-widget-holder').innerHTML = '<div id=\"loader\"><b style=\"display:none;\"><\/b><\/div>';\n        \n        osdkAuthWidget({\n            service: 'auth.espritgames.com',\n            holder: 'esprit-auth-widget-holder',\n            width: 628,\n            height: 780,\n            returnTo: 'https:\/\/espritgames.com\/de\/eternalfuryres\/go\/',\n            downloadUrl: '',\n            authNotRequired: false,\n            consumer: 'portal-de',\n            locale: 'de_DE',\n            stylesUrl: 'https:\/\/cdn.espritgames.ru\/espritgames-auth-custom\/efr-form_de.css?v=1',\n            eula: 'eternalfuryres'\n        });\n    }\n    if( !show_on_demand ) osdkShowWidget();\n    <\/script>\n\t\t\t\t<!--<div class=\"pp\">\t\t\t\t\n\t\t\t\t\t<span>* By pressing \"Play\", you hereby accept the terms of our <a href=\"https:\/\/espritgames.com\/licenses\/eternalfuryres\/\">User Agreement<\/a> and <a href=\"https:\/\/espritgames.com\/agreements\/eternalfuryres\/\">Public Offer<\/a><\/span>\n\t\t\t\t<\/div>-->\n\t<\/div>\n\t<div class=\"big_pic efr\">\n\t\t<img src=\"\/wp-content\/themes\/espritgames\/promo\/efr-main\/img\/bg1.jpg\" \/>\n\t<\/div>\n<div class=\"outer_lands\">\n\n\t<div id=\"efr\" class=\"e-landing\">\n\t<div class=\"e-content\">\n\t\t\t<div class=\"e-text\">\n\t\t\t\t<p class=\"e-text-menu\"> <a href=\"\/forum\/go\/eternalfuryres\/\">FORUM<\/a> <a href=\".\/news\/\">NEWS<\/a>  <a href=\".\/guides\/\">Guides<\/a><\/p>\n\t\t\t\t<p class=\"txt_1\">Schreckliche Kreaturen drangen durch die Tore des Teufels in das Reich der Menschen ein und verw\u00fcsteten alles, wonach ihnen der Sinn stand.<\/p>\n\t\t\t\t<p class=\"txt_2\">\n\t\t\t\t\tAm Anbeginn der Zeit entstanden drei Welten \u2013 die Unterwelt, die Welt der Menschen und das g\u00f6ttliche Reich. Die Herrin der Unterwelt wurde die heimt\u00fcckische Hel. Unter ihrer F\u00fchrung bl\u00fchten alle Wesen der dunklen Welt eine Zeit lang auf. Aber es liegt in der Natur der D\u00e4monen, dass sie st\u00e4ndig nach Krieg lechzen. Schlie\u00dflich beschloss Hel, ihren Besitz zu erweitern und das g\u00f6ttliche K\u00f6nigreich einzunehmen, indem sie durch die Tore in der Welt der Menschen dorthin gelangte.\n\t\t\t\t<\/p>\n\t\t\t<\/div>\n\t<\/div>\n\t\t\t<div class=\"top_pre_txt\"><\/div>\n\n\t\t\t<div class=\"outer_icon_block\">\n\t\t\t\t\t<div class=\"e-content\">\n\t\t\t\t\t\t\t<div class=\"icon_block\">\n\t\t\t\t\t\t\t\t\t<div class=\"s_icon\">\n\t\t\t\t\t\t\t\t\t\t\t<img src=\"\/wp-content\/themes\/espritgames\/promo\/efr-main\/img\/feature_icon1_1.png\">\n\t\t\t\t\t\t\t\t\t\t\t<p>Eine einzigartige Kombinationaus klassischem MMORPG und rundenbasierter Strategie<\/p>\n\t\t\t\t\t\t\t\t\t<\/div>\n\t\t\t\t\t\t\t<\/div>\n\t\t\t\t\t\t\t<div class=\"icon_block\">\n\t\t\t\t\t\t\t\t\t<div class=\"s_icon\">\n\t\t\t\t\t\t\t\t\t\t\t<img src=\"\/wp-content\/themes\/espritgames\/promo\/efr-main\/img\/feature_icon1_2.png\">\n\t\t\t\t\t\t\t\t\t\t\t<p>Eine fesselnde Geschichte und ein abwechslungsreiches Aufgabensystem<\/p>\n\t\t\t\t\t\t\t\t\t<\/div>\n\t\t\t\t\t\t\t<\/div>\n\t\t\t\t\t\t\t<div class=\"icon_block\">\n\t\t\t\t\t\t\t\t\t<div class=\"s_icon\">\n\t\t\t\t\t\t\t\t\t\t\t<img src=\"\/wp-content\/themes\/espritgames\/promo\/efr-main\/img\/feature_icon1_3.png\">\n\t\t\t\t\t\t\t\t\t\t<p>Eine gro\u00dfe Auswahl an K\u00e4mpfern <span>(das System zum Anheuern und Erstellen einer Truppe aus zwei Arten von Soldaten \u201eSoldaten\u201c und \u201eS\u00f6ldner\u201c)<\/span><\/p>\n\t\t\t\t\t\t\t\t\t<\/div>\n\t\t\t\t\t\t\t<\/div>\n\t\t\t\t\t\t\t<div class=\"icon_block\">\n\t\t\t\t\t\t\t\t\t<div class=\"s_icon\">\n\t\t\t\t\t\t\t\t\t\t\t<img src=\"\/wp-content\/themes\/espritgames\/promo\/efr-main\/img\/feature_icon2_1.png\">\n\t\t\t\t\t\t\t\t\t\t\t<p>Gemeinsame Dungeons, Bossk\u00e4mpfe und K\u00e4mpfe mit gegnerischen Clans<\/p>\n\t\t\t\t\t\t\t\t\t<\/div>\n\t\t\t\t\t\t\t<\/div>\n\t\t\t\t\t\t\t<div class=\"icon_block\">\n\t\t\t\t\t\t\t\t\t<div class=\"s_icon\">\n\t\t\t\t\t\t\t\t\t\t\t<img src=\"\/wp-content\/themes\/espritgames\/promo\/efr-main\/img\/feature_icon2_2.png\">\n\t\t\t\t\t\t\t\t\t\t\t<p>Viele Dungeons und unz\u00e4hlige Monster, die sich in Aussehen und F\u00e4higkeiten unterscheiden<\/p>\n\t\t\t\t\t\t\t\t\t<\/div>\n\t\t\t\t\t\t\t<\/div>\n\t\t\t\t\t\t\t<div class=\"icon_block\">\n\t\t\t\t\t\t\t\t\t<div class=\"s_icon\">\n\t\t\t\t\t\t\t\t\t\t\t<img src=\"\/wp-content\/themes\/espritgames\/promo\/efr-main\/img\/feature_icon2_3.png\">\n\t\t\t\t\t\t\t\t\t\t\t<p>Ein beeindruckendes Arsenal an Waffen<\/p>\n\t\t\t\t\t\t\t\t\t<\/div>\n\t\t\t\t\t\t\t<\/div>\n\t\t\t\t\t<\/div>\n\t\t\t<\/div>\n\t\t\t<div class=\"top_pre_txt_2\"><\/div>\n\n\t\t<div class=\"slider_outer\">\n\t\t\t<div style=\"max-width: 880px; margin: 0 auto;\" class=\"ml-slider-3-7-2 ml-slider-pro-2-6-5 metaslider metaslider-flex metaslider-65995 ml-slider nav-hidden\">\n    \n    <div id=\"metaslider_container_65995\">\n        <div id=\"metaslider_65995\">\n            <ul class=\"slides\">\n                <li style=\"display: block; width: 100%;\" class=\"slide-66001 ms-image\"><a href=\"?esc=site_de_news\" target=\"_self\" rel=\"noopener\"><img src=\"https:\/\/p-cdn.espritgames.com\/wp-content\/uploads\/sites\/4\/2022\/01\/EF_de_screen_01.jpg\" height=\"545\" width=\"880\" alt=\"\" class=\"slider-65995 slide-66001\" title=\"EF_de_screen_01\" \/><\/a><\/li>\n                <li style=\"display: none; width: 100%;\" class=\"slide-66002 ms-image\"><a href=\"?esc=site_de_news\" target=\"_self\" rel=\"noopener\"><img src=\"https:\/\/p-cdn.espritgames.com\/wp-content\/uploads\/sites\/4\/2022\/01\/EF_de_screen_02.jpg\" height=\"545\" width=\"880\" alt=\"\" class=\"slider-65995 slide-66002\" title=\"EF_de_screen_02\" \/><\/a><\/li>\n                <li style=\"display: none; width: 100%;\" class=\"slide-66003 ms-image\"><a href=\"?esc=site_de_news\" target=\"_self\" rel=\"noopener\"><img src=\"https:\/\/p-cdn.espritgames.com\/wp-content\/uploads\/sites\/4\/2022\/01\/EF_de_screen_03.jpg\" height=\"545\" width=\"880\" alt=\"\" class=\"slider-65995 slide-66003\" title=\"EF_de_screen_03\" \/><\/a><\/li>\n                <li style=\"display: none; width: 100%;\" class=\"slide-66004 ms-image\"><a href=\"?esc=site_de_news\" target=\"_self\" rel=\"noopener\"><img src=\"https:\/\/p-cdn.espritgames.com\/wp-content\/uploads\/sites\/4\/2022\/01\/EF_de_screen_04.jpg\" height=\"545\" width=\"880\" alt=\"\" class=\"slider-65995 slide-66004\" title=\"EF_de_screen_04\" \/><\/a><\/li>\n                <li style=\"display: none; width: 100%;\" class=\"slide-66005 ms-image\"><a href=\"?esc=site_de_news\" target=\"_self\" rel=\"noopener\"><img src=\"https:\/\/p-cdn.espritgames.com\/wp-content\/uploads\/sites\/4\/2022\/01\/EF_de_screen_05.jpg\" height=\"545\" width=\"880\" alt=\"\" class=\"slider-65995 slide-66005\" title=\"EF_de_screen_05\" \/><\/a><\/li>\n            <\/ul>\n        <\/div>\n        \n    <\/div>\n<\/div>\n\t\t<\/div>\n\t\t<div class=\"top_pre_txt_3\"><\/div>\n\t\t<div class=\"btn_block\">\n\t\t\t<p>\n\t\t\t\tVerteidige deine Welt und verhindere,<br> dass die D\u00e4monen die Oberhand gewinnen!\n\t\t\t<\/p>\n\t\t\t<a class=\"play_btn open_form\"><\/a>\n\t\t<\/div>\n\t\t<div class=\"botm_block\">\n\t\t\t<div class=\"logo\"><\/div>\n\t\t\t<div class=\"logo_eg\"><\/div>\n\t\t\t<p>SPIELPORTAL ESPRIT GAMES LLC \u00a9 2014 \u2013 2022<\/p>\n\t\t\t<p>Die Bedingungen der <a href=\"\/licenses\/general\/\">Nutzervereinbarung<\/a> und <a href=\"\/agreements\/general\/\">Datenschutzerkl\u00e4rung<\/a><\/p>\n\t\t\t<p><a href=\"mailto:biz@espritgames.ru\">biz@espritgames.com<\/a><\/p>\n\t\t\t<p><img class=\"footer_16\" src=\"\/wp-content\/themes\/espritgames\/promo\/efr-main\/en\/16+.png\"><\/p>\n\t\t<\/div>\n\t<\/div>\n\t\n<\/div><\/div><\/div><\/div><\/div><\/div>","protected":false},"excerpt":{"rendered":"<p>FORUM NEWS Guides Schreckliche Kreaturen drangen durch die Tore des Teufels in das Reich der Menschen ein und verw\u00fcsteten alles, wonach ihnen der Sinn stand. Am Anbeginn der Zeit entstanden drei Welten \u2013 die Unterwelt, die Welt der Menschen und das g\u00f6ttliche Reich. Die Herrin der Unterwelt wurde die heimt\u00fcckische Hel. Unter ihrer F\u00fchrung bl\u00fchten &hellip; <a href=\"https:\/\/espritgames.com\/de\/eternalfuryres\/\" class=\"more-link\"><span class=\"screen-reader-text\">Eternal Fury: Wiedergeburt<\/span> weiterlesen <span class=\"meta-nav\">&rarr;<\/span><\/a><\/p>\n","protected":false},"author":1969676,"featured_media":0,"parent":0,"menu_order":0,"comment_status":"closed","ping_status":"closed","template":"page-templates\/landing.php","meta":[],"_links":{"self":[{"href":"https:\/\/espritgames.com\/de\/wp-json\/wp\/v2\/pages\/65972"}],"collection":[{"href":"https:\/\/espritgames.com\/de\/wp-json\/wp\/v2\/pages"}],"about":[{"href":"https:\/\/espritgames.com\/de\/wp-json\/wp\/v2\/types\/page"}],"author":[{"embeddable":true,"href":"https:\/\/espritgames.com\/de\/wp-json\/wp\/v2\/users\/1969676"}],"replies":[{"embeddable":true,"href":"https:\/\/espritgames.com\/de\/wp-json\/wp\/v2\/comments?post=65972"}],"version-history":[{"count":34,"href":"https:\/\/espritgames.com\/de\/wp-json\/wp\/v2\/pages\/65972\/revisions"}],"predecessor-version":[{"id":78035,"href":"https:\/\/espritgames.com\/de\/wp-json\/wp\/v2\/pages\/65972\/revisions\/78035"}],"wp:attachment":[{"href":"https:\/\/espritgames.com\/de\/wp-json\/wp\/v2\/media?parent=65972"}],"curies":[{"name":"wp","href":"https:\/\/api.w.org\/{rel}","templated":true}]}}