


 


						{"id":59038,"date":"2021-08-09T15:12:40","date_gmt":"2021-08-09T13:12:40","guid":{"rendered":"https:\/\/espritgames.com\/de\/?page_id=59038"},"modified":"2021-08-09T17:23:39","modified_gmt":"2021-08-09T15:23:39","slug":"idleglory","status":"publish","type":"page","link":"https:\/\/espritgames.com\/de\/idleglory\/","title":{"rendered":"IDLE Glory"},"content":{"rendered":"<div id=\"pl-59038\"  class=\"panel-layout\" ><div id=\"pg-59038-0\"  class=\"panel-grid panel-no-style\" ><div id=\"pgc-59038-0-0\"  class=\"panel-grid-cell\" ><div id=\"panel-59038-0-0-0\" class=\"widget_text so-panel widget widget_custom_html panel-first-child panel-last-child\" data-index=\"0\" ><div class=\"textwidget custom-html-widget\"><div class=\"e-landing\" id=\"idleglory\">\n  <div class=\"e-content\">\n\n    <div id=\"esprit-auth-widget-holder\" style=\"width: 450px; height: 665px; \"><div id=\"loader\"><\/div><\/div>\n    <script>\n    var show_on_demand = false;\n    !function(a,b,c,d){a._osdkAuthFn=d,a[d]=a[d]||function(){(a[d].cs=a[d].cs||[]).push(arguments)};var e=b.createElement(\"script\"),f=b.getElementsByTagName(\"script\")[0];e.async=1,e.src=c,f.parentNode.insertBefore(e,f)}(window,document,\"\/\/ostatic.espritgames.com\/auth\/js\/widget.js?v=6\",\"osdkAuthWidget\");\n\n    function osdkShowWidget() {\n        if( document.getElementById('esprit-auth-widget-holder') ) document.getElementById('esprit-auth-widget-holder').innerHTML = '<div id=\"loader\"><b style=\"display:none;\"><\/b><\/div>';\n        \n        osdkAuthWidget({\n            service: 'auth.espritgames.com',\n            holder: 'esprit-auth-widget-holder',\n            width: 450,\n            height: 665,\n            returnTo: 'https:\/\/espritgames.com\/de\/idleglory\/go\/',\n            downloadUrl: '',\n            authNotRequired: false,\n            consumer: 'portal-de',\n            locale: 'de_DE',\n            stylesUrl: 'https:\/\/cdn.espritgames.ru\/espritgames-auth-custom\/igs-form.de.css?v=1',\n            eula: 'idleglory'\n        });\n    }\n    if( !show_on_demand ) osdkShowWidget();\n    <\/script>\n\n    <div class=\"e-text-header\"><\/div>\n    <div class=\"e-text\">\n      <p class=\"h1ttltxt\">IDLE Glory<\/p>\n      <p class=\"e-text-menu\">\n        <a href=\".\/go\/\">Spielen<\/a>, \n        <a href=\"\/forum\/go\/idleglory\/\">Forum<\/a>\n        <!--, <a href=\".\/guides\/\">\u0413\u0430\u0439\u0434\u044b<\/a>-->, \n        <a href=\".\/news\/\">Neuigkeiten<\/a>\n      <\/p>\n      <p>IDLE Glory \u2013 das Spiel, das die RPG-Welt revolutioniert! Genie\u00dfe den puren Spa\u00df, w\u00e4hrend dir das Spiel die l\u00e4stigen Kleinigkeiten abnimmt. Verabschiede dich von langweiliger Routine und tauche ein in eine Welt voller spannender Abenteuer und unglaublicher Belohnungen!<\/p>\n\n      <p>Features:<\/p>\n      <p>\n        <img src=\"https:\/\/espritgames.ru\/wp-content\/uploads\/sites\/2\/2019\/11\/g_min.png\" alt=\"\" width=\"16\" height=\"16\" class=\"alignnone size-full wp-image-18842\" \/>Ein Anf\u00fchrer muss, tja \u2013 anf\u00fchren! Von nun an erhalten Helden ihre eigene Ausr\u00fcstung und k\u00fcmmern sich um ihre Angelegenheiten, w\u00e4hrend du Zeit hast, dir die besten Strategien zurechtzulegen. Triff die richtigen Entscheidungen und befiehl deinen Helden, gegen wen sie antreten sollen! Soll es ein Boss sein oder doch ein anderer Spieler? Schicke deine Helden und banne jede Bedrohung!\n      <\/p>\n      <p>\n        <img src=\"https:\/\/espritgames.ru\/wp-content\/uploads\/sites\/2\/2019\/11\/g_min.png\" alt=\"\" width=\"16\" height=\"16\" class=\"alignnone size-full wp-image-18842\" \/>IDLE Glory wird dich weder von deiner Arbeit noch vom Studium oder deinem Familienleben ablenken. Du willst ein m\u00e4chtiger General sein und dich gleichzeitig auf die wesentlichen Dinge im Leben konzentrieren? Kinderspiel! Komplizierte Abl\u00e4ufe gibt es nicht, denn jede Taktik kann mit nur wenigen Fingertippern ge\u00e4ndert werden. Lass deine Armee von Helden k\u00e4mpfen und dir Ruhm und Reichtum einbringen. 10 Minuten am Tag reichen schon!\n\n      <p>\n        <img src=\"https:\/\/espritgames.ru\/wp-content\/uploads\/sites\/2\/2019\/11\/g_min.png\" alt=\"\" width=\"16\" height=\"16\" class=\"alignnone size-full wp-image-18842\" \/>Verb\u00fcnde dich mit anderen Spielern ... oder bek\u00e4mpfe sie! Bilde eine Spielergilde, um die Macht deiner Armee zu steigern. Bist du es leid, gegen alle Gegner einzeln zu k\u00e4mpfen? Dann wird es h\u00f6chste Zeit, einem ganzen Server den Krieg zu erkl\u00e4ren! Ein guter Stratege kennt den Vorteil von Allianzen.\n      <\/p>\n      <p>\n        <img src=\"https:\/\/espritgames.ru\/wp-content\/uploads\/sites\/2\/2019\/11\/g_min.png\" alt=\"\" width=\"16\" height=\"16\" class=\"alignnone size-full wp-image-18842\" \/> Strategisch planen und erobern: Ein wahrer Anf\u00fchrer wird mit neuen Helden, besserer Ausr\u00fcstung, Haustieren, Bef\u00f6rderungsmitteln und vielem mehr belohnt. Erringe Sieg um Sieg und gehe in die Geschichte der Welt von IDLE Glory ein!\n          <div style=\"width: 100%; margin: 0 auto;\" class=\"ml-slider-3-7-2 ml-slider-pro-2-6-5 metaslider metaslider-flex metaslider-59049 ml-slider frontpage-news nav-hidden\">\n    <style type=\"text\/css\" id=\"metaslider-css-59049\">\n        #metaslider_59049.flexslider .slides li {margin-right: 20px !important;}\n    <\/style>\n    <div id=\"metaslider_container_59049\">\n        <div id=\"metaslider_59049\">\n            <ul class=\"slides\">\n                <li style=\"display: none; width: 100%;\" class=\"slide-59059 ms-image\"><a href=\"?esc=site_de_news\" target=\"_self\" rel=\"noopener\"><img src=\"https:\/\/p-cdn.espritgames.com\/wp-content\/uploads\/sites\/4\/2021\/08\/1.jpg\" height=\"435\" width=\"702\" alt=\"\" class=\"slider-59049 slide-59059\" title=\"1\" \/><\/a><\/li>\n                <li style=\"display: none; width: 100%;\" class=\"slide-59060 ms-image\"><a href=\"?esc=site_de_news\" target=\"_self\" rel=\"noopener\"><img src=\"https:\/\/p-cdn.espritgames.com\/wp-content\/uploads\/sites\/4\/2021\/08\/2.jpg\" height=\"435\" width=\"702\" alt=\"\" class=\"slider-59049 slide-59060\" title=\"2\" \/><\/a><\/li>\n                <li style=\"display: none; width: 100%;\" class=\"slide-59061 ms-image\"><a href=\"?esc=site_de_news\" target=\"_self\" rel=\"noopener\"><img src=\"https:\/\/p-cdn.espritgames.com\/wp-content\/uploads\/sites\/4\/2021\/08\/3.jpg\" height=\"435\" width=\"702\" alt=\"\" class=\"slider-59049 slide-59061\" title=\"3\" \/><\/a><\/li>\n                <li style=\"display: none; width: 100%;\" class=\"slide-59062 ms-image\"><a href=\"?esc=site_de_news\" target=\"_self\" rel=\"noopener\"><img src=\"https:\/\/p-cdn.espritgames.com\/wp-content\/uploads\/sites\/4\/2021\/08\/4.jpg\" height=\"435\" width=\"702\" alt=\"\" class=\"slider-59049 slide-59062\" title=\"4\" \/><\/a><\/li>\n                <li style=\"display: none; width: 100%;\" class=\"slide-59063 ms-image\"><a href=\"?esc=site_de_news\" target=\"_self\" rel=\"noopener\"><img src=\"https:\/\/p-cdn.espritgames.com\/wp-content\/uploads\/sites\/4\/2021\/08\/5.jpg\" height=\"435\" width=\"702\" alt=\"\" class=\"slider-59049 slide-59063\" title=\"5\" \/><\/a><\/li>\n                <li style=\"display: none; width: 100%;\" class=\"slide-59064 ms-image\"><a href=\"?esc=site_de_news\" target=\"_self\" rel=\"noopener\"><img src=\"https:\/\/p-cdn.espritgames.com\/wp-content\/uploads\/sites\/4\/2021\/08\/6.jpg\" height=\"435\" width=\"702\" alt=\"\" class=\"slider-59049 slide-59064\" title=\"6\" \/><\/a><\/li>\n                <li style=\"display: none; width: 100%;\" class=\"slide-59065 ms-image\"><a href=\"?esc=site_de_news\" target=\"_self\" rel=\"noopener\"><img src=\"https:\/\/p-cdn.espritgames.com\/wp-content\/uploads\/sites\/4\/2021\/08\/7.jpg\" height=\"435\" width=\"702\" alt=\"\" class=\"slider-59049 slide-59065\" title=\"7\" \/><\/a><\/li>\n                <li style=\"display: none; width: 100%;\" class=\"slide-59066 ms-image\"><a href=\"?esc=site_de_news\" target=\"_self\" rel=\"noopener\"><img src=\"https:\/\/p-cdn.espritgames.com\/wp-content\/uploads\/sites\/4\/2021\/08\/8.jpg\" height=\"435\" width=\"702\" alt=\"\" class=\"slider-59049 slide-59066\" title=\"8\" \/><\/a><\/li>\n                <li style=\"display: none; width: 100%;\" class=\"slide-59067 ms-image\"><a href=\"?esc=site_de_news\" target=\"_self\" rel=\"noopener\"><img src=\"https:\/\/p-cdn.espritgames.com\/wp-content\/uploads\/sites\/4\/2021\/08\/9.jpg\" height=\"435\" width=\"702\" alt=\"\" class=\"slider-59049 slide-59067\" title=\"9\" \/><\/a><\/li>\n            <\/ul>\n        <\/div>\n        \n    <\/div>\n<\/div>\n      <\/p>\n    <\/div>\n\n  <\/div>\n<\/div><\/div><\/div><\/div><\/div><\/div>","protected":false},"excerpt":{"rendered":"<p>IDLE Glory Spielen, Forum , Neuigkeiten IDLE Glory \u2013 das Spiel, das die RPG-Welt revolutioniert! Genie\u00dfe den puren Spa\u00df, w\u00e4hrend dir das Spiel die l\u00e4stigen Kleinigkeiten abnimmt. Verabschiede dich von langweiliger Routine und tauche ein in eine Welt voller spannender Abenteuer und unglaublicher Belohnungen! Features: Ein Anf\u00fchrer muss, tja \u2013 anf\u00fchren! Von nun an erhalten &hellip; <a href=\"https:\/\/espritgames.com\/de\/idleglory\/\" class=\"more-link\"><span class=\"screen-reader-text\">IDLE Glory<\/span> weiterlesen <span class=\"meta-nav\">&rarr;<\/span><\/a><\/p>\n","protected":false},"author":1969676,"featured_media":0,"parent":0,"menu_order":0,"comment_status":"closed","ping_status":"closed","template":"page-templates\/landing.php","meta":[],"_links":{"self":[{"href":"https:\/\/espritgames.com\/de\/wp-json\/wp\/v2\/pages\/59038"}],"collection":[{"href":"https:\/\/espritgames.com\/de\/wp-json\/wp\/v2\/pages"}],"about":[{"href":"https:\/\/espritgames.com\/de\/wp-json\/wp\/v2\/types\/page"}],"author":[{"embeddable":true,"href":"https:\/\/espritgames.com\/de\/wp-json\/wp\/v2\/users\/1969676"}],"replies":[{"embeddable":true,"href":"https:\/\/espritgames.com\/de\/wp-json\/wp\/v2\/comments?post=59038"}],"version-history":[{"count":13,"href":"https:\/\/espritgames.com\/de\/wp-json\/wp\/v2\/pages\/59038\/revisions"}],"predecessor-version":[{"id":59077,"href":"https:\/\/espritgames.com\/de\/wp-json\/wp\/v2\/pages\/59038\/revisions\/59077"}],"wp:attachment":[{"href":"https:\/\/espritgames.com\/de\/wp-json\/wp\/v2\/media?parent=59038"}],"curies":[{"name":"wp","href":"https:\/\/api.w.org\/{rel}","templated":true}]}}