


 


						{"id":58503,"date":"2021-07-23T16:35:06","date_gmt":"2021-07-23T14:35:06","guid":{"rendered":"https:\/\/espritgames.com\/de\/?page_id=58503"},"modified":"2021-07-28T16:44:30","modified_gmt":"2021-07-28T14:44:30","slug":"dragonborn","status":"publish","type":"page","link":"https:\/\/espritgames.com\/de\/dragonborn\/","title":{"rendered":"Dragonborn New"},"content":{"rendered":"<div id=\"pl-58503\"  class=\"panel-layout\" ><div id=\"pg-58503-0\"  class=\"panel-grid panel-no-style\" ><div id=\"pgc-58503-0-0\"  class=\"panel-grid-cell\" ><style>\n.rpwe-block ul{list-style:none!important;margin-left:0!important;padding-left:0!important;}.rpwe-block li{border-bottom:1px solid #eee;margin-bottom:10px;padding-bottom:10px;list-style-type: none;}.rpwe-block a{display:inline!important;text-decoration:none;}.rpwe-block h3{background:none!important;clear:none;margin-bottom:0!important;margin-top:0!important;font-weight:400;font-size:12px!important;line-height:1.5em;}.rpwe-thumb{border:1px solid #EEE!important;box-shadow:none!important;margin:2px 10px 2px 0;padding:3px!important;}.rpwe-summary{font-size:12px;}.rpwe-time{color:#bbb;font-size:11px;}.rpwe-comment{color:#bbb;font-size:11px;padding-left:5px;}.rpwe-alignleft{display:inline;float:left;}.rpwe-alignright{display:inline;float:right;}.rpwe-aligncenter{display:block;margin-left: auto;margin-right: auto;}.rpwe-clearfix:before,.rpwe-clearfix:after{content:\"\";display:table !important;}.rpwe-clearfix:after{clear:both;}.rpwe-clearfix{zoom:1;}\n<\/style>\n\t<div id=\"panel-58503-0-0-0\" class=\"widget_text so-panel widget widget_custom_html panel-first-child panel-last-child\" data-index=\"0\" ><div class=\"textwidget custom-html-widget\"><div id=\"esprit-auth-widget-holder\" style=\"width: 329px; height: 462px; \"><div id=\"loader\"><\/div><\/div>\n    <script>\n    var show_on_demand = false;\n    !function(a,b,c,d){a._osdkAuthFn=d,a[d]=a[d]||function(){(a[d].cs=a[d].cs||[]).push(arguments)};var e=b.createElement(\"script\"),f=b.getElementsByTagName(\"script\")[0];e.async=1,e.src=c,f.parentNode.insertBefore(e,f)}(window,document,\"\/\/ostatic.espritgames.com\/auth\/js\/widget.js?v=6\",\"osdkAuthWidget\");\n\n    function osdkShowWidget() {\n        if( document.getElementById('esprit-auth-widget-holder') ) document.getElementById('esprit-auth-widget-holder').innerHTML = '<div id=\"loader\"><b style=\"display:none;\"><\/b><\/div>';\n        \n        osdkAuthWidget({\n            service: 'auth.espritgames.com',\n            holder: 'esprit-auth-widget-holder',\n            width: 329,\n            height: 462,\n            returnTo: 'https:\/\/espritgames.com\/de\/dragonborn\/',\n            downloadUrl: 'https:\/\/cdn.espritgames.ru\/download\/loader_de_e945ceebf82949e8b9ddb8b8314f9b2f.exe',\n            authNotRequired: false,\n            consumer: 'portal-de',\n            locale: 'de_DE',\n            stylesUrl: 'https:\/\/cdn.espritgames.ru\/espritgames-auth-custom\/dk-form.de.css?v=11',\n            eula: 'common'\n        });\n    }\n    if( !show_on_demand ) osdkShowWidget();\n    <\/script>\n<div class=\"pp\"><span>*Durch Dr\u00fccken auf \"Herunterladen\" akzeptierst du die Bedingungen <a href=\"https:\/\/espritgames.com\/de\/licenses\/dragonborn\">unserer Nutzungsvereinbarung<\/a> und <a href=\"https:\/\/espritgames.com\/de\/agreements\/dragonborn\">unseres \u00f6ffentlichen Angebots<\/a>.<\/span><\/div>\n     <div class=\"e-content e-content-ext\">\n         <div id=\"dk_de_psevdo_form\" class=\"psevdo_form\">\n            <img class=\"logo\" src=\"\/wp-content\/themes\/espritgames\/promo\/dk-main\/de\/DK_de_Logo.png\">\n\t\t\t\t\t  <img class=\"txt\" src=\"\/wp-content\/themes\/espritgames\/promo\/dk-main\/de\/slogan_DE.png\">\n            <a href=\"https:\/\/cdn.espritgames.ru\/download\/loader_de.exe\" class=\"play_btn\"><\/a> \n         <\/div>\n     <\/div>\n<div class=\"big_pic dk_de\">\n\t<img src=\"\/wp-content\/themes\/espritgames\/promo\/dk-main\/de\/main_image.jpg\">\n<\/div>\n<div class=\"landing_pad_block\"><\/div>\n<div class=\"e-landing\" id=\"dk_it\">\n  <div class=\"e-content\">\n\n<div class=\"e-logo\"><\/div>\n\n    <div class=\"e-text-header\"><\/div>\n    <div class=\"e-text e_text_de\">\n        <h1>Wir freuen uns, euch das beste MMORPG \"Dragonborn\" pr\u00e4sentieren zu k\u00f6nnen, das in der Kategorie \"Bestes Browsergame\" mit einem Ehrenpreis ausgezeichnet wurde.<\/h1>\n        <p class=\"e-news-ttl\">NEUIGKEITEN<\/p>\n        <div class=\"e-news_block\">\n             <div  class=\"rpwe-block \"><ul class=\"rpwe-ul\"><li class=\"rpwe-li rpwe-clearfix\"><a class=\"rpwe-img\" href=\"https:\/\/espritgames.com\/de\/dragonborn\/dragonborn-news\/events-ab-dem-06-04-goldene-kiste-und-ei-schlagen\/\"  rel=\"bookmark\"><img class=\"rpwe-alignleft rpwe-thumb\" src=\"https:\/\/p-cdn.espritgames.com\/wp-content\/uploads\/sites\/4\/2026\/03\/DB2-622x312.png\" alt=\"Events ab dem 06.04 &#8211; \u00abGoldene Kiste\u00bb und \u00abEi schlagen\u00bb\"><\/a><h3 class=\"rpwe-title\"><a href=\"https:\/\/espritgames.com\/de\/dragonborn\/dragonborn-news\/events-ab-dem-06-04-goldene-kiste-und-ei-schlagen\/\" title=\"Permalink to Events ab dem 06.04 &#8211; \u00abGoldene Kiste\u00bb und \u00abEi schlagen\u00bb\" rel=\"bookmark\">Events ab dem 06.04 &#8211; \u00abGoldene Kiste\u00bb und \u00abEi schlagen\u00bb<\/a><\/h3><time class=\"rpwe-time published\" datetime=\"2026-04-05T16:00:43+02:00\">April 5, 2026<\/time><div class=\"rpwe-summary\">Ritter! Vom 06. bis &hellip;<a href=\"https:\/\/espritgames.com\/de\/dragonborn\/dragonborn-news\/events-ab-dem-06-04-goldene-kiste-und-ei-schlagen\/\" class=\"more-link\">Next \u00bb<\/a><\/div><div class='outer_tags'>tags: <a href=\"https:\/\/espritgames.com\/de\/tag\/news\/\" rel=\"tag\">news<\/a><\/div><\/li><li class=\"rpwe-li rpwe-clearfix\"><a class=\"rpwe-img\" href=\"https:\/\/espritgames.com\/de\/dragonborn\/dragonborn-news\/events-ab-dem-03-04-grosse-schlachten-schatz-des-gottes-gluecksrad-des-geistes-und-magische-beruehrung\/\"  rel=\"bookmark\"><img class=\"rpwe-alignleft rpwe-thumb\" src=\"https:\/\/p-cdn.espritgames.com\/wp-content\/uploads\/sites\/4\/2026\/03\/DB1-622x312.png\" alt=\"Events ab dem 03.04 &#8211; \u00abGro\u00dfe Schlachten\u00bb, \u00abSchatz des Gottes\u00bb, \u00abGl\u00fccksrad des Geistes\u00bb und \u00abMagische Ber\u00fchrung\u00bb\"><\/a><h3 class=\"rpwe-title\"><a href=\"https:\/\/espritgames.com\/de\/dragonborn\/dragonborn-news\/events-ab-dem-03-04-grosse-schlachten-schatz-des-gottes-gluecksrad-des-geistes-und-magische-beruehrung\/\" title=\"Permalink to Events ab dem 03.04 &#8211; \u00abGro\u00dfe Schlachten\u00bb, \u00abSchatz des Gottes\u00bb, \u00abGl\u00fccksrad des Geistes\u00bb und \u00abMagische Ber\u00fchrung\u00bb\" rel=\"bookmark\">Events ab dem 03.04 &#8211; \u00abGro\u00dfe Schlachten\u00bb, \u00abSchatz des Gottes\u00bb, \u00abGl\u00fccksrad des Geistes\u00bb und \u00abMagische Ber\u00fchrung\u00bb<\/a><\/h3><time class=\"rpwe-time published\" datetime=\"2026-04-02T16:00:53+02:00\">April 2, 2026<\/time><div class=\"rpwe-summary\">Ritter! Vom 03. bis &hellip;<a href=\"https:\/\/espritgames.com\/de\/dragonborn\/dragonborn-news\/events-ab-dem-03-04-grosse-schlachten-schatz-des-gottes-gluecksrad-des-geistes-und-magische-beruehrung\/\" class=\"more-link\">Next \u00bb<\/a><\/div><div class='outer_tags'>tags: <a href=\"https:\/\/espritgames.com\/de\/tag\/news\/\" rel=\"tag\">news<\/a><\/div><\/li><li class=\"rpwe-li rpwe-clearfix\"><a class=\"rpwe-img\" href=\"https:\/\/espritgames.com\/de\/dragonborn\/dragonborn-news\/events-ab-dem-01-04-eine-tolle-auffuellung-geheimnisse-des-alten-schlosses-mystischer-laden-und-jagd-im-ozean-2\/\"  rel=\"bookmark\"><img class=\"rpwe-alignleft rpwe-thumb\" src=\"https:\/\/p-cdn.espritgames.com\/wp-content\/uploads\/sites\/4\/2026\/03\/DB_1-622x312.jpg\" alt=\"Events ab dem 01.04 &#8211; \u00abEine tolle Auff\u00fcllung\u00bb, \u00abGeheimnisse des alten Schlosses\u00bb, \u00abMystischer Laden\u00bb und \u00abJagd im Ozean\u00bb\"><\/a><h3 class=\"rpwe-title\"><a href=\"https:\/\/espritgames.com\/de\/dragonborn\/dragonborn-news\/events-ab-dem-01-04-eine-tolle-auffuellung-geheimnisse-des-alten-schlosses-mystischer-laden-und-jagd-im-ozean-2\/\" title=\"Permalink to Events ab dem 01.04 &#8211; \u00abEine tolle Auff\u00fcllung\u00bb, \u00abGeheimnisse des alten Schlosses\u00bb, \u00abMystischer Laden\u00bb und \u00abJagd im Ozean\u00bb\" rel=\"bookmark\">Events ab dem 01.04 &#8211; \u00abEine tolle Auff\u00fcllung\u00bb, \u00abGeheimnisse des alten Schlosses\u00bb, \u00abMystischer Laden\u00bb und \u00abJagd im Ozean\u00bb<\/a><\/h3><time class=\"rpwe-time published\" datetime=\"2026-03-31T16:00:12+02:00\">M\u00e4rz 31, 2026<\/time><div class=\"rpwe-summary\">Ritter! Vom 01. bis &hellip;<a href=\"https:\/\/espritgames.com\/de\/dragonborn\/dragonborn-news\/events-ab-dem-01-04-eine-tolle-auffuellung-geheimnisse-des-alten-schlosses-mystischer-laden-und-jagd-im-ozean-2\/\" class=\"more-link\">Next \u00bb<\/a><\/div><div class='outer_tags'>tags: <a href=\"https:\/\/espritgames.com\/de\/tag\/news\/\" rel=\"tag\">news<\/a><\/div><\/li><li class=\"rpwe-li rpwe-clearfix\"><a class=\"rpwe-img\" href=\"https:\/\/espritgames.com\/de\/dragonborn\/dragonborn-news\/event-ab-dem-30-03-schatz-der-goetter\/\"  rel=\"bookmark\"><img class=\"rpwe-alignleft rpwe-thumb\" src=\"https:\/\/p-cdn.espritgames.com\/wp-content\/uploads\/sites\/4\/2026\/03\/DB47-622x312.png\" alt=\"Event ab dem 30.03 &#8211; \u00abSchatz der G\u00f6tter\u00bb\"><\/a><h3 class=\"rpwe-title\"><a href=\"https:\/\/espritgames.com\/de\/dragonborn\/dragonborn-news\/event-ab-dem-30-03-schatz-der-goetter\/\" title=\"Permalink to Event ab dem 30.03 &#8211; \u00abSchatz der G\u00f6tter\u00bb\" rel=\"bookmark\">Event ab dem 30.03 &#8211; \u00abSchatz der G\u00f6tter\u00bb<\/a><\/h3><time class=\"rpwe-time published\" datetime=\"2026-03-29T16:00:18+02:00\">M\u00e4rz 29, 2026<\/time><div class=\"rpwe-summary\">Ritter! Vom 30. M\u00e4rz &hellip;<a href=\"https:\/\/espritgames.com\/de\/dragonborn\/dragonborn-news\/event-ab-dem-30-03-schatz-der-goetter\/\" class=\"more-link\">Next \u00bb<\/a><\/div><div class='outer_tags'>tags: <a href=\"https:\/\/espritgames.com\/de\/tag\/news\/\" rel=\"tag\">news<\/a><\/div><\/li><\/ul><\/div><!-- Generated by http:\/\/wordpress.org\/plugins\/recent-posts-widget-extended\/ -->\n        <\/div>\n        <p class=\"e-text-menu\"><a href=\"\/de\/forum\/go\/dragonborn\/\">Forum<\/a><a href=\".\/news\/\">NEUIGKEITEN<\/a><a href=\".\/guides\/\">Guides<\/a><\/p>\n\n<p>Ein Krieg kommt, wie ihn diese Welt noch nie gesehen hat! <\/p>\n\n<p>G\u00f6tter und D\u00e4monen werden in die Schlacht ziehen und der Schl\u00fcssel zum Sieg der Kr\u00e4fte des Guten ist eine Prinzessin, die Tochter des obersten Herrschers, die von den Dienern der Kr\u00e4fte der Dunkelheit entf\u00fchrt wurde.  Der Legende nach kann ein Krieger, der einst die Titanen besiegt hat, sie retten.<\/p>\n\n<a class=\"video_trl video_trl_de\" href=\"https:\/\/www.youtube.com\/watch?v=7tzovocl8P8\" target=\"_blank\" rel=\"noopener\">Ansehen den trailer<\/a>\n    <\/div>\n  <\/div>\n\n<div class=\"outer_icon_block outer_icon_block_de\">\n    <div class=\"e-content\">\n        <div class=\"icon_block\">\n            <div class=\"s_icon\">\n                <img src=\"\/wp-content\/themes\/espritgames\/promo\/dk-main\/it\/feats_ico1.png\">\n                <p>Hervorragende schrittweise Schlachten mit der M\u00f6glichkeit , f\u00fcnf F\u00e4higkeiten zu kombinieren<\/p>\n            <\/div>\n        <\/div>\n        <div class=\"icon_block\">\n            <div class=\"s_icon\">\n                <img src=\"\/wp-content\/themes\/espritgames\/promo\/dk-main\/it\/feats_ico2.png\">\n                <p>Zahlreiche Dungeons, die viele Gefahren und Sch\u00e4tze verbergen<\/p>\n            <\/div>\n        <\/div>\n        <div class=\"icon_block\">\n            <div class=\"s_icon\">\n                <img src=\"\/wp-content\/themes\/espritgames\/promo\/dk-main\/it\/feats_ico3.png\">\n                <p>Bildung einer Truppe und Verbesserung der Krieger<\/p>\n            <\/div>\n        <\/div>\n        <div class=\"icon_block\">\n            <div class=\"s_icon\">\n                <img src=\"\/wp-content\/themes\/espritgames\/promo\/dk-main\/it\/feats_ico4.png\">\n                <p>Hochzeiten st\u00e4rken nicht nur die Liebe, sondern st\u00e4rken auch den Helden<\/p>\n            <\/div>\n        <\/div>\n        <div class=\"icon_block\">\n            <div class=\"s_icon\">\n                <img src=\"\/wp-content\/themes\/espritgames\/promo\/dk-main\/it\/feats_ico5.png\">\n                <p>Arena- und Clank\u00e4mpfe<\/p>\n            <\/div>\n        <\/div>\n        <div class=\"icon_block\">\n            <div class=\"s_icon\">\n                <img src=\"\/wp-content\/themes\/espritgames\/promo\/dk-main\/it\/feats_ico6.png\">\n                <p>Die F\u00e4higkeit, Gegenst\u00e4nde zu recyceln, um neue zu erhalten<\/p>\n            <\/div>\n        <\/div>\n    <\/div>\n<\/div>\n\n   <div class=\"slider_outer\">\n       <div style=\"width: 100%; margin: 0 auto;\" class=\"ml-slider-3-7-2 ml-slider-pro-2-6-5 metaslider metaslider-flex metaslider-58598 ml-slider in-game-slider nav-hidden\">\n    \n    <div id=\"metaslider_container_58598\">\n        <div id=\"metaslider_58598\">\n            <ul class=\"slides\">\n                <li style=\"display: block; width: 100%;\" class=\"slide-58604 ms-image\"><a href=\"?esc=site_de_news\" target=\"_self\" rel=\"noopener\"><img src=\"https:\/\/p-cdn.espritgames.com\/wp-content\/uploads\/sites\/4\/2021\/07\/DK_de_screenshot_1.jpg\" height=\"545\" width=\"800\" alt=\"\" class=\"slider-58598 slide-58604\" title=\"DK_de_screenshot_1\" \/><\/a><\/li>\n                <li style=\"display: none; width: 100%;\" class=\"slide-58605 ms-image\"><a href=\"?esc=site_de_news\" target=\"_self\" rel=\"noopener\"><img src=\"https:\/\/p-cdn.espritgames.com\/wp-content\/uploads\/sites\/4\/2021\/07\/DK_de_screenshot_2.jpg\" height=\"545\" width=\"800\" alt=\"\" class=\"slider-58598 slide-58605\" title=\"DK_de_screenshot_2\" \/><\/a><\/li>\n                <li style=\"display: none; width: 100%;\" class=\"slide-58606 ms-image\"><a href=\"?esc=site_de_news\" target=\"_self\" rel=\"noopener\"><img src=\"https:\/\/p-cdn.espritgames.com\/wp-content\/uploads\/sites\/4\/2021\/07\/DK_de_screenshot_3.jpg\" height=\"545\" width=\"800\" alt=\"\" class=\"slider-58598 slide-58606\" title=\"DK_de_screenshot_3\" \/><\/a><\/li>\n                <li style=\"display: none; width: 100%;\" class=\"slide-58607 ms-image\"><a href=\"?esc=site_de_news\" target=\"_self\" rel=\"noopener\"><img src=\"https:\/\/p-cdn.espritgames.com\/wp-content\/uploads\/sites\/4\/2021\/07\/DK_de_screenshot_4.jpg\" height=\"545\" width=\"800\" alt=\"\" class=\"slider-58598 slide-58607\" title=\"DK_de_screenshot_4\" \/><\/a><\/li>\n                <li style=\"display: none; width: 100%;\" class=\"slide-58608 ms-image\"><a href=\"?esc=site_de_news\" target=\"_self\" rel=\"noopener\"><img src=\"https:\/\/p-cdn.espritgames.com\/wp-content\/uploads\/sites\/4\/2021\/07\/DK_de_screenshot_5.jpg\" height=\"545\" width=\"800\" alt=\"\" class=\"slider-58598 slide-58608\" title=\"DK_de_screenshot_5\" \/><\/a><\/li>\n            <\/ul>\n        <\/div>\n        \n    <\/div>\n<\/div>\n   <\/div>\n   <div class=\"e-outer\">\n      <div class=\"e-content\" style=\"padding-bottom: 60px;\">\n        <div class=\"e-text-ext\">\n            <p>Eine Geschichte voller Geheimnisse und Romantik wartet auf euch!<\/p>\n            <a href=\"https:\/\/cdn.espritgames.ru\/download\/loader_de.exe\" class=\"play_btn\"><\/a>\n   \t\t\t\t\t<p class=\"sub_txt\">Installiere den Launcher fur den Spielstart<\/p>\n        <\/div>\n      <\/div>\n   <\/div>\n    <div class=\"logos_block\">\n        <img class=\"par_loro\" src=\"\/wp-content\/themes\/espritgames\/promo\/dk-main\/it\/Teamtop.png\"><img class=\"par_loro\" src=\"\/wp-content\/themes\/espritgames\/promo\/dk-main\/it\/EG_Logo.png\">\n\t<\/div>\n<\/div>\n<\/div><\/div><\/div><\/div><\/div>","protected":false},"excerpt":{"rendered":"<p>*Durch Dr\u00fccken auf &#8222;Herunterladen&#8220; akzeptierst du die Bedingungen unserer Nutzungsvereinbarung und unseres \u00f6ffentlichen Angebots. Wir freuen uns, euch das beste MMORPG &#8222;Dragonborn&#8220; pr\u00e4sentieren zu k\u00f6nnen, das in der Kategorie &#8222;Bestes Browsergame&#8220; mit einem Ehrenpreis ausgezeichnet wurde. NEUIGKEITEN Events ab dem 06.04 &#8211; \u00abGoldene Kiste\u00bb und \u00abEi schlagen\u00bbApril 5, 2026Ritter! Vom 06. bis &hellip;Next \u00bbtags: newsEvents &hellip; <a href=\"https:\/\/espritgames.com\/de\/dragonborn\/\" class=\"more-link\"><span class=\"screen-reader-text\">Dragonborn New<\/span> weiterlesen <span class=\"meta-nav\">&rarr;<\/span><\/a><\/p>\n","protected":false},"author":1969676,"featured_media":0,"parent":0,"menu_order":0,"comment_status":"closed","ping_status":"closed","template":"page-templates\/landing.php","meta":[],"_links":{"self":[{"href":"https:\/\/espritgames.com\/de\/wp-json\/wp\/v2\/pages\/58503"}],"collection":[{"href":"https:\/\/espritgames.com\/de\/wp-json\/wp\/v2\/pages"}],"about":[{"href":"https:\/\/espritgames.com\/de\/wp-json\/wp\/v2\/types\/page"}],"author":[{"embeddable":true,"href":"https:\/\/espritgames.com\/de\/wp-json\/wp\/v2\/users\/1969676"}],"replies":[{"embeddable":true,"href":"https:\/\/espritgames.com\/de\/wp-json\/wp\/v2\/comments?post=58503"}],"version-history":[{"count":55,"href":"https:\/\/espritgames.com\/de\/wp-json\/wp\/v2\/pages\/58503\/revisions"}],"predecessor-version":[{"id":58702,"href":"https:\/\/espritgames.com\/de\/wp-json\/wp\/v2\/pages\/58503\/revisions\/58702"}],"wp:attachment":[{"href":"https:\/\/espritgames.com\/de\/wp-json\/wp\/v2\/media?parent=58503"}],"curies":[{"name":"wp","href":"https:\/\/api.w.org\/{rel}","templated":true}]}}