


 


						{"id":57309,"date":"2021-06-23T15:56:52","date_gmt":"2021-06-23T13:56:52","guid":{"rendered":"https:\/\/espritgames.com\/de\/?page_id=57309"},"modified":"2021-06-29T17:14:14","modified_gmt":"2021-06-29T15:14:14","slug":"bladeofkings","status":"publish","type":"page","link":"https:\/\/espritgames.com\/de\/bladeofkings\/","title":{"rendered":"Blade of Kings"},"content":{"rendered":"<div id=\"pl-57309\"  class=\"panel-layout\" ><div id=\"pg-57309-0\"  class=\"panel-grid panel-no-style\" ><div id=\"pgc-57309-0-0\"  class=\"panel-grid-cell\" ><div id=\"panel-57309-0-0-0\" class=\"widget_text so-panel widget widget_custom_html panel-first-child panel-last-child\" data-index=\"0\" ><div class=\"textwidget custom-html-widget\">\t<div class=\"bladeofkings_formouter\">\n\t\t<div class=\"psevdo_form\">\n\t\t\t<img src=\"https:\/\/p-cdn.espritgames.ru\/wp-content\/themes\/espritgames\/promo\/bok-main\/de\/BoK_de_logo.png\">\n\t\t\t<a href=\".\/go\/\" class=\"play_btn open_form\"><\/a> \n\t\t<\/div>\n\t\t\t<div id=\"esprit-auth-widget-holder\" style=\"width: 628px; height: 780px; \"><div id=\"loader\"><\/div><\/div>\n    <script>\n    var show_on_demand = false;\n    !function(a,b,c,d){a._osdkAuthFn=d,a[d]=a[d]||function(){(a[d].cs=a[d].cs||[]).push(arguments)};var e=b.createElement(\"script\"),f=b.getElementsByTagName(\"script\")[0];e.async=1,e.src=c,f.parentNode.insertBefore(e,f)}(window,document,\"\/\/ostatic.espritgames.com\/auth\/js\/widget.js?v=6\",\"osdkAuthWidget\");\n\n    function osdkShowWidget() {\n        if( document.getElementById('esprit-auth-widget-holder') ) document.getElementById('esprit-auth-widget-holder').innerHTML = '<div id=\"loader\"><b style=\"display:none;\"><\/b><\/div>';\n        \n        osdkAuthWidget({\n            service: 'auth.espritgames.com',\n            holder: 'esprit-auth-widget-holder',\n            width: 628,\n            height: 780,\n            returnTo: 'https:\/\/espritgames.com\/de\/bladeofkings\/go\/',\n            downloadUrl: '',\n            authNotRequired: false,\n            consumer: 'portal-de',\n            locale: 'de_DE',\n            stylesUrl: 'https:\/\/cdn.espritgames.ru\/espritgames-auth-custom\/bok-form_de.css?v=2',\n            eula: 'bladeofkings'\n        });\n    }\n    if( !show_on_demand ) osdkShowWidget();\n    <\/script>\n\t\t\t\t<div class=\"pp\">\t\t\t\t\n\t\t\t\t\t<span>* Durch Dr\u00fccken auf \"Spielen\" akzeptierst du die Bedingungen <a href=\"https:\/\/espritgames.com\/de\/licenses\/bladeofkings\/\">unserer Nutzungsvereinbarung<\/a> und <a href=\"https:\/\/espritgames.com\/de\/agreements\/bladeofkings\/\">unseres \u00f6ffentlichen Angebots<\/a><\/span>\n\t\t\t\t<\/div>\n\t<\/div>\n\t<div class=\"big_pic bladeofkings\">\n\t\t<div class=\"p1\"><\/div><div class=\"p2\"><\/div>\n\t\t<img src=\"https:\/\/p-cdn.espritgames.ru\/wp-content\/themes\/espritgames\/promo\/bok-main\/main_img_fon.jpg\" \/>\n\t<\/div>\n<div class=\"outer_lands\">\n\n\t<div id=\"bladeofkings\" class=\"e-landing\">\n\t<div class=\"e-content\">\n\t\t\t<div class=\"e-text\">\n\t\t\t<p class=\"e-text-menu\"> <a href=\"\/de\/forum\/go\/bladeofkings\/\">FORUM<\/a> <a href=\".\/news\/\">NEWS<\/a>  <!--<a href=\".\/guides\/\">ANLEITUNGEN<\/a>--><\/p>\n\t\t\t<p>Schwert der K\u00f6nige erz\u00e4hlt die fesselnde Geschichte einer magischen Welt. Die Spieler erleben sowohl die Drehungen und Wendungen der Handlung als auch die Strapazen und die Erfolge auf dem Kontinent hautnah mit, um schlie\u00dflich aufzusteigen und die Herrschaft zu \u00fcbernehmen!<\/p>\n\t\t\t<\/div>\n\t<\/div>\n\t\t\t<div class=\"top_pre_txt\">\u0422\u0435\u0431\u044f \u0436\u0434\u0443\u0442<\/div>\n\n\t\t\t<div class=\"outer_icon_block\">\n\t\t\t\t\t<div class=\"e-content\">\n\t\t\t\t\t\t\t<div class=\"icon_block\">\n\t\t\t\t\t\t\t\t\t<div class=\"s_icon\">\n\t\t\t\t\t\t\t\t\t\t\t<img src=\"\/wp-content\/themes\/espritgames\/promo\/bok-main\/en\/feature_icn_1.png\">\n\t\t\t\t\t\t\t\t\t\t\t<p>Bunte Grafiken und atemberaubende Animationen<\/p>\n\t\t\t\t\t\t\t\t\t<\/div>\n\t\t\t\t\t\t\t<\/div>\n\t\t\t\t\t\t\t<div class=\"icon_block\">\n\t\t\t\t\t\t\t\t\t<div class=\"s_icon\">\n\t\t\t\t\t\t\t\t\t\t\t<img src=\"\/wp-content\/themes\/espritgames\/promo\/bok-main\/en\/feature_icn_2.png\">\n\t\t\t\t\t\t\t\t\t\t\t<p>Aufregendes Gameplay<\/p>\n\t\t\t\t\t\t\t\t\t<\/div>\n\t\t\t\t\t\t\t<\/div>\n\t\t\t\t\t\t\t<div class=\"icon_block\">\n\t\t\t\t\t\t\t\t\t<div class=\"s_icon\">\n\t\t\t\t\t\t\t\t\t\t\t<img src=\"\/wp-content\/themes\/espritgames\/promo\/bok-main\/en\/feature_icn_3.png\">\n\t\t\t\t\t\t\t\t\t\t\t<p>Server\u00fcbergreifende Legionsschlachten<\/p>\n\t\t\t\t\t\t\t\t\t<\/div>\n\t\t\t\t\t\t\t<\/div>\n\t\t\t\t\t\t\t<div class=\"icon_block\">\n\t\t\t\t\t\t\t\t\t<div class=\"s_icon\">\n\t\t\t\t\t\t\t\t\t\t\t<img src=\"\/wp-content\/themes\/espritgames\/promo\/bok-main\/en\/feature_icn_4.png\">\n\t\t\t\t\t\t\t\t\t\t\t<p>Um dir Zeit zu sparen, entwickeln sich deine Charaktere selbst dann, wenn du offline bist<\/p>\n\t\t\t\t\t\t\t\t\t<\/div>\n\t\t\t\t\t\t\t<\/div>\n\t\t\t\t\t\t\t<div class=\"icon_block\">\n\t\t\t\t\t\t\t\t\t<div class=\"s_icon\">\n\t\t\t\t\t\t\t\t\t\t\t<img src=\"\/wp-content\/themes\/espritgames\/promo\/bok-main\/en\/feature_icn_5.png\">\n\t\t\t\t\t\t\t\t\t\t\t<p>Die Ressourcen werden auch dann mehr, wenn du nicht spielst. Du kannst sie nutzen, wenn du dich wieder anmeldest<\/p>\n\t\t\t\t\t\t\t\t\t<\/div>\n\t\t\t\t\t\t\t<\/div>\n\t\t\t\t\t\t\t<div class=\"icon_block\">\n\t\t\t\t\t\t\t\t\t<div class=\"s_icon\">\n\t\t\t\t\t\t\t\t\t\t\t<img src=\"\/wp-content\/themes\/espritgames\/promo\/bok-main\/en\/feature_icn_6.png\">\n\t\t\t\t\t\t\t\t\t\t\t<p>Du musst nichts herunterladen oder installieren, du kannst einfach loslegen!<\/p>\n\t\t\t\t\t\t\t\t\t<\/div>\n\t\t\t\t\t\t\t<\/div>\n\t\t\t\t\t<\/div>\n\t\t\t<\/div>\n\n\n\t<div class=\"slider_outer\">\n\t\t<div style=\"max-width: 1214px; margin: 0 auto;\" class=\"ml-slider-3-7-2 ml-slider-pro-2-6-5 metaslider metaslider-flex metaslider-57320 ml-slider nav-hidden\">\n    \n    <div id=\"metaslider_container_57320\">\n        <div id=\"metaslider_57320\">\n            <ul class=\"slides\">\n                <li style=\"display: block; width: 100%;\" class=\"slide-57340 ms-image\"><a href=\"?esc=site_de_news\" target=\"_self\" rel=\"noopener\"><img src=\"https:\/\/p-cdn.espritgames.com\/wp-content\/uploads\/sites\/4\/2021\/06\/screen_1-1.jpg\" height=\"752\" width=\"1214\" alt=\"\" class=\"slider-57320 slide-57340\" title=\"screen_1\" \/><\/a><\/li>\n                <li style=\"display: none; width: 100%;\" class=\"slide-57341 ms-image\"><a href=\"?esc=site_de_news\" target=\"_self\" rel=\"noopener\"><img src=\"https:\/\/p-cdn.espritgames.com\/wp-content\/uploads\/sites\/4\/2021\/06\/screen_2-1.jpg\" height=\"752\" width=\"1214\" alt=\"\" class=\"slider-57320 slide-57341\" title=\"screen_2\" \/><\/a><\/li>\n                <li style=\"display: none; width: 100%;\" class=\"slide-57342 ms-image\"><a href=\"?esc=site_de_news\" target=\"_self\" rel=\"noopener\"><img src=\"https:\/\/p-cdn.espritgames.com\/wp-content\/uploads\/sites\/4\/2021\/06\/screen_3-1.jpg\" height=\"752\" width=\"1214\" alt=\"\" class=\"slider-57320 slide-57342\" title=\"screen_3\" \/><\/a><\/li>\n                <li style=\"display: none; width: 100%;\" class=\"slide-57343 ms-image\"><a href=\"?esc=site_de_news\" target=\"_self\" rel=\"noopener\"><img src=\"https:\/\/p-cdn.espritgames.com\/wp-content\/uploads\/sites\/4\/2021\/06\/screen_4-1.jpg\" height=\"752\" width=\"1214\" alt=\"\" class=\"slider-57320 slide-57343\" title=\"screen_4\" \/><\/a><\/li>\n                <li style=\"display: none; width: 100%;\" class=\"slide-57344 ms-image\"><a href=\"?esc=site_de_news\" target=\"_self\" rel=\"noopener\"><img src=\"https:\/\/p-cdn.espritgames.com\/wp-content\/uploads\/sites\/4\/2021\/06\/screen_5-1.jpg\" height=\"752\" width=\"1214\" alt=\"\" class=\"slider-57320 slide-57344\" title=\"screen_5\" \/><\/a><\/li>\n            <\/ul>\n        <\/div>\n        \n    <\/div>\n<\/div>\n\t\t<a class=\"play_btn open_form\"><\/a>\n\t<\/div>\n\n\t<\/div>\n\t\n<\/div><\/div><\/div><\/div><\/div><\/div>","protected":false},"excerpt":{"rendered":"<p>* Durch Dr\u00fccken auf &#8222;Spielen&#8220; akzeptierst du die Bedingungen unserer Nutzungsvereinbarung und unseres \u00f6ffentlichen Angebots FORUM NEWS Schwert der K\u00f6nige erz\u00e4hlt die fesselnde Geschichte einer magischen Welt. Die Spieler erleben sowohl die Drehungen und Wendungen der Handlung als auch die Strapazen und die Erfolge auf dem Kontinent hautnah mit, um schlie\u00dflich aufzusteigen und die Herrschaft &hellip; <a href=\"https:\/\/espritgames.com\/de\/bladeofkings\/\" class=\"more-link\"><span class=\"screen-reader-text\">Blade of Kings<\/span> weiterlesen <span class=\"meta-nav\">&rarr;<\/span><\/a><\/p>\n","protected":false},"author":1969676,"featured_media":0,"parent":0,"menu_order":0,"comment_status":"closed","ping_status":"closed","template":"page-templates\/landing.php","meta":[],"_links":{"self":[{"href":"https:\/\/espritgames.com\/de\/wp-json\/wp\/v2\/pages\/57309"}],"collection":[{"href":"https:\/\/espritgames.com\/de\/wp-json\/wp\/v2\/pages"}],"about":[{"href":"https:\/\/espritgames.com\/de\/wp-json\/wp\/v2\/types\/page"}],"author":[{"embeddable":true,"href":"https:\/\/espritgames.com\/de\/wp-json\/wp\/v2\/users\/1969676"}],"replies":[{"embeddable":true,"href":"https:\/\/espritgames.com\/de\/wp-json\/wp\/v2\/comments?post=57309"}],"version-history":[{"count":18,"href":"https:\/\/espritgames.com\/de\/wp-json\/wp\/v2\/pages\/57309\/revisions"}],"predecessor-version":[{"id":57678,"href":"https:\/\/espritgames.com\/de\/wp-json\/wp\/v2\/pages\/57309\/revisions\/57678"}],"wp:attachment":[{"href":"https:\/\/espritgames.com\/de\/wp-json\/wp\/v2\/media?parent=57309"}],"curies":[{"name":"wp","href":"https:\/\/api.w.org\/{rel}","templated":true}]}}