


 


						{"id":55895,"date":"2021-05-26T16:25:26","date_gmt":"2021-05-26T14:25:26","guid":{"rendered":"https:\/\/espritgames.com\/de\/?page_id=55895"},"modified":"2021-06-02T15:11:30","modified_gmt":"2021-06-02T13:11:30","slug":"eternalsword","status":"publish","type":"page","link":"https:\/\/espritgames.com\/de\/eternalsword\/","title":{"rendered":"Eternal Sword."},"content":{"rendered":"<div id=\"pl-55895\"  class=\"panel-layout\" ><div id=\"pg-55895-0\"  class=\"panel-grid panel-no-style\" ><div id=\"pgc-55895-0-0\"  class=\"panel-grid-cell\" ><div id=\"panel-55895-0-0-0\" class=\"widget_text so-panel widget widget_custom_html panel-first-child panel-last-child\" data-index=\"0\" ><div class=\"textwidget custom-html-widget\"><div class=\"b1\">\n   <!--<div class=\"lp\"><\/div><div class=\"rp\"><\/div>-->\n<\/div>\n<div class=\"b2 loahf_pc\">\n\t<img class=\"top_logo\" src=\"https:\/\/welcome.espritgames.com\/wp-content\/themes\/espritgames-promo\/promo\/es-main\/img\/top_block\/logo_top.png\">\n\t<p class=\"top_txt_1\">KONTROLLIERE RAUM UND ZEIT IN EINEM BRANDNEUEN FANTASY-MMORPG<\/p>\n\t<p class=\"top_txt_2\">Du musst zur\u00fcck in die Vergangenheit reisen, um eine Katastrophe zu verhindern. Erlebe die Zeitzyklen immer wieder aufs Neue und du wirst den finsteren Gott Illusand aufhalten k\u00f6nnen!<\/p>\n\t<a href=\"https:\/\/espritgames.onelink.me\/asSb\/d8d9ac06\" class=\"dwld_btn dwld_btn_de bnt_p_open\" target=\"_blank\" rel=\"noopener\"><\/a> \n\t<p class=\"top_txt_3\"><span>Scanne den QR-Code, um die App zu laden.<\/span> <br><br>Mit der Installation dieser App erkl\u00e4rst du dich mit unseren <a href=\"https:\/\/espritgames.com\/de\/licenses\/eternalsword\/\" target=\"_blank\" rel=\"noopener\">Nutzungsbedingungen<\/a> und<br> <a href=\"https:\/\/espritgames.com\/de\/agreements\/eternalsword\/\" target=\"_blank\" rel=\"noopener\">Datenschutzrichtlinien einverstanden<\/a>.<\/p>\n\t<a class=\"android_btn android_btn_de\" href=\"https:\/\/eternalsword.onelink.me\/7PEe\/9203e1c0\" target=\"_blank\" rel=\"noopener\"><\/a>\n\t<a class=\"ios_btn ios_btn_de\" href=\"https:\/\/eternalswordlegend.onelink.me\/sHJc\/12bd4e3f\" target=\"_blank\" rel=\"noopener\"><\/a>\n<\/div>\n<div class=\"b3\">\n\t<div class=\"svch\"><\/div>\n\t<div class=\"sword\"><\/div>\n\t<div class=\"sub_ttl\">Eigenschaften des Spiels<\/div>\n\t<!--<div class=\"sub_ttl_m\">\u041d\u0430\u0433\u0440\u0430\u0434\u0430 \u0437\u0430 \u043f\u043e\u043c\u043e\u0449\u044c \u043f\u0440\u0438\u043b\u0430\u0433\u0430\u0435\u0442\u0441\u044f! * <\/div>-->\n\t<div class=\"icon icon_1\">Ein ausgekl\u00fcgeltes Klassensystem<\/div>\n\t<div class=\"icon icon_2\">Abwechslungsreiche PVP-Modi<\/div>\n\t<div class=\"icon icon_3\">Fl\u00fcgel, Reliquien, Gef\u00e4hrten ...<\/div>\n\t<div class=\"icon icon_4\">... und furchterregende Bosse!<\/div>\n<\/div>\n<div class=\"b5\">\n\t\t<p>Was ist das Ged\u00e4chtnis? Es speichert nur die farbenfrohesten und eindrucksvollsten Bilder. Doch die Welt ist nicht so einfach ... Du musst das Unm\u00f6gliche m\u00f6glich machen: die Zeit zur\u00fcckdrehen und die Zukunft ver\u00e4ndern.<\/p>\n\t\t<p>Erlebe die Vergangenheit erneut, um nach den fehlenden Teilen zu suchen, Zyklus f\u00fcr Zyklus. Ver\u00e4ndere den Lauf der Zeit und rette die Welt vor der Zerst\u00f6rung!<\/p>\n\t\t<div class=\"outer_video\">\n\t\t\t<iframe width=\"812\" height=\"456\" src=\"https:\/\/www.youtube.com\/embed\/Ck1ZH-xc5FQ?controls=0&?VQ=HD1080\" title=\"Eternal Sword - Official Trailer\" frameborder=\"0\" allow=\"accelerometer; autoplay; clipboard-write; encrypted-media; gyroscope; picture-in-picture\" allowfullscreen><\/iframe>\n\t\t<\/div>\n\t\t<!--<p class=\"android_ttl\">Anrdoid-\u0432\u0435\u0440\u0441\u0438\u044f \u0443\u0436\u0435 \u0434\u043e\u0441\u0442\u0443\u043f\u043d\u0430 \u0432\u0441\u0435\u043c \u0438\u0433\u0440\u043e\u043a\u0430\u043c<\/p>-->\n\t<a class=\"android_btn android_btn_de\" href=\"https:\/\/eternalsword.onelink.me\/7PEe\/9203e1c0\" target=\"_blank\" rel=\"noopener\"><\/a>\n\t<a class=\"ios_btn ios_btn_de\" href=\"https:\/\/eternalswordlegend.onelink.me\/sHJc\/12bd4e3f\" target=\"_blank\" rel=\"noopener\"><\/a>\n\t  <!--<img class=\"eg_logo_bottom\" src=\"https:\/\/p-cdn.espritgames.ru\/wp-content\/themes\/espritgames\/promo\/loahf-main\/img\/esprit_logo.png\">\n\t  <p class=\"eg_txt_bottom\">\u0418\u0413\u0420\u041e\u0412\u041e\u0419 \u041f\u041e\u0420\u0422\u0410\u041b ESPRIT GAMES LLC \u00a9 2014 \u2013 [year_now]<\/p>\n\t  <img class=\"footer_16\" src=\"https:\/\/p-cdn.espritgames.ru\/wp-content\/themes\/espritgames\/img\/main\/com\/16+.png\">-->\n<\/div><\/div><\/div><\/div><\/div><\/div>","protected":false},"excerpt":{"rendered":"<p>KONTROLLIERE RAUM UND ZEIT IN EINEM BRANDNEUEN FANTASY-MMORPG Du musst zur\u00fcck in die Vergangenheit reisen, um eine Katastrophe zu verhindern. Erlebe die Zeitzyklen immer wieder aufs Neue und du wirst den finsteren Gott Illusand aufhalten k\u00f6nnen! Scanne den QR-Code, um die App zu laden. Mit der Installation dieser App erkl\u00e4rst du dich mit unseren Nutzungsbedingungen &hellip; <a href=\"https:\/\/espritgames.com\/de\/eternalsword\/\" class=\"more-link\"><span class=\"screen-reader-text\">Eternal Sword.<\/span> weiterlesen <span class=\"meta-nav\">&rarr;<\/span><\/a><\/p>\n","protected":false},"author":1969676,"featured_media":0,"parent":0,"menu_order":0,"comment_status":"closed","ping_status":"closed","template":"page-templates\/landing.php","meta":[],"_links":{"self":[{"href":"https:\/\/espritgames.com\/de\/wp-json\/wp\/v2\/pages\/55895"}],"collection":[{"href":"https:\/\/espritgames.com\/de\/wp-json\/wp\/v2\/pages"}],"about":[{"href":"https:\/\/espritgames.com\/de\/wp-json\/wp\/v2\/types\/page"}],"author":[{"embeddable":true,"href":"https:\/\/espritgames.com\/de\/wp-json\/wp\/v2\/users\/1969676"}],"replies":[{"embeddable":true,"href":"https:\/\/espritgames.com\/de\/wp-json\/wp\/v2\/comments?post=55895"}],"version-history":[{"count":31,"href":"https:\/\/espritgames.com\/de\/wp-json\/wp\/v2\/pages\/55895\/revisions"}],"predecessor-version":[{"id":56305,"href":"https:\/\/espritgames.com\/de\/wp-json\/wp\/v2\/pages\/55895\/revisions\/56305"}],"wp:attachment":[{"href":"https:\/\/espritgames.com\/de\/wp-json\/wp\/v2\/media?parent=55895"}],"curies":[{"name":"wp","href":"https:\/\/api.w.org\/{rel}","templated":true}]}}