


 


						{"id":4714,"date":"2018-05-30T13:12:08","date_gmt":"2018-05-30T11:12:08","guid":{"rendered":"https:\/\/espritgames.com\/de\/?page_id=4714"},"modified":"2020-07-01T10:59:00","modified_gmt":"2020-07-01T08:59:00","slug":"drachenherr-1","status":"publish","type":"page","link":"https:\/\/espritgames.com\/de\/drachenherr-1\/","title":{"rendered":"Der Herr der Drachen"},"content":{"rendered":"<div id=\"pl-4714\"  class=\"panel-layout\" ><div id=\"pg-4714-0\"  class=\"panel-grid panel-no-style\" ><div id=\"pgc-4714-0-0\"  class=\"panel-grid-cell\" ><div id=\"panel-4714-0-0-0\" class=\"widget_text so-panel widget widget_custom_html panel-first-child panel-last-child\" data-index=\"0\" ><div class=\"textwidget custom-html-widget\"><div class=\"e-landing\" id=\"dragonlord-de\">\n  <div class=\"e-content\">\n\n<div class=\"e-logo\"><img src=\"https:\/\/p-cdn.espritgames.com\/wp-content\/uploads\/sites\/4\/2018\/05\/HdD_ger_logo.png\" \/><\/div>\n\n<div id=\"osdk-auth-widget-holder\" style=\"width: 329px; height: 620px; margin: 0 10px 25px 586px;\"><div id=\"loader\"><\/div><\/div>\n    <script>\n    var show_on_demand = false;\n    !function(a,b,c,d){a._osdkAuthFn=d,a[d]=a[d]||function(){(a[d].cs=a[d].cs||[]).push(arguments)};var e=b.createElement(\"script\"),f=b.getElementsByTagName(\"script\")[0];e.async=1,e.src=c,f.parentNode.insertBefore(e,f)}(window,document,\"\/\/ostatic.espritgames.com\/auth\/js\/widget.js?v=6\",\"osdkAuthWidget\");\n\n    function osdkShowWidget() {\n        if( document.getElementById('osdk-auth-widget-holder') ) document.getElementById('osdk-auth-widget-holder').innerHTML = '<div id=\"loader\"><b style=\"display:none;\"><\/b><\/div>';\n        \n        osdkAuthWidget({\n            service: 'auth.espritgames.com',\n            holder: 'osdk-auth-widget-holder',\n            width: 329,\n            height: 620,\n            returnTo: 'https:\/\/espritgames.com\/de\/drachenherr\/go\/',\n            downloadUrl: '',\n            authNotRequired: false,\n            consumer: 'portal-de',\n            locale: 'de_DE',\n            stylesUrl: 'https:\/\/cdn.espritgames.ru\/espritgames-auth-custom\/dl-form.nologo.de.css?v=1.21',\n            eula: 'drachenherr'\n        });\n    }\n    if( !show_on_demand ) osdkShowWidget();\n    <\/script>\n\n    <div class=\"e-text-header\"><\/div>\n    <div class=\"e-text\">\n      <h1>Der Herr der Drachen<\/h1>\n        <p class=\"e-text-menu\"><a href=\".\/go\/\">Play<\/a>, <a href=\".\/news\/\">Neuigkeiten<\/a>, <a href=\"\/de\/forum\/go\/drachenherr\/\">Forum<\/a>, <a href=\"\/de\/support\/\">Support<\/a><\/p>\n\n<p>D\u00fcstere Zeiten der Unruhe und Zerst\u00f6rung sind angebrochen. Der Herr der d\u00fcsteren Drachen herrscht \u00fcber den Kontinent und verbreitet Schrecken unter den friedlichen Bewohnern! Errichte die Hauptstadt deines K\u00f6nigreichs, stelle eine m\u00e4chtige Truppe zusammen, schlie\u00dfe dich mit Verb\u00fcndeten zusammen und zerst\u00f6re das Imperium, indem du die Magie und Macht der von dir bezwungenen Kreaturen verwendest!<\/p>\n\t\n<p>Z\u00e4hme m\u00e4chtige Drachen im neuen dynamischen Online-Spiel Dragon Lord, in dem Orks, Elfen, Menschen und Drachen um die Herrschaft eines riesigen Kontinents k\u00e4mpfen!<\/p>\n\n<ul>\n<li>K\u00e4mpfe gegen Orks, Elfen und Drachen!<\/li>\n<li>Heuere erfahrene Helden f\u00fcr deine Truppe an \u2013 von der bissigen Hexe bis zum feurigen D\u00e4mon!<\/li>\n<li>Errichte eine noble Stadt zum Neid der Feinde!<\/li>\n<li>K\u00e4mpfe mit todbringenden Fertigkeiten!<\/li>\n<li>Z\u00e4hme Pferde und Drachen \u2013 Die Gewalt von Eis, Feuer und Erde hat sich in den m\u00e4chtigen Kreaturen vereint!<\/li>\n<li>Stelle einzigartige Waffen in der Schmiede her!<\/li>\n<li>Verb\u00fcnde dich mit deinen Freunden zu einem Klan und nehme an bedeutenden Ereignissen teil!<\/li>\n<li>K\u00e4mpfe gegen andere Spieler in der PvP-Arena!<\/li>\n<\/ul>\n\n<div style=\"width: 100%; margin: 0 auto;\" class=\"ml-slider-3-7-2 ml-slider-pro-2-6-5 metaslider metaslider-flex metaslider-4736 ml-slider in-game-slider nav-hidden\">\n    <style type=\"text\/css\" id=\"metaslider-css-4736\">\n        #metaslider_4736.flexslider .slides li {margin-right: 10px !important;}\n \n\t.metaslider-4736 .flexslider .flex-control-paging li a,\n\t.metaslider-4736 .flexslider .flex-control-paging li a:hover {\n\t\tpadding: 0;\n\t\tbox-shadow: none;\n\t\ttext-indent: -9999px;\n\t\tborder-style: solid;\n\t\tdisplay: inline-block;\n\t\tborder-color: rgba(0,0,0,1);\n\t\tborder-radius: 10px;\n\t\t-webkit-border-radius: 10px;\n\t\t-moz-border-radius: 10px;\n\t\tborder-width: 0px;\n\t\tborder: 0px solid rgba(0,0,0,1);\n\t\tline-height: 12px;\n\t\twidth: 12px;\n\t\theight: 12px;\n\t\tmargin: 0 4px;\n\t\tbackground: rgb(0,0,0);\n\t\tbackground: rgba(0,0,0,0.5);\n\t\tbackground: -webkit-gradient(linear, 0% 0%, 0% 100%, from(rgba(0,0,0,0.5)), to(rgba(0,0,0,0.5)));\n\t\tbackground: -webkit-linear-gradient(top, rgba(0,0,0,0.5), rgba(0,0,0,0.5));\n\t\tbackground: -moz-linear-gradient(top, rgba(0,0,0,0.5), rgba(0,0,0,0.5));\n\t\tbackground: -ms-linear-gradient(top, rgba(0,0,0,0.5), rgba(0,0,0,0.5));\n\t\tbackground: -o-linear-gradient(top, rgba(0,0,0,0.5), rgba(0,0,0,0.5));\n\t\tbackground: linear-gradient(top, rgba(0,0,0,0.5), rgba(0,0,0,0.5));\n\t}\n\n\t.metaslider-4736 .flexslider .flex-control-paging li {\n\t\tmargin: 0;\n\t\ttext-indent: 0;\n\t\twidth: auto;\n\t}\n\n\t.metaslider-4736 .flexslider .flex-control-paging li a.flex-active {\n\t\tborder: 0px solid rgba(0,0,0,1);\n\t\tbackground: rgb(0,0,0);\n\t\tbackground: rgba(0,0,0,1);\n\t\tbackground: -webkit-gradient(linear, 0% 0%, 0% 100%, from(rgba(0,0,0,1)), to(rgba(0,0,0,1)));\n\t\tbackground: -webkit-linear-gradient(top, rgba(0,0,0,1), rgba(0,0,0,1));\n\t\tbackground: -moz-linear-gradient(top, rgba(0,0,0,1), rgba(0,0,0,1));\n\t\tbackground: -ms-linear-gradient(top, rgba(0,0,0,1), rgba(0,0,0,1));\n\t\tbackground: -o-linear-gradient(top, rgba(0,0,0,1), rgba(0,0,0,1));\n\t\tbackground: linear-gradient(top, rgba(0,0,0,1), rgba(0,0,0,1));\n\t}\n\n\t.metaslider-4736 .flexslider .flex-control-paging {\n\t\tline-height: 12px;\n\t\tz-index: 99;\n\t\tpadding: 0;\n\t\ttext-align: left;\n\t\tmargin: 10px 0px;\n\t\twidth: 100%;\n\t\ttop: auto;\n\t\tright: auto;\n\t\tbottom: auto;\n\t\tleft: auto;\n\t\tposition: absolute;\n\t\ttext-align: center;\n\t}\n \n\t.metaslider-4736 .flexslider .caption-wrap {\n\t\topacity: 1;\n\t\tmargin: 0px 0px;\n\t\tcolor: rgba(255,255,255,1);\n\t\tbackground: rgb(0,0,0);\n\t\tbackground: rgba(0,0,0,0.7);\n\t\twidth: 100%;\n\t\ttop: auto;\n\t\tright: auto;\n\t\tbottom: 0;\n\t\tleft: 0;\n\t\tclear: none;\n\t\tposition: absolute;\n\t\tborder-radius: 0px;\n\t\t-webkit-border-radius: 0px;\n\t\t-moz-border-radius: 0px;\n\t}\n \n\t.metaslider-4736 .flexslider .flex-direction-nav .flex-prev {\n\t\tbackground: transparent url(https:\/\/espritgames.com\/de\/wp-content\/plugins\/ml-slider-pro\/modules\/theme_editor\/assets\/arrows\/green.png) 0 -498px no-repeat;\n\t\tmargin-top: -17px;\n\t\twidth: 34px;\n\t\theight: 34px;\n\t\topacity: 0;\n\t\tleft: 0px;\n\t\tpadding: 0;\n\t}\n\n\t.metaslider-4736 .flexslider .flex-direction-nav .flex-next {\n\t\tbackground: transparent url(https:\/\/espritgames.com\/de\/wp-content\/plugins\/ml-slider-pro\/modules\/theme_editor\/assets\/arrows\/green.png) 100% -498px no-repeat;\n\t\tmargin-top: -17px;\n\t\twidth: 34px;\n\t\theight: 34px;\n\t\topacity: 0;\n\t\tright: 0px;\n\t\tpadding: 0;\n\t}\n\n\t.metaslider-4736 .flexslider:hover .flex-direction-nav .flex-prev {\n\t\tleft: 5px;\n\t\topacity: 0.9;\n\t}\n\n\t.metaslider-4736 .flexslider:hover .flex-direction-nav .flex-next {\n\t\tright: 5px;\n\t\topacity: 0.9;\n\t}\n\n\t.metaslider-4736 {\n\t\tmargin-bottom: 32px;\n\t}\n\n    <\/style>\n    <div id=\"metaslider_container_4736\">\n        <div id=\"metaslider_4736\">\n            <ul class=\"slides\">\n                <li style=\"display: none; width: 100%;\" class=\"slide-4798 ms-image\"><a href=\"?esc=site_de_news\" target=\"_self\" rel=\"noopener\"><img src=\"https:\/\/p-cdn.espritgames.com\/wp-content\/uploads\/sites\/4\/2018\/06\/HdD_ger_scrn_702x435_6.jpg\" height=\"435\" width=\"702\" alt=\"\" class=\"slider-4736 slide-4798\" title=\"HdD_ger_scrn_702x435_6\" \/><\/a><\/li>\n                <li style=\"display: none; width: 100%;\" class=\"slide-4799 ms-image\"><a href=\"?esc=site_de_news\" target=\"_self\" rel=\"noopener\"><img src=\"https:\/\/p-cdn.espritgames.com\/wp-content\/uploads\/sites\/4\/2018\/06\/HdD_ger_scrn_702x435_5.jpg\" height=\"435\" width=\"702\" alt=\"\" class=\"slider-4736 slide-4799\" title=\"HdD_ger_scrn_702x435_5\" \/><\/a><\/li>\n                <li style=\"display: none; width: 100%;\" class=\"slide-4800 ms-image\"><a href=\"?esc=site_de_news\" target=\"_self\" rel=\"noopener\"><img src=\"https:\/\/p-cdn.espritgames.com\/wp-content\/uploads\/sites\/4\/2018\/06\/HdD_ger_scrn_702x435_4.jpg\" height=\"435\" width=\"702\" alt=\"\" class=\"slider-4736 slide-4800\" title=\"HdD_ger_scrn_702x435_4\" \/><\/a><\/li>\n                <li style=\"display: none; width: 100%;\" class=\"slide-4801 ms-image\"><a href=\"?esc=site_de_news\" target=\"_self\" rel=\"noopener\"><img src=\"https:\/\/p-cdn.espritgames.com\/wp-content\/uploads\/sites\/4\/2018\/06\/HdD_ger_scrn_702x435_3.jpg\" height=\"435\" width=\"702\" alt=\"\" class=\"slider-4736 slide-4801\" title=\"HdD_ger_scrn_702x435_3\" \/><\/a><\/li>\n                <li style=\"display: none; width: 100%;\" class=\"slide-4802 ms-image\"><a href=\"?esc=site_de_news\" target=\"_self\" rel=\"noopener\"><img src=\"https:\/\/p-cdn.espritgames.com\/wp-content\/uploads\/sites\/4\/2018\/06\/HdD_ger_scrn_702x435_2.jpg\" height=\"435\" width=\"702\" alt=\"\" class=\"slider-4736 slide-4802\" title=\"HdD_ger_scrn_702x435_2\" \/><\/a><\/li>\n                <li style=\"display: none; width: 100%;\" class=\"slide-4803 ms-image\"><a href=\"?esc=site_de_news\" target=\"_self\" rel=\"noopener\"><img src=\"https:\/\/p-cdn.espritgames.com\/wp-content\/uploads\/sites\/4\/2018\/06\/HdD_ger_scrn_702x435_1.jpg\" height=\"435\" width=\"702\" alt=\"\" class=\"slider-4736 slide-4803\" title=\"HdD_ger_scrn_702x435_1\" \/><\/a><\/li>\n            <\/ul>\n        <\/div>\n        \n    <\/div>\n<\/div>\n\n    <\/div>\n  <\/div>\n<\/div><\/div><\/div><\/div><\/div><\/div>","protected":false},"excerpt":{"rendered":"<p>Der Herr der Drachen Play, Neuigkeiten, Forum, Support D\u00fcstere Zeiten der Unruhe und Zerst\u00f6rung sind angebrochen. Der Herr der d\u00fcsteren Drachen herrscht \u00fcber den Kontinent und verbreitet Schrecken unter den friedlichen Bewohnern! Errichte die Hauptstadt deines K\u00f6nigreichs, stelle eine m\u00e4chtige Truppe zusammen, schlie\u00dfe dich mit Verb\u00fcndeten zusammen und zerst\u00f6re das Imperium, indem du die Magie &hellip; <a href=\"https:\/\/espritgames.com\/de\/drachenherr-1\/\" class=\"more-link\"><span class=\"screen-reader-text\">Der Herr der Drachen<\/span> weiterlesen <span class=\"meta-nav\">&rarr;<\/span><\/a><\/p>\n","protected":false},"author":132166,"featured_media":0,"parent":0,"menu_order":0,"comment_status":"closed","ping_status":"closed","template":"page-templates\/landing.php","meta":[],"_links":{"self":[{"href":"https:\/\/espritgames.com\/de\/wp-json\/wp\/v2\/pages\/4714"}],"collection":[{"href":"https:\/\/espritgames.com\/de\/wp-json\/wp\/v2\/pages"}],"about":[{"href":"https:\/\/espritgames.com\/de\/wp-json\/wp\/v2\/types\/page"}],"author":[{"embeddable":true,"href":"https:\/\/espritgames.com\/de\/wp-json\/wp\/v2\/users\/132166"}],"replies":[{"embeddable":true,"href":"https:\/\/espritgames.com\/de\/wp-json\/wp\/v2\/comments?post=4714"}],"version-history":[{"count":32,"href":"https:\/\/espritgames.com\/de\/wp-json\/wp\/v2\/pages\/4714\/revisions"}],"predecessor-version":[{"id":32437,"href":"https:\/\/espritgames.com\/de\/wp-json\/wp\/v2\/pages\/4714\/revisions\/32437"}],"wp:attachment":[{"href":"https:\/\/espritgames.com\/de\/wp-json\/wp\/v2\/media?parent=4714"}],"curies":[{"name":"wp","href":"https:\/\/api.w.org\/{rel}","templated":true}]}}