


 


						{"id":46421,"date":"2021-01-20T15:43:21","date_gmt":"2021-01-20T14:43:21","guid":{"rendered":"https:\/\/espritgames.com\/de\/?page_id=46421"},"modified":"2021-10-06T10:27:15","modified_gmt":"2021-10-06T08:27:15","slug":"leagueofangels3","status":"publish","type":"page","link":"https:\/\/espritgames.com\/de\/leagueofangels3\/","title":{"rendered":"League of Angels 3 New"},"content":{"rendered":"<div id=\"pl-46421\"  class=\"panel-layout\" ><div id=\"pg-46421-0\"  class=\"panel-grid panel-no-style\" ><div id=\"pgc-46421-0-0\"  class=\"panel-grid-cell\" ><div id=\"panel-46421-0-0-0\" class=\"widget_text so-panel widget widget_custom_html panel-first-child panel-last-child\" data-index=\"0\" ><div class=\"widget_text loa3_new_back panel-widget-style panel-widget-style-for-46421-0-0-0\" ><div class=\"textwidget custom-html-widget\"><div class=\"big_pic loa3_new\"><\/div>\n<div id=\"loa3_new\" class=\"e-landing\">\n\t<div class=\"e-content\">\n\t\t<div class=\"e-logo e_logo_de\"><\/div>\n\t\t<a href=\"https:\/\/cdn.espritgames.ru\/download\/loader_de.exe\" download=\"\" class=\"play_btn play_btn_de play_btn_instr\"><\/a>\n\t\t<!--[osdk_auth_widget holder_id='esprit-auth-widget-holder' width=628 height=780 return_to='https:\/\/espritgames.com\/leagueofangels3\/go\/' consumer='portal-com' locale='en_US' styles_url='https:\/\/cdn.espritgames.ru\/espritgames-auth-custom\/loa-form_en.css?v=1.3' eula=\"leagueofangels3\" holder_css='margin: 0px 10px 25px 490px;']-->\n\t\t<div class=\"e-text-header e_text_header_de\"><\/div>\n\t\t<div class=\"e-text\">\n\t\t\t<a href=\"https:\/\/cdn.espritgames.ru\/download\/loader_de.exe\" download=\"\" class=\"play_btn play_btn_de play_btn_instr\"><\/a>\n\t\t\t<!--<h1>League of Angels 3<\/h1>-->\n\t\t\t<p class=\"e-text-menu\"><a class=\"play_btn_instr\" href=\"https:\/\/cdn.espritgames.ru\/download\/loader_de.exe\">Launcher herunterladen und spielen<\/a> <a href=\".\/news\/\">Neuigkeiten<\/a> <a href=\".\/guides\/\">F\u00fchrung<\/a><\/p>\n\t\t\t\t<p>League of Angels 3 ist eine w\u00fcrdige Fortsetzung, die ihre Vorg\u00e4nger in jeder Hinsicht \u00fcberbietet!<\/p>\n\n\t\t\t\t<p>Du musst zur\u00fcckkehren in die Fantasywelt von Elysium, in der ein blutiger Krieg zwischen Engeln und Schwarzen Drachen w\u00fctet. In dem verzweifelten Versuch, den Feind aufzuhalten, wirst du zur\u00fcck in die Vergangenheit geschickt. Dort musst du m\u00e4chtige Artefakte finden, die der Armee himmlischer Krieger helfen werden, die Drachen zu besiegen.<\/p>\n\n\t\t\t\t<p class=\"gf_txt\">Spiel-Features:<\/p>\n\n\t\t\t\t<ul>\n\t\t\t\t<li>Spannende Story-Kampagne!<\/li>\n\t\t\t\t<li>Ein umfassendes System der Charakterentwicklung!<\/li>\n\t\t\t\t<li>Du kannst jederzeit zwischen den Klassen wechseln!<\/li>\n\t\t\t\t<li>Tu dich mit Freunden zusammen und nimm an Gildenkriegen teil!<\/li>\n\t\t\t\t<li>Tritt in server\u00fcbergreifenden K\u00e4mpfen gegen andere Spieler an!<\/li>\n\t\t\t\t<li>Stelle das ultimative Heldenteam zusammen und bek\u00e4mpfe die M\u00e4chte des B\u00f6sen!<\/li>\n\t\t\t\t<\/ul>\n\t\t<\/div>\n\t<\/div>\n\t<div class=\"slider_outer\"><div style=\"width: 100%; margin: 0 auto;\" class=\"ml-slider-3-7-2 ml-slider-pro-2-6-5 metaslider metaslider-flex metaslider-19213 ml-slider in-game-slider nav-hidden\">\n    <style type=\"text\/css\" id=\"metaslider-css-19213\">\n        #metaslider_19213.flexslider .slides li {margin-right: 10px !important;}\n \n\t.metaslider-19213 .flexslider .flex-control-paging li a,\n\t.metaslider-19213 .flexslider .flex-control-paging li a:hover {\n\t\tpadding: 0;\n\t\tbox-shadow: none;\n\t\ttext-indent: -9999px;\n\t\tborder-style: solid;\n\t\tdisplay: inline-block;\n\t\tborder-color: rgba(0,0,0,1);\n\t\tborder-radius: 10px;\n\t\t-webkit-border-radius: 10px;\n\t\t-moz-border-radius: 10px;\n\t\tborder-width: 0px;\n\t\tborder: 0px solid rgba(0,0,0,1);\n\t\tline-height: 12px;\n\t\twidth: 12px;\n\t\theight: 12px;\n\t\tmargin: 0 4px;\n\t\tbackground: rgb(0,0,0);\n\t\tbackground: rgba(0,0,0,0.5);\n\t\tbackground: -webkit-gradient(linear, 0% 0%, 0% 100%, from(rgba(0,0,0,0.5)), to(rgba(0,0,0,0.5)));\n\t\tbackground: -webkit-linear-gradient(top, rgba(0,0,0,0.5), rgba(0,0,0,0.5));\n\t\tbackground: -moz-linear-gradient(top, rgba(0,0,0,0.5), rgba(0,0,0,0.5));\n\t\tbackground: -ms-linear-gradient(top, rgba(0,0,0,0.5), rgba(0,0,0,0.5));\n\t\tbackground: -o-linear-gradient(top, rgba(0,0,0,0.5), rgba(0,0,0,0.5));\n\t\tbackground: linear-gradient(top, rgba(0,0,0,0.5), rgba(0,0,0,0.5));\n\t}\n\n\t.metaslider-19213 .flexslider .flex-control-paging li {\n\t\tmargin: 0;\n\t\ttext-indent: 0;\n\t\twidth: auto;\n\t}\n\n\t.metaslider-19213 .flexslider .flex-control-paging li a.flex-active {\n\t\tborder: 0px solid rgba(0,0,0,1);\n\t\tbackground: rgb(0,0,0);\n\t\tbackground: rgba(0,0,0,1);\n\t\tbackground: -webkit-gradient(linear, 0% 0%, 0% 100%, from(rgba(0,0,0,1)), to(rgba(0,0,0,1)));\n\t\tbackground: -webkit-linear-gradient(top, rgba(0,0,0,1), rgba(0,0,0,1));\n\t\tbackground: -moz-linear-gradient(top, rgba(0,0,0,1), rgba(0,0,0,1));\n\t\tbackground: -ms-linear-gradient(top, rgba(0,0,0,1), rgba(0,0,0,1));\n\t\tbackground: -o-linear-gradient(top, rgba(0,0,0,1), rgba(0,0,0,1));\n\t\tbackground: linear-gradient(top, rgba(0,0,0,1), rgba(0,0,0,1));\n\t}\n\n\t.metaslider-19213 .flexslider .flex-control-paging {\n\t\tline-height: 12px;\n\t\tz-index: 99;\n\t\tpadding: 0;\n\t\ttext-align: left;\n\t\tmargin: 10px 0px;\n\t\twidth: 100%;\n\t\ttop: auto;\n\t\tright: auto;\n\t\tbottom: auto;\n\t\tleft: auto;\n\t\tposition: absolute;\n\t\ttext-align: center;\n\t}\n \n\t.metaslider-19213 .flexslider .caption-wrap {\n\t\topacity: 1;\n\t\tmargin: 0px 0px;\n\t\tcolor: rgba(255,255,255,1);\n\t\tbackground: rgb(0,0,0);\n\t\tbackground: rgba(0,0,0,0.7);\n\t\twidth: 100%;\n\t\ttop: auto;\n\t\tright: auto;\n\t\tbottom: 0;\n\t\tleft: 0;\n\t\tclear: none;\n\t\tposition: absolute;\n\t\tborder-radius: 0px;\n\t\t-webkit-border-radius: 0px;\n\t\t-moz-border-radius: 0px;\n\t}\n \n\t.metaslider-19213 .flexslider .flex-direction-nav .flex-prev {\n\t\tbackground: transparent url(https:\/\/espritgames.com\/de\/wp-content\/plugins\/ml-slider-pro\/modules\/theme_editor\/assets\/arrows\/green.png) 0 -498px no-repeat;\n\t\tmargin-top: -17px;\n\t\twidth: 34px;\n\t\theight: 34px;\n\t\topacity: 0;\n\t\tleft: 0px;\n\t\tpadding: 0;\n\t}\n\n\t.metaslider-19213 .flexslider .flex-direction-nav .flex-next {\n\t\tbackground: transparent url(https:\/\/espritgames.com\/de\/wp-content\/plugins\/ml-slider-pro\/modules\/theme_editor\/assets\/arrows\/green.png) 100% -498px no-repeat;\n\t\tmargin-top: -17px;\n\t\twidth: 34px;\n\t\theight: 34px;\n\t\topacity: 0;\n\t\tright: 0px;\n\t\tpadding: 0;\n\t}\n\n\t.metaslider-19213 .flexslider:hover .flex-direction-nav .flex-prev {\n\t\tleft: 5px;\n\t\topacity: 0.9;\n\t}\n\n\t.metaslider-19213 .flexslider:hover .flex-direction-nav .flex-next {\n\t\tright: 5px;\n\t\topacity: 0.9;\n\t}\n\n\t.metaslider-19213 {\n\t\tmargin-bottom: 32px;\n\t}\n\n    <\/style>\n    <div id=\"metaslider_container_19213\">\n        <div id=\"metaslider_19213\">\n            <ul class=\"slides\">\n                <li style=\"display: none; width: 100%;\" class=\"slide-19219 ms-image\"><a href=\"?esc=site_de_news\" target=\"_self\" rel=\"noopener\"><img src=\"https:\/\/p-cdn.espritgames.com\/wp-content\/uploads\/sites\/4\/2019\/07\/LoA3_scrnDE_land1.jpg\" height=\"595\" width=\"960\" alt=\"\" class=\"slider-19213 slide-19219\" title=\"LoA3_scrnDE_land1\" \/><\/a><\/li>\n                <li style=\"display: none; width: 100%;\" class=\"slide-19220 ms-image\"><a href=\"?esc=site_de_news\" target=\"_self\" rel=\"noopener\"><img src=\"https:\/\/p-cdn.espritgames.com\/wp-content\/uploads\/sites\/4\/2019\/07\/LoA3_scrnDE_land2.jpg\" height=\"595\" width=\"960\" alt=\"\" class=\"slider-19213 slide-19220\" title=\"LoA3_scrnDE_land2\" \/><\/a><\/li>\n                <li style=\"display: none; width: 100%;\" class=\"slide-19221 ms-image\"><a href=\"?esc=site_de_news\" target=\"_self\" rel=\"noopener\"><img src=\"https:\/\/p-cdn.espritgames.com\/wp-content\/uploads\/sites\/4\/2019\/07\/LoA3_scrnDE_land3.jpg\" height=\"595\" width=\"960\" alt=\"\" class=\"slider-19213 slide-19221\" title=\"LoA3_scrnDE_land3\" \/><\/a><\/li>\n                <li style=\"display: none; width: 100%;\" class=\"slide-19222 ms-image\"><a href=\"?esc=site_de_news\" target=\"_self\" rel=\"noopener\"><img src=\"https:\/\/p-cdn.espritgames.com\/wp-content\/uploads\/sites\/4\/2019\/07\/LoA3_scrnDE_land4.jpg\" height=\"595\" width=\"960\" alt=\"\" class=\"slider-19213 slide-19222\" title=\"LoA3_scrnDE_land4\" \/><\/a><\/li>\n                <li style=\"display: none; width: 100%;\" class=\"slide-19223 ms-image\"><a href=\"?esc=site_de_news\" target=\"_self\" rel=\"noopener\"><img src=\"https:\/\/p-cdn.espritgames.com\/wp-content\/uploads\/sites\/4\/2019\/07\/LoA3_scrnDE_land5.jpg\" height=\"595\" width=\"960\" alt=\"\" class=\"slider-19213 slide-19223\" title=\"LoA3_scrnDE_land5\" \/><\/a><\/li>\n            <\/ul>\n        <\/div>\n        \n    <\/div>\n<\/div><\/div>\n<\/div><\/div><\/div><\/div><\/div><\/div><\/div>","protected":false},"excerpt":{"rendered":"<p>Launcher herunterladen und spielen Neuigkeiten F\u00fchrung League of Angels 3 ist eine w\u00fcrdige Fortsetzung, die ihre Vorg\u00e4nger in jeder Hinsicht \u00fcberbietet! Du musst zur\u00fcckkehren in die Fantasywelt von Elysium, in der ein blutiger Krieg zwischen Engeln und Schwarzen Drachen w\u00fctet. In dem verzweifelten Versuch, den Feind aufzuhalten, wirst du zur\u00fcck in die Vergangenheit geschickt. Dort &hellip; <a href=\"https:\/\/espritgames.com\/de\/leagueofangels3\/\" class=\"more-link\"><span class=\"screen-reader-text\">League of Angels 3 New<\/span> weiterlesen <span class=\"meta-nav\">&rarr;<\/span><\/a><\/p>\n","protected":false},"author":1969676,"featured_media":0,"parent":0,"menu_order":0,"comment_status":"closed","ping_status":"closed","template":"page-templates\/landing.php","meta":[],"_links":{"self":[{"href":"https:\/\/espritgames.com\/de\/wp-json\/wp\/v2\/pages\/46421"}],"collection":[{"href":"https:\/\/espritgames.com\/de\/wp-json\/wp\/v2\/pages"}],"about":[{"href":"https:\/\/espritgames.com\/de\/wp-json\/wp\/v2\/types\/page"}],"author":[{"embeddable":true,"href":"https:\/\/espritgames.com\/de\/wp-json\/wp\/v2\/users\/1969676"}],"replies":[{"embeddable":true,"href":"https:\/\/espritgames.com\/de\/wp-json\/wp\/v2\/comments?post=46421"}],"version-history":[{"count":25,"href":"https:\/\/espritgames.com\/de\/wp-json\/wp\/v2\/pages\/46421\/revisions"}],"predecessor-version":[{"id":60678,"href":"https:\/\/espritgames.com\/de\/wp-json\/wp\/v2\/pages\/46421\/revisions\/60678"}],"wp:attachment":[{"href":"https:\/\/espritgames.com\/de\/wp-json\/wp\/v2\/media?parent=46421"}],"curies":[{"name":"wp","href":"https:\/\/api.w.org\/{rel}","templated":true}]}}