


 


						{"id":45933,"date":"2021-01-11T11:40:20","date_gmt":"2021-01-11T10:40:20","guid":{"rendered":"https:\/\/espritgames.com\/de\/?page_id=45933"},"modified":"2021-01-14T14:06:14","modified_gmt":"2021-01-14T13:06:14","slug":"instruction_launcher","status":"publish","type":"page","link":"https:\/\/espritgames.com\/de\/about_launcher\/instruction_launcher\/","title":{"rendered":"Instruction Launcher"},"content":{"rendered":"<div id=\"pl-45933\"  class=\"panel-layout\" ><div id=\"pg-45933-0\"  class=\"panel-grid panel-no-style\" ><div id=\"pgc-45933-0-0\"  class=\"panel-grid-cell\" ><div id=\"panel-45933-0-0-0\" class=\"widget_text so-panel widget widget_custom_html panel-first-child panel-last-child\" data-index=\"0\" ><div class=\"textwidget custom-html-widget\"><div class=\"prew_block\">\n\t<h1>wie installiere ich Launcher?<\/h1>\n\t<p>Esprit Games Center ist ein Spiel-Client von Esprit Games. Sobald du ihn installiert hast, hast all deine Lieblingsspiele immer in Griffweite. Esprit Game Center ist absolut sicher und die Installation dauert nur wenige Minuten.<\/p>\n\n\t<p>Falls bei der Installation Probleme auftreten, sieh bitte in unserer Installationsanleitung nach.<\/p>\n\t<div class=\"outer_pic outer_pic_1\">     \n\t\t<p>Klicke auf die gr\u00fcne Esprit Games Center-Schaltfl\u00e4che auf der Homepage. Du kannst den Client auch direkt \u00fcber diesen <a href=\"https:\/\/cdn.espritgames.ru\/download\/loader_de.exe\">Link herunterladen<\/a>. Je nach deinem Browser erscheint eine Aufforderung zum Speichern der Datei oder die Installation beginnt automatisch. Sobald die Datei heruntergeladen wurde, klicke einfach darauf. Falls du sie nicht mehr findest, dr\u00fccke Strg+J, um sie in deinen Downloads zu finden!<\/p>\n\t\t<img class=\"pic pic_1\" src=\"https:\/\/p-cdn.espritgames.ru\/wp-content\/themes\/espritgames\/img\/launcher\/about\/i\/img1_de.png\">\n\t<\/div>\n\t<div class=\"outer_pic outer_pic_2\">\n\t\t<p>Wir garantieren, dass die Datei keinerlei Risiko f\u00fcr deinen Computer birgt. Du kannst sie bedenkenlos \u00f6ffnen!<\/p>\n\t\t<img class=\"pic pic_2\" src=\"https:\/\/p-cdn.espritgames.ru\/wp-content\/themes\/espritgames\/img\/launcher\/about\/i\/img2_de.png\">\n\t<\/div>\n\t<div class=\"outer_pic outer_pic_3\">\n\t\t<p>Die Installation beginnt automatisch.<\/p>\n\t\t<img class=\"pic pic_3\" src=\"https:\/\/p-cdn.espritgames.ru\/wp-content\/themes\/espritgames\/img\/launcher\/about\/i\/img4.png\">\n\t<\/div>\n\t<div class=\"outer_pic outer_pic_4\">\n\t\t<p>Fast geschafft! Melde dich mit deinem Anmeldenamen und Passwort \u00fcber unsere Website (\u00fcber espritgames.ru anmelden) oder direkt (hier anmelden) beim Client an.<\/p>\n\t\t<img class=\"pic pic_4\" src=\"https:\/\/p-cdn.espritgames.ru\/wp-content\/themes\/espritgames\/img\/launcher\/about\/i\/img4_de.png\">\n\t<\/div>\n\t<div class=\"outer_pic outer_pic_5\">\n\t\t<p>Fantastisch! Gut gemacht! Jetzt kannst du deine Lieblingsspiele starten. Auf ins Abenteuer!<\/p>\n\t\t<img class=\"pic pic_5\" src=\"https:\/\/p-cdn.espritgames.ru\/wp-content\/themes\/espritgames\/img\/launcher\/about\/i\/img5_de.png\">\n\t<\/div>\n\t<div class=\"outer_btns\">\n\t\t<a class=\"getclient getclient_de\" href=\"https:\/\/cdn.espritgames.ru\/download\/loader_de.exe\">Lade den Launcher f\u00fcr Windows<\/a><a class=\"getclient getclient_mac getclient_de\" href=\"https:\/\/cdn.espritgames.ru\/download\/Esprit Games-0.7.4.dmg\">Lade den Launcher f\u00fcr macOS<\/a>\n\t<\/div>\n\t\n<\/div><\/div><\/div><\/div><\/div><\/div>","protected":false},"excerpt":{"rendered":"<p>wie installiere ich Launcher? Esprit Games Center ist ein Spiel-Client von Esprit Games. Sobald du ihn installiert hast, hast all deine Lieblingsspiele immer in Griffweite. Esprit Game Center ist absolut sicher und die Installation dauert nur wenige Minuten. Falls bei der Installation Probleme auftreten, sieh bitte in unserer Installationsanleitung nach. Klicke auf die gr\u00fcne Esprit &hellip; <a href=\"https:\/\/espritgames.com\/de\/about_launcher\/instruction_launcher\/\" class=\"more-link\"><span class=\"screen-reader-text\">Instruction Launcher<\/span> weiterlesen <span class=\"meta-nav\">&rarr;<\/span><\/a><\/p>\n","protected":false},"author":1969676,"featured_media":0,"parent":45930,"menu_order":0,"comment_status":"closed","ping_status":"closed","template":"page-templates\/landing.php","meta":[],"_links":{"self":[{"href":"https:\/\/espritgames.com\/de\/wp-json\/wp\/v2\/pages\/45933"}],"collection":[{"href":"https:\/\/espritgames.com\/de\/wp-json\/wp\/v2\/pages"}],"about":[{"href":"https:\/\/espritgames.com\/de\/wp-json\/wp\/v2\/types\/page"}],"author":[{"embeddable":true,"href":"https:\/\/espritgames.com\/de\/wp-json\/wp\/v2\/users\/1969676"}],"replies":[{"embeddable":true,"href":"https:\/\/espritgames.com\/de\/wp-json\/wp\/v2\/comments?post=45933"}],"version-history":[{"count":16,"href":"https:\/\/espritgames.com\/de\/wp-json\/wp\/v2\/pages\/45933\/revisions"}],"predecessor-version":[{"id":46107,"href":"https:\/\/espritgames.com\/de\/wp-json\/wp\/v2\/pages\/45933\/revisions\/46107"}],"up":[{"embeddable":true,"href":"https:\/\/espritgames.com\/de\/wp-json\/wp\/v2\/pages\/45930"}],"wp:attachment":[{"href":"https:\/\/espritgames.com\/de\/wp-json\/wp\/v2\/media?parent=45933"}],"curies":[{"name":"wp","href":"https:\/\/api.w.org\/{rel}","templated":true}]}}