


 


						{"id":45756,"date":"2021-01-06T13:32:34","date_gmt":"2021-01-06T12:32:34","guid":{"rendered":"https:\/\/espritgames.com\/de\/?page_id=45756"},"modified":"2021-03-19T17:45:40","modified_gmt":"2021-03-19T16:45:40","slug":"download","status":"publish","type":"page","link":"https:\/\/espritgames.com\/de\/leagueofangelshf\/download\/","title":{"rendered":"League of Angels: Heaven\u2019s Fury. Download"},"content":{"rendered":"<div id=\"pl-45756\"  class=\"panel-layout\" ><div id=\"pg-45756-0\"  class=\"panel-grid panel-no-style\" ><div id=\"pgc-45756-0-0\"  class=\"panel-grid-cell\" ><div id=\"panel-45756-0-0-0\" class=\"widget_text so-panel widget widget_custom_html panel-first-child panel-last-child\" data-index=\"0\" ><div class=\"textwidget custom-html-widget\"><div class=\"d1\"><\/div>\n<div class=\"d2\">\n\t<h2>INSTALLATION<\/h2>\n\t<p>Das Herunterladen und Installieren dauert bis zu drei Minuten.<\/p>\n\t<div class=\"subb\">\n\t\t<div class=\"subb_1\"><b>LADE DIE INSTALLATIONSDATEI HERUNTER.<\/b>Wenn du auf dieser Seite bist, wurde der Launcher automatisch auf deinen Computer heruntergeladen. <br>Falls das nicht geschehen ist, <a href=\"https:\/\/cdn.espritgames.ru\/download\/leagueofangelshf_loader_de.exe\">klicke hier<\/a>.<\/div>\n\t\t<div class=\"subb_2\"><b>\u00d6FFNE DIE HERUNTERGELADENE DATEI.<\/b>\u00d6ffne die heruntergeladene Datei, um die Installation zu starten.<br><br>Um diese Datei zu finden, folge den Tooltips oder dr\u00fccke \u00ab<span>Strg<\/span>\u00bb + \u00ab<span>J<\/span>\u00bb und w\u00e4hle sie aus deinen Downloads aus.\n\t\t<\/div>\n\t\t<div class=\"subb_3\"><b>WARTE, BIS DIE INSTALLATION ABGESCHLOSSEN IST.<\/b>Sobald du auf die Datei klickst, beginnt die Installation. Das Spiel wird automatisch installiert. \n\t\t<\/div>\n\t<\/div>\n\t<p class=\"bottom_txt\">Viel Spa\u00df mit League of Angels: Heaven's Fury!<br>\n\t<!--Falls etwas schiefgeht oder du Fragen hast, sieh in unserer <a href=\"https:\/\/espritgames.com\/de\/about_launcher\/instruction_launcher\/\">Installationsanleitung nach <\/a><br> oder <a href=\"https:\/\/support.espritgames.ru\/hc\/ru\">kontaktiere uns<\/a>.--><\/p>\n<\/div>\n<div class=\"d3\">\n\t<h2>MINIMUM SYSTEM REQUIREMENTS<\/h2>\n\t<div class=\"sys\">\n\t\t<div class=\"sys_left\">\n\t\t\t<p><span>OS:<\/span> Windows7 32bit<\/p>\n\t\t\t<p><span>CPU:<\/span> Intel(R) Core(TM) i3-4160 CPU@3.60GHz<\/p>\n\t\t\t<p><span>RAM:<\/span> 2 GB RAM<\/p>\n\t\t<\/div>\n\t\t<div class=\"sys_right\">\n\t\t\t<p><span>Video card:<\/span> 1024MB<\/p>\n\t\t\t<p><span>DirectX:<\/span> DirectX Versions 9.0c<\/p>\n\t\t\t<p><span>Network:<\/span> Broadband internet connection<\/p>\n\t\t\t<p><span>Free disk space:<\/span> 10 GB<\/p>\n\t\t<\/div>\n\t<\/div>\n<\/div>\n<div class=\"d4\">\n\t<p>\n\t\tUrheberrechte f\u00fcr League of Angels: Heaven's Fury, ein Multiplayer-Online-RPG des Entwicklers.<br>\n\t\tEsprit Games ist der exklusive Vertreiber und Herausgeber des Spiels in Russland, der GUS, Nord- und Lateinamerika, Australien und Neuseeland.<br>\n\t\tSpiele jetzt kostenlos!\n\t<\/p>\n\t<a href=\"https:\/\/espritgames.com\/de\/support\/\">Support<\/a>\n\t<a href=\"https:\/\/espritgames.com\/de\/agreements\/leagueofangelshf\/\">Datenschutzerkl\u00e4rung<\/a>\n\t<a href=\"https:\/\/espritgames.com\/de\/licenses\/leagueofangelshf\/\">Nutzervereinbarung<\/a>\n<\/div>\n<a class=\"arrdown\">Klicke hier <br>zum Installieren<\/a><\/div><\/div><\/div><\/div><\/div>","protected":false},"excerpt":{"rendered":"<p>INSTALLATION Das Herunterladen und Installieren dauert bis zu drei Minuten. LADE DIE INSTALLATIONSDATEI HERUNTER.Wenn du auf dieser Seite bist, wurde der Launcher automatisch auf deinen Computer heruntergeladen. Falls das nicht geschehen ist, klicke hier. \u00d6FFNE DIE HERUNTERGELADENE DATEI.\u00d6ffne die heruntergeladene Datei, um die Installation zu starten.Um diese Datei zu finden, folge den Tooltips oder dr\u00fccke &hellip; <a href=\"https:\/\/espritgames.com\/de\/leagueofangelshf\/download\/\" class=\"more-link\"><span class=\"screen-reader-text\">League of Angels: Heaven\u2019s Fury. Download<\/span> weiterlesen <span class=\"meta-nav\">&rarr;<\/span><\/a><\/p>\n","protected":false},"author":1969676,"featured_media":0,"parent":44130,"menu_order":0,"comment_status":"closed","ping_status":"closed","template":"page-templates\/landing.php","meta":[],"_links":{"self":[{"href":"https:\/\/espritgames.com\/de\/wp-json\/wp\/v2\/pages\/45756"}],"collection":[{"href":"https:\/\/espritgames.com\/de\/wp-json\/wp\/v2\/pages"}],"about":[{"href":"https:\/\/espritgames.com\/de\/wp-json\/wp\/v2\/types\/page"}],"author":[{"embeddable":true,"href":"https:\/\/espritgames.com\/de\/wp-json\/wp\/v2\/users\/1969676"}],"replies":[{"embeddable":true,"href":"https:\/\/espritgames.com\/de\/wp-json\/wp\/v2\/comments?post=45756"}],"version-history":[{"count":33,"href":"https:\/\/espritgames.com\/de\/wp-json\/wp\/v2\/pages\/45756\/revisions"}],"predecessor-version":[{"id":49986,"href":"https:\/\/espritgames.com\/de\/wp-json\/wp\/v2\/pages\/45756\/revisions\/49986"}],"up":[{"embeddable":true,"href":"https:\/\/espritgames.com\/de\/wp-json\/wp\/v2\/pages\/44130"}],"wp:attachment":[{"href":"https:\/\/espritgames.com\/de\/wp-json\/wp\/v2\/media?parent=45756"}],"curies":[{"name":"wp","href":"https:\/\/api.w.org\/{rel}","templated":true}]}}