


 


						{"id":44130,"date":"2020-12-03T09:39:02","date_gmt":"2020-12-03T08:39:02","guid":{"rendered":"https:\/\/espritgames.com\/de\/?page_id=44130"},"modified":"2021-05-19T10:42:06","modified_gmt":"2021-05-19T08:42:06","slug":"leagueofangelshf","status":"publish","type":"page","link":"https:\/\/espritgames.com\/de\/leagueofangelshf\/","title":{"rendered":"League of Angels: Heaven&#8217;s Fury"},"content":{"rendered":"<div id=\"pl-44130\"  class=\"panel-layout\" ><div id=\"pg-44130-0\"  class=\"panel-grid panel-no-style\" ><div id=\"pgc-44130-0-0\"  class=\"panel-grid-cell\" ><div id=\"panel-44130-0-0-0\" class=\"widget_text so-panel widget widget_custom_html panel-first-child panel-last-child\" data-index=\"0\" ><div class=\"textwidget custom-html-widget\"><div class=\"outer_ext_form\" style=\"display:none;\">\n\t\t<a class=\"outer_ext_form_close\">&times;<\/a>\n\t\t<div id=\"osdk-auth-widget-holder\" style=\"width: 447px; height: 690px; \"><div id=\"loader\"><\/div><\/div>\n    <script>\n    var show_on_demand = false;\n    !function(a,b,c,d){a._osdkAuthFn=d,a[d]=a[d]||function(){(a[d].cs=a[d].cs||[]).push(arguments)};var e=b.createElement(\"script\"),f=b.getElementsByTagName(\"script\")[0];e.async=1,e.src=c,f.parentNode.insertBefore(e,f)}(window,document,\"\/\/ostatic.espritgames.com\/auth\/js\/widget.js?v=6\",\"osdkAuthWidget\");\n\n    function osdkShowWidget() {\n        if( document.getElementById('osdk-auth-widget-holder') ) document.getElementById('osdk-auth-widget-holder').innerHTML = '<div id=\"loader\"><b style=\"display:none;\"><\/b><\/div>';\n        \n        osdkAuthWidget({\n            service: 'auth.espritgames.com',\n            holder: 'osdk-auth-widget-holder',\n            width: 447,\n            height: 690,\n            returnTo: 'https:\/\/espritgames.com\/de\/leagueofangelshf\/',\n            downloadUrl: 'https:\/\/cdn.espritgames.ru\/download\/leagueofangelshf_loader_de_95b83b7fafdb46199e4105b881dfe226.exe',\n            authNotRequired: false,\n            consumer: 'portal-de',\n            locale: 'de_DE',\n            stylesUrl: 'https:\/\/cdn.espritgames.ru\/espritgames-auth-custom\/loahf-form.de.css?v=1',\n            eula: 'leagueofangelshf'\n        });\n    }\n    if( !show_on_demand ) osdkShowWidget();\n    <\/script>\n<\/div>\n<div class=\"b1\">\n\n<\/div>\n<div class=\"b2\">\n\t<img class=\"top_logo\" src=\"https:\/\/p-cdn.espritgames.ru\/wp-content\/themes\/espritgames\/promo\/loahf-main\/img\/en\/logo.png\">\n\t<a class=\"dwld_btn bnt_p_open\" href=\"#\">SPIELEN<\/a> \n\t<p class=\"desc\">*Sie m\u00fcssen das <a href=\"https:\/\/cdn.espritgames.ru\/download\/leagueofangelshf_loader_de.exe\">Esprit Game Center<\/a> herunterladen, um spielen zu k\u00f6nnen<\/p>\n\t<div id=\"osdk-pc-game-widget-holder\"><div id=\"loader\"><\/div><\/div>\n<script>\n    !function(a,b,c,d){a._osdkPCGameFn=d,a[d]=a[d]||function(){(a[d].cs=a[d].cs||[]).push(arguments)};var e=b.createElement(\"script\"),f=b.getElementsByTagName(\"script\")[0];e.async=1,e.src=c,f.parentNode.insertBefore(e,f)}(window,document,\"\/\/invader.espritgames.ru\/static\/js\/pc-game-widget.js?v=7\",\"osdkPCGameWidget\");\n\n    window.addEventListener('load', function() {\n        osdkPCGameWidget({\n            service: \"invader.espritgames.ru\",\n            appId: \"827\",\n            gameId: \"262277\",\n            ident: \"leagueofangelshf\",\n            locale: \"de_DE\",\n            holder: \"osdk-pc-game-widget-holder\",\n            width: \"444\",\n            height: \"480px\",\n            stylesUrl: \"\",\n            showServers: true,\n            promoCodeEnable: false\n        });\n    });\n<\/script>\n\t<p>\n\t\tLeague of Angels: Heaven's Fury is a worthy sequel to the famed League of Angels series. Incredible 3D graphics, atmospheric background music and exciting storyline have awaits!\n\t<\/p>\n\t<a href=\"\/de\/forum\/go\/leagueofangelshf\/\">Forum<\/a> \n\t<a href=\"\/de\/leagueofangelshf\/news\/\">NACHRICHTEN<\/a>\n\t<a href=\"\/de\/leagueofangelshf\/guides\/\">F\u00fchrung<\/a>\n<\/div>\n<div class=\"b3 b3_en\"><div style=\"max-width: 1920px; margin: 0 auto;\" class=\"ml-slider-3-7-2 ml-slider-pro-2-6-5 metaslider metaslider-flex metaslider-44153 ml-slider\">\n    \n    <div id=\"metaslider_container_44153\">\n        <div id=\"metaslider_44153\">\n            <ul class=\"slides\">\n                <li style=\"display: block; width: 100%;\" class=\"slide-44157 ms-image\"><a href=\"?esc=site_de_news\" target=\"_self\" rel=\"noopener\"><img src=\"https:\/\/p-cdn.espritgames.com\/wp-content\/uploads\/sites\/4\/2020\/12\/characters_back.jpg\" height=\"600\" width=\"1920\" alt=\"\" class=\"slider-44153 slide-44157\" title=\"characters_back\" \/><\/a><div class=\"caption-wrap\"><div class=\"caption\">In der Fantasywelt von League of Angels: Heaven's Fury begleiten dich einzigartige Helden. Erfahre mehr \u00fcber ihre Geschichte und schlie\u00dfe eine Vielzahl an Quests ab!<\/div><\/div><\/li>\n                <li style=\"display: none; width: 100%;\" class=\"slide-44158 ms-image\"><a href=\"?esc=site_de_news\" target=\"_self\" rel=\"noopener\"><img src=\"https:\/\/p-cdn.espritgames.com\/wp-content\/uploads\/sites\/4\/2020\/12\/location_back.jpg\" height=\"600\" width=\"1920\" alt=\"\" class=\"slider-44153 slide-44158\" title=\"location_back\" \/><\/a><div class=\"caption-wrap\"><div class=\"caption\">Dunkel und geheimnisvoll, bezaubernd und episch\u00a0\u2013 die abwechslungs- und detailreichen Orte in League of Angels: Heaven's Fury werden selbst den weltgewandtesten Abenteurer \u00fcberraschen.<\/div><\/div><\/li>\n                <li style=\"display: none; width: 100%;\" class=\"slide-44159 ms-image\"><a href=\"?esc=site_de_news\" target=\"_self\" rel=\"noopener\"><img src=\"https:\/\/p-cdn.espritgames.com\/wp-content\/uploads\/sites\/4\/2020\/12\/weapon_back.jpg\" height=\"600\" width=\"1920\" alt=\"\" class=\"slider-44153 slide-44159\" title=\"weapon_back\" \/><\/a><div class=\"caption-wrap\"><div class=\"caption\">Setze jede Menge toller m\u00e4chtiger Ausr\u00fcstung und Waffen ein. Verschiedene Verbesserungen bieten grenzenlose M\u00f6glichkeiten zum Verbessern und Anpassen der Charakterf\u00e4higkeiten.<\/div><\/div><\/li>\n            <\/ul>\n        <\/div>\n        \n    <\/div>\n<\/div><\/div>\n<div class=\"b4\">\n\t<p class=\"ttl\">GALERIE<\/p>\n\t<!--[metaslider id=\"45139\"]-->\n\t<div class=\"outet_slider_ext\">\n\t\t<div id=\"slider_ext\">\n\t\t\t<div class=\"one_slide one_slide_1 act\">\n\t\t\t\t<a data-fancybox=\"gallery\" data-type=\"iframe\" data-src=\"https:\/\/www.youtube.com\/embed\/UERKTziSsHA?controls=0&autoplay=1&mute=0\">\n\t\t\t    <img src=\"https:\/\/p-cdn.espritgames.ru\/wp-content\/themes\/espritgames\/promo\/loahf-main\/img\/trailer_preview.jpg\">\n\t\t\t\t<\/a>\n\t\t\t<\/div>\n\t\t\t<div class=\"one_slide\">\n\t\t\t\t<a data-fancybox=\"gallery\" href=\"https:\/\/p-cdn.espritgames.ru\/wp-content\/themes\/espritgames\/promo\/loahf-main\/img\/de\/sl\/LoA-HF_Screen_1.jpg\">\n\t\t\t\t\t<img src=\"https:\/\/p-cdn.espritgames.ru\/wp-content\/themes\/espritgames\/promo\/loahf-main\/img\/de\/sl\/scr_preview-1.jpg\">\n\t\t\t\t<\/a>\n\t\t\t<\/div>\n\t\t\t<div class=\"one_slide\">\n\t\t\t\t<a data-fancybox=\"gallery\" href=\"https:\/\/p-cdn.espritgames.ru\/wp-content\/themes\/espritgames\/promo\/loahf-main\/img\/de\/sl\/LoA-HF_Screen_2.jpg\">\n\t\t\t\t\t<img src=\"https:\/\/p-cdn.espritgames.ru\/wp-content\/themes\/espritgames\/promo\/loahf-main\/img\/de\/sl\/scr_preview-2.jpg\">\n\t\t\t\t<\/a>\n\t\t\t<\/div>\n\t\t\t<div class=\"one_slide\">\n\t\t\t\t<a data-fancybox=\"gallery\" href=\"https:\/\/p-cdn.espritgames.ru\/wp-content\/themes\/espritgames\/promo\/loahf-main\/img\/de\/sl\/LoA-HF_Screen_3.jpg\">\n\t\t\t\t\t<img src=\"https:\/\/p-cdn.espritgames.ru\/wp-content\/themes\/espritgames\/promo\/loahf-main\/img\/de\/sl\/scr_preview-3.jpg\">\n\t\t\t\t<\/a>\n\t\t\t<\/div>\n\t\t\t<div class=\"one_slide\">\n\t\t\t\t<a data-fancybox=\"gallery\" href=\"https:\/\/p-cdn.espritgames.ru\/wp-content\/themes\/espritgames\/promo\/loahf-main\/img\/de\/sl\/LoA-HF_Screen_4.jpg\">\n\t\t\t\t\t<img src=\"https:\/\/p-cdn.espritgames.ru\/wp-content\/themes\/espritgames\/promo\/loahf-main\/img\/de\/sl\/scr_preview-4.jpg\">\n\t\t\t\t<\/a>\n\t\t\t<\/div>\n\t\t\t<div class=\"one_slide\">\n\t\t\t\t<a data-fancybox=\"gallery\" href=\"https:\/\/p-cdn.espritgames.ru\/wp-content\/themes\/espritgames\/promo\/loahf-main\/img\/de\/sl\/LoA-HF_Screen_5.jpg\">\n\t\t\t\t\t<img src=\"https:\/\/p-cdn.espritgames.ru\/wp-content\/themes\/espritgames\/promo\/loahf-main\/img\/de\/sl\/scr_preview-5.jpg\">\n\t\t\t\t<\/a>\n\t\t\t<\/div>\n\t\t\t<div class=\"one_slide\">\n\t\t\t\t<a data-fancybox=\"gallery\" href=\"https:\/\/p-cdn.espritgames.ru\/wp-content\/themes\/espritgames\/promo\/loahf-main\/img\/de\/sl\/LoA-HF_Screen_6.jpg\">\n\t\t\t\t\t<img src=\"https:\/\/p-cdn.espritgames.ru\/wp-content\/themes\/espritgames\/promo\/loahf-main\/img\/de\/sl\/scr_preview-6.jpg\">\n\t\t\t\t<\/a>\n\t\t\t<\/div>\n\t\t\t<div class=\"one_slide\">\n\t\t\t\t<a data-fancybox=\"gallery\" href=\"https:\/\/p-cdn.espritgames.ru\/wp-content\/themes\/espritgames\/promo\/loahf-main\/img\/de\/sl\/LoA-HF_Screen_7.jpg\">\n\t\t\t\t\t<img src=\"https:\/\/p-cdn.espritgames.ru\/wp-content\/themes\/espritgames\/promo\/loahf-main\/img\/de\/sl\/scr_preview-7.jpg\">\n\t\t\t\t<\/a>\n\t\t\t<\/div>\n\t\t<\/div>\n\t\t<a class=\"prev_ar\"><\/a>\n\t\t<a class=\"next_ar\"><\/a>\n\t<\/div>\n\t<div class=\"icon_block icon_block_de\">\n\t\t<div class=\"one_icon one_icon_fl_1\">\n\t\t\t<img src=\"https:\/\/p-cdn.espritgames.ru\/wp-content\/themes\/espritgames\/promo\/loahf-main\/img\/en\/icon_1.png\">\n\t\t\t<p>Vergn\u00fcg dich mit einem angemessenen Nachfolger der ber\u00fchmten \u201eLeague of Angels\u201c-Reihe mit \u00fcberarbeiteter Grafik und einer brandneuen Geschichte<\/p>\n\t\t<\/div>\n\t\t<div class=\"one_icon one_icon_fl_2\">\n\t\t\t<img src=\"https:\/\/p-cdn.espritgames.ru\/wp-content\/themes\/espritgames\/promo\/loahf-main\/img\/en\/icon_2.png\">\n\t\t\t<p>Nimm an Raids teil und schnapp dir einzigartige Ausr\u00fcstung und Herstellungsmaterialien!<br>&nbsp;<br>&nbsp;<br>&nbsp;<\/p>\n\t\t<\/div>\n\t\t<div class=\"one_icon one_icon_fl_3\">\n\t\t\t<img src=\"https:\/\/p-cdn.espritgames.ru\/wp-content\/themes\/espritgames\/promo\/loahf-main\/img\/en\/icon_3.png\">\n\t\t\t<p>Triff neue Figuren aus alten griechischen Mythen wie Athene, Pandora und Apollon<br>&nbsp;<br>&nbsp;<\/p>\n\t\t<\/div>\n\t\t<div class=\"one_icon one_icon_fl_4\">\n\t\t\t<img src=\"https:\/\/p-cdn.espritgames.ru\/wp-content\/themes\/espritgames\/promo\/loahf-main\/img\/en\/icon_4.png\">\n\t\t\t<p>Du kannst so ziemlich alles aufstufen, von Ausr\u00fcstung und Relikten bis Reit- und Haustieren.<br>&nbsp;<br>&nbsp;<\/p>\n\t\t<\/div>\n\t\t<div class=\"one_icon one_icon_fl_5\">\n\t\t\t<img src=\"https:\/\/p-cdn.espritgames.ru\/wp-content\/themes\/espritgames\/promo\/loahf-main\/img\/en\/icon_5.png\">\n\t\t\t<p>Herausragende Grafik. Alle K\u00e4mpfe werden mit spektakul\u00e4ren Spezialeffekten und kunstvollen Animationen untermalt<\/p>\n\t\t<\/div>\n\t<\/div>\n<\/div>\n<div class=\"b4_w\" id=\"b4_w\">\n\t<p class=\"ttl\">FL\u00dcGEL DER ENGEL<\/p>\n\t<div class=\"wings wing_1 act\">\n\t\t<img class=\"act\" src=\"https:\/\/p-cdn.espritgames.ru\/wp-content\/themes\/espritgames\/promo\/loahf-main\/img\/wings_1.png\">\n\t<\/div>\n\t<div class=\"wings wing_2\">\n\t\t<img src=\"https:\/\/p-cdn.espritgames.ru\/wp-content\/themes\/espritgames\/promo\/loahf-main\/img\/wings_2.png\">\n\t<\/div>\n\t<div class=\"wings wing_3\">\n\t\t<img src=\"https:\/\/p-cdn.espritgames.ru\/wp-content\/themes\/espritgames\/promo\/loahf-main\/img\/wings_3.png\">\n\t<\/div>\n<\/div>\n<div class=\"b5\">\n    <img src=\"https:\/\/p-cdn.espritgames.ru\/wp-content\/themes\/espritgames\/promo\/loahf-main\/img\/en\/logo.png\">\n    <a class=\"btn_link btn_link_en to_up_ext\">SPIELEN<\/a>\n\t  <img class=\"eg_logo_bottom\" src=\"https:\/\/p-cdn.espritgames.ru\/wp-content\/themes\/espritgames\/promo\/loahf-main\/img\/esprit_logo.png\">\n\t  <p class=\"eg_txt_bottom\">SPIELPORTAL ESPRIT GAMES LLC \u00a9 2014 \u2013 2026<\/p>\n<\/div><\/div><\/div><\/div><\/div><\/div>","protected":false},"excerpt":{"rendered":"<p>&times; SPIELEN *Sie m\u00fcssen das Esprit Game Center herunterladen, um spielen zu k\u00f6nnen League of Angels: Heaven&#8217;s Fury is a worthy sequel to the famed League of Angels series. Incredible 3D graphics, atmospheric background music and exciting storyline have awaits! Forum NACHRICHTEN F\u00fchrung In der Fantasywelt von League of Angels: Heaven&#8217;s Fury begleiten dich einzigartige &hellip; <a href=\"https:\/\/espritgames.com\/de\/leagueofangelshf\/\" class=\"more-link\"><span class=\"screen-reader-text\">League of Angels: Heaven&#8217;s Fury<\/span> weiterlesen <span class=\"meta-nav\">&rarr;<\/span><\/a><\/p>\n","protected":false},"author":1969676,"featured_media":0,"parent":0,"menu_order":0,"comment_status":"closed","ping_status":"closed","template":"page-templates\/landing.php","meta":[],"_links":{"self":[{"href":"https:\/\/espritgames.com\/de\/wp-json\/wp\/v2\/pages\/44130"}],"collection":[{"href":"https:\/\/espritgames.com\/de\/wp-json\/wp\/v2\/pages"}],"about":[{"href":"https:\/\/espritgames.com\/de\/wp-json\/wp\/v2\/types\/page"}],"author":[{"embeddable":true,"href":"https:\/\/espritgames.com\/de\/wp-json\/wp\/v2\/users\/1969676"}],"replies":[{"embeddable":true,"href":"https:\/\/espritgames.com\/de\/wp-json\/wp\/v2\/comments?post=44130"}],"version-history":[{"count":62,"href":"https:\/\/espritgames.com\/de\/wp-json\/wp\/v2\/pages\/44130\/revisions"}],"predecessor-version":[{"id":55209,"href":"https:\/\/espritgames.com\/de\/wp-json\/wp\/v2\/pages\/44130\/revisions\/55209"}],"wp:attachment":[{"href":"https:\/\/espritgames.com\/de\/wp-json\/wp\/v2\/media?parent=44130"}],"curies":[{"name":"wp","href":"https:\/\/api.w.org\/{rel}","templated":true}]}}