


 


						{"id":40001,"date":"2020-08-11T11:17:27","date_gmt":"2020-08-11T09:17:27","guid":{"rendered":"https:\/\/espritgames.com\/de\/?page_id=40001"},"modified":"2020-08-11T11:18:31","modified_gmt":"2020-08-11T09:18:31","slug":"news","status":"publish","type":"page","link":"https:\/\/espritgames.com\/de\/wartime\/news\/","title":{"rendered":"Wartime. Neuigkeiten"},"content":{"rendered":"<div id=\"pl-40001\"  class=\"panel-layout\" ><div id=\"pg-40001-0\"  class=\"panel-grid panel-no-style\" ><div id=\"pgc-40001-0-0\"  class=\"panel-grid-cell\" ><style>\n.rpwe-block ul{list-style:none!important;margin-left:0!important;padding-left:0!important;}.rpwe-block li{border-bottom:1px solid #eee;margin-bottom:10px;padding-bottom:10px;list-style-type: none;}.rpwe-block a{display:inline!important;text-decoration:none;}.rpwe-block h3{background:none!important;clear:none;margin-bottom:0!important;margin-top:0!important;font-weight:400;font-size:12px!important;line-height:1.5em;}.rpwe-thumb{border:1px solid #EEE!important;box-shadow:none!important;margin:2px 10px 2px 0;padding:3px!important;}.rpwe-summary{font-size:12px;}.rpwe-time{color:#bbb;font-size:11px;}.rpwe-comment{color:#bbb;font-size:11px;padding-left:5px;}.rpwe-alignleft{display:inline;float:left;}.rpwe-alignright{display:inline;float:right;}.rpwe-aligncenter{display:block;margin-left: auto;margin-right: auto;}.rpwe-clearfix:before,.rpwe-clearfix:after{content:\"\";display:table !important;}.rpwe-clearfix:after{clear:both;}.rpwe-clearfix{zoom:1;}\n<\/style>\n\t<div id=\"panel-40001-0-0-0\" class=\"widget_text so-panel widget widget_custom_html panel-first-child panel-last-child\" data-index=\"0\" ><div class=\"textwidget custom-html-widget\"><div  class=\"rpwe-block \"><ul class=\"rpwe-ul\"><li class=\"rpwe-li rpwe-clearfix\"><a class=\"rpwe-img\" href=\"https:\/\/espritgames.com\/de\/wartime\/wartime-news\/eroeffnung-des-neuen-servers-s41-gnoll\/\"  rel=\"bookmark\"><img class=\"rpwe-alignleft rpwe-thumb\" src=\"https:\/\/p-cdn.espritgames.com\/wp-content\/uploads\/sites\/4\/2021\/04\/WoC_News-211x112.jpg\" alt=\"Er\u00f6ffnung des neuen Servers &#8211; S41: Gnoll!\"><\/a><h3 class=\"rpwe-title\"><a href=\"https:\/\/espritgames.com\/de\/wartime\/wartime-news\/eroeffnung-des-neuen-servers-s41-gnoll\/\" title=\"Permalink to Er\u00f6ffnung des neuen Servers &#8211; S41: Gnoll!\" rel=\"bookmark\">Er\u00f6ffnung des neuen Servers &#8211; S41: Gnoll!<\/a><\/h3><time class=\"rpwe-time published\" datetime=\"2021-06-03T12:16:20+02:00\">Juni 3, 2021<\/time><div class=\"rpwe-summary\">Der neue Server \u00abS41: Gnoll\u00bb ist bereits ge\u00f6ffnet! Beginnen Sie jetzt Ihre Reise auf dem neuen Server! Dort k\u00f6nnen Sie Ihr gesamtes Spielerlebnis nutzen und an Er\u00f6ffnungsveranstaltungen teilnehmen, um einen Platz in der Rangliste zu erk\u00e4mpfen und um ausgezeichnete Belohnungen zu erhalten! Der neue Server \u00abS41: Gnoll\u00bb wartet auf Sie!<a href=\"https:\/\/espritgames.com\/de\/wartime\/wartime-news\/eroeffnung-des-neuen-servers-s41-gnoll\/\" class=\"more-link\">More \u00bb<\/a><\/div><div class='outer_tags'>tags: <a href=\"https:\/\/espritgames.com\/de\/tag\/neuigkeiten\/\" rel=\"tag\">Neuigkeiten<\/a>, <a href=\"https:\/\/espritgames.com\/de\/tag\/news\/\" rel=\"tag\">news<\/a><\/div><\/li><\/ul><\/div><!-- Generated by http:\/\/wordpress.org\/plugins\/recent-posts-widget-extended\/ --><\/div><\/div><\/div><\/div><\/div>","protected":false},"excerpt":{"rendered":"<p>Er\u00f6ffnung des neuen Servers &#8211; S41: Gnoll!Juni 3, 2021Der neue Server \u00abS41: Gnoll\u00bb ist bereits ge\u00f6ffnet! Beginnen Sie jetzt Ihre Reise auf dem neuen Server! Dort k\u00f6nnen Sie Ihr gesamtes Spielerlebnis nutzen und an Er\u00f6ffnungsveranstaltungen teilnehmen, um einen Platz in der Rangliste zu erk\u00e4mpfen und um ausgezeichnete Belohnungen zu erhalten! Der neue Server \u00abS41: Gnoll\u00bb &hellip; <a href=\"https:\/\/espritgames.com\/de\/wartime\/news\/\" class=\"more-link\"><span class=\"screen-reader-text\">Wartime. Neuigkeiten<\/span> weiterlesen <span class=\"meta-nav\">&rarr;<\/span><\/a><\/p>\n","protected":false},"author":1969676,"featured_media":0,"parent":39982,"menu_order":0,"comment_status":"closed","ping_status":"closed","template":"","meta":[],"_links":{"self":[{"href":"https:\/\/espritgames.com\/de\/wp-json\/wp\/v2\/pages\/40001"}],"collection":[{"href":"https:\/\/espritgames.com\/de\/wp-json\/wp\/v2\/pages"}],"about":[{"href":"https:\/\/espritgames.com\/de\/wp-json\/wp\/v2\/types\/page"}],"author":[{"embeddable":true,"href":"https:\/\/espritgames.com\/de\/wp-json\/wp\/v2\/users\/1969676"}],"replies":[{"embeddable":true,"href":"https:\/\/espritgames.com\/de\/wp-json\/wp\/v2\/comments?post=40001"}],"version-history":[{"count":5,"href":"https:\/\/espritgames.com\/de\/wp-json\/wp\/v2\/pages\/40001\/revisions"}],"predecessor-version":[{"id":40007,"href":"https:\/\/espritgames.com\/de\/wp-json\/wp\/v2\/pages\/40001\/revisions\/40007"}],"up":[{"embeddable":true,"href":"https:\/\/espritgames.com\/de\/wp-json\/wp\/v2\/pages\/39982"}],"wp:attachment":[{"href":"https:\/\/espritgames.com\/de\/wp-json\/wp\/v2\/media?parent=40001"}],"curies":[{"name":"wp","href":"https:\/\/api.w.org\/{rel}","templated":true}]}}