


 


						{"id":33766,"date":"2020-07-15T09:30:26","date_gmt":"2020-07-15T07:30:26","guid":{"rendered":"https:\/\/espritgames.com\/de\/?page_id=33766"},"modified":"2022-05-27T15:55:47","modified_gmt":"2022-05-27T13:55:47","slug":"worldofchaos","status":"publish","type":"page","link":"https:\/\/espritgames.com\/de\/worldofchaos\/","title":{"rendered":"World of Chaos"},"content":{"rendered":"<div id=\"pl-33766\"  class=\"panel-layout\" ><div id=\"pg-33766-0\"  class=\"panel-grid panel-no-style\" ><div id=\"pgc-33766-0-0\"  class=\"panel-grid-cell\" ><div id=\"panel-33766-0-0-0\" class=\"widget_text so-panel widget widget_custom_html panel-first-child panel-last-child\" data-index=\"0\" ><div class=\"textwidget custom-html-widget\"><div class=\"b1\">\n    <div id=\"esprit-auth-widget-holder\" style=\"width: 628px; height: 784px; margin: 0px 10px 25px 490px;\"><div id=\"loader\"><\/div><\/div>\n    <script>\n    var show_on_demand = false;\n    !function(a,b,c,d){a._osdkAuthFn=d,a[d]=a[d]||function(){(a[d].cs=a[d].cs||[]).push(arguments)};var e=b.createElement(\"script\"),f=b.getElementsByTagName(\"script\")[0];e.async=1,e.src=c,f.parentNode.insertBefore(e,f)}(window,document,\"\/\/ostatic.espritgames.com\/auth\/js\/widget.js?v=6\",\"osdkAuthWidget\");\n\n    function osdkShowWidget() {\n        if( document.getElementById('esprit-auth-widget-holder') ) document.getElementById('esprit-auth-widget-holder').innerHTML = '<div id=\"loader\"><b style=\"display:none;\"><\/b><\/div>';\n        \n        osdkAuthWidget({\n            service: 'auth.espritgames.com',\n            holder: 'esprit-auth-widget-holder',\n            width: 628,\n            height: 784,\n            returnTo: 'https:\/\/espritgames.com\/de\/worldofchaos\/go\/',\n            downloadUrl: '',\n            authNotRequired: false,\n            consumer: 'portal-de',\n            locale: 'de_DE',\n            stylesUrl: 'https:\/\/cdn.espritgames.ru\/espritgames-auth-custom\/woc-form.de.css',\n            eula: 'worldofchaos'\n        });\n    }\n    if( !show_on_demand ) osdkShowWidget();\n    <\/script>\n<\/div>\n<div class=\"b2\">\n\t<p>\n\t\tDas Spiel <b>World of Chaos<\/b> ist genau das, wonach du gesucht hast. IDLE-Spiel mit exzellenter Grafik und einer zerst\u00f6renden Kampfdynamik. In einer Welt, wo Chaos herrscht, gibt es nur ein Ziel - jeden zu vernichten, der es wagt, sich dir in den Weg zu stellen. Hier herrscht das Gesetz des Dschungels, der Starke regiert \u00fcber den Schwachen! Sogar die G\u00f6tter werden dir dienen, wenn deine Kraft ausreichen wird. Nur die Starken k\u00f6nnen entscheiden, wer es wert ist, in dieser Welt leben zu d\u00fcrfen! \n\t<\/p>\n\t<a href=\"\/de\/forum\/go\/worldofchaos\/\">F\u00fchrung<\/a>\n\t<a href=\"\/de\/worldofchaos\/news\/\">Neuigkeiten<\/a>\n<\/div>\n<div class=\"b3\"><div style=\"max-width: 1920px; margin: 0 auto;\" class=\"ml-slider-3-7-2 ml-slider-pro-2-6-5 metaslider metaslider-flex metaslider-33803 ml-slider\">\n    \n    <div id=\"metaslider_container_33803\">\n        <div id=\"metaslider_33803\">\n            <ul class=\"slides\">\n                <li style=\"display: block; width: 100%;\" class=\"slide-33807 ms-image\"><a href=\"?esc=site_de_news\" target=\"_self\" rel=\"noopener\"><img src=\"https:\/\/p-cdn.espritgames.com\/wp-content\/uploads\/sites\/4\/2020\/07\/bg_1.jpg\" height=\"600\" width=\"1920\" alt=\"\" class=\"slider-33803 slide-33807\" title=\"bg_1\" \/><\/a><div class=\"caption-wrap\"><div class=\"caption\"><p>\r\n    Ein bis zum kleinsten Detail verbessertes System der Spielhelden und ihre Gef\u00e4hrten.\r\n<\/p>\r\n<p>\r\n    Jage nach Bossen und k\u00e4mpfe um das Recht, die besten Belohnungen zu erhalten.\r\n<\/p><\/div><\/div><\/li>\n                <li style=\"display: none; width: 100%;\" class=\"slide-33808 ms-image\"><a href=\"?esc=site_de_news\" target=\"_self\" rel=\"noopener\"><img src=\"https:\/\/p-cdn.espritgames.com\/wp-content\/uploads\/sites\/4\/2020\/07\/bg_2.jpg\" height=\"600\" width=\"1920\" alt=\"\" class=\"slider-33803 slide-33808\" title=\"bg_2\" \/><\/a><div class=\"caption-wrap\"><div class=\"caption\"><p>\r\n    Battle Royale - bleibe der letzte \u00dcberlebende in brutalen K\u00e4mpfen.\r\n<\/p>\r\n<p>\r\n    Eine gro\u00dfe Anzahl von verschiedenen Haustieren und Gef\u00e4hrten.\r\n<\/p><\/div><\/div><\/li>\n                <li style=\"display: none; width: 100%;\" class=\"slide-33809 ms-image\"><a href=\"?esc=site_de_news\" target=\"_self\" rel=\"noopener\"><img src=\"https:\/\/p-cdn.espritgames.com\/wp-content\/uploads\/sites\/4\/2020\/07\/bg_3.jpg\" height=\"600\" width=\"1920\" alt=\"\" class=\"slider-33803 slide-33809\" title=\"bg_3\" \/><\/a><div class=\"caption-wrap\"><div class=\"caption\"><p>\r\n    Dungeons voller gef\u00e4hrlichen Monster.\r\n<\/p>\r\n<p>\r\n    Gildenkriege und \u00dcberf\u00e4lle.\r\n<\/p>\r\n<p>\r\n    Gebietseroberungen.\r\n<\/p>\r\n<p>\r\n    Arenen.\r\n<\/p><\/div><\/div><\/li>\n            <\/ul>\n        <\/div>\n        \n    <\/div>\n<\/div> <div class=\"mob_big\"><div style=\"max-width: 960px; margin: 0 auto;\" class=\"ml-slider-3-7-2 ml-slider-pro-2-6-5 metaslider metaslider-flex metaslider-73685 ml-slider\">\n    \n    <div id=\"metaslider_container_73685\">\n        <div id=\"metaslider_73685\">\n            <ul class=\"slides\">\n                <li style=\"display: block; width: 100%;\" class=\"slide-73689 ms-image\"><a href=\"?esc=site_de_news\" target=\"_self\" rel=\"noopener\"><img src=\"https:\/\/p-cdn.espritgames.com\/wp-content\/uploads\/sites\/4\/2022\/05\/back1.jpg\" height=\"560\" width=\"960\" alt=\"\" class=\"slider-73685 slide-73689\" title=\"back1\" \/><\/a><div class=\"caption-wrap\"><div class=\"caption\"><p>\r\n    Ein bis zum kleinsten Detail verbessertes System der Spielhelden und ihre Gef\u00e4hrten.\r\n<\/p>\r\n<p>\r\n    Jage nach Bossen und k\u00e4mpfe um das Recht, die besten Belohnungen zu erhalten.\r\n<\/p><\/div><\/div><\/li>\n                <li style=\"display: none; width: 100%;\" class=\"slide-73690 ms-image\"><a href=\"?esc=site_de_news\" target=\"_self\" rel=\"noopener\"><img src=\"https:\/\/p-cdn.espritgames.com\/wp-content\/uploads\/sites\/4\/2022\/05\/back2.jpg\" height=\"560\" width=\"960\" alt=\"\" class=\"slider-73685 slide-73690\" title=\"back2\" \/><\/a><div class=\"caption-wrap\"><div class=\"caption\"><p>\r\n    Battle Royale - bleibe der letzte \u00dcberlebende in brutalen K\u00e4mpfen.\r\n<\/p>\r\n<p>\r\n    Eine gro\u00dfe Anzahl von verschiedenen Haustieren und Gef\u00e4hrten.\r\n<\/p><\/div><\/div><\/li>\n                <li style=\"display: none; width: 100%;\" class=\"slide-73691 ms-image\"><a href=\"?esc=site_de_news\" target=\"_self\" rel=\"noopener\"><img src=\"https:\/\/p-cdn.espritgames.com\/wp-content\/uploads\/sites\/4\/2022\/05\/back3.jpg\" height=\"560\" width=\"960\" alt=\"\" class=\"slider-73685 slide-73691\" title=\"back3\" \/><\/a><div class=\"caption-wrap\"><div class=\"caption\"><p>\r\n    Dungeons voller gef\u00e4hrlichen Monster.\r\n<\/p>\r\n<p>\r\n    Gildenkriege und \u00dcberf\u00e4lle.\r\n<\/p>\r\n<p>\r\n    Gebietseroberungen.\r\n<\/p>\r\n<p>\r\n    Arenen.\r\n<\/p><\/div><\/div><\/li>\n            <\/ul>\n        <\/div>\n        \n    <\/div>\n<\/div><\/div> <\/div>\n<div class=\"b4\"><div style=\"max-width: 654px; margin: 0 auto;\" class=\"ml-slider-3-7-2 ml-slider-pro-2-6-5 metaslider metaslider-flex metaslider-33787 ml-slider nav-hidden\">\n    \n    <div id=\"metaslider_container_33787\">\n        <div id=\"metaslider_33787\">\n            <ul class=\"slides\">\n                <li style=\"display: block; width: 100%;\" class=\"slide-33793 ms-image\"><a href=\"?esc=site_de_news\" target=\"_self\" rel=\"noopener\"><img src=\"https:\/\/p-cdn.espritgames.com\/wp-content\/uploads\/sites\/4\/2020\/07\/scr_1.jpg\" height=\"406\" width=\"654\" alt=\"\" class=\"slider-33787 slide-33793\" title=\"scr_1\" \/><\/a><\/li>\n                <li style=\"display: none; width: 100%;\" class=\"slide-33794 ms-image\"><a href=\"?esc=site_de_news\" target=\"_self\" rel=\"noopener\"><img src=\"https:\/\/p-cdn.espritgames.com\/wp-content\/uploads\/sites\/4\/2020\/07\/scr_2.jpg\" height=\"406\" width=\"654\" alt=\"\" class=\"slider-33787 slide-33794\" title=\"scr_2\" \/><\/a><\/li>\n                <li style=\"display: none; width: 100%;\" class=\"slide-33795 ms-image\"><a href=\"?esc=site_de_news\" target=\"_self\" rel=\"noopener\"><img src=\"https:\/\/p-cdn.espritgames.com\/wp-content\/uploads\/sites\/4\/2020\/07\/scr_3.jpg\" height=\"406\" width=\"654\" alt=\"\" class=\"slider-33787 slide-33795\" title=\"scr_3\" \/><\/a><\/li>\n                <li style=\"display: none; width: 100%;\" class=\"slide-33796 ms-image\"><a href=\"?esc=site_de_news\" target=\"_self\" rel=\"noopener\"><img src=\"https:\/\/p-cdn.espritgames.com\/wp-content\/uploads\/sites\/4\/2020\/07\/scr_4.jpg\" height=\"406\" width=\"654\" alt=\"\" class=\"slider-33787 slide-33796\" title=\"scr_4\" \/><\/a><\/li>\n                <li style=\"display: none; width: 100%;\" class=\"slide-33797 ms-image\"><a href=\"?esc=site_de_news\" target=\"_self\" rel=\"noopener\"><img src=\"https:\/\/p-cdn.espritgames.com\/wp-content\/uploads\/sites\/4\/2020\/07\/scr_5.jpg\" height=\"406\" width=\"654\" alt=\"\" class=\"slider-33787 slide-33797\" title=\"scr_5\" \/><\/a><\/li>\n            <\/ul>\n        <\/div>\n        \n    <\/div>\n<\/div><\/div>\n<div class=\"b5\">\n    <img src=\"https:\/\/p-cdn.espritgames.ru\/wp-content\/themes\/espritgames\/promo\/woc-main\/img\/logo_b5.png\">\n    <a class=\"btn_link to_up_ext\"><\/a>\n<\/div><\/div><\/div><\/div><\/div><\/div>","protected":false},"excerpt":{"rendered":"<p>Das Spiel World of Chaos ist genau das, wonach du gesucht hast. IDLE-Spiel mit exzellenter Grafik und einer zerst\u00f6renden Kampfdynamik. In einer Welt, wo Chaos herrscht, gibt es nur ein Ziel &#8211; jeden zu vernichten, der es wagt, sich dir in den Weg zu stellen. Hier herrscht das Gesetz des Dschungels, der Starke regiert \u00fcber &hellip; <a href=\"https:\/\/espritgames.com\/de\/worldofchaos\/\" class=\"more-link\"><span class=\"screen-reader-text\">World of Chaos<\/span> weiterlesen <span class=\"meta-nav\">&rarr;<\/span><\/a><\/p>\n","protected":false},"author":1969676,"featured_media":0,"parent":0,"menu_order":0,"comment_status":"closed","ping_status":"closed","template":"page-templates\/landing.php","meta":[],"_links":{"self":[{"href":"https:\/\/espritgames.com\/de\/wp-json\/wp\/v2\/pages\/33766"}],"collection":[{"href":"https:\/\/espritgames.com\/de\/wp-json\/wp\/v2\/pages"}],"about":[{"href":"https:\/\/espritgames.com\/de\/wp-json\/wp\/v2\/types\/page"}],"author":[{"embeddable":true,"href":"https:\/\/espritgames.com\/de\/wp-json\/wp\/v2\/users\/1969676"}],"replies":[{"embeddable":true,"href":"https:\/\/espritgames.com\/de\/wp-json\/wp\/v2\/comments?post=33766"}],"version-history":[{"count":33,"href":"https:\/\/espritgames.com\/de\/wp-json\/wp\/v2\/pages\/33766\/revisions"}],"predecessor-version":[{"id":73693,"href":"https:\/\/espritgames.com\/de\/wp-json\/wp\/v2\/pages\/33766\/revisions\/73693"}],"wp:attachment":[{"href":"https:\/\/espritgames.com\/de\/wp-json\/wp\/v2\/media?parent=33766"}],"curies":[{"name":"wp","href":"https:\/\/api.w.org\/{rel}","templated":true}]}}