


 


						{"id":33161,"date":"2020-06-26T12:01:56","date_gmt":"2020-06-26T10:01:56","guid":{"rendered":"https:\/\/espritgames.com\/de\/?page_id=33161"},"modified":"2022-12-07T08:55:30","modified_gmt":"2022-12-07T07:55:30","slug":"drachenherr","status":"publish","type":"page","link":"https:\/\/espritgames.com\/de\/drachenherr\/","title":{"rendered":"Der Herr der Drachen"},"content":{"rendered":"<div id=\"pl-33161\"  class=\"panel-layout\" ><div id=\"pg-33161-0\"  class=\"panel-grid panel-no-style\" ><div id=\"pgc-33161-0-0\"  class=\"panel-grid-cell\" ><style>\n.rpwe-block ul{list-style:none!important;margin-left:0!important;padding-left:0!important;}.rpwe-block li{border-bottom:1px solid #eee;margin-bottom:10px;padding-bottom:10px;list-style-type: none;}.rpwe-block a{display:inline!important;text-decoration:none;}.rpwe-block h3{background:none!important;clear:none;margin-bottom:0!important;margin-top:0!important;font-weight:400;font-size:12px!important;line-height:1.5em;}.rpwe-thumb{border:1px solid #EEE!important;box-shadow:none!important;margin:2px 10px 2px 0;padding:3px!important;}.rpwe-summary{font-size:12px;}.rpwe-time{color:#bbb;font-size:11px;}.rpwe-comment{color:#bbb;font-size:11px;padding-left:5px;}.rpwe-alignleft{display:inline;float:left;}.rpwe-alignright{display:inline;float:right;}.rpwe-aligncenter{display:block;margin-left: auto;margin-right: auto;}.rpwe-clearfix:before,.rpwe-clearfix:after{content:\"\";display:table !important;}.rpwe-clearfix:after{clear:both;}.rpwe-clearfix{zoom:1;}\n<\/style>\n\t<div id=\"panel-33161-0-0-0\" class=\"widget_text so-panel widget widget_custom_html panel-first-child panel-last-child\" data-index=\"0\" ><div class=\"textwidget custom-html-widget\"><div class=\"outer_lands outer_lands_de\">\n\n<div id=\"esprit-auth-widget-holder\" style=\"width: 628px; height: 750px; margin: 0px 10px 25px 490px;\"><div id=\"loader\"><\/div><\/div>\n    <script>\n    var show_on_demand = false;\n    !function(a,b,c,d){a._osdkAuthFn=d,a[d]=a[d]||function(){(a[d].cs=a[d].cs||[]).push(arguments)};var e=b.createElement(\"script\"),f=b.getElementsByTagName(\"script\")[0];e.async=1,e.src=c,f.parentNode.insertBefore(e,f)}(window,document,\"\/\/ostatic.espritgames.com\/auth\/js\/widget.js?v=6\",\"osdkAuthWidget\");\n\n    function osdkShowWidget() {\n        if( document.getElementById('esprit-auth-widget-holder') ) document.getElementById('esprit-auth-widget-holder').innerHTML = '<div id=\"loader\"><b style=\"display:none;\"><\/b><\/div>';\n        \n        osdkAuthWidget({\n            service: 'auth.espritgames.com',\n            holder: 'esprit-auth-widget-holder',\n            width: 628,\n            height: 750,\n            returnTo: 'https:\/\/espritgames.com\/de\/drachenherr\/go\/',\n            downloadUrl: '',\n            authNotRequired: false,\n            consumer: 'portal-de',\n            locale: 'de_DE',\n            stylesUrl: 'https:\/\/cdn.espritgames.ru\/espritgames-auth-custom\/all-form.de.css?v=2',\n            eula: 'drachenherr'\n        });\n    }\n    if( !show_on_demand ) osdkShowWidget();\n    <\/script>\n<div class=\"pp\">\n\t<span>* Durch Dr\u00fccken auf \"Spielen\" akzeptierst du die Bedingungen unserer <a href=\"https:\/\/espritgames.com\/de\/licenses\/drachenherr\/\">Nutzungsvereinbarung<\/a> und unseres <a href=\"https:\/\/espritgames.com\/de\/licenses\/drachenherr\/\">\u00f6ffentlichen Angebots<\/a><\/span>\n<\/div>\n     <div class=\"e-content e-content-ext\">\n         <div class=\"psevdo_form\">\n            <img class=\"logo\" src=\"\/wp-content\/themes\/espritgames\/promo\/dl-com\/DE_logo.png\">\n\t\t\t\t\t \t<a href=\".\/go\/\" class=\"play_btn open_form\"><\/a>\n\t\t\t\t\t \t<div class=\"slgn\">\n            \t<img class=\"\" src=\"https:\/\/p-cdn.espritgames.com\/wp-content\/themes\/espritgames\/promo\/dl-main\/img\/slogan_de.png\">\n\t\t\t\t\t \t<\/div>\n\t\t\t\t\t \t<span class=\"extxt\">Oder laden Sie Esprit Games Center herunter, um im Launcher zu spielen<\/span>\n            <a href=\"https:\/\/cdn.espritgames.ru\/download\/loader_de.exe\" download class=\"play_btn\"><\/a> \n         <\/div>\n     <\/div>\n<div class=\"big_pic dl_de\">\n\t<img src=\"https:\/\/p-cdn.espritgames.com\/wp-content\/themes\/espritgames\/promo\/dl-main\/img\/main_image.jpg\">\n\t<img src=\"https:\/\/p-cdn.espritgames.com\/wp-content\/themes\/espritgames\/promo\/dl-main\/img\/main_overlay_image.png\">\n\t<!--<img src=\"\/wp-content\/themes\/espritgames\/promo\/dl-cz\/main_image.jpg\">-->\n<\/div>\n<div class=\"landing_pad_block\"><\/div>\n<div class=\"e-landing\" id=\"dl_de\">\n  <div class=\"e-content\">\n\n<div class=\"e-logo\"><\/div>\n\n    <div class=\"e-text-header\"><\/div>\n    <div class=\"e-text\">\n        <h1>Z\u00e4hme m\u00e4chtige Drachen im neuen dynamischen Online-Spiel<br> Dragon Lord!<\/h1>\n        <p class=\"e-news-ttl\">NACHRICHTEN<\/p>\n        <div class=\"e-news_block\">\n             <div  class=\"rpwe-block \"><ul class=\"rpwe-ul\"><li class=\"rpwe-li rpwe-clearfix\"><a class=\"rpwe-img\" href=\"https:\/\/espritgames.com\/de\/drachenherr\/drachenherr-news\/server-eroeffnung-s85-abenteuer-alpaka\/\"  rel=\"bookmark\"><img class=\"rpwe-alignleft rpwe-thumb\" src=\"https:\/\/p-cdn.espritgames.com\/wp-content\/uploads\/sites\/4\/2020\/01\/85-622x312.jpg\" alt=\"Server Er\u00f6ffnung S85: Abenteuer Alpaka\"><\/a><h3 class=\"rpwe-title\"><a href=\"https:\/\/espritgames.com\/de\/drachenherr\/drachenherr-news\/server-eroeffnung-s85-abenteuer-alpaka\/\" title=\"Permalink to Server Er\u00f6ffnung S85: Abenteuer Alpaka\" rel=\"bookmark\">Server Er\u00f6ffnung S85: Abenteuer Alpaka<\/a><\/h3><time class=\"rpwe-time published\" datetime=\"2020-01-16T10:00:34+01:00\">Januar 16, 2020<\/time><div class=\"rpwe-summary\">am 16.01.2020 Bei Herr &hellip;<a href=\"https:\/\/espritgames.com\/de\/drachenherr\/drachenherr-news\/server-eroeffnung-s85-abenteuer-alpaka\/\" class=\"more-link\">Next \u00bb<\/a><\/div><div class='outer_tags'>tags: <a href=\"https:\/\/espritgames.com\/de\/tag\/neuigkeiten\/\" rel=\"tag\">Neuigkeiten<\/a>, <a href=\"https:\/\/espritgames.com\/de\/tag\/news\/\" rel=\"tag\">news<\/a><\/div><\/li><\/ul><\/div><!-- Generated by http:\/\/wordpress.org\/plugins\/recent-posts-widget-extended\/ -->\n        <\/div>\n        <p class=\"e-text-menu\"><a href=\"\/de\/forum\/go\/drachenherr\/\">Forum<\/a><a href=\"\/de\/drachenherr\/news\/\">NACHRICHTEN<\/a><a href=\"\/de\/drachenherr\/guides\/\">Guides<\/a><\/p>\n\n<p>D\u00fcstere Zeiten der Unruhe und Zerst\u00f6rung sind angebrochen. Der Herr der d\u00fcsteren Drachen herrscht \u00fcber den Kontinent und verbreitet Schrecken unter den friedlichen Bewohnern! Errichte die Hauptstadt deines K\u00f6nigreichs, stelle eine m\u00e4chtige Truppe zusammen, schlie\u00dfe dich mit Verb\u00fcndeten zusammen und zerst\u00f6re das Imperium, indem du die Magie und Macht der von dir bezwungenen Kreaturen verwendest!<\/p>\n\n<!--<a class=\"video_trl\" href=\"https:\/\/youtu.be\/qA_8APX2u3g\" target=\"_blank\" rel=\"noopener\">Watch the trailer<\/a>-->\n    <\/div>\n  <\/div>\n\n<div class=\"outer_icon_block\">\n    <div class=\"e-content\">\n        <div class=\"icon_block\">\n            <div class=\"s_icon\">\n                <img src=\"\/wp-content\/themes\/espritgames\/promo\/dl-cz\/feats_ico1.png\">\n                <p>Z\u00e4hme Pferde und Drachen \u2013 Die Gewalt von Eis, Feuer und Erde hat sich in den m\u00e4chtigen Kreaturen vereint!<\/p>\n            <\/div>\n        <\/div>\n        <div class=\"icon_block\">\n            <div class=\"s_icon\">\n                <img src=\"\/wp-content\/themes\/espritgames\/promo\/dl-cz\/feats_ico2.png\">\n                <p>Heuere erfahrene Helden f\u00fcr deine Truppe an \u2013 von der bissigen Hexe bis zum feurigen D\u00e4mon!<\/p>\n            <\/div>\n        <\/div>\n        <div class=\"icon_block\">\n            <div class=\"s_icon\">\n                <img src=\"\/wp-content\/themes\/espritgames\/promo\/dl-cz\/feats_ico3.png\">\n                <p>Errichte eine noble Stadt zum Neid der Feinde!<\/p>\n            <\/div>\n        <\/div>\n        <div class=\"icon_block\">\n            <div class=\"s_icon\">\n                <img src=\"\/wp-content\/themes\/espritgames\/promo\/dl-cz\/feats_ico4.png\">\n                <p>K\u00e4mpfe gegen andere Spieler in der PvP-Arena!<\/p>\n            <\/div>\n        <\/div>\n        <div class=\"icon_block\">\n            <div class=\"s_icon\">\n                <img src=\"\/wp-content\/themes\/espritgames\/promo\/dl-cz\/feats_ico5.png\">\n                <p>Verb\u00fcnde dich mit deinen Freunden zu einem Klan und nehme an bedeutenden Ereignissen teil!<\/p>\n            <\/div>\n        <\/div>\n        <div class=\"icon_block\">\n            <div class=\"s_icon\">\n                <img src=\"\/wp-content\/themes\/espritgames\/promo\/dl-cz\/feats_ico6.png\">\n                <p>Stelle einzigartige Waffen in der Schmiede her!<\/p>\n            <\/div>\n        <\/div>\n    <\/div>\n<\/div>\n\n   <div class=\"slider_outer\">\n       <div style=\"width: 100%; margin: 0 auto;\" class=\"ml-slider-3-7-2 ml-slider-pro-2-6-5 metaslider metaslider-flex metaslider-33176 ml-slider frontpage-news nav-hidden\">\n    <style type=\"text\/css\" id=\"metaslider-css-33176\">\n        #metaslider_33176.flexslider .slides li {margin-right: 20px !important;}\n    <\/style>\n    <div id=\"metaslider_container_33176\">\n        <div id=\"metaslider_33176\">\n            <ul class=\"slides\">\n                <li style=\"display: none; width: 100%;\" class=\"slide-33183 ms-image\"><a href=\"?esc=site_de_news\" target=\"_self\" rel=\"noopener\"><img src=\"https:\/\/p-cdn.espritgames.com\/wp-content\/uploads\/sites\/4\/2020\/06\/DL_de_screenshot_1.jpg\" height=\"545\" width=\"880\" alt=\"\" class=\"slider-33176 slide-33183\" title=\"DL_de_screenshot_1\" \/><\/a><\/li>\n                <li style=\"display: none; width: 100%;\" class=\"slide-33184 ms-image\"><a href=\"?esc=site_de_news\" target=\"_self\" rel=\"noopener\"><img src=\"https:\/\/p-cdn.espritgames.com\/wp-content\/uploads\/sites\/4\/2020\/06\/DL_de_screenshot_2.jpg\" height=\"545\" width=\"880\" alt=\"\" class=\"slider-33176 slide-33184\" title=\"DL_de_screenshot_2\" \/><\/a><\/li>\n                <li style=\"display: none; width: 100%;\" class=\"slide-33185 ms-image\"><a href=\"?esc=site_de_news\" target=\"_self\" rel=\"noopener\"><img src=\"https:\/\/p-cdn.espritgames.com\/wp-content\/uploads\/sites\/4\/2020\/06\/DL_de_screenshot_3.jpg\" height=\"545\" width=\"880\" alt=\"\" class=\"slider-33176 slide-33185\" title=\"DL_de_screenshot_3\" \/><\/a><\/li>\n                <li style=\"display: none; width: 100%;\" class=\"slide-33186 ms-image\"><a href=\"?esc=site_de_news\" target=\"_self\" rel=\"noopener\"><img src=\"https:\/\/p-cdn.espritgames.com\/wp-content\/uploads\/sites\/4\/2020\/06\/DL_de_screenshot_4.jpg\" height=\"545\" width=\"880\" alt=\"\" class=\"slider-33176 slide-33186\" title=\"DL_de_screenshot_4\" \/><\/a><\/li>\n                <li style=\"display: none; width: 100%;\" class=\"slide-33187 ms-image\"><a href=\"?esc=site_de_news\" target=\"_self\" rel=\"noopener\"><img src=\"https:\/\/p-cdn.espritgames.com\/wp-content\/uploads\/sites\/4\/2020\/06\/DL_de_screenshot_5.jpg\" height=\"545\" width=\"880\" alt=\"\" class=\"slider-33176 slide-33187\" title=\"DL_de_screenshot_5\" \/><\/a><\/li>\n                <li style=\"display: none; width: 100%;\" class=\"slide-33188 ms-image\"><a href=\"?esc=site_de_news\" target=\"_self\" rel=\"noopener\"><img src=\"https:\/\/p-cdn.espritgames.com\/wp-content\/uploads\/sites\/4\/2020\/06\/DL_de_screenshot_6.jpg\" height=\"545\" width=\"880\" alt=\"\" class=\"slider-33176 slide-33188\" title=\"DL_de_screenshot_6\" \/><\/a><\/li>\n            <\/ul>\n        <\/div>\n        \n    <\/div>\n<\/div>\n   <\/div>\n   <div class=\"e-outer\">\n      <div class=\"e-content\" style=\"padding-bottom: 60px;\">\n        <div class=\"e-text-ext\">\n            <p>Es ist Zeit, den Drachen zu zeigen, wer hier das Sagen hat!<\/p>\n            <a href=\"https:\/\/cdn.espritgames.ru\/download\/loader_de.exe\" class=\"play_btn\"><\/a>\n   \n        <\/div>\n      <\/div>\n   <\/div>\n    <div class=\"logos_block\">\n         <!--<img class=\"par_loro\" src=\"\/wp-content\/themes\/espritgames\/promo\/dk-main\/it\/Teamtop.png\">--><img class=\"par_loro\" src=\"\/wp-content\/themes\/espritgames\/promo\/dk-main\/it\/EG_Logo.png\">\n    <\/div>\n<\/div>\n\n<\/div><\/div><\/div><\/div><\/div><\/div>","protected":false},"excerpt":{"rendered":"<p>* Durch Dr\u00fccken auf &#8222;Spielen&#8220; akzeptierst du die Bedingungen unserer Nutzungsvereinbarung und unseres \u00f6ffentlichen Angebots Oder laden Sie Esprit Games Center herunter, um im Launcher zu spielen Z\u00e4hme m\u00e4chtige Drachen im neuen dynamischen Online-Spiel Dragon Lord! NACHRICHTEN Server Er\u00f6ffnung S85: Abenteuer AlpakaJanuar 16, 2020am 16.01.2020 Bei Herr &hellip;Next \u00bbtags: Neuigkeiten, news ForumNACHRICHTENGuides D\u00fcstere Zeiten der &hellip; <a href=\"https:\/\/espritgames.com\/de\/drachenherr\/\" class=\"more-link\"><span class=\"screen-reader-text\">Der Herr der Drachen<\/span> weiterlesen <span class=\"meta-nav\">&rarr;<\/span><\/a><\/p>\n","protected":false},"author":1969676,"featured_media":0,"parent":0,"menu_order":0,"comment_status":"closed","ping_status":"closed","template":"page-templates\/landing.php","meta":[],"_links":{"self":[{"href":"https:\/\/espritgames.com\/de\/wp-json\/wp\/v2\/pages\/33161"}],"collection":[{"href":"https:\/\/espritgames.com\/de\/wp-json\/wp\/v2\/pages"}],"about":[{"href":"https:\/\/espritgames.com\/de\/wp-json\/wp\/v2\/types\/page"}],"author":[{"embeddable":true,"href":"https:\/\/espritgames.com\/de\/wp-json\/wp\/v2\/users\/1969676"}],"replies":[{"embeddable":true,"href":"https:\/\/espritgames.com\/de\/wp-json\/wp\/v2\/comments?post=33161"}],"version-history":[{"count":44,"href":"https:\/\/espritgames.com\/de\/wp-json\/wp\/v2\/pages\/33161\/revisions"}],"predecessor-version":[{"id":78781,"href":"https:\/\/espritgames.com\/de\/wp-json\/wp\/v2\/pages\/33161\/revisions\/78781"}],"wp:attachment":[{"href":"https:\/\/espritgames.com\/de\/wp-json\/wp\/v2\/media?parent=33161"}],"curies":[{"name":"wp","href":"https:\/\/api.w.org\/{rel}","templated":true}]}}